{"id":435,"date":"2018-11-05T21:53:11","date_gmt":"2018-11-05T21:53:11","guid":{"rendered":"https:\/\/course.oeru.org\/irmp102\/?page_id=435"},"modified":"2018-11-05T21:53:11","modified_gmt":"2018-11-05T21:53:11","slug":"complex-research-designs","status":"publish","type":"page","link":"https:\/\/course.oeru.org\/irmp102\/learning-pathways\/experimental-research-methods\/complex-research-designs\/","title":{"rendered":"Complex Research Designs"},"content":{"rendered":"<div id=\"content\" class=\"mw-body container\" role=\"main\">\n<div class=\"row\">\n<div class=\"col-md-12\">\n<div class=\"panel\">\n<div class=\"panel-body\">\n<div id=\"bodyContent\">\n<div id=\"mw-content-text\" lang=\"en\" dir=\"ltr\" class=\"mw-content-ltr\">\n<p>\n<\/p>\n<div class=\"thumb tright\">\n<div class=\"thumbinner thumbnail\" style=\"width:522px\"><a href=\"https:\/\/WikiEducator.org\/File:Psyc2111_u4_talk_bubbles.png\" class=\"image\"><img loading=\"lazy\" decoding=\"async\" alt=\"\" src=\"\/\/WikiEducator.org\/images\/c\/ca\/Psyc2111_u4_talk_bubbles.png\" width=\"520\" height=\"292\" class=\"thumbimage img-responsive\"><\/a>  <\/p>\n<div class=\"thumbcaption\">Telling our stories to the National Academy of Engineering.<\/div>\n<\/div>\n<\/div>\n<p>Studies with complex designs investigate the effects of more than one variable. For example, we may want to study the effects of a new cognitive therapy and a drug treatment on depression. We might employ what is referred to as a 2 \u00d7 3 factorial design to assess these treatments for depression. These designs are referred to as <b>multi\u2010factorial or complex designs<\/b> because they are concerned with more than one factor (such as drug and cognitive treatments). The 2 \u00d7 3 (referred to as \u201ctwo by three\u201d) refers to the number of factors and the number of levels of each factor. Therefore, a 2 \u00d7 3 study has two factors (indicated by the two numbers), one with two levels and the other with three levels. For example, in a 2 \u00d7 3 study, one might recruit 120 depressed patients. Sixty would receive the cognitive treatment and the remaining sixty would not receive it. For each group of sixty, twenty would not receive a drug, twenty would receive a low dose of the drug, and twenty would receive a high dose. Therefore, there would be a total of six groups.\n<\/p>\n<div class=\"thumb tleft\">\n<div class=\"thumbinner thumbnail\" style=\"width:241px\"><a href=\"https:\/\/WikiEducator.org\/File:ComplexExp.png\" class=\"image\"><img loading=\"lazy\" decoding=\"async\" alt=\"\" src=\"\/\/WikiEducator.org\/images\/thumb\/9\/98\/ComplexExp.png\/239px-ComplexExp.png\" width=\"239\" height=\"383\" class=\"thumbimage img-responsive\"><\/a>  <\/p>\n<div class=\"thumbcaption\">Figure 4-1: Three possible results from a 2 \u00d7 3 study on the effects of cognitive therapy and drugs on depression. Diagram (a) shows that no interaction is present. Diagram (b) illustrates an interaction. Diagram (c) indicates a cross\u2010over interaction.<\/div>\n<\/div>\n<\/div>\n<p>This study of depression could be expanded to include additional factors. If we were to expand the study to include a third type of treatment, for example, four different nutritional supplements, we would have a 2 \u00d7 3 \u00d7 4 factorial design. In a 2 \u00d7 3 \u00d7 4 design on depression, we might have three treatments (such as cognitive, drug, and nutrition) with the first factor having two levels (such as presence or absence of cognitive therapy), the second factor having three levels (for example, no drug, low dose, high dose), and the third factor having four levels. The study would then have a total of twenty\u2010four groups.\n<\/p>\n<div class=\"thumb tright\">\n<div class=\"thumbinner thumbnail\" style=\"width:402px\"><a href=\"https:\/\/WikiEducator.org\/File:Traffic_seen_from_top_of_Arc_de_Triomphe.JPG\" class=\"image\"><img loading=\"lazy\" decoding=\"async\" alt=\"\" src=\"\/\/WikiEducator.org\/images\/thumb\/3\/3d\/Traffic_seen_from_top_of_Arc_de_Triomphe.JPG\/400px-Traffic_seen_from_top_of_Arc_de_Triomphe.JPG\" width=\"400\" height=\"300\" class=\"thumbimage img-responsive\"><\/a>  <\/p>\n<div class=\"thumbcaption\">Street traffic in the Place de l&#8217;\u00c9toile as seen from the top of the Arc de Triomphe in Paris, France.<\/div>\n<\/div>\n<\/div>\n<p>There are several benefits of complex designs. First, the world we live in is complex; it involves many different factors. Therefore, complex designs may be more valid because they more closely approximate our complicated world than designs that only study individual factors in isolation. Second, they allow for the study of interactions. <b>Interactions<\/b> occur when the effect of one factor is influenced by another factor. For example, maybe cognitive therapy alone has no effect on depression, but, when combined with a high dose of a drug, it alleviates depression more effectively than the drug alone. Third, complex designs are more efficient because they better utilize the researcher\u2019s limited resources. For example, if a researcher were interested in two factors and studied them in two separate studies, he or she would need a control group that received no treatment in each study (a non\u2010treated group would have to be included in both studies). This would be more time consuming, more expensive, and would potentially expose more participants to any potential negative side effects of the treatment condition.\n<\/p>\n<p>As mentioned, an important aspect of complex designs is that they allow the researcher to assess interactions. An interaction is when the effect of one variable depends on the level of another variable. Three possible results from a hypothetical 2 \u00d7 3 study on the effects of cognitive therapy and drugs on depression are shown in Figure 4-1.\n<\/p>\n<p>In Figure 4-1(a), no interaction is present. Increasing drug doses decreases depression and cognitive therapy decreases depression. However, the effect of one factor does not influence the effect of the other factor. Note that the lines illustrated on the graph are parallel. This indicates that no interaction is present. Figure 4-1(b) illustrates an interaction. The effect of the drugs depends on whether or not cognitive therapy is given. Drugs have a small effect on their own but a much larger effect when given in conjunction with cognitive therapy. Note that the lines are not parallel, indicating the presence of an interaction. The effectiveness of drug therapy depends on whether cognitive therapy is applied. Figure 4-1(c) also indicates an interaction. Drugs decrease depression when they are the only treatment, but when cognitive treatment is applied, drugs actually increase depression. Note that the lines intersect. This interaction, when the lines cross each other, is referred to as a cross\u2010over interaction.<br \/>\n<br style=\"clear:both\">\n<\/p>\n<div class=\"panel iDevice\">\n\t<div class=\"panel-heading idevice-heading\">\n\t\t<div>\n\t\t\t<img decoding=\"async\" class=\"pedagogicalicon\" alt=\"activity\" src=\"https:\/\/course.oeru.org\/irmp102\/wp-content\/themes\/oeru_course\/idevices\/Icon_activity.png\">\n\t\t<\/div>\n\t\t<div>\n\t\t\t<h2>Open Textbook Reading Activity<\/h2>\n\t\t<\/div>\n\t<\/div>\n\t<div class=\"panel-body\">\n\t\t<div class=\"col-md-12\">\n\t\t\t<\/p>\n<p>Read the sections &#8220;<span class=\"newwindowlinks\"><a rel=\"nofollow\" class=\"external text\" href=\"http:\/\/opentextbc.ca\/researchmethods\/chapter\/multiple-dependent-variables\/\">Multiple Dependent Variables<\/a><\/span>&#8221; and &#8220;<span class=\"newwindowlinks\"><a rel=\"nofollow\" class=\"external text\" href=\"http:\/\/opentextbc.ca\/researchmethods\/chapter\/multiple-independent-variables\/\">Multiple Independent Variables<\/a><\/span>&#8221; in <span class=\"newwindowlinks\"><a rel=\"nofollow\" class=\"external text\" href=\"http:\/\/opentextbc.ca\/researchmethods\/part\/complex-experimental-designs\/\">Chapter 8 of your textbook (Complex Research Designs)<\/a><\/span>\n<\/p>\n<p>\n<\/p>\n<p>\n\t\t<\/div>\n\t<\/div>\n<\/div>\n<p><!-- \nNewPP limit report\nCPU time usage: 0.025 seconds\nReal time usage: 0.027 seconds\nPreprocessor visited node count: 104\/1000000\nPreprocessor generated node count: 864\/1000000\nPost\u2010expand include size: 3504\/2097152 bytes\nTemplate argument size: 1685\/2097152 bytes\nHighest expansion depth: 7\/40\nExpensive parser function count: 0\/100\n--><\/p>\n<p><!-- Saved in parser cache with key wikiedu-mw_:pcache:idhash:184445-0!*!*!*!*!2!* and timestamp 20181105210235 and revision id 1056981\n -->\n<\/div>\n<div class=\"visualClear\"><\/div>\n<\/p><\/div>\n<\/p><\/div>\n<\/div>\n<\/div>\n<\/div>\n<div class=\"row\">\n<div class=\"col-md-12\">\n<ul class=\"pager\">\n<li class=\"previous\">\n            <a href=\"\/irmp102\/learning-pathways\/experimental-research-methods\/basics-of-experimental-research\">\u2190 Previous<\/a>\n          <\/li>\n<li class=\"next\">\n            <a href=\"\/irmp102\/learning-pathways\/experimental-research-methods\/single-subject-research\">Next \u2192<\/a>\n          <\/li>\n<\/ul><\/div>\n<\/p><\/div>\n<\/div>\n<footer>\n<br \/>\n<\/footer>\n","protected":false},"excerpt":{"rendered":"<p>Telling our stories to the National Academy of Engineering. Studies with complex designs investigate the effects of more than one variable. For example, we may want to study the effects of a new cognitive therapy and a drug treatment on depression. We might employ what is referred to as a 2 \u00d7 3 factorial design [&hellip;]<\/p>\n","protected":false},"author":868,"featured_media":0,"parent":425,"menu_order":0,"comment_status":"closed","ping_status":"closed","template":"","meta":{"footnotes":""},"class_list":["post-435","page","type-page","status-publish","hentry"],"_links":{"self":[{"href":"https:\/\/course.oeru.org\/irmp102\/wp-json\/wp\/v2\/pages\/435","targetHints":{"allow":["GET"]}}],"collection":[{"href":"https:\/\/course.oeru.org\/irmp102\/wp-json\/wp\/v2\/pages"}],"about":[{"href":"https:\/\/course.oeru.org\/irmp102\/wp-json\/wp\/v2\/types\/page"}],"author":[{"embeddable":true,"href":"https:\/\/course.oeru.org\/irmp102\/wp-json\/wp\/v2\/users\/868"}],"replies":[{"embeddable":true,"href":"https:\/\/course.oeru.org\/irmp102\/wp-json\/wp\/v2\/comments?post=435"}],"version-history":[{"count":1,"href":"https:\/\/course.oeru.org\/irmp102\/wp-json\/wp\/v2\/pages\/435\/revisions"}],"predecessor-version":[{"id":436,"href":"https:\/\/course.oeru.org\/irmp102\/wp-json\/wp\/v2\/pages\/435\/revisions\/436"}],"up":[{"embeddable":true,"href":"https:\/\/course.oeru.org\/irmp102\/wp-json\/wp\/v2\/pages\/425"}],"wp:attachment":[{"href":"https:\/\/course.oeru.org\/irmp102\/wp-json\/wp\/v2\/media?parent=435"}],"curies":[{"name":"wp","href":"https:\/\/api.w.org\/{rel}","templated":true}]}}