{"id":14064,"date":"2023-08-03T03:16:39","date_gmt":"2023-08-03T03:16:39","guid":{"rendered":"https:\/\/course.oeru.org\/lida103-fr\/?page_id=14064"},"modified":"2023-08-03T03:16:39","modified_gmt":"2023-08-03T03:16:39","slug":"education-ouverte-droit-dauteur-et-licences-ouvertes-creative-commons-dans-un-monde-numerique","status":"publish","type":"page","link":"https:\/\/course.oeru.org\/lida103-fr\/","title":{"rendered":"\u00c9ducation ouverte, droit d\u2019auteur et licences ouvertes Creative Commons dans un monde num\u00e9rique"},"content":{"rendered":"<div id=\"content\" class=\"mw-body container\" role=\"main\">\n<div class=\"row\">\n<div class=\"col-md-12\">\n<div class=\"panel\">\n<div class=\"panel-body\">\n<div id=\"bodyContent\">\n<div id=\"mw-content-text\" lang=\"en\" dir=\"ltr\" class=\"mw-content-ltr\">\n<p><!-- WEtheme eyJwIjoiT0VSZiIsImNzcyI6ImNzc1wvZm9udC1hd2Vzb21lXC9jc3NcL2ZvbnQtYXdlc29tZS5taW4uY3NzIiwiaGVhZGVyIjoiYmx1ci5odG1sIn0= -->\n<\/p>\n<div class=\"floatright\"><a href=\"https:\/\/wikieducator.org\/File:Logo_Ressources_Educatives_Libres_(REL)_mondial.svg\" class=\"image\"><img loading=\"lazy\" decoding=\"async\" alt=\"Logo Ressources Educatives Libres (REL) mondial.svg\" src=\"\/\/wikieducator.org\/images\/thumb\/a\/af\/Logo_Ressources_Educatives_Libres_%28REL%29_mondial.svg\/320px-Logo_Ressources_Educatives_Libres_%28REL%29_mondial.svg.png\" width=\"320\" height=\"213\" class=\"img-responsive\"><\/a><\/div>\n<p><br style=\"clear:both;\"><\/p>\n<p>\n<\/p>\n<div class=\"row\">\n<div class=\"col-md-4\">\n<div class=\"panel\">\n<div class=\"panel-heading\"> S\u2019inscrire\n<\/div>\n<div class=\"panel-body\"><!-- WEtheme eyJwIjoiT0VSZiIsImNzcyI6ImNzc1wvZm9udC1hd2Vzb21lXC9jc3NcL2ZvbnQtYXdlc29tZS5taW4uY3NzIiwiaGVhZGVyIjoiYmx1ci5odG1sIn0= --><\/p>\n<p><b>\u00c9tape 1<\/b>&nbsp;: Ce cours-ci est un cours ouvert. Vous pouvez acc\u00e9der \u00e0 toutes les ressources d\u2019apprentissage en ligne sans avoir besoin de vous identifier. Si vous souhaitez recevoir des consignes par courriel et publier des commentaires sur le site du cours, vous pouvez cr\u00e9er un compte et vous inscrire.\n<\/p>\n<p>Inscrivez-vous en suivant le lien qui figure en haut de la page: <a href=\"https:\/\/course.oeru.org\/lida103-fr\/\" rel=\"nofollow\"><img loading=\"lazy\" decoding=\"async\" alt=\"Log in screenshot Fr.jpg\" src=\"\/\/wikieducator.org\/images\/thumb\/7\/70\/Log_in_screenshot_Fr.jpg\/250px-Log_in_screenshot_Fr.jpg\" width=\"250\" height=\"35\" class=\"img-responsive\"><\/a>\n<\/p>\n<p>Apr\u00e8s connexion, votre nom devrait appara\u00eetre \u00e0 la place de l\u2019ic\u00f4ne \u00ab&nbsp;Se connecter\/Cr\u00e9er un compte&nbsp;\u00bb. En cliquant sur votre nom, vous pourrez v\u00e9rifier ou modifier le statut de votre inscription. <br style=\"clear:both;\">\n<\/p>\n<div class=\"plainlinks button\"><a rel=\"nofollow\" href=\"https:\/\/course.oeru.org\/lida103-fr\/\">Suivez ce lien pour vous inscrire<\/a><\/div>\n<\/div><\/div>\n<\/p><\/div>\n<div class=\"col-md-4\">\n<div class=\"panel\">\n<div class=\"panel-heading\"> Premiers pas\n<\/div>\n<div class=\"panel-body\"><b>\u00c9tape 2:<\/b> Explorez le site Web du cours pour en d\u00e9couvrir le <a href=\"\/lida103-fr\/commencez\/a-propos-de-ce-cours\" title=\"Learning in a digital age\/LiDA103 fr\/About\">th\u00e8me<\/a>, et les <a href=\"\/lida103-fr\/guide-du-cours\/apercu\" title=\"Learning in a digital age\/LiDA103 fr\/Overview\">pr\u00e9requis<\/a> et rep\u00e9rer l\u2019emplacement du <a href=\"\/lida103-fr\/guide-du-cours\/programme\" title=\"Learning in a digital age\/LiDA103 fr\/Syllabus\">programme<\/a>, des supports et des <a href=\"\/lida103-fr\/guide-du-cours\/liste-de-defis\" title=\"Learning in a digital age\/LiDA103 fr\/List of challenges\">d\u00e9fis p\u00e9dagogiques<\/a>. Pour finir, cr\u00e9ez votre environnement personnel d\u2019apprentissage et pr\u00e9sentez-vous au groupe \u00e0 l\u2019aide de votre blog de cours.<br style=\"clear:both;\"><\/p>\n<div class=\"btn-group\">\n<div class=\"button\"><a href=\"\/lida103-fr\/commencez\/commencez-ici\" title=\"Learning in a digital age\/LiDA103 fr\/Start\">Commencez ici<\/a><\/div>\n<div class=\"button\"><a href=\"\/lida103-fr\/guide-du-cours\/programme\" title=\"Learning in a digital age\/LiDA103 fr\/Syllabus\">Programme<\/a><\/div>\n<\/div>\n<\/div><\/div>\n<\/p><\/div>\n<div class=\"col-md-4\">\n<div class=\"panel\">\n<div class=\"panel-heading\"> \u00c9tudier\n<\/div>\n<div class=\"panel-body\"><b>\u00c9tape 3&nbsp;:<\/b> Commencez \u00e0 \u00e9tudier en vous rendant sur la page du <a href=\"\/lida103-fr\/guide-du-cours\/programme\" title=\"Learning in a digital age\/LiDA103 fr\/Syllabus\">programme<\/a>. Vous pouvez travailler \u00e0 votre rythme ou suivre le cours avec le groupe. Les consignes sont affich\u00e9es sur la page des <a href=\"https:\/\/wikieducator.org\/Learning_in_a_digital_age\/LiDA103\/How_announcements_work\" title=\"Learning in a digital age\/LiDA103\/How announcements work\">annonces<\/a> et les \u00e9changes peuvent \u00eatre suivis en direct sur le <a href=\"\/lida103-fr\/communications\/fil-dactualite-du-cours\" title=\"Learning in a digital age\/LiDA103 fr\/Feed\">fil d\u2019actualit\u00e9 du cours<\/a>.<br style=\"clear:both;\"><\/p>\n<div class=\"button\"><a href=\"\/lida103-fr\/communications\/annonces-du-cours\" title=\"Learning in a digital age\/LiDA103 fr\/How announcements work\">Annonces<\/a><\/div>\n<div class=\"button\"><a href=\"\/lida103-fr\/communications\/fil-dactualite-du-cours\" title=\"Learning in a digital age\/LiDA103 fr\/Feed\">Fil d\u2019actualit\u00e9 du cours<\/a><\/div>\n<\/div><\/div>\n<\/p><\/div>\n<\/div>\n<p><small>La version fran\u00e7aise de ce cours a \u00e9t\u00e9 d\u00e9velopp\u00e9e dans le cadre de la <a rel=\"nofollow\" class=\"external text\" href=\"https:\/\/en.unesco.org\/themes\/building-knowledge-societies\/oer\/dynamic-coalition\">Coalition dynamique sur les REL<\/a> de l&rsquo;UNESCO en soutien \u00e0 la <a rel=\"nofollow\" class=\"external text\" href=\"https:\/\/unesdoc.unesco.org\/ark:\/48223\/pf0000373755\/PDF\/373755eng.pdf.multi.page=11\">Recommandation sur les REL<\/a>.<small><\/small><br \/>\n<\/small>\n<\/p>\n<p><!-- \nNewPP limit report\nCPU time usage: 0.085 seconds\nReal time usage: 1.270 seconds\nPreprocessor visited node count: 90\/1000000\nPreprocessor generated node count: 290\/1000000\nPost\u2010expand include size: 2626\/2097152 bytes\nTemplate argument size: 750\/2097152 bytes\nHighest expansion depth: 5\/40\nExpensive parser function count: 0\/100\n--><\/p>\n<p><!-- Saved in parser cache with key we_en-mw_:pcache:idhash:188404-0!*!0!*!*!2!* and timestamp 20230802220713 and revision id 1090190\n -->\n<\/div>\n<div class=\"visualClear\"><\/div>\n<\/p><\/div>\n<\/p><\/div>\n<\/div>\n<\/div>\n<\/div>\n<div class=\"row\">\n<div class=\"col-md-12\">\n<ul class=\"pager\">\n<li class=\"next\">\n            <a href=\"\/lida103-fr\/commencez\/commencez-ici\">Suivant \u2192<\/a>\n          <\/li>\n<\/ul><\/div>\n<\/p><\/div>\n<div id=\"wenote-ids\"><script type='text\/javascript' id='wenotes-ids'>\n    var WEnotesSite = \"https:\/\/wikieducator.org\";\n    var WEnotesPath = \"\/Learning_in_a_digital_age\/LiDA103_fr\/home\";\n    var WEnotesSiteID = \"0e3d258fbd36841f92259eefcd41d5e9\";\n    var WEnotesPathID = \"3c39f674e6bd18c3d0cef3e12b8930fb\";\n    var WEnotesIDs = { site: \"https:\/\/wikieducator.org\", path: \"\/Learning_in_a_digital_age\/LiDA103_fr\/home\", site_id: \"0e3d258fbd36841f92259eefcd41d5e9\", path_id: \"3c39f674e6bd18c3d0cef3e12b8930fb\" };\n<\/script><\/div>\n<\/div>\n<footer><\/footer>\n","protected":false},"excerpt":{"rendered":"<p>S\u2019inscrire \u00c9tape 1&nbsp;: Ce cours-ci est un cours ouvert. Vous pouvez acc\u00e9der \u00e0 toutes les ressources d\u2019apprentissage en ligne sans avoir besoin de vous identifier. Si vous souhaitez recevoir des consignes par courriel et publier des commentaires sur le site du cours, vous pouvez cr\u00e9er un compte et vous inscrire. Inscrivez-vous en suivant le lien [&hellip;]<\/p>\n","protected":false},"author":1,"featured_media":0,"parent":0,"menu_order":0,"comment_status":"closed","ping_status":"closed","template":"","meta":{"footnotes":""},"class_list":["post-14064","page","type-page","status-publish","hentry"],"_links":{"self":[{"href":"https:\/\/course.oeru.org\/lida103-fr\/wp-json\/wp\/v2\/pages\/14064","targetHints":{"allow":["GET"]}}],"collection":[{"href":"https:\/\/course.oeru.org\/lida103-fr\/wp-json\/wp\/v2\/pages"}],"about":[{"href":"https:\/\/course.oeru.org\/lida103-fr\/wp-json\/wp\/v2\/types\/page"}],"author":[{"embeddable":true,"href":"https:\/\/course.oeru.org\/lida103-fr\/wp-json\/wp\/v2\/users\/1"}],"replies":[{"embeddable":true,"href":"https:\/\/course.oeru.org\/lida103-fr\/wp-json\/wp\/v2\/comments?post=14064"}],"version-history":[{"count":1,"href":"https:\/\/course.oeru.org\/lida103-fr\/wp-json\/wp\/v2\/pages\/14064\/revisions"}],"predecessor-version":[{"id":14065,"href":"https:\/\/course.oeru.org\/lida103-fr\/wp-json\/wp\/v2\/pages\/14064\/revisions\/14065"}],"wp:attachment":[{"href":"https:\/\/course.oeru.org\/lida103-fr\/wp-json\/wp\/v2\/media?parent=14064"}],"curies":[{"name":"wp","href":"https:\/\/api.w.org\/{rel}","templated":true}]}}