{"id":14068,"date":"2023-08-03T03:16:44","date_gmt":"2023-08-03T03:16:44","guid":{"rendered":"https:\/\/course.oeru.org\/lida103-fr\/?page_id=14068"},"modified":"2023-08-03T03:16:44","modified_gmt":"2023-08-03T03:16:44","slug":"commencez-ici","status":"publish","type":"page","link":"https:\/\/course.oeru.org\/lida103-fr\/commencez\/commencez-ici\/","title":{"rendered":"Commencez ici"},"content":{"rendered":"<div id=\"content\" class=\"mw-body container\" role=\"main\">\n<div class=\"row\">\n<div class=\"col-md-12\">\n<div class=\"panel\">\n<div class=\"panel-body\">\n<div id=\"bodyContent\">\n<div id=\"mw-content-text\" lang=\"en\" dir=\"ltr\" class=\"mw-content-ltr\">\n<p><!-- WEtheme eyJwIjoiT0VSZiIsImNzcyI6ImNzc1wvZm9udC1hd2Vzb21lXC9jc3NcL2ZvbnQtYXdlc29tZS5taW4uY3NzIiwiaGVhZGVyIjoiYmx1ci5odG1sIn0= -->\n<\/p>\n<p>\n<\/p>\n<div class=\"thumb tright\">\n<div class=\"thumbinner thumbnail\" style=\"width:252px;\"><a href=\"https:\/\/wikieducator.org\/File:One_Canada_Square,_Canary_Wharf.jpg\" class=\"image\"><img loading=\"lazy\" decoding=\"async\" alt=\"One Canada Square, Canary Wharf.jpg\" src=\"\/\/wikieducator.org\/images\/thumb\/1\/1f\/One_Canada_Square%2C_Canary_Wharf.jpg\/250px-One_Canada_Square%2C_Canary_Wharf.jpg\" width=\"250\" height=\"377\" class=\"thumbimage img-responsive\"><\/a>  <\/p>\n<div class=\"thumbcaption\"><\/div>\n<\/div>\n<\/div>\n<p>Bienvenue dans le cours ouvert en ligne <b>\u00c9ducation ouverte, droit d\u2019auteur et licences ouvertes Creative Commons dans un monde num\u00e9rique<\/b> (LiDA103fr). Les supports d\u2019apprentissage sont accessibles depuis ce site.\n<\/p>\n<p>Les apprenants participent et interagissent depuis leur environnement personnel d\u2019apprentissage. Nous allons vous montrer comment installer votre environnement personnel au cours de la <a href=\"\/lida103-fr\/modules\/premiers-pas\/apercu\" title=\"Learning in a digital age\/LiDA103 fr\/Orientation\/Overview\">S\u00e9ance 0<\/a>, que vous devez suivre dans son int\u00e9gralit\u00e9 avant de d\u00e9buter le cours.\n<\/p>\n<h2><span class=\"mw-headline\" id=\"5_choses_.C3.A0_faire_avant_de_commencer_le_cours\">5 choses \u00e0 faire avant de commencer le cours<\/span><\/h2>\n<ol>\n<li> <b>Inscrivez-vous sur le site de ce cours<\/b> en cliquant sur l\u2019ic\u00f4ne de l\u2019utilisateur (<i class=\"fa fa-user\"><\/i>) dans le menu du site.<br \/>Vous pourrez ainsi communiquer sur WEnote, entrer l\u2019adresse de votre blog de cours et recevoir des consignes par courriel. (Note&nbsp;: s\u2019agissant d\u2019un cours ouvert, l\u2019inscription n\u2019est pas obligatoire et nous publierons aussi <a href=\"\/lida103-fr\/communications\/annonces-du-cours\" title=\"Learning in a digital age\/LiDA103 fr\/How announcements work\">les annonces<\/a> sur le site du cours.)\n<\/li>\n<li> <b>Familiarisez-vous<\/b> avec la navigation du site pour localiser&nbsp;:\n<ul>\n<li> <a href=\"\/lida103-fr\/guide-du-cours\/programme\" title=\"Learning in a digital age\/LiDA103 fr\/Syllabus\">le programme du cours<\/a>&nbsp;;\n<\/li>\n<li> les supports d\u2019apprentissage (voir les modules dans le menu ci-dessus)&nbsp;;\n<\/li>\n<li> et le guide du cours.\n<\/li>\n<\/ul>\n<\/li>\n<li> <b>Consultez le <a href=\"\/lida103-fr\/guide-du-cours\/apercu\" title=\"Learning in a digital age\/LiDA103 fr\/Overview\">guide du cours<\/a><\/b>, en particulier&nbsp;:\n<ul>\n<li> <a href=\"\/lida103-fr\/guide-du-cours\/acquis-et-objectifs-dapprentissage\" title=\"Learning in a digital age\/LiDA103 fr\/Aims\">les acquis et les objectifs de l\u2019apprentissage<\/a>&nbsp;;\n<\/li>\n<li> et <a href=\"\/lida103-fr\/guide-du-cours\/programme\" title=\"Learning in a digital age\/LiDA103 fr\/Syllabus\">le programme du cours<\/a>.\n<\/li>\n<\/ul>\n<\/li>\n<li> <b>Publiez un commentaire sur le fil d\u2019actualit\u00e9 du cours<\/b>&nbsp;:\n<ul>\n<li> identifiez-vous sur le site Web du cours.\n<\/li>\n<li> r\u00e9digez un commentaire dans la zone de texte figurant en haut de la page du fil d\u2019actualit\u00e9. Vous pouvez par exemple saluer les apprenants et pr\u00e9senter vos motivations pour suivre ce cours.\n<\/li>\n<li> cliquez ensuite sur \u00ab&nbsp;publier une WEnote&nbsp;\u00bb. Au bout de quelques secondes, votre commentaire devrait appara\u00eetre dans le fil d\u2019actualit\u00e9.\n<\/li>\n<\/ul>\n<\/li>\n<li> <b>Veuillez r\u00e9pondre<\/b> au <a rel=\"nofollow\" class=\"external text\" href=\"https:\/\/survey.oeru.org\/index.php\/412339?lang=fr%7C\">questionnaire facultatif de l\u2019OERu destin\u00e9 aux nouveaux participants.<\/a>.\n<\/li>\n<\/ol>\n<h2><span class=\"mw-headline\" id=\"Conseils\">Conseils<\/span><\/h2>\n<p>Voici quelques \u00e9l\u00e9ments utiles concernant le cours \u00c9ducation ouverte, droit d\u2019auteur et licences ouvertes Creative Commons dans un monde num\u00e9rique LiDA103fr.\n<\/p>\n<ol>\n<li> <b>\u00c9tiquette du cours<\/b>&nbsp;: Le code du cours est \u00ab&nbsp;LiDA103fr&nbsp;\u00bb. Notez-le, car vous en aurez besoin pour tagger vos articles de blog, ainsi que vos publications sur les forums et les sites Web qui utilisent les mots-di\u00e8se tels que \u00ab&nbsp;#LiDA103fr&nbsp;\u00bb. (Ces \u00e9tiquettes permettent \u00e0 l\u2019OERu de collecter automatiquement les publications provenant d\u2019une s\u00e9lection de sites Web pour alimenter le fil d\u2019actualit\u00e9 du cours).\n<\/li>\n<li> <b>Fil d\u2019actualit\u00e9 du cours<\/b>&nbsp;: Le cours utilise un <a href=\"\/lida103-fr\/communications\/fil-dactualite-du-cours\" title=\"Learning in a digital age\/LiDA103 fr\/Feed\">fil d\u2019actualit\u00e9 en direct<\/a> o\u00f9 vous pouvez suivre les publications WEnote, les articles de blog des participants inscrits portant l\u2019\u00e9tiquette \u00ab&nbsp;LiDA103fr&nbsp;\u00bb, le site des forums du cours, etc.\n<ul>\n<li> WEnote est la plate-forme d\u2019\u00e9change que nous avons choisie pour publier des commentaires sur le fil d\u2019actualit\u00e9 depuis le site du cours.\n<\/li>\n<\/ul>\n<\/li>\n<li> <b>Temps d\u2019\u00e9tude conseill\u00e9<\/b>&nbsp;: Ce cours propose un apprentissage asynchrone. Cela signifie que vous pouvez y participer lorsque cela vous convient, en fonction de votre emploi du temps. Le cours est divis\u00e9 en 5 s\u00e9ances (et compte 7 modules). Il s\u2019\u00e9tend sur deux semaines. Vous devez y consacrer environ deux heures par jour, r\u00e9parties \u00e0 votre guise, en fonction de votre emploi du temps. Cependant, la formule du cours ouvert vous permet aussi d\u2019\u00e9tudier \u00ab&nbsp;\u00e0 la carte&nbsp;\u00bb, en participant seulement aux sujets et aux activit\u00e9s qui vous int\u00e9ressent. Le temps n\u00e9cessaire pour relever avec succ\u00e8s les <a href=\"\/lida103-fr\/guide-du-cours\/liste-de-defis\" title=\"Learning in a digital age\/LiDA103 fr\/List of challenges\">d\u00e9fis p\u00e9dagogiques<\/a> d\u00e9pend bien s\u00fbr de votre exp\u00e9rience et de vos connaissances dans le domaine des technologies num\u00e9riques. Nous estimons qu\u2019il faut entre 20 et 25 heures d\u2019\u00e9tude en ligne pour terminer le cours.\n<\/li>\n<li> <b>Fuseaux horaires internationaux<\/b>&nbsp;: Les cours de l\u2019OERu rassemblent habituellement des \u00e9l\u00e8ves r\u00e9partis sur les 24 fuseaux horaires. Vous devez suivre le cours en vous alignant sur votre fuseau horaire. Ainsi, si des travaux sont \u00e0 rendre un mardi, vous devez les rendre le mardi de votre fuseau horaire (et non du fuseau de vos instructeurs).\n<\/li>\n<li> <b>Utilisation des m\u00e9dias sociaux<\/b>&nbsp;: Si vous d\u00e9couvrez les m\u00e9dias sociaux, nous vous fournirons des instructions pour cr\u00e9er votre environnement d\u2019apprentissage personnel au cours de la s\u00e9ance \u00ab&nbsp;premiers pas&nbsp;\u00bb. Nous vous conseillons de cr\u00e9er votre environnement personnel d\u2019apprentissage avant le d\u00e9but du cours. La tenue d\u2019un blog est recommand\u00e9e, car c\u2019est l\u00e0 un bon moyen d\u2019\u00e9changer avec les autres participants tout en gardant le contr\u00f4le de vos contenus. Vous pouvez cr\u00e9er un blog de cours personnel ou reprendre un blog que vous utilisez d\u00e9j\u00e0.\n<\/li>\n<li> <b>Surcharge d\u2019information<\/b>&nbsp;: Le fil d\u2019actualit\u00e9 du cours peut parfois g\u00e9n\u00e9rer un grand nombre de publications et de messages. Rien ne vous oblige \u00e0 tout lire. Lisez ce qui appara\u00eet lorsque vous vous connectez et suivez les liens qui vous int\u00e9ressent. Au bout de quelques jours, vous aurez identifi\u00e9 les participants ayant les m\u00eames centres d\u2019int\u00e9r\u00eat que vous et vous pourrez ainsi suivre leurs publications sur le fil.\n<\/li>\n<li> <b>Apprendre en faisant et en partageant<\/b>&nbsp;: avant tout, prenez du plaisir \u00e0 participer \u00e0 ce cours, au service de notre ambition commune&nbsp;: contribuer \u00e0 b\u00e2tir un monde meilleur en s\u2019appuyant sur l\u2019engagement personnel et la volont\u00e9 de partager ce que nous avons de meilleur.\n<\/li>\n<\/ol>\n<p>\n<\/p>\n<p><!-- \nNewPP limit report\nCPU time usage: 0.079 seconds\nReal time usage: 0.963 seconds\nPreprocessor visited node count: 52\/1000000\nPreprocessor generated node count: 272\/1000000\nPost\u2010expand include size: 6223\/2097152 bytes\nTemplate argument size: 679\/2097152 bytes\nHighest expansion depth: 3\/40\nExpensive parser function count: 0\/100\n--><\/p>\n<p><!-- Saved in parser cache with key we_en-mw_:pcache:idhash:188421-0!*!0!!*!2!* and timestamp 20230802220715 and revision id 1090178\n -->\n<\/div>\n<div class=\"visualClear\"><\/div>\n<\/p><\/div>\n<\/p><\/div>\n<\/div>\n<\/div>\n<\/div>\n<div class=\"row\">\n<div class=\"col-md-12\">\n<ul class=\"pager\">\n<li class=\"previous\">\n            <a href=\"\/lida103-fr\/education-ouverte-droit-dauteur-et-licences-ouvertes-creative-commons-dans-un-monde-numerique\">\u2190 Pr\u00e9c\u00e9dent<\/a>\n          <\/li>\n<li class=\"next\">\n            <a href=\"\/lida103-fr\/commencez\/a-propos-de-ce-cours\">Suivant \u2192<\/a>\n          <\/li>\n<\/ul><\/div>\n<\/p><\/div>\n<div id=\"wenote-ids\"><script type='text\/javascript' id='wenotes-ids'>\n    var WEnotesSite = \"https:\/\/wikieducator.org\";\n    var WEnotesPath = \"\/Learning_in_a_digital_age\/LiDA103_fr\/Start\";\n    var WEnotesSiteID = \"0e3d258fbd36841f92259eefcd41d5e9\";\n    var WEnotesPathID = \"a1d9de40e83145438f43b16c0ee6537b\";\n    var WEnotesIDs = { site: \"https:\/\/wikieducator.org\", path: \"\/Learning_in_a_digital_age\/LiDA103_fr\/Start\", site_id: \"0e3d258fbd36841f92259eefcd41d5e9\", path_id: \"a1d9de40e83145438f43b16c0ee6537b\" };\n<\/script><\/div>\n<\/div>\n<footer><\/footer>\n","protected":false},"excerpt":{"rendered":"<p>Bienvenue dans le cours ouvert en ligne \u00c9ducation ouverte, droit d\u2019auteur et licences ouvertes Creative Commons dans un monde num\u00e9rique (LiDA103fr). Les supports d\u2019apprentissage sont accessibles depuis ce site. Les apprenants participent et interagissent depuis leur environnement personnel d\u2019apprentissage. Nous allons vous montrer comment installer votre environnement personnel au cours de la S\u00e9ance 0, que [&hellip;]<\/p>\n","protected":false},"author":1,"featured_media":0,"parent":14066,"menu_order":0,"comment_status":"closed","ping_status":"closed","template":"","meta":{"footnotes":""},"class_list":["post-14068","page","type-page","status-publish","hentry"],"_links":{"self":[{"href":"https:\/\/course.oeru.org\/lida103-fr\/wp-json\/wp\/v2\/pages\/14068","targetHints":{"allow":["GET"]}}],"collection":[{"href":"https:\/\/course.oeru.org\/lida103-fr\/wp-json\/wp\/v2\/pages"}],"about":[{"href":"https:\/\/course.oeru.org\/lida103-fr\/wp-json\/wp\/v2\/types\/page"}],"author":[{"embeddable":true,"href":"https:\/\/course.oeru.org\/lida103-fr\/wp-json\/wp\/v2\/users\/1"}],"replies":[{"embeddable":true,"href":"https:\/\/course.oeru.org\/lida103-fr\/wp-json\/wp\/v2\/comments?post=14068"}],"version-history":[{"count":1,"href":"https:\/\/course.oeru.org\/lida103-fr\/wp-json\/wp\/v2\/pages\/14068\/revisions"}],"predecessor-version":[{"id":14069,"href":"https:\/\/course.oeru.org\/lida103-fr\/wp-json\/wp\/v2\/pages\/14068\/revisions\/14069"}],"up":[{"embeddable":true,"href":"https:\/\/course.oeru.org\/lida103-fr\/wp-json\/wp\/v2\/pages\/14066"}],"wp:attachment":[{"href":"https:\/\/course.oeru.org\/lida103-fr\/wp-json\/wp\/v2\/media?parent=14068"}],"curies":[{"name":"wp","href":"https:\/\/api.w.org\/{rel}","templated":true}]}}