{"id":14070,"date":"2023-08-03T03:16:45","date_gmt":"2023-08-03T03:16:45","guid":{"rendered":"https:\/\/course.oeru.org\/lida103-fr\/?page_id=14070"},"modified":"2023-08-03T03:16:45","modified_gmt":"2023-08-03T03:16:45","slug":"a-propos-de-ce-cours","status":"publish","type":"page","link":"https:\/\/course.oeru.org\/lida103-fr\/commencez\/a-propos-de-ce-cours\/","title":{"rendered":"\u00c0 propos de ce cours"},"content":{"rendered":"<div id=\"content\" class=\"mw-body container\" role=\"main\">\n<div class=\"row\">\n<div class=\"col-md-12\">\n<div class=\"panel\">\n<div class=\"panel-body\">\n<div id=\"bodyContent\">\n<div id=\"mw-content-text\" lang=\"en\" dir=\"ltr\" class=\"mw-content-ltr\">\n<div class=\"floatright\"><a href=\"https:\/\/wikieducator.org\/File:Binary-woman-profile.jpg\" class=\"image\"><img loading=\"lazy\" decoding=\"async\" alt=\"Binary-woman-profile.jpg\" src=\"\/\/wikieducator.org\/images\/thumb\/e\/e2\/Binary-woman-profile.jpg\/320px-Binary-woman-profile.jpg\" width=\"320\" height=\"213\" class=\"img-responsive\"><\/a><\/div>\n<p><b>Titre du cours<\/b>&nbsp;: \u00c9ducation ouverte, droit d\u2019auteur et licences ouvertes Creative Commons dans un monde num\u00e9rique (LiDA103fr)\n<\/p>\n<p>Le cours <b>\u00c9ducation ouverte, droit d\u2019auteur et licences ouvertes Creative Commons dans un monde num\u00e9rique<\/b> (LiDA103fr) est l\u2019un des quatre cours qui composent la formation intitul\u00e9e <b>Apprendre \u00e0 l\u2019\u00e8re du num\u00e9rique<\/b>. Tout au long de ce cours, vous apprendrez \u00e0 exploiter le potentiel qu\u2019offre l\u2019\u00e9ducation ouverte pour r\u00e9aliser vos propres objectifs d\u2019apprentissage, tout en respectant les obligations li\u00e9es au droit d\u2019auteur dans un monde num\u00e9rique.<br style=\"clear:both;\">\n<\/p>\n<h2><span class=\"mw-headline\" id=\"Quelques_chiffres\">Quelques chiffres<\/span><\/h2>\n<table class=\"oeru1 table table-striped\">\n<tbody>\n<tr>\n<th>Indicateur\n<\/th>\n<th>Estimation\n<\/th>\n<\/tr>\n<tr>\n<td>Temps th\u00e9orique d\u2019apprentissage\n<\/td>\n<td>40 heures, temps de pr\u00e9paration \u00e0 l\u2019\u00e9valuation compris\n<\/td>\n<\/tr>\n<tr>\n<td>Dur\u00e9e du cours\n<\/td>\n<td>2 semaines, \u00e0 raison de 10 \u00e0 15 heures par semaine (selon la ma\u00eetrise pr\u00e9alable des technologies num\u00e9riques et Internet de l\u2019apprenant)\n<\/td>\n<\/tr>\n<tr>\n<td>\u00c9valuation\n<\/td>\n<td>20 heures, temps de pr\u00e9paration compris\n<\/td>\n<\/tr>\n<tr>\n<td>Niveau\n<\/td>\n<td>1<sup>re<\/sup> ann\u00e9e de licence\n<\/td>\n<\/tr>\n<\/tbody>\n<\/table>\n<h2><span class=\"mw-headline\" id=\"Th.C3.A9matique\">Th\u00e9matique<\/span><\/h2>\n<p>La formation gratuite <b>Apprendre \u00e0 l\u2019\u00e8re du num\u00e9rique<\/b> traite de l\u2019apprentissage en ligne et nous recommandons \u00e0 tout apprenant qui se lance aujourd\u2019hui dans des \u00e9tudes sup\u00e9rieures de la suivre. Ce cours-ci vous permet d\u2019acqu\u00e9rir et d\u2019appliquer des connaissances en mati\u00e8re de droit d\u2019auteur, de licences ouvertes Creative Commons et de compatibilit\u00e9 des licences. Vous mettrez les pratiques de l\u2019\u00e9ducation ouverte au service de l\u2019enseignement sup\u00e9rieur dans un monde num\u00e9rique.\n<\/p>\n<h2><span class=\"mw-headline\" id=\"Enseignements\">Enseignements<\/span><\/h2>\n<p>Dans ce cours, vous allez&nbsp;:\n<\/p>\n<ul>\n<li> d\u00e9battre des enjeux li\u00e9s \u00e0 l\u2019importance du libre acc\u00e8s en faveur de l\u2019apprentissage \u00e0 l\u2019\u00e8re du num\u00e9rique&nbsp;;\n<\/li>\n<li> d\u00e9finir ce qui constitue une ressource \u00e9ducative libre (REL)&nbsp;;\n<\/li>\n<li> cerner le r\u00f4le des REL pour r\u00e9soudre des probl\u00e8mes du quotidien et apprendre \u00e0 l\u2019\u00e8re du num\u00e9rique&nbsp;;\n<\/li>\n<li> acqu\u00e9rir des connaissances sur le fonctionnement du droit d\u2019auteur dans un monde num\u00e9rique&nbsp;;\n<\/li>\n<li> appliquer vos connaissances en mati\u00e8re de droit d\u2019auteur&nbsp;: champ d\u2019application, droits, protections, exceptions et transfert&nbsp;;\n<\/li>\n<li> interpr\u00e9ter et mettre en pratique vos connaissances en mati\u00e8re de domaine public, de licences ouvertes Creative Commons et de compatibilit\u00e9 juridique des licences pour les \u0153uvres d\u00e9riv\u00e9es&nbsp;;\n<\/li>\n<li> explorer d\u2019autres dimensions du libre acc\u00e8s en faveur de l\u2019apprentissage \u00e0 l\u2019\u00e8re du num\u00e9rique.\n<\/li>\n<\/ul>\n<h2><span class=\"mw-headline\" id=\"Organisation\">Organisation<\/span><\/h2>\n<p>Le cours se divise en sept modules, proposant chacun de multiples ressources et d\u00e9fis p\u00e9dagogiques, con\u00e7us pour vous aider \u00e0 ma\u00eetriser avec succ\u00e8s l\u2019apprentissage en r\u00e9seau. Les sept modules sont les suivants&nbsp;:\n<\/p>\n<ul>\n<li> Importance du libre acc\u00e8s\n<\/li>\n<li> D\u00e9finition des REL\n<\/li>\n<li> Cadre juridique&nbsp;: le droit d\u2019auteur et le copyright\n<\/li>\n<li> Cas pratique sur le droit d\u2019auteur\n<\/li>\n<li> Licences ouvertes Creative Commons\n<\/li>\n<li> Jeu \u00ab&nbsp;Compatibles ou non&nbsp;?&nbsp;\u00bb\n<\/li>\n<li> Dimensions du libre acc\u00e8s\n<\/li>\n<\/ul>\n<h2><span class=\"mw-headline\" id=\"Quels_sont_les_pr.C3.A9requis_n.C3.A9cessaires_.3F\">Quels sont les pr\u00e9requis n\u00e9cessaires&nbsp;?<\/span><\/h2>\n<p>Tout le monde peut participer \u00e0 ce cours. Une connexion Internet et des bases de navigation sur le Web sont n\u00e9cessaires, de m\u00eame que la capacit\u00e9 \u00e0 cr\u00e9er un compte de blog (des instructions et des didacticiels d\u2019auto-apprentissage sont fournis).\n<\/p>\n<p>Les apprenants souhaitant recevoir des \u00e9valuations qui valident des cr\u00e9dits en vue de l\u2019obtention d\u2019un titre universitaire doivent r\u00e9pondre aux crit\u00e8res d\u2019admission normalement exig\u00e9s par l\u2019\u00e9tablissement concern\u00e9 (par ex. comp\u00e9tences linguistiques et certificats de fin d\u2019\u00e9tudes secondaires, etc.).\n<\/p>\n<p>\n<\/p>\n<p><!-- \nNewPP limit report\nCPU time usage: 0.016 seconds\nReal time usage: 0.018 seconds\nPreprocessor visited node count: 40\/1000000\nPreprocessor generated node count: 82\/1000000\nPost\u2010expand include size: 242\/2097152 bytes\nTemplate argument size: 0\/2097152 bytes\nHighest expansion depth: 2\/40\nExpensive parser function count: 0\/100\n--><\/p>\n<p><!-- Saved in parser cache with key we_en-mw_:pcache:idhash:188422-0!*!*!!*!2!* and timestamp 20230802034338 and revision id 1085550\n -->\n<\/div>\n<div class=\"visualClear\"><\/div>\n<\/p><\/div>\n<\/p><\/div>\n<\/div>\n<\/div>\n<\/div>\n<div class=\"row\">\n<div class=\"col-md-12\">\n<ul class=\"pager\">\n<li class=\"previous\">\n            <a href=\"\/lida103-fr\/commencez\/commencez-ici\">\u2190 Pr\u00e9c\u00e9dent<\/a>\n          <\/li>\n<li class=\"next\">\n            <a href=\"\/lida103-fr\/commencez\/plan-du-site\">Suivant \u2192<\/a>\n          <\/li>\n<\/ul><\/div>\n<\/p><\/div>\n<div id=\"wenote-ids\"><script type='text\/javascript' id='wenotes-ids'>\n    var WEnotesSite = \"https:\/\/wikieducator.org\";\n    var WEnotesPath = \"\/Learning_in_a_digital_age\/LiDA103_fr\/About\";\n    var WEnotesSiteID = \"0e3d258fbd36841f92259eefcd41d5e9\";\n    var WEnotesPathID = \"93152d9f18baaba239267a8609184b01\";\n    var WEnotesIDs = { site: \"https:\/\/wikieducator.org\", path: \"\/Learning_in_a_digital_age\/LiDA103_fr\/About\", site_id: \"0e3d258fbd36841f92259eefcd41d5e9\", path_id: \"93152d9f18baaba239267a8609184b01\" };\n<\/script><\/div>\n<\/div>\n<footer><\/footer>\n","protected":false},"excerpt":{"rendered":"<p>Titre du cours&nbsp;: \u00c9ducation ouverte, droit d\u2019auteur et licences ouvertes Creative Commons dans un monde num\u00e9rique (LiDA103fr) Le cours \u00c9ducation ouverte, droit d\u2019auteur et licences ouvertes Creative Commons dans un monde num\u00e9rique (LiDA103fr) est l\u2019un des quatre cours qui composent la formation intitul\u00e9e Apprendre \u00e0 l\u2019\u00e8re du num\u00e9rique. Tout au long de ce cours, vous [&hellip;]<\/p>\n","protected":false},"author":1,"featured_media":0,"parent":14066,"menu_order":0,"comment_status":"closed","ping_status":"closed","template":"","meta":{"footnotes":""},"class_list":["post-14070","page","type-page","status-publish","hentry"],"_links":{"self":[{"href":"https:\/\/course.oeru.org\/lida103-fr\/wp-json\/wp\/v2\/pages\/14070","targetHints":{"allow":["GET"]}}],"collection":[{"href":"https:\/\/course.oeru.org\/lida103-fr\/wp-json\/wp\/v2\/pages"}],"about":[{"href":"https:\/\/course.oeru.org\/lida103-fr\/wp-json\/wp\/v2\/types\/page"}],"author":[{"embeddable":true,"href":"https:\/\/course.oeru.org\/lida103-fr\/wp-json\/wp\/v2\/users\/1"}],"replies":[{"embeddable":true,"href":"https:\/\/course.oeru.org\/lida103-fr\/wp-json\/wp\/v2\/comments?post=14070"}],"version-history":[{"count":1,"href":"https:\/\/course.oeru.org\/lida103-fr\/wp-json\/wp\/v2\/pages\/14070\/revisions"}],"predecessor-version":[{"id":14071,"href":"https:\/\/course.oeru.org\/lida103-fr\/wp-json\/wp\/v2\/pages\/14070\/revisions\/14071"}],"up":[{"embeddable":true,"href":"https:\/\/course.oeru.org\/lida103-fr\/wp-json\/wp\/v2\/pages\/14066"}],"wp:attachment":[{"href":"https:\/\/course.oeru.org\/lida103-fr\/wp-json\/wp\/v2\/media?parent=14070"}],"curies":[{"name":"wp","href":"https:\/\/api.w.org\/{rel}","templated":true}]}}