{"id":14072,"date":"2023-08-03T03:16:48","date_gmt":"2023-08-03T03:16:48","guid":{"rendered":"https:\/\/course.oeru.org\/lida103-fr\/?page_id=14072"},"modified":"2023-08-03T03:16:48","modified_gmt":"2023-08-03T03:16:48","slug":"plan-du-site","status":"publish","type":"page","link":"https:\/\/course.oeru.org\/lida103-fr\/commencez\/plan-du-site\/","title":{"rendered":"Plan du site"},"content":{"rendered":"<div id=\"content\" class=\"mw-body container\" role=\"main\">\n<div class=\"row\">\n<div class=\"col-md-12\">\n<div class=\"panel\">\n<div class=\"panel-body\">\n<div id=\"bodyContent\">\n<div id=\"mw-content-text\" lang=\"en\" dir=\"ltr\" class=\"mw-content-ltr\">\n<ul>\n<li> <a href=\"\/lida103-fr\/education-ouverte-droit-dauteur-et-licences-ouvertes-creative-commons-dans-un-monde-numerique\" title=\"Learning in a digital age\/LiDA103 fr\/home\">\u00c9ducation ouverte, droit d\u2019auteur et licences ouvertes Creative Commons dans un monde num\u00e9rique<\/a>\n<\/li>\n<li> Commencez\n<ul>\n<li> <a href=\"\/lida103-fr\/commencez\/commencez-ici\" title=\"Learning in a digital age\/LiDA103 fr\/Start\">Commencez ici<\/a>\n<\/li>\n<li> <a href=\"\/lida103-fr\/commencez\/a-propos-de-ce-cours\" title=\"Learning in a digital age\/LiDA103 fr\/About\">\u00c0 propos de ce cours<\/a>\n<\/li>\n<li> <strong class=\"selflink\">Plan du site<\/strong>\n<\/li>\n<li> <a href=\"\/lida103-fr\/commencez\/vos-retour-et-commentaires\" title=\"Learning in a digital age\/LiDA103 fr\/Feedback invitation\">Vos retour et commentaires<\/a>\n<\/li>\n<\/ul>\n<\/li>\n<li> Guide du cours\n<ul>\n<li><a href=\"\/lida103-fr\/guide-du-cours\/apercu\" title=\"Learning in a digital age\/LiDA103 fr\/Overview\">Aper\u00e7u<\/a>\n<\/li>\n<li><a href=\"\/lida103-fr\/guide-du-cours\/la-collaboration-internationale-derriere-ce-cours\" title=\"Learning in a digital age\/LiDA103 fr\/international collaboration\">La collaboration internationale derri\u00e8re ce cours<\/a>\n<\/li>\n<li><a href=\"\/lida103-fr\/guide-du-cours\/acquis-et-objectifs-dapprentissage\" title=\"Learning in a digital age\/LiDA103 fr\/Aims\">Acquis et objectifs d\u2019apprentissage<\/a>\n<\/li>\n<li><a href=\"\/lida103-fr\/guide-du-cours\/programme\" title=\"Learning in a digital age\/LiDA103 fr\/Syllabus\">Programme<\/a>\n<\/li>\n<li><a href=\"\/lida103-fr\/guide-du-cours\/liste-de-defis\" title=\"Learning in a digital age\/LiDA103 fr\/List of challenges\">Liste de d\u00e9fis<\/a>\n<\/li>\n<li><a href=\"\/lida103-fr\/guide-du-cours\/test-preliminaire-facultatif\" title=\"Learning in a digital age\/LiDA103 fr\/Certificate of competency\">Test pr\u00e9liminaire facultatif<\/a>\n<\/li>\n<li><a href=\"\/lida103-fr\/guide-du-cours\/ressources\" title=\"Learning in a digital age\/LiDA103 fr\/Resources\">Ressources<\/a>\n<\/li>\n<li><a href=\"\/lida103-fr\/guide-du-cours\/sources\" title=\"Learning in a digital age\/LiDA103 fr\/Acknowledgements\">Sources<\/a>\n<\/li>\n<li><a href=\"\/lida103-fr\/guide-du-cours\/clause-de-non-responsabilite\" title=\"Learning in a digital age\/LiDA103 fr\/Disclaimer\">Clause de non-responsabilit\u00e9<\/a>\n<\/li>\n<\/ul>\n<\/li>\n<li> Communications\n<ul>\n<li> <a href=\"\/lida103-fr\/communications\/annonces-du-cours\" title=\"Learning in a digital age\/LiDA103 fr\/How announcements work\">Annonces du cours<\/a>\n<\/li>\n<li> <a href=\"\/lida103-fr\/communications\/fil-dactualite-du-cours\" title=\"Learning in a digital age\/LiDA103 fr\/Feed\">Fil d\u2019actualit\u00e9 du cours<\/a>\n<\/li>\n<\/ul>\n<\/li>\n<li> Modules\n<ul>\n<li> Premiers pas\n<ul>\n<li><a href=\"\/lida103-fr\/modules\/premiers-pas\/apercu\" title=\"Learning in a digital age\/LiDA103 fr\/Orientation\/Overview\">Aper\u00e7u<\/a>\n<\/li>\n<li><a href=\"\/lida103-fr\/modules\/premiers-pas\/plate-forme-de-loeru\" title=\"Learning in a digital age\/LiDA103 fr\/Orientation\/Platform\">Plate-forme de l&rsquo;OERu<\/a>\n<\/li>\n<li><a href=\"\/lida103-fr\/modules\/premiers-pas\/reseau-social-de-loeru\" title=\"Learning in a digital age\/LiDA103 fr\/Orientation\/Social network\">R\u00e9seau social de l&rsquo;OERu<\/a>\n<\/li>\n<li><a href=\"\/lida103-fr\/modules\/premiers-pas\/forums-de-loeru\" title=\"Learning in a digital age\/LiDA103 fr\/Orientation\/Forums\">Forums de l&rsquo;OERu<\/a>\n<\/li>\n<li><a href=\"\/lida103-fr\/modules\/premiers-pas\/les-annotations-de-sites-web\" title=\"Learning in a digital age\/LiDA103 fr\/Orientation\/Annotations\">Les annotations de sites Web<\/a>\n<\/li>\n<li><a href=\"\/lida103-fr\/modules\/premiers-pas\/mediatheque-de-loeru\" title=\"Learning in a digital age\/LiDA103 fr\/Orientation\/Resource bank\">M\u00e9diath\u00e8que de l\u2019OERu<\/a>\n<\/li>\n<li><a href=\"\/lida103-fr\/modules\/premiers-pas\/le-blog-comme-journal-dapprentissage\" title=\"Learning in a digital age\/LiDA103 fr\/Orientation\/Blog\">Le blog comme journal d&rsquo;apprentissage<\/a>\n<\/li>\n<li><a href=\"\/lida103-fr\/modules\/premiers-pas\/lancez-vous-\u2013-defi-\u00ab-presentez-vous-\u00bb\" title=\"Learning in a digital age\/LiDA103 fr\/Orientation\/Start declare yourself\">Lancez-vous \u2013 D\u00e9fi \u00ab Pr\u00e9sentez-vous \u00bb<\/a>\n<\/li>\n<li><a href=\"\/lida103-fr\/modules\/premiers-pas\/exercices-\u2013-defi-\u00ab-presentez-vous-\u00bb\" title=\"Learning in a digital age\/LiDA103 fr\/Orientation\/Tasks declare yourself\">Exercices \u2013 D\u00e9fi \u00ab Pr\u00e9sentez-vous \u00bb<\/a>\n<\/li>\n<li><a href=\"\/lida103-fr\/modules\/premiers-pas\/mise-en-pratique-\u2013-defi-\u00ab-presentez-vous-\u00bb\" title=\"Learning in a digital age\/LiDA103 fr\/Orientation\/Outputs declare yourself\">Mise en pratique \u2013 D\u00e9fi \u00ab Pr\u00e9sentez-vous \u00bb<\/a>\n<\/li>\n<\/ul>\n<\/li>\n<li> Importance du libre acc\u00e8s\n<ul>\n<li><a href=\"\/lida103-fr\/modules\/importance-du-libre-acces\/apercu\" title=\"Learning in a digital age\/LiDA103 fr\/Why open matters\/Overview\">Aper\u00e7u<\/a>\n<\/li>\n<li><a href=\"\/lida103-fr\/modules\/importance-du-libre-acces\/support-video\" title=\"Learning in a digital age\/LiDA103 fr\/Why open matters\/Video signpost\">Support vid\u00e9o<\/a>\n<\/li>\n<li><a href=\"\/lida103-fr\/modules\/importance-du-libre-acces\/liberte-dapprendre\" title=\"Learning in a digital age\/LiDA103 fr\/Why open matters\/Freedom to learn\">Libert\u00e9 d\u2019apprendre<\/a>\n<\/li>\n<li><a href=\"\/lida103-fr\/modules\/importance-du-libre-acces\/ledition-scientifique-dans-un-monde-numerique\" title=\"Learning in a digital age\/LiDA103 fr\/Why open matters\/Scientific publishing in a digital world\">L\u2019\u00e9dition scientifique dans un monde num\u00e9rique<\/a>\n<\/li>\n<li><a href=\"\/lida103-fr\/modules\/importance-du-libre-acces\/quiz\" title=\"Learning in a digital age\/LiDA103 fr\/Why open matters\/Quiz\">Quiz<\/a>\n<\/li>\n<\/ul>\n<\/li>\n<li> Comment d\u00e9finir les REL\n<ul>\n<li><a href=\"\/lida103-fr\/modules\/comment-definir-les-rel\/apercu\" title=\"Learning in a digital age\/LiDA103 fr\/Defining OER\/Overview\">Aper\u00e7u<\/a>\n<\/li>\n<li><a href=\"\/lida103-fr\/modules\/comment-definir-les-rel\/support-video\" title=\"Learning in a digital age\/LiDA103 fr\/Defining OER\/Video signpost\">Support vid\u00e9o<\/a>\n<\/li>\n<li><a href=\"\/lida103-fr\/modules\/comment-definir-les-rel\/propriete-des-idees\" title=\"Learning in a digital age\/LiDA103 fr\/Defining OER\/Ownership of ideas\">Propri\u00e9t\u00e9 des id\u00e9es<\/a>\n<\/li>\n<li><a href=\"\/lida103-fr\/modules\/comment-definir-les-rel\/definitions-des-rel\" title=\"Learning in a digital age\/LiDA103 fr\/Defining OER\/OER definitions\">D\u00e9finitions des REL<\/a>\n<\/li>\n<li><a href=\"\/lida103-fr\/modules\/comment-definir-les-rel\/comment-definir-les-rel\" title=\"Learning in a digital age\/LiDA103 fr\/Defining OER\/Defining OER\">Comment d\u00e9finir les REL<\/a>\n<\/li>\n<li><a href=\"\/lida103-fr\/modules\/comment-definir-les-rel\/pedagogie-fondee-sur-les-rel\" title=\"Learning in a digital age\/LiDA103 fr\/Defining OER\/OER enabled pedagogy\">P\u00e9dagogie fond\u00e9e sur les REL<\/a>\n<\/li>\n<li><a href=\"\/lida103-fr\/modules\/comment-definir-les-rel\/resume\" title=\"Learning in a digital age\/LiDA103 fr\/Defining OER\/Summary\">R\u00e9sum\u00e9<\/a>\n<\/li>\n<li><a href=\"\/lida103-fr\/modules\/comment-definir-les-rel\/lancez-vous-\u2013-defi-\u00ab-enjeux-des-rel-\u00bb\" title=\"Learning in a digital age\/LiDA103 fr\/Defining OER\/Start implications of OER\">Lancez-vous \u2013 D\u00e9fi \u00ab Enjeux des REL \u00bb<\/a>\n<\/li>\n<li><a href=\"\/lida103-fr\/modules\/comment-definir-les-rel\/exercices-\u2013-defi-\u00ab-enjeux-des-rel-\u00bb\" title=\"Learning in a digital age\/LiDA103 fr\/Defining OER\/Tasks implications of OER\">Exercices \u2013 D\u00e9fi \u00ab Enjeux des REL \u00bb<\/a>\n<\/li>\n<li><a href=\"\/lida103-fr\/modules\/comment-definir-les-rel\/mise-en-pratique-\u2013-defi-\u00ab-enjeux-des-rel-\u00bb\" title=\"Learning in a digital age\/LiDA103 fr\/Defining OER\/Outputs implications of OER\">Mise en pratique \u2013 D\u00e9fi \u00ab Enjeux des REL \u00bb<\/a>\n<\/li>\n<li><a href=\"\/lida103-fr\/modules\/comment-definir-les-rel\/quiz\" title=\"Learning in a digital age\/LiDA103 fr\/Defining OER\/Quiz\">Quiz<\/a>\n<\/li>\n<\/ul>\n<\/li>\n<li> Droit d&rsquo;auteur\n<ul>\n<li><a href=\"\/lida103-fr\/modules\/droit-dauteur\/apercu\" title=\"Learning in a digital age\/LiDA103 fr\/Copyright\/Overview\">Aper\u00e7u<\/a>\n<\/li>\n<li><a href=\"\/lida103-fr\/modules\/droit-dauteur\/support-video\" title=\"Learning in a digital age\/LiDA103 fr\/Copyright\/Video signpost\">Support vid\u00e9o<\/a>\n<\/li>\n<li><a href=\"\/lida103-fr\/modules\/droit-dauteur\/introduction\" title=\"Learning in a digital age\/LiDA103 fr\/Copyright\/Introduction\">Introduction<\/a>\n<\/li>\n<li><a href=\"\/lida103-fr\/modules\/droit-dauteur\/historique\" title=\"Learning in a digital age\/LiDA103 fr\/Copyright\/History\">Historique<\/a>\n<\/li>\n<li><a href=\"\/lida103-fr\/modules\/droit-dauteur\/collaborer-a-lechelle-mondiale\" title=\"Learning in a digital age\/LiDA103 fr\/Copyright\/Working globally\">Collaborer \u00e0 l\u2019\u00e9chelle mondiale<\/a>\n<\/li>\n<li><a href=\"\/lida103-fr\/modules\/droit-dauteur\/champ-dapplication\" title=\"Learning in a digital age\/LiDA103 fr\/Copyright\/Scope\">Champ d\u2019application<\/a>\n<\/li>\n<li><a href=\"\/lida103-fr\/modules\/droit-dauteur\/jouissance\" title=\"Learning in a digital age\/LiDA103 fr\/Copyright\/Ownership\">Jouissance<\/a>\n<\/li>\n<li><a href=\"\/lida103-fr\/modules\/droit-dauteur\/droits-et-protections\" title=\"Learning in a digital age\/LiDA103 fr\/Copyright\/Rights\">Droits et protections<\/a>\n<\/li>\n<li><a href=\"\/lida103-fr\/modules\/droit-dauteur\/exceptions\" title=\"Learning in a digital age\/LiDA103 fr\/Copyright\/Exceptions\">Exceptions<\/a>\n<\/li>\n<li><a href=\"\/lida103-fr\/modules\/droit-dauteur\/transfert-des-droits\" title=\"Learning in a digital age\/LiDA103 fr\/Copyright\/Transfer\">Transfert des droits<\/a>\n<\/li>\n<li><a href=\"\/lida103-fr\/modules\/droit-dauteur\/quiz\" title=\"Learning in a digital age\/LiDA103 fr\/Copyright\/Quiz\">Quiz<\/a>\n<\/li>\n<\/ul>\n<\/li>\n<li> Cas pratique sur le droit d\u2019auteur\n<ul>\n<li><a href=\"\/lida103-fr\/modules\/cas-pratique-sur-le-droit-dauteur\/apercu\" title=\"Learning in a digital age\/LiDA103 fr\/Copyright case study\/Overview\">Aper\u00e7u<\/a>\n<\/li>\n<li><a href=\"\/lida103-fr\/modules\/cas-pratique-sur-le-droit-dauteur\/cas-pratique-sur-le-droit-dauteur\" title=\"Learning in a digital age\/LiDA103 fr\/Copyright case study\/Case study\">Cas pratique sur le droit d\u2019auteur<\/a>\n<\/li>\n<li><a href=\"\/lida103-fr\/modules\/cas-pratique-sur-le-droit-dauteur\/question-1\" title=\"Learning in a digital age\/LiDA103 fr\/Copyright case study\/Question 1\">Question 1<\/a>\n<\/li>\n<li><a href=\"\/lida103-fr\/modules\/cas-pratique-sur-le-droit-dauteur\/question-2\" title=\"Learning in a digital age\/LiDA103 fr\/Copyright case study\/Question 2\">Question 2<\/a>\n<\/li>\n<li><a href=\"\/lida103-fr\/modules\/cas-pratique-sur-le-droit-dauteur\/question-3\" title=\"Learning in a digital age\/LiDA103 fr\/Copyright case study\/Question 3\">Question 3<\/a>\n<\/li>\n<li><a href=\"\/lida103-fr\/modules\/cas-pratique-sur-le-droit-dauteur\/question-4\" title=\"Learning in a digital age\/LiDA103 fr\/Copyright case study\/Question 4\">Question 4<\/a>\n<\/li>\n<li><a href=\"\/lida103-fr\/modules\/cas-pratique-sur-le-droit-dauteur\/question-5\" title=\"Learning in a digital age\/LiDA103 fr\/Copyright case study\/Question 5\">Question 5<\/a>\n<\/li>\n<li><a href=\"\/lida103-fr\/modules\/cas-pratique-sur-le-droit-dauteur\/reflexion\" title=\"Learning in a digital age\/LiDA103 fr\/Copyright case study\/Reflection\">R\u00e9flexion<\/a>\n<\/li>\n<li><a href=\"\/lida103-fr\/modules\/cas-pratique-sur-le-droit-dauteur\/lancez-vous-\u2013-defi-qcm-sur-le-droit-dauteur\" title=\"Learning in a digital age\/LiDA103 fr\/Copyright case study\/Start - Copyright MCQ\">Lancez-vous \u2013 D\u00e9fi QCM sur le droit d\u2019auteur<\/a>\n<\/li>\n<li><a href=\"\/lida103-fr\/modules\/cas-pratique-sur-le-droit-dauteur\/exercice-\u2013-defi-qcm-sur-le-droit-dauteur\" title=\"Learning in a digital age\/LiDA103 fr\/Copyright case study\/Tasks - Copyright MCQ\">Exercice \u2013 D\u00e9fi QCM sur le droit d\u2019auteur<\/a>\n<\/li>\n<li><a href=\"\/lida103-fr\/modules\/cas-pratique-sur-le-droit-dauteur\/mise-en-pratique-\u2013-defi-qcm-sur-le-droit-dauteur\" title=\"Learning in a digital age\/LiDA103 fr\/Copyright case study\/Outputs - Copyright MCQ\">Mise en pratique \u2013 D\u00e9fi QCM sur le droit d\u2019auteur<\/a>\n<\/li>\n<\/ul>\n<\/li>\n<li> Licences Creative Commons\n<ul>\n<li><a href=\"\/lida103-fr\/modules\/licences-creative-commons\/apercu\" title=\"Learning in a digital age\/LiDA103 fr\/Creative Commons\/Overview\">Aper\u00e7u<\/a>\n<\/li>\n<li><a href=\"\/lida103-fr\/modules\/licences-creative-commons\/support-video\" title=\"Learning in a digital age\/LiDA103 fr\/Creative Commons\/Video\">Support vid\u00e9o<\/a>\n<\/li>\n<li><a href=\"\/lida103-fr\/modules\/licences-creative-commons\/principes-fondamentaux-des-licences-cc\" title=\"Learning in a digital age\/LiDA103 fr\/Creative Commons\/Basics\">Principes fondamentaux des licences CC<\/a>\n<\/li>\n<li><a href=\"\/lida103-fr\/modules\/licences-creative-commons\/fonctionnement-des-licences-cc\" title=\"Learning in a digital age\/LiDA103 fr\/Creative Commons\/CC Overview\">Fonctionnement des licences CC<\/a>\n<\/li>\n<li><a href=\"\/lida103-fr\/modules\/licences-creative-commons\/licences-cc\" title=\"Learning in a digital age\/LiDA103 fr\/Creative Commons\/Licenses\">Licences CC<\/a>\n<\/li>\n<li><a href=\"\/lida103-fr\/modules\/licences-creative-commons\/anatomie-dune-licence-cc\" title=\"Learning in a digital age\/LiDA103 fr\/Creative Commons\/Anatomy\">Anatomie d\u2019une licence CC<\/a>\n<\/li>\n<li><a href=\"\/lida103-fr\/modules\/licences-creative-commons\/oeuvres-composites-et-compatibilite\" title=\"Learning in a digital age\/LiDA103 fr\/Creative Commons\/Remix\">\u0152uvres composites et compatibilit\u00e9<\/a>\n<\/li>\n<li><a href=\"\/lida103-fr\/modules\/licences-creative-commons\/trouver-des-reponses-a-des-questions-sur-les-licences-cc\" title=\"Learning in a digital age\/LiDA103 fr\/Creative Commons\/Devil\">Trouver des r\u00e9ponses \u00e0 des questions sur les licences CC<\/a>\n<\/li>\n<li><a href=\"\/lida103-fr\/modules\/licences-creative-commons\/resume\" title=\"Learning in a digital age\/LiDA103 fr\/Creative Commons\/Summary\">R\u00e9sum\u00e9<\/a>\n<\/li>\n<li><a href=\"\/lida103-fr\/modules\/licences-creative-commons\/quiz\" title=\"Learning in a digital age\/LiDA103 fr\/Creative Commons\/Quiz\">Quiz<\/a>\n<\/li>\n<\/ul>\n<\/li>\n<li> Jeu: compatibles ou non?\n<ul>\n<li><a href=\"\/lida103-fr\/modules\/jeu-compatibles-ou-non\/apercu\" title=\"Learning in a digital age\/LiDA103 fr\/Remix game\/Overview\">Aper\u00e7u<\/a>\n<\/li>\n<li><a href=\"\/lida103-fr\/modules\/jeu-compatibles-ou-non\/jeu-sur-les-licences-cc--compatibles-ou-non\u2009\" title=\"Learning in a digital age\/LiDA103 fr\/Remix game\/CC Remix game\">Jeu sur les licences CC : compatibles ou non\u2009?<\/a>\n<\/li>\n<li><a href=\"\/lida103-fr\/modules\/jeu-compatibles-ou-non\/oeuvre-composite-1\" title=\"Learning in a digital age\/LiDA103 fr\/Remix game\/Remix 1\">\u0152uvre composite 1<\/a>\n<\/li>\n<li><a href=\"\/lida103-fr\/modules\/jeu-compatibles-ou-non\/oeuvre-composite-2\" title=\"Learning in a digital age\/LiDA103 fr\/Remix game\/Remix 2\">\u0152uvre composite 2<\/a>\n<\/li>\n<li><a href=\"\/lida103-fr\/modules\/jeu-compatibles-ou-non\/oeuvre-composite-3\" title=\"Learning in a digital age\/LiDA103 fr\/Remix game\/Remix 3\">\u0152uvre composite 3<\/a>\n<\/li>\n<li><a href=\"\/lida103-fr\/modules\/jeu-compatibles-ou-non\/oeuvre-composite-4\" title=\"Learning in a digital age\/LiDA103 fr\/Remix game\/Remix 4\">\u0152uvre composite 4<\/a>\n<\/li>\n<li><a href=\"\/lida103-fr\/modules\/jeu-compatibles-ou-non\/oeuvre-composite-5\" title=\"Learning in a digital age\/LiDA103 fr\/Remix game\/Remix 5\">\u0152uvre composite 5<\/a>\n<\/li>\n<li><a href=\"\/lida103-fr\/modules\/jeu-compatibles-ou-non\/oeuvre-composite-6\" title=\"Learning in a digital age\/LiDA103 fr\/Remix game\/Remix 6\">\u0152uvre composite 6<\/a>\n<\/li>\n<li><a href=\"\/lida103-fr\/modules\/jeu-compatibles-ou-non\/lancez-vous-\u2013-defi-pedagogique-des-4r\" title=\"Learning in a digital age\/LiDA103 fr\/Remix game\/Start 4R challenge\">Lancez-vous \u2013 D\u00e9fi p\u00e9dagogique des 4R<\/a>\n<\/li>\n<li><a href=\"\/lida103-fr\/modules\/jeu-compatibles-ou-non\/exercices-\u2013-defi-pedagogique-des-4r\" title=\"Learning in a digital age\/LiDA103 fr\/Remix game\/Tasks 4R challenge\">Exercices \u2013 D\u00e9fi p\u00e9dagogique des 4R<\/a>\n<\/li>\n<li><a href=\"\/lida103-fr\/modules\/jeu-compatibles-ou-non\/mise-en-pratique-\u2013-defi-pedagogique-des-4r\" title=\"Learning in a digital age\/LiDA103 fr\/Remix game\/Outputs 4R challenge\">Mise en pratique \u2013 D\u00e9fi p\u00e9dagogique des 4R<\/a>\n<\/li>\n<\/ul>\n<\/li>\n<li> Dimensions du libre acc\u00e8s\n<ul>\n<li><a href=\"\/lida103-fr\/modules\/dimensions-du-libre-acces\/apercu\" title=\"Learning in a digital age\/LiDA103 fr\/Dimensions of openness\/Overview\">Aper\u00e7u<\/a>\n<\/li>\n<li><a href=\"\/lida103-fr\/modules\/dimensions-du-libre-acces\/libre-acces\" title=\"Learning in a digital age\/LiDA103 fr\/Dimensions of openness\/Open access\">Libre acc\u00e8s<\/a>\n<\/li>\n<li><a href=\"\/lida103-fr\/modules\/dimensions-du-libre-acces\/logiciels-libres-et-logiciels-open-source\" title=\"Learning in a digital age\/LiDA103 fr\/Dimensions of openness\/FOSS\">Logiciels libres et logiciels open source<\/a>\n<\/li>\n<li><a href=\"\/lida103-fr\/modules\/dimensions-du-libre-acces\/manuels-en-libre-acces\" title=\"Learning in a digital age\/LiDA103 fr\/Dimensions of openness\/Digital textbooks\">Manuels en libre acc\u00e8s<\/a>\n<\/li>\n<li><a href=\"\/lida103-fr\/modules\/dimensions-du-libre-acces\/politiques-de-libre-acces\" title=\"Learning in a digital age\/LiDA103 fr\/Dimensions of openness\/Open policy\">Politiques de libre acc\u00e8s<\/a>\n<\/li>\n<li><a href=\"\/lida103-fr\/modules\/dimensions-du-libre-acces\/modeles-economiques-du-libre-acces\" title=\"Learning in a digital age\/LiDA103 fr\/Dimensions of openness\/Open business models\">Mod\u00e8les \u00e9conomiques du libre acc\u00e8s<\/a>\n<\/li>\n<li><a href=\"\/lida103-fr\/modules\/dimensions-du-libre-acces\/pratiques-educatives-libres\" title=\"Learning in a digital age\/LiDA103 fr\/Dimensions of openness\/Open educational practices\">Pratiques \u00e9ducatives libres<\/a>\n<\/li>\n<li><a href=\"\/lida103-fr\/modules\/dimensions-du-libre-acces\/lancez-vous-\u2013-travail-de-reflexion-sur-le-libre-acces\" title=\"Learning in a digital age\/LiDA103 fr\/Dimensions of openness\/Start Learning reflection\">Lancez-vous \u2013 Travail de r\u00e9flexion sur le libre acc\u00e8s<\/a>\n<\/li>\n<li><a href=\"\/lida103-fr\/modules\/dimensions-du-libre-acces\/exercice-\u2013-travail-de-reflexion-sur-le-libre-acces\" title=\"Learning in a digital age\/LiDA103 fr\/Dimensions of openness\/Tasks Learning reflection\">Exercice \u2013 Travail de r\u00e9flexion sur le libre acc\u00e8s<\/a>\n<\/li>\n<li><a href=\"\/lida103-fr\/modules\/dimensions-du-libre-acces\/mise-en-pratique-\u2013-travail-de-reflexion-sur-le-libre-acces\" title=\"Learning in a digital age\/LiDA103 fr\/Dimensions of openness\/Outputs Learning reflection\">Mise en pratique \u2013 Travail de r\u00e9flexion sur le libre acc\u00e8s<\/a>\n<\/li>\n<li><a href=\"\/lida103-fr\/modules\/dimensions-du-libre-acces\/quiz\" title=\"Learning in a digital age\/LiDA103 fr\/Dimensions of openness\/Quiz\">Quiz<\/a>\n<\/li>\n<\/ul>\n<\/li>\n<\/ul>\n<\/li>\n<li> \u00c9valuation\n<ul>\n<li> <a href=\"\/lida103-fr\/evaluation\/modalites-de-certification-et-de-qualification\" title=\"Learning in a digital age\/LiDA103 fr\/Certification options\">Modalit\u00e9s de certification et de qualification<\/a>\n<\/li>\n<li> <a href=\"\/lida103-fr\/evaluation\/obtention-dune-attestation-de-participation\" title=\"Learning in a digital age\/LiDA103 fr\/Assessment\/Certify participation\">Obtention d\u2019une attestation de participation<\/a>\n<\/li>\n<li> <a href=\"\/lida103-fr\/evaluation\/obtention-dune-certification-de-competence\" title=\"Learning in a digital age\/LiDA103 fr\/Competency certification\">Obtention d&rsquo;une certification de comp\u00e9tence<\/a>\n<\/li>\n<\/ul>\n<\/li>\n<\/ul>\n<p><!-- \nNewPP limit report\nCPU time usage: 0.024 seconds\nReal time usage: 0.027 seconds\nPreprocessor visited node count: 3\/1000000\nPreprocessor generated node count: 18\/1000000\nPost\u2010expand include size: 9829\/2097152 bytes\nTemplate argument size: 0\/2097152 bytes\nHighest expansion depth: 2\/40\nExpensive parser function count: 0\/100\n--><\/p>\n<p><!-- Saved in parser cache with key we_en-mw_:pcache:idhash:188423-0!*!0!*!*!*!* and timestamp 20230802220717 and revision id 1085553\n -->\n<\/div>\n<div class=\"visualClear\"><\/div>\n<\/p><\/div>\n<\/p><\/div>\n<\/div>\n<\/div>\n<\/div>\n<div class=\"row\">\n<div class=\"col-md-12\">\n<ul class=\"pager\">\n<li class=\"previous\">\n            <a href=\"\/lida103-fr\/commencez\/a-propos-de-ce-cours\">\u2190 Pr\u00e9c\u00e9dent<\/a>\n          <\/li>\n<li class=\"next\">\n            <a href=\"\/lida103-fr\/commencez\/vos-retour-et-commentaires\">Suivant \u2192<\/a>\n          <\/li>\n<\/ul><\/div>\n<\/p><\/div>\n<div id=\"wenote-ids\"><script type='text\/javascript' id='wenotes-ids'>\n    var WEnotesSite = \"https:\/\/wikieducator.org\";\n    var WEnotesPath = \"\/Learning_in_a_digital_age\/LiDA103_fr\/Sitemap\";\n    var WEnotesSiteID = \"0e3d258fbd36841f92259eefcd41d5e9\";\n    var WEnotesPathID = \"0b4c690b099120dcc430dafcdcac1531\";\n    var WEnotesIDs = { site: \"https:\/\/wikieducator.org\", path: \"\/Learning_in_a_digital_age\/LiDA103_fr\/Sitemap\", site_id: \"0e3d258fbd36841f92259eefcd41d5e9\", path_id: \"0b4c690b099120dcc430dafcdcac1531\" };\n<\/script><\/div>\n<\/div>\n<footer><\/footer>\n","protected":false},"excerpt":{"rendered":"<p>\u00c9ducation ouverte, droit d\u2019auteur et licences ouvertes Creative Commons dans un monde num\u00e9rique Commencez Commencez ici \u00c0 propos de ce cours Plan du site Vos retour et commentaires Guide du cours Aper\u00e7u La collaboration internationale derri\u00e8re ce cours Acquis et objectifs d\u2019apprentissage Programme Liste de d\u00e9fis Test pr\u00e9liminaire facultatif Ressources Sources Clause de non-responsabilit\u00e9 Communications [&hellip;]<\/p>\n","protected":false},"author":1,"featured_media":0,"parent":14066,"menu_order":0,"comment_status":"closed","ping_status":"closed","template":"","meta":{"footnotes":""},"class_list":["post-14072","page","type-page","status-publish","hentry"],"_links":{"self":[{"href":"https:\/\/course.oeru.org\/lida103-fr\/wp-json\/wp\/v2\/pages\/14072","targetHints":{"allow":["GET"]}}],"collection":[{"href":"https:\/\/course.oeru.org\/lida103-fr\/wp-json\/wp\/v2\/pages"}],"about":[{"href":"https:\/\/course.oeru.org\/lida103-fr\/wp-json\/wp\/v2\/types\/page"}],"author":[{"embeddable":true,"href":"https:\/\/course.oeru.org\/lida103-fr\/wp-json\/wp\/v2\/users\/1"}],"replies":[{"embeddable":true,"href":"https:\/\/course.oeru.org\/lida103-fr\/wp-json\/wp\/v2\/comments?post=14072"}],"version-history":[{"count":1,"href":"https:\/\/course.oeru.org\/lida103-fr\/wp-json\/wp\/v2\/pages\/14072\/revisions"}],"predecessor-version":[{"id":14073,"href":"https:\/\/course.oeru.org\/lida103-fr\/wp-json\/wp\/v2\/pages\/14072\/revisions\/14073"}],"up":[{"embeddable":true,"href":"https:\/\/course.oeru.org\/lida103-fr\/wp-json\/wp\/v2\/pages\/14066"}],"wp:attachment":[{"href":"https:\/\/course.oeru.org\/lida103-fr\/wp-json\/wp\/v2\/media?parent=14072"}],"curies":[{"name":"wp","href":"https:\/\/api.w.org\/{rel}","templated":true}]}}