{"id":14074,"date":"2023-08-03T03:16:50","date_gmt":"2023-08-03T03:16:50","guid":{"rendered":"https:\/\/course.oeru.org\/lida103-fr\/?page_id=14074"},"modified":"2023-08-03T03:16:50","modified_gmt":"2023-08-03T03:16:50","slug":"vos-retour-et-commentaires","status":"publish","type":"page","link":"https:\/\/course.oeru.org\/lida103-fr\/commencez\/vos-retour-et-commentaires\/","title":{"rendered":"Vos retour et commentaires"},"content":{"rendered":"<div id=\"content\" class=\"mw-body container\" role=\"main\">\n<div class=\"row\">\n<div class=\"col-md-12\">\n<div class=\"panel\">\n<div class=\"panel-body\">\n<div id=\"bodyContent\">\n<div id=\"mw-content-text\" lang=\"en\" dir=\"ltr\" class=\"mw-content-ltr\">\n<p>L\u2019objectif de cette version du cours est de contribuer \u00e0 renforcer les capacit\u00e9s dans le cadre de la mise en \u0153uvre de la Recommandation de l\u2019UNESCO sur les ressources \u00e9ducatives libres dans les pays francophones, particuli\u00e8rement en Afrique sub-saharienne.\n<\/p>\n<p>Afin de  nous assurer que l\u2019adaptation du cours reste pertinente dans un contexte culturel francophone, nous vous invitons \u00e0 le tester et \u00e0 enregistrer vos retours et commentaires sur notre forum en ligne.\n<\/p>\n<p>Pour pouvoir enregistrer vos commentaires, veuillez suivre d&rsquo;abord les consignes \u00e0 la page <a href=\"\/lida103-fr\/modules\/premiers-pas\/forums-de-loeru\" title=\"Learning in a digital age\/LiDA103 fr\/Orientation\/Forums\">Forums de l&rsquo;OERu<\/a>, afin de cr\u00e9er un compte. Apr\u00e8s, cliquez simplement sur \u00ab&nbsp;R\u00e9pondre&nbsp;\u00bb dans <a rel=\"nofollow\" class=\"external text\" href=\"https:\/\/forums.oeru.org\/t\/lida103fr-enregistrez-vos-retour-et-commentaires-sur-le-cours-education-ouverte-droit-d-auteur-et-licences-ouvertes-creative-commons-dans-un-monde-numerique\/2603?u=simonne.wood%7C\">ce forum en ligne<\/a> pour enregistrer vos commentaires et suggestions.\n<\/p>\n<p>N\u2019h\u00e9sitez-pas \u00e0 partager ce cours parmi vos contacts.\n<\/p>\n<p>Nous vous remercions pour votre contribution \u00e0 l\u2019am\u00e9lioration, adaptation et recalibrage constants que permettent les Ressources Educatives Libres&nbsp;!\n<\/p>\n<p><!-- \nNewPP limit report\nCPU time usage: 0.004 seconds\nReal time usage: 0.005 seconds\nPreprocessor visited node count: 3\/1000000\nPreprocessor generated node count: 14\/1000000\nPost\u2010expand include size: 202\/2097152 bytes\nTemplate argument size: 0\/2097152 bytes\nHighest expansion depth: 2\/40\nExpensive parser function count: 0\/100\n--><\/p>\n<p><!-- Saved in parser cache with key we_en-mw_:pcache:idhash:188519-0!*!0!*!*!*!* and timestamp 20230802220717 and revision id 1090186\n -->\n<\/div>\n<div class=\"visualClear\"><\/div>\n<\/p><\/div>\n<\/p><\/div>\n<\/div>\n<\/div>\n<\/div>\n<div class=\"row\">\n<div class=\"col-md-12\">\n<ul class=\"pager\">\n<li class=\"previous\">\n            <a href=\"\/lida103-fr\/commencez\/plan-du-site\">\u2190 Pr\u00e9c\u00e9dent<\/a>\n          <\/li>\n<li class=\"next\">\n            <a href=\"\/lida103-fr\/guide-du-cours\/apercu\">Suivant \u2192<\/a>\n          <\/li>\n<\/ul><\/div>\n<\/p><\/div>\n<div id=\"wenote-ids\"><script type='text\/javascript' id='wenotes-ids'>\n    var WEnotesSite = \"https:\/\/wikieducator.org\";\n    var WEnotesPath = \"\/Learning_in_a_digital_age\/LiDA103_fr\/Feedback_invitation\";\n    var WEnotesSiteID = \"0e3d258fbd36841f92259eefcd41d5e9\";\n    var WEnotesPathID = \"a7a3ce3d5deca51b15f3b4ef069cf9e1\";\n    var WEnotesIDs = { site: \"https:\/\/wikieducator.org\", path: \"\/Learning_in_a_digital_age\/LiDA103_fr\/Feedback_invitation\", site_id: \"0e3d258fbd36841f92259eefcd41d5e9\", path_id: \"a7a3ce3d5deca51b15f3b4ef069cf9e1\" };\n<\/script><\/div>\n<\/div>\n<footer><\/footer>\n","protected":false},"excerpt":{"rendered":"<p>L\u2019objectif de cette version du cours est de contribuer \u00e0 renforcer les capacit\u00e9s dans le cadre de la mise en \u0153uvre de la Recommandation de l\u2019UNESCO sur les ressources \u00e9ducatives libres dans les pays francophones, particuli\u00e8rement en Afrique sub-saharienne. Afin de nous assurer que l\u2019adaptation du cours reste pertinente dans un contexte culturel francophone, nous [&hellip;]<\/p>\n","protected":false},"author":1,"featured_media":0,"parent":14066,"menu_order":0,"comment_status":"closed","ping_status":"closed","template":"","meta":{"footnotes":""},"class_list":["post-14074","page","type-page","status-publish","hentry"],"_links":{"self":[{"href":"https:\/\/course.oeru.org\/lida103-fr\/wp-json\/wp\/v2\/pages\/14074","targetHints":{"allow":["GET"]}}],"collection":[{"href":"https:\/\/course.oeru.org\/lida103-fr\/wp-json\/wp\/v2\/pages"}],"about":[{"href":"https:\/\/course.oeru.org\/lida103-fr\/wp-json\/wp\/v2\/types\/page"}],"author":[{"embeddable":true,"href":"https:\/\/course.oeru.org\/lida103-fr\/wp-json\/wp\/v2\/users\/1"}],"replies":[{"embeddable":true,"href":"https:\/\/course.oeru.org\/lida103-fr\/wp-json\/wp\/v2\/comments?post=14074"}],"version-history":[{"count":1,"href":"https:\/\/course.oeru.org\/lida103-fr\/wp-json\/wp\/v2\/pages\/14074\/revisions"}],"predecessor-version":[{"id":14075,"href":"https:\/\/course.oeru.org\/lida103-fr\/wp-json\/wp\/v2\/pages\/14074\/revisions\/14075"}],"up":[{"embeddable":true,"href":"https:\/\/course.oeru.org\/lida103-fr\/wp-json\/wp\/v2\/pages\/14066"}],"wp:attachment":[{"href":"https:\/\/course.oeru.org\/lida103-fr\/wp-json\/wp\/v2\/media?parent=14074"}],"curies":[{"name":"wp","href":"https:\/\/api.w.org\/{rel}","templated":true}]}}