{"id":14078,"date":"2023-08-03T03:16:53","date_gmt":"2023-08-03T03:16:53","guid":{"rendered":"https:\/\/course.oeru.org\/lida103-fr\/?page_id=14078"},"modified":"2023-08-03T03:16:53","modified_gmt":"2023-08-03T03:16:53","slug":"apercu","status":"publish","type":"page","link":"https:\/\/course.oeru.org\/lida103-fr\/guide-du-cours\/apercu\/","title":{"rendered":"Aper\u00e7u"},"content":{"rendered":"<div id=\"content\" class=\"mw-body container\" role=\"main\">\n<div class=\"row\">\n<div class=\"col-md-12\">\n<div class=\"panel\">\n<div class=\"panel-body\">\n<div id=\"bodyContent\">\n<div id=\"mw-content-text\" lang=\"en\" dir=\"ltr\" class=\"mw-content-ltr\">\n<p>Le cours <b>\u00c9ducation ouverte, droit d\u2019auteur et licences ouvertes Creative Commons dans un monde num\u00e9rique<\/b> (LiDA103) est l\u2019un des quatre cours qui composent la formation intitul\u00e9e <b>Apprendre \u00e0 l\u2019\u00e8re du num\u00e9rique<\/b>. Il vous apprend \u00e0 exploiter le potentiel qu\u2019offre l\u2019\u00e9ducation ouverte pour r\u00e9aliser vos propres objectifs d\u2019apprentissage, tout en respectant les obligations li\u00e9es au droit d\u2019auteur dans un monde num\u00e9rique, et \u00e0 appliquer des connaissances en mati\u00e8re de droit d\u2019auteur, de licences ouvertes Creative Commons et de compatibilit\u00e9 des licences en mettant les pratiques de l\u2019\u00e9ducation ouverte au service de l\u2019enseignement sup\u00e9rieur.\n<\/p>\n<h2><span class=\"mw-headline\" id=\"La_formation_.C2.AB_Apprendre_.C3.A0_l.E2.80.99.C3.A8re_du_num.C3.A9rique_.C2.BB\">La formation \u00ab&nbsp;Apprendre \u00e0 l\u2019\u00e8re du num\u00e9rique&nbsp;\u00bb<\/span><\/h2>\n<p>La formation <b>Apprendre \u00e0 l\u2019\u00e8re du num\u00e9rique<\/b> est compos\u00e9e de quatre cours&nbsp;:\n<\/p>\n<table class=\"oeru1 table table-striped\">\n<tbody>\n<tr>\n<th>Description du cours\n<\/th>\n<th>Mat\u00e9riels d\u2019apprentissage\n<\/th>\n<\/tr>\n<tr>\n<td><a rel=\"nofollow\" class=\"external text\" href=\"https:\/\/oeru.org\/oeru-partners\/otago-polytechnic\/digital-literacies-for-online-learning\/\">LiDA101<\/a>\n<\/td>\n<td><a rel=\"nofollow\" class=\"external text\" href=\"https:\/\/course.oeru.org\/lida101\/\">Digital literacies for online learning (en anglais seulement)<\/a>\n<\/td>\n<\/tr>\n<tr>\n<td><a rel=\"nofollow\" class=\"external text\" href=\"https:\/\/oeru.org\/oeru-partners\/otago-polytechnic\/digital-citizenship\/\">LiDA102<\/a>\n<\/td>\n<td><a rel=\"nofollow\" class=\"external text\" href=\"https:\/\/course.oeru.org\/lida102\/\">Digital citizenship (en anglais seulement)<\/a>\n<\/td>\n<\/tr>\n<tr>\n<td><a rel=\"nofollow\" class=\"external text\" href=\"https:\/\/oeru.org\/oeru-partners\/otago-polytechnic\/open-education-copyright-and-open-licensing-in-a-digital-world\/\">LiDA103fr<\/a>\n<\/td>\n<td><a rel=\"nofollow\" class=\"external text\" href=\"https:\/\/course.oeru.org\/lida103-fr\/\">\u00c9ducation ouverte, droit d\u2019auteur et licences ouvertes Creative Commons  dans un monde num\u00e9rique<\/a>\n<\/td>\n<\/tr>\n<tr>\n<td><a rel=\"nofollow\" class=\"external text\" href=\"https:\/\/oeru.org\/oeru-partners\/otago-polytechnic\/critical-media-literacies-and-associated-digital-skills\/\">LiDA104<\/a>\n<\/td>\n<td><a rel=\"nofollow\" class=\"external text\" href=\"https:\/\/course.oeru.org\/lida104\/\">Critical media literacies and associated digital skills (en anglais seulement)<\/a>\n<\/td>\n<\/tr>\n<\/tbody>\n<\/table>\n<p>Le cours <b>\u00c9ducation ouverte, droit d\u2019auteur et licences ouvertes Creative Commons dans un monde num\u00e9rique<\/b> (LiDA103) repr\u00e9sente entre 20 et 25 heures de travail d&rsquo;apprentissage en ligne.\n<\/p>\n<p>\n<\/p>\n<div class=\"thumb tright\">\n<div class=\"thumbinner thumbnail\" style=\"width:223px;\"><a href=\"https:\/\/wikieducator.org\/File:Road_signs_Senegal.jpg\" class=\"image\"><img loading=\"lazy\" decoding=\"async\" alt=\"Road signs Senegal.jpg\" src=\"\/\/wikieducator.org\/images\/thumb\/6\/6d\/Road_signs_Senegal.jpg\/221px-Road_signs_Senegal.jpg\" width=\"221\" height=\"300\" class=\"thumbimage img-responsive\"><\/a>  <\/p>\n<div class=\"thumbcaption\"><\/div>\n<\/div>\n<\/div>\n<h2><span class=\"mw-headline\" id=\"Guide_du_cours\">Guide du cours<\/span><\/h2>\n<p>Nous vous conseillons de parcourir le guide du cours avant de commencer votre apprentissage.\n<\/p>\n<p>Le guide du cours pr\u00e9sente&nbsp;:\n<\/p>\n<ul>\n<li> La <a href=\"\/lida103-fr\/guide-du-cours\/acquis-et-objectifs-dapprentissage\" title=\"Learning in a digital age\/LiDA103 fr\/Aims\">liste des acquis et des objectifs du cours<\/a>&nbsp;;\n<\/li>\n<li> Le <a href=\"\/lida103-fr\/guide-du-cours\/programme\" title=\"Learning in a digital age\/LiDA103 fr\/Syllabus\">programme<\/a> du cours o\u00f9 sont indiqu\u00e9s les s\u00e9ances, les dates et les liens vous permettant d\u2019acc\u00e9der aux contenus et aux d\u00e9fis p\u00e9dagogiques. Vous pouvez \u00e9galement acc\u00e9der au programme en cliquant sur l\u2019ic\u00f4ne \u00ab&nbsp;Programme&nbsp;\u00bb depuis la <a href=\"\/lida103-fr\/education-ouverte-droit-dauteur-et-licences-ouvertes-creative-commons-dans-un-monde-numerique\" title=\"Learning in a digital age\/LiDA103 fr\/home\">page d\u2019accueil du cours<\/a>&nbsp;;\n<\/li>\n<li> La <a href=\"\/lida103-fr\/guide-du-cours\/liste-de-defis\" title=\"Learning in a digital age\/LiDA103 fr\/List of challenges\">liste des d\u00e9fis p\u00e9dagogiques<\/a>&nbsp;;\n<\/li>\n<li> La <a href=\"\/lida103-fr\/guide-du-cours\/ressources\" title=\"Learning in a digital age\/LiDA103 fr\/Resources\">ressources recommand\u00e9es<\/a>.\n<\/li>\n<\/ul>\n<p><!-- \nNewPP limit report\nCPU time usage: 0.077 seconds\nReal time usage: 0.937 seconds\nPreprocessor visited node count: 23\/1000000\nPreprocessor generated node count: 116\/1000000\nPost\u2010expand include size: 1824\/2097152 bytes\nTemplate argument size: 228\/2097152 bytes\nHighest expansion depth: 2\/40\nExpensive parser function count: 0\/100\n--><\/p>\n<p><!-- Saved in parser cache with key we_en-mw_:pcache:idhash:188426-0!*!0!!*!2!* and timestamp 20230802220717 and revision id 1090176\n -->\n<\/div>\n<div class=\"visualClear\"><\/div>\n<\/p><\/div>\n<\/p><\/div>\n<\/div>\n<\/div>\n<\/div>\n<div class=\"row\">\n<div class=\"col-md-12\">\n<ul class=\"pager\">\n<li class=\"previous\">\n            <a href=\"\/lida103-fr\/commencez\/vos-retour-et-commentaires\">\u2190 Pr\u00e9c\u00e9dent<\/a>\n          <\/li>\n<li class=\"next\">\n            <a href=\"\/lida103-fr\/guide-du-cours\/la-collaboration-internationale-derriere-ce-cours\">Suivant \u2192<\/a>\n          <\/li>\n<\/ul><\/div>\n<\/p><\/div>\n<div id=\"wenote-ids\"><script type='text\/javascript' id='wenotes-ids'>\n    var WEnotesSite = \"https:\/\/wikieducator.org\";\n    var WEnotesPath = \"\/Learning_in_a_digital_age\/LiDA103_fr\/Overview\";\n    var WEnotesSiteID = \"0e3d258fbd36841f92259eefcd41d5e9\";\n    var WEnotesPathID = \"c8510727e908c4de97f3768bd05f3840\";\n    var WEnotesIDs = { site: \"https:\/\/wikieducator.org\", path: \"\/Learning_in_a_digital_age\/LiDA103_fr\/Overview\", site_id: \"0e3d258fbd36841f92259eefcd41d5e9\", path_id: \"c8510727e908c4de97f3768bd05f3840\" };\n<\/script><\/div>\n<\/div>\n<footer><\/footer>\n","protected":false},"excerpt":{"rendered":"<p>Le cours \u00c9ducation ouverte, droit d\u2019auteur et licences ouvertes Creative Commons dans un monde num\u00e9rique (LiDA103) est l\u2019un des quatre cours qui composent la formation intitul\u00e9e Apprendre \u00e0 l\u2019\u00e8re du num\u00e9rique. Il vous apprend \u00e0 exploiter le potentiel qu\u2019offre l\u2019\u00e9ducation ouverte pour r\u00e9aliser vos propres objectifs d\u2019apprentissage, tout en respectant les obligations li\u00e9es au droit [&hellip;]<\/p>\n","protected":false},"author":1,"featured_media":0,"parent":14076,"menu_order":0,"comment_status":"closed","ping_status":"closed","template":"","meta":{"footnotes":""},"class_list":["post-14078","page","type-page","status-publish","hentry"],"_links":{"self":[{"href":"https:\/\/course.oeru.org\/lida103-fr\/wp-json\/wp\/v2\/pages\/14078","targetHints":{"allow":["GET"]}}],"collection":[{"href":"https:\/\/course.oeru.org\/lida103-fr\/wp-json\/wp\/v2\/pages"}],"about":[{"href":"https:\/\/course.oeru.org\/lida103-fr\/wp-json\/wp\/v2\/types\/page"}],"author":[{"embeddable":true,"href":"https:\/\/course.oeru.org\/lida103-fr\/wp-json\/wp\/v2\/users\/1"}],"replies":[{"embeddable":true,"href":"https:\/\/course.oeru.org\/lida103-fr\/wp-json\/wp\/v2\/comments?post=14078"}],"version-history":[{"count":1,"href":"https:\/\/course.oeru.org\/lida103-fr\/wp-json\/wp\/v2\/pages\/14078\/revisions"}],"predecessor-version":[{"id":14079,"href":"https:\/\/course.oeru.org\/lida103-fr\/wp-json\/wp\/v2\/pages\/14078\/revisions\/14079"}],"up":[{"embeddable":true,"href":"https:\/\/course.oeru.org\/lida103-fr\/wp-json\/wp\/v2\/pages\/14076"}],"wp:attachment":[{"href":"https:\/\/course.oeru.org\/lida103-fr\/wp-json\/wp\/v2\/media?parent=14078"}],"curies":[{"name":"wp","href":"https:\/\/api.w.org\/{rel}","templated":true}]}}