{"id":14080,"date":"2023-08-03T03:16:55","date_gmt":"2023-08-03T03:16:55","guid":{"rendered":"https:\/\/course.oeru.org\/lida103-fr\/?page_id=14080"},"modified":"2023-08-03T03:16:55","modified_gmt":"2023-08-03T03:16:55","slug":"la-collaboration-internationale-derriere-ce-cours","status":"publish","type":"page","link":"https:\/\/course.oeru.org\/lida103-fr\/guide-du-cours\/la-collaboration-internationale-derriere-ce-cours\/","title":{"rendered":"La collaboration internationale derri\u00e8re ce cours"},"content":{"rendered":"<div id=\"content\" class=\"mw-body container\" role=\"main\">\n<div class=\"row\">\n<div class=\"col-md-12\">\n<div class=\"panel\">\n<div class=\"panel-body\">\n<div id=\"bodyContent\">\n<div id=\"mw-content-text\" lang=\"en\" dir=\"ltr\" class=\"mw-content-ltr\">\n<p>Ce cours s\u2019inscrit au sein d\u2019une initiative coordonn\u00e9e par l\u00b4ICDE, en partenariat collaboratif et consultatif avec l\u2019UNESCO, L\u2019universit\u00e9 Num\u00e9rique (France) et le groupe de travail d\u2019experts REL francophone. L\u2019initiative vise \u00e0 renforcer les capacit\u00e9s en REL dans les pays francophones et particuli\u00e8rement en Afrique sub-saharienne, dans le cadre de la mise en \u0153uvre de la Recommandation de l\u2019UNESCO sur les Ressources \u00c9ducatives Libres.\n<\/p>\n<p>D\u00e9velopp\u00e9 par la Fondation OERu, avec le soutien financier du Bureau de l&rsquo;UNESCO pour les \u00c9tats du Pacifique et propos\u00e9 via OERu, le cours LIDA103fr, nomm\u00e9 en anglais&nbsp;: \u00ab&nbsp;Learning In the Digital Age (LIDA) 103&nbsp;: Open education, copyright and open licensing in a digital world&nbsp;\u00bb, a ainsi \u00e9t\u00e9 adapt\u00e9 au fran\u00e7ais.\n<\/p>\n<p>Le processus de traduction et d\u2019adaptation de ce cours peut se r\u00e9sumer en six \u00e9tapes&nbsp;:\n<\/p>\n<ol>\n<li> La traduction linguistique du contenu du cours\n<\/li>\n<li> La r\u00e9vision technique et culturelle\n<\/li>\n<li> L\u2019int\u00e9gration de l\u2019approche des pays de droit civil, en compl\u00e9ment de celle des pays de \u201ccommon law\u201d\n<\/li>\n<li> La validation culturelle\n<\/li>\n<li> La publication du cours en ligne\n<\/li>\n<li> Le test de la version du cours adapt\u00e9 et r\u00e9vis\u00e9e\n<\/li>\n<\/ol>\n<p>La premi\u00e8re \u00e9tape, la traduction linguistique du contenu a \u00e9t\u00e9 r\u00e9alis\u00e9e par des traducteurs de l\u2019UNESCO. Le contenu dans la langue traduite doit prendre en compte le contexte culturel dans lequel il sera publi\u00e9. Nous parlons donc \u00e9galement d\u2019adaptation du contenu. C\u2019est pourquoi cette traduction est pass\u00e9e par une r\u00e9vision technique et culturelle r\u00e9alis\u00e9e par des experts dans le domaine des REL.<br \/>\nCette r\u00e9vision a \u00e9t\u00e9 men\u00e9e \u00e0 bien par l\u2019Universit\u00e9 Num\u00e9rique, qui a ensuite fait appel \u00e0 des juristes pour s\u2019assurer, par exemple, que le contexte juridique pour les droits d\u2019auteurs \u00e9tait bien en ligne avec la r\u00e9gion cibl\u00e9e.\n<\/p>\n<p>La validation culturelle a \u00e9t\u00e9 r\u00e9alis\u00e9e \u00e0 travers une consultation en ligne \u00e0 laquelle tous les experts en REL francophones parmi les lecteurs de la Newsletter d\u2019ICDE (1300 abonn\u00e9s), du groupe de travail d\u2019experts francophones en REL et de la Coalition Dynamique de l\u2019UNESCO ont \u00e9t\u00e9 invit\u00e9s. La consultation s\u2019est faite afin de s\u2019assurer que le cours reste pertinent dans un contexte culturel francophone.<br \/>\nLa publication du cours en ligne a \u00e9t\u00e9 r\u00e9alis\u00e9e par une \u00e9quipe d\u00b4experts francophones et anglophones compos\u00e9e, entre autres, de coll\u00e8gues de l&rsquo;Otago Polytechnic en Nouvelle-Z\u00e9lande, d\u00e9tach\u00e9s aupr\u00e8s d&rsquo;OERu et ayant d\u00e9j\u00e0 particip\u00e9 la s\u00e9rie de cours LIDA.\n<\/p>\n<p>Ce cours sera pr\u00e9sent\u00e9 lors de <a rel=\"nofollow\" class=\"external text\" href=\"https:\/\/www.icde.org\/events-listings\/francophone-oer-project-workshop\">l\u2019Atelier virtuel sur les Ressources Educatives Libres en Afrique francophone<\/a> qui se tiendra en Juin 2021. Les participants \u00e0 l\u2019Atelier seront invit\u00e9s \u00e0 le tester avant son lancement en octobre 2021 lors de la <a rel=\"nofollow\" class=\"external text\" href=\"https:\/\/www.icde.org\/virtual-global-conference-week\">Conf\u00e9rence mondiale virtuelle de l&rsquo;ICDE 2021<\/a>.\n<\/p>\n<p><!-- \nNewPP limit report\nCPU time usage: 0.003 seconds\nReal time usage: 0.003 seconds\nPreprocessor visited node count: 1\/1000000\nPreprocessor generated node count: 4\/1000000\nPost\u2010expand include size: 0\/2097152 bytes\nTemplate argument size: 0\/2097152 bytes\nHighest expansion depth: 1\/40\nExpensive parser function count: 0\/100\n--><\/p>\n<p><!-- Saved in parser cache with key we_en-mw_:pcache:idhash:188516-0!*!*!*!*!*!* and timestamp 20230802220719 and revision id 1086215\n -->\n<\/div>\n<div class=\"visualClear\"><\/div>\n<\/p><\/div>\n<\/p><\/div>\n<\/div>\n<\/div>\n<\/div>\n<div class=\"row\">\n<div class=\"col-md-12\">\n<ul class=\"pager\">\n<li class=\"previous\">\n            <a href=\"\/lida103-fr\/guide-du-cours\/apercu\">\u2190 Pr\u00e9c\u00e9dent<\/a>\n          <\/li>\n<li class=\"next\">\n            <a href=\"\/lida103-fr\/guide-du-cours\/acquis-et-objectifs-dapprentissage\">Suivant \u2192<\/a>\n          <\/li>\n<\/ul><\/div>\n<\/p><\/div>\n<div id=\"wenote-ids\"><script type='text\/javascript' id='wenotes-ids'>\n    var WEnotesSite = \"https:\/\/wikieducator.org\";\n    var WEnotesPath = \"\/Learning_in_a_digital_age\/LiDA103_fr\/international_collaboration\";\n    var WEnotesSiteID = \"0e3d258fbd36841f92259eefcd41d5e9\";\n    var WEnotesPathID = \"d65a19a14d6cf0f3f42dd8dcd0e2f1a0\";\n    var WEnotesIDs = { site: \"https:\/\/wikieducator.org\", path: \"\/Learning_in_a_digital_age\/LiDA103_fr\/international_collaboration\", site_id: \"0e3d258fbd36841f92259eefcd41d5e9\", path_id: \"d65a19a14d6cf0f3f42dd8dcd0e2f1a0\" };\n<\/script><\/div>\n<\/div>\n<footer><\/footer>\n","protected":false},"excerpt":{"rendered":"<p>Ce cours s\u2019inscrit au sein d\u2019une initiative coordonn\u00e9e par l\u00b4ICDE, en partenariat collaboratif et consultatif avec l\u2019UNESCO, L\u2019universit\u00e9 Num\u00e9rique (France) et le groupe de travail d\u2019experts REL francophone. L\u2019initiative vise \u00e0 renforcer les capacit\u00e9s en REL dans les pays francophones et particuli\u00e8rement en Afrique sub-saharienne, dans le cadre de la mise en \u0153uvre de la [&hellip;]<\/p>\n","protected":false},"author":1,"featured_media":0,"parent":14076,"menu_order":0,"comment_status":"closed","ping_status":"closed","template":"","meta":{"footnotes":""},"class_list":["post-14080","page","type-page","status-publish","hentry"],"_links":{"self":[{"href":"https:\/\/course.oeru.org\/lida103-fr\/wp-json\/wp\/v2\/pages\/14080","targetHints":{"allow":["GET"]}}],"collection":[{"href":"https:\/\/course.oeru.org\/lida103-fr\/wp-json\/wp\/v2\/pages"}],"about":[{"href":"https:\/\/course.oeru.org\/lida103-fr\/wp-json\/wp\/v2\/types\/page"}],"author":[{"embeddable":true,"href":"https:\/\/course.oeru.org\/lida103-fr\/wp-json\/wp\/v2\/users\/1"}],"replies":[{"embeddable":true,"href":"https:\/\/course.oeru.org\/lida103-fr\/wp-json\/wp\/v2\/comments?post=14080"}],"version-history":[{"count":1,"href":"https:\/\/course.oeru.org\/lida103-fr\/wp-json\/wp\/v2\/pages\/14080\/revisions"}],"predecessor-version":[{"id":14081,"href":"https:\/\/course.oeru.org\/lida103-fr\/wp-json\/wp\/v2\/pages\/14080\/revisions\/14081"}],"up":[{"embeddable":true,"href":"https:\/\/course.oeru.org\/lida103-fr\/wp-json\/wp\/v2\/pages\/14076"}],"wp:attachment":[{"href":"https:\/\/course.oeru.org\/lida103-fr\/wp-json\/wp\/v2\/media?parent=14080"}],"curies":[{"name":"wp","href":"https:\/\/api.w.org\/{rel}","templated":true}]}}