{"id":14082,"date":"2023-08-03T03:16:57","date_gmt":"2023-08-03T03:16:57","guid":{"rendered":"https:\/\/course.oeru.org\/lida103-fr\/?page_id=14082"},"modified":"2023-08-03T03:16:57","modified_gmt":"2023-08-03T03:16:57","slug":"acquis-et-objectifs-dapprentissage","status":"publish","type":"page","link":"https:\/\/course.oeru.org\/lida103-fr\/guide-du-cours\/acquis-et-objectifs-dapprentissage\/","title":{"rendered":"Acquis et objectifs d\u2019apprentissage"},"content":{"rendered":"<div id=\"content\" class=\"mw-body container\" role=\"main\">\n<div class=\"row\">\n<div class=\"col-md-12\">\n<div class=\"panel\">\n<div class=\"panel-body\">\n<div id=\"bodyContent\">\n<div id=\"mw-content-text\" lang=\"en\" dir=\"ltr\" class=\"mw-content-ltr\">\n<p>Ce cours a pour principal objectif de permettre aux apprenants d\u2019exploiter le potentiel de l\u2019\u00e9ducation ouverte pour r\u00e9aliser leurs propres objectifs d\u2019apprentissage tout en respectant les obligations li\u00e9es au droit d\u2019auteur dans un monde num\u00e9rique.\u2002\n<\/p>\n<div class=\"panel iDevice\">\n\t<div class=\"panel-heading idevice-heading\">\n\t\t<div>\n\t\t\t<img decoding=\"async\" class=\"pedagogicalicon\" alt=\"aim\" src=\"https:\/\/course.oeru.org\/lida103-fr\/wp-content\/themes\/oeru-course\/idevices\/Icon_objectives.png\">\n\t\t<\/div>\n\t\t<div>\n\t\t\t<h2>Acquis<\/h2>\n\t\t<\/div>\n\t<\/div>\n\t<div class=\"panel-body\">\n\t\t<div class=\"col-md-12\">\n\t\t\t<\/p>\n<p>Apr\u00e8s avoir valid\u00e9 ce cours, les apprenants seront en mesure&nbsp;:\n<\/p>\n<ul>\n<li> d\u2019acqu\u00e9rir et d\u2019appliquer des connaissances en mati\u00e8re de droit d\u2019auteur, de licences ouvertes Creative Commons et de compatibilit\u00e9 des licences en mettant les pratiques de l\u2019\u00e9ducation ouverte au service de l\u2019enseignement sup\u00e9rieur dans un monde num\u00e9rique.\n<\/li>\n<\/ul>\n<p>\n<\/p>\n<p>\n\t\t<\/div>\n\t<\/div>\n<\/div>\n<p>\n<\/p>\n<div class=\"panel iDevice\">\n\t<div class=\"panel-heading idevice-heading\">\n\t\t<div>\n\t\t\t<img decoding=\"async\" class=\"pedagogicalicon\" alt=\"aim\" src=\"https:\/\/course.oeru.org\/lida103-fr\/wp-content\/themes\/oeru-course\/idevices\/Icon_objectives.png\">\n\t\t<\/div>\n\t\t<div>\n\t\t\t<h2>Objectifs<\/h2>\n\t\t<\/div>\n\t<\/div>\n\t<div class=\"panel-body\">\n\t\t<div class=\"col-md-12\">\n\t\t\t<\/p>\n<p>Apr\u00e8s avoir valid\u00e9 ce cours, les apprenants seront en mesure&nbsp;:\n<\/p>\n<ul>\n<li> de d\u00e9finir ce qui constitue une ressource \u00e9ducative libre (REL) et de d\u00e9battre de l\u2019utilit\u00e9 des REL pour r\u00e9soudre des probl\u00e8mes concrets du quotidien, ainsi que de leur place dans l\u2019apprentissage \u00e0 l\u2019\u00e8re du num\u00e9rique&nbsp;;\n<\/li>\n<li> de ma\u00eetriser diff\u00e9rents aspects du droit d\u2019auteur&nbsp;: champ d\u2019application, droits, protections et exceptions, transfert&nbsp;;\n<\/li>\n<li> d\u2019appliquer leurs connaissances sur le droit d\u2019auteur et le domaine public dans le contexte de l\u2019acc\u00e8s mondial \u00e0 l\u2019information num\u00e9rique et d\u2019\u00e9laborer des strat\u00e9gies pour \u00e9viter toute atteinte au droit d\u2019auteur dans un monde num\u00e9rique&nbsp;;\n<\/li>\n<li> de d\u00e9crire l\u2019application des clauses des six licences Creative Commons en compl\u00e9ment de la l\u00e9gislation sur le droit d\u2019auteur&nbsp;;\n<\/li>\n<li> d\u2019expliquer la compatibilit\u00e9 entre les diff\u00e9rents types de licences Creative Commons lors de la cr\u00e9ation d\u2019\u0153uvres composites&nbsp;;\n<\/li>\n<li> de mettre en pratique leurs connaissances dans le domaine de la compatibilit\u00e9 des licences ouvertes Creative Commons en vue de d\u00e9terminer les licences autoris\u00e9es pour les \u0153uvres composites&nbsp;;\n<\/li>\n<li> d\u2019analyser une dimension du libre acc\u00e8s et d\u2019en \u00e9valuer les enjeux pour l\u2019apprentissage \u00e0 l\u2019\u00e8re du num\u00e9rique.\n<\/li>\n<\/ul>\n<p>\n<\/p>\n<p>\n\t\t<\/div>\n\t<\/div>\n<\/div>\n<p><!-- \nNewPP limit report\nCPU time usage: 0.018 seconds\nReal time usage: 0.021 seconds\nPreprocessor visited node count: 205\/1000000\nPreprocessor generated node count: 842\/1000000\nPost\u2010expand include size: 6203\/2097152 bytes\nTemplate argument size: 3343\/2097152 bytes\nHighest expansion depth: 7\/40\nExpensive parser function count: 0\/100\n--><\/p>\n<p><!-- Saved in parser cache with key we_en-mw_:pcache:idhash:188429-0!*!*!*!*!2!* and timestamp 20230802063547 and revision id 1091015\n -->\n<\/div>\n<div class=\"visualClear\"><\/div>\n<\/p><\/div>\n<\/p><\/div>\n<\/div>\n<\/div>\n<\/div>\n<div class=\"row\">\n<div class=\"col-md-12\">\n<ul class=\"pager\">\n<li class=\"previous\">\n            <a href=\"\/lida103-fr\/guide-du-cours\/la-collaboration-internationale-derriere-ce-cours\">\u2190 Pr\u00e9c\u00e9dent<\/a>\n          <\/li>\n<li class=\"next\">\n            <a href=\"\/lida103-fr\/guide-du-cours\/programme\">Suivant \u2192<\/a>\n          <\/li>\n<\/ul><\/div>\n<\/p><\/div>\n<div id=\"wenote-ids\"><script type='text\/javascript' id='wenotes-ids'>\n    var WEnotesSite = \"https:\/\/wikieducator.org\";\n    var WEnotesPath = \"\/Learning_in_a_digital_age\/LiDA103_fr\/Aims\";\n    var WEnotesSiteID = \"0e3d258fbd36841f92259eefcd41d5e9\";\n    var WEnotesPathID = \"362df5dad8cf7414c1e2d4a3fef7d855\";\n    var WEnotesIDs = { site: \"https:\/\/wikieducator.org\", path: \"\/Learning_in_a_digital_age\/LiDA103_fr\/Aims\", site_id: \"0e3d258fbd36841f92259eefcd41d5e9\", path_id: \"362df5dad8cf7414c1e2d4a3fef7d855\" };\n<\/script><\/div>\n<\/div>\n<footer><\/footer>\n","protected":false},"excerpt":{"rendered":"<p>Ce cours a pour principal objectif de permettre aux apprenants d\u2019exploiter le potentiel de l\u2019\u00e9ducation ouverte pour r\u00e9aliser leurs propres objectifs d\u2019apprentissage tout en respectant les obligations li\u00e9es au droit d\u2019auteur dans un monde num\u00e9rique.\u2002 \u2190 Pr\u00e9c\u00e9dent Suivant \u2192<\/p>\n","protected":false},"author":1,"featured_media":0,"parent":14076,"menu_order":0,"comment_status":"closed","ping_status":"closed","template":"","meta":{"footnotes":""},"class_list":["post-14082","page","type-page","status-publish","hentry"],"_links":{"self":[{"href":"https:\/\/course.oeru.org\/lida103-fr\/wp-json\/wp\/v2\/pages\/14082","targetHints":{"allow":["GET"]}}],"collection":[{"href":"https:\/\/course.oeru.org\/lida103-fr\/wp-json\/wp\/v2\/pages"}],"about":[{"href":"https:\/\/course.oeru.org\/lida103-fr\/wp-json\/wp\/v2\/types\/page"}],"author":[{"embeddable":true,"href":"https:\/\/course.oeru.org\/lida103-fr\/wp-json\/wp\/v2\/users\/1"}],"replies":[{"embeddable":true,"href":"https:\/\/course.oeru.org\/lida103-fr\/wp-json\/wp\/v2\/comments?post=14082"}],"version-history":[{"count":1,"href":"https:\/\/course.oeru.org\/lida103-fr\/wp-json\/wp\/v2\/pages\/14082\/revisions"}],"predecessor-version":[{"id":14083,"href":"https:\/\/course.oeru.org\/lida103-fr\/wp-json\/wp\/v2\/pages\/14082\/revisions\/14083"}],"up":[{"embeddable":true,"href":"https:\/\/course.oeru.org\/lida103-fr\/wp-json\/wp\/v2\/pages\/14076"}],"wp:attachment":[{"href":"https:\/\/course.oeru.org\/lida103-fr\/wp-json\/wp\/v2\/media?parent=14082"}],"curies":[{"name":"wp","href":"https:\/\/api.w.org\/{rel}","templated":true}]}}