{"id":14084,"date":"2023-08-03T03:16:59","date_gmt":"2023-08-03T03:16:59","guid":{"rendered":"https:\/\/course.oeru.org\/lida103-fr\/?page_id=14084"},"modified":"2023-08-03T03:16:59","modified_gmt":"2023-08-03T03:16:59","slug":"programme","status":"publish","type":"page","link":"https:\/\/course.oeru.org\/lida103-fr\/guide-du-cours\/programme\/","title":{"rendered":"Programme"},"content":{"rendered":"<div id=\"content\" class=\"mw-body container\" role=\"main\">\n<div class=\"row\">\n<div class=\"col-md-12\">\n<div class=\"panel\">\n<div class=\"panel-body\">\n<div id=\"bodyContent\">\n<div id=\"mw-content-text\" lang=\"en\" dir=\"ltr\" class=\"mw-content-ltr\">\n<table class=\"oeru1 table table-striped\">\n<tbody>\n<tr>\n<th>S\u00e9ance\n<\/th>\n<th>Calendrier\n<\/th>\n<\/tr>\n<tr>\n<td><a href=\"#Avant_de_commencer\">Avant de commencer<\/a>\n<\/td>\n<td>Travail en autonomie avant de commencer \u00e0 suivre le cours\n<\/td>\n<\/tr>\n<tr>\n<td><a href=\"#S.C3.A9ance_0\">S\u00e9ance 0<\/a>\n<\/td>\n<td>Travail en autonomie (dur\u00e9e recommand\u00e9e de 2 jours)\n<\/td>\n<\/tr>\n<tr>\n<td><a href=\"#S.C3.A9ance_1\">S\u00e9ance 1<\/a>\n<\/td>\n<td>Travail en autonomie (dur\u00e9e recommand\u00e9e de 1 jour)\n<\/td>\n<\/tr>\n<tr>\n<td><a href=\"#S.C3.A9ance_2\">S\u00e9ance 2<\/a>\n<\/td>\n<td>Travail en autonomie (dur\u00e9e recommand\u00e9e de 2 jours)\n<\/td>\n<\/tr>\n<tr>\n<td><a href=\"#S.C3.A9ance_3\">S\u00e9ance 3<\/a>\n<\/td>\n<td>Travail en autonomie (dur\u00e9e recommand\u00e9e de 3 jours)\n<\/td>\n<\/tr>\n<tr>\n<td><a href=\"#S.C3.A9ance_4\">S\u00e9ance 4<\/a>\n<\/td>\n<td>Travail en autonomie (dur\u00e9e recommand\u00e9e de 3 jours)\n<\/td>\n<\/tr>\n<tr>\n<td><a href=\"#S.C3.A9ance_5\">S\u00e9ance 5<\/a>\n<\/td>\n<td>Travail en autonomie (dur\u00e9e recommand\u00e9e de 2 jours)\n<\/td>\n<\/tr>\n<\/tbody>\n<\/table>\n<p>Nous vous recommandons d\u2019\u00e9tudier 2 heures par jour, mais \u00e9tant donn\u00e9 qu\u2019il s\u2019agit d\u2019un cours ouvert, vous pouvez avancer au rythme qui vous convient.\n<\/p>\n<h2><span class=\"mw-headline\" id=\"Avant_de_commencer\">Avant de commencer<\/span><\/h2>\n<div class=\"panel iDevice\">\n\t<div class=\"panel-heading idevice-heading\">\n\t\t<div>\n\t\t\t<img decoding=\"async\" class=\"pedagogicalicon\" alt=\"summary\" src=\"https:\/\/course.oeru.org\/lida103-fr\/wp-content\/themes\/oeru-course\/idevices\/Icon_summary.png\">\n\t\t<\/div>\n\t\t<div>\n\t\t\t<h2>Pr\u00e9sentation du cours<\/h2>\n\t\t<\/div>\n\t<\/div>\n\t<div class=\"panel-body\">\n\t\t<div class=\"col-md-12\">\n\t\t\t<\/p>\n<p><b>D\u00e9couvrez le site et le guide du cours.<\/b>\n<\/p>\n<ul>\n<li> <b>Calendrier<\/b>&nbsp;: Travail en autonomie avant de commencer \u00e0 suivre le cours\n<\/li>\n<li> <b>Ressources<\/b>&nbsp;:\n<ol>\n<li> <a href=\"\/lida103-fr\/commencez\/a-propos-de-ce-cours\" title=\"Learning in a digital age\/LiDA103 fr\/About\">\u00c0 propos de LiDA103fr<\/a>\n<\/li>\n<li> <a href=\"\/lida103-fr\/commencez\/commencez-ici\" title=\"Learning in a digital age\/LiDA103 fr\/Start\">Commencez ici<\/a>\n<\/li>\n<li> <a href=\"\/lida103-fr\/guide-du-cours\/apercu\" title=\"Learning in a digital age\/LiDA103 fr\/Overview\">Guide du cours<\/a>\n<\/li>\n<\/ol>\n<\/li>\n<li> <b>Activit\u00e9s principales<\/b>&nbsp;:\n<ol>\n<li> R\u00e9pondez au <a rel=\"nofollow\" class=\"external text\" href=\"https:\/\/survey.oeru.org\/index.php\/412339?lang=fr\">questionnaire de l\u2019OERu destin\u00e9 aux nouveaux participants<\/a> (facultatif).\n<\/li>\n<li> Effectuez les <a href=\"\/lida103-fr\/commencez\/commencez-ici\" title=\"Learning in a digital age\/LiDA103 fr\/Start\">5 choses \u00e0 faire avant de commencer le cours<\/a>.\n<\/li>\n<\/ol>\n<\/li>\n<\/ul>\n<p>\n<\/p>\n<p>\n\t\t<\/div>\n\t<\/div>\n<\/div>\n<p>\n<\/p>\n<h2><span class=\"mw-headline\" id=\"S.C3.A9ance_0\">S\u00e9ance 0<\/span><\/h2>\n<div id=\"s0\" class=\"panel iDevice\">\n\t<div class=\"panel-heading idevice-heading\">\n\t\t<div>\n\t\t\t<img decoding=\"async\" class=\"pedagogicalicon\" alt=\"summary\" src=\"https:\/\/course.oeru.org\/lida103-fr\/wp-content\/themes\/oeru-course\/idevices\/Icon_summary.png\">\n\t\t<\/div>\n\t\t<div>\n\t\t\t<h2>Premiers pas<\/h2>\n\t\t<\/div>\n\t<\/div>\n\t<div class=\"panel-body\">\n\t\t<div class=\"col-md-12\">\n\t\t\t<\/p>\n<p><b>Cr\u00e9ez votre environnement personnel d\u2019apprentissage (EPA) et pr\u00e9sentez-vous.<\/b>\n<\/p>\n<ul>\n<li> <b>Calendrier<\/b>&nbsp;: Travail en autonomie (dur\u00e9e recommand\u00e9e de 2 jours)\n<\/li>\n<li> <b>Supports p\u00e9dagogiques<\/b>&nbsp;:\n<ol>\n<li> <a href=\"\/lida103-fr\/modules\/premiers-pas\/apercu\" title=\"Learning in a digital age\/LiDA103 fr\/Orientation\/Overview\">Premiers pas<\/a>\n<\/li>\n<\/ol>\n<\/li>\n<li> <b>Activit\u00e9s principales<\/b>&nbsp;:\n<ol>\n<li> Consultez les supports p\u00e9dagogiques pour <a href=\"\/lida103-fr\/modules\/premiers-pas\/apercu\" title=\"Learning in a digital age\/LiDA103 fr\/Orientation\/Overview\">ce module<\/a>.\n<\/li>\n<li> <a href=\"\/lida103-fr\/modules\/premiers-pas\/reseau-social-de-loeru\" title=\"Learning in a digital age\/LiDA103 fr\/Orientation\/Social network\">Signalez-vous par un message \u00ab pouet \u00bb en utilisant le mot-di\u00e8se du cours dans le r\u00e9seau social utilis\u00e9<\/a>.\n<\/li>\n<li> <a href=\"\/lida103-fr\/modules\/premiers-pas\/forums-de-loeru\" title=\"Learning in a digital age\/LiDA103 fr\/Orientation\/Forums\">Cr\u00e9ez votre compte sur les plates-formes utilis\u00e9es dans le cadre du cours et renseigner votre page de profil<\/a>.\n<\/li>\n<li> <a href=\"\/lida103-fr\/modules\/premiers-pas\/les-annotations-de-sites-web\" title=\"Learning in a digital age\/LiDA103 fr\/Orientation\/Annotations\">Entra\u00eenez-vous \u00e0 annoter une page Web avec le code de cours<\/a>.\n<\/li>\n<li> <a href=\"\/lida103-fr\/modules\/premiers-pas\/mediatheque-de-loeru\" title=\"Learning in a digital age\/LiDA103 fr\/Orientation\/Resource bank\">Cr\u00e9ez votre compte Bookmarks et recherchez des liens en utilisant le code<\/a>.\n<\/li>\n<li> <a href=\"\/lida103-fr\/modules\/premiers-pas\/le-blog-comme-journal-dapprentissage\" title=\"Learning in a digital age\/LiDA103 fr\/Orientation\/Blog\">Cr\u00e9ez le blog de votre journal d\u2019apprentissage pour le cours<\/a>.\n<\/li>\n<li> <a href=\"\/lida103-fr\/modules\/premiers-pas\/lancez-vous-\u2013-defi-\u00ab-presentez-vous-\u00bb\" title=\"Learning in a digital age\/LiDA103 fr\/Orientation\/Start declare yourself\">Relevez le d\u00e9fi \u00ab Pr\u00e9sentez-vous \u00bb pour le cours<\/a>.\n<\/li>\n<\/ol>\n<\/li>\n<\/ul>\n<p>\n<\/p>\n<p>\n\t\t<\/div>\n\t<\/div>\n<\/div>\n<p>\n<\/p>\n<h2><span class=\"mw-headline\" id=\"S.C3.A9ance_1\">S\u00e9ance 1<\/span><\/h2>\n<div id=\"s1\" class=\"panel iDevice\">\n\t<div class=\"panel-heading idevice-heading\">\n\t\t<div>\n\t\t\t<img decoding=\"async\" class=\"pedagogicalicon\" alt=\"summary\" src=\"https:\/\/course.oeru.org\/lida103-fr\/wp-content\/themes\/oeru-course\/idevices\/Icon_summary.png\">\n\t\t<\/div>\n\t\t<div>\n\t\t\t<h2>Importance du libre acc\u00e8s<\/h2>\n\t\t<\/div>\n\t<\/div>\n\t<div class=\"panel-body\">\n\t\t<div class=\"col-md-12\">\n\t\t\t<\/p>\n<p><b>D\u00e9battez des enjeux li\u00e9s \u00e0 l\u2019importance du libre acc\u00e8s en faveur de l\u2019apprentissage \u00e0 l\u2019\u00e8re du num\u00e9rique.<\/b>\n<\/p>\n<ul>\n<li> <b>Calendrier<\/b>&nbsp;: Travail en autonomie (dur\u00e9e recommand\u00e9e de 1 jour)\n<\/li>\n<li> <b>Supports p\u00e9dagogiques&nbsp;:<\/b>:\n<ol>\n<li> <a href=\"\/lida103-fr\/modules\/importance-du-libre-acces\/apercu\" title=\"Learning in a digital age\/LiDA103 fr\/Why open matters\/Overview\">L\u2019importance du libre acc\u00e8s<\/a>\n<\/li>\n<\/ol>\n<\/li>\n<li> <b>Activit\u00e9s principales&nbsp;:<\/b>\n<ol>\n<li> Consultez les supports p\u00e9dagogiques pour ce <a href=\"\/lida103-fr\/modules\/importance-du-libre-acces\/apercu\" title=\"Learning in a digital age\/LiDA103 fr\/Why open matters\/Overview\">module<\/a>.\n<\/li>\n<li> Faites part de vos observations sur le <a href=\"\/lida103-fr\/modules\/importance-du-libre-acces\/support-video\" title=\"Learning in a digital age\/LiDA103 fr\/Why open matters\/Video signpost\">support vid\u00e9o<\/a> de Stephen Downes.\n<\/li>\n<li> R\u00e9fl\u00e9chissez \u00e0 votre <a href=\"\/lida103-fr\/modules\/importance-du-libre-acces\/liberte-dapprendre\" title=\"Learning in a digital age\/LiDA103 fr\/Why open matters\/Freedom to learn\">libert\u00e9 d\u2019apprendre<\/a>.\n<\/li>\n<li> <a href=\"\/lida103-fr\/modules\/importance-du-libre-acces\/ledition-scientifique-dans-un-monde-numerique\" title=\"Learning in a digital age\/LiDA103 fr\/Why open matters\/Scientific publishing in a digital world\">D\u00e9battez<\/a> des raisons pour lesquelles le libre acc\u00e8s est un \u00e9l\u00e9ment important de l\u2019apprentissage \u00e0 l\u2019\u00e8re du num\u00e9rique.\n<\/li>\n<li> R\u00e9pondez au quiz <a href=\"\/lida103-fr\/modules\/importance-du-libre-acces\/quiz\" title=\"Learning in a digital age\/LiDA103 fr\/Why open matters\/Quiz\">\u00ab Importance du libre acc\u00e8s \u00bb<\/a>.\n<\/li>\n<\/ol>\n<\/li>\n<\/ul>\n<p>\n<\/p>\n<p>\n\t\t<\/div>\n\t<\/div>\n<\/div>\n<p>\n<\/p>\n<h2><span class=\"mw-headline\" id=\"S.C3.A9ance_2\">S\u00e9ance 2<\/span><\/h2>\n<div id=\"s2\" class=\"panel iDevice\">\n\t<div class=\"panel-heading idevice-heading\">\n\t\t<div>\n\t\t\t<img decoding=\"async\" class=\"pedagogicalicon\" alt=\"summary\" src=\"https:\/\/course.oeru.org\/lida103-fr\/wp-content\/themes\/oeru-course\/idevices\/Icon_summary.png\">\n\t\t<\/div>\n\t\t<div>\n\t\t\t<h2>Comment d\u00e9finir les REL<\/h2>\n\t\t<\/div>\n\t<\/div>\n\t<div class=\"panel-body\">\n\t\t<div class=\"col-md-12\">\n\t\t\t<\/p>\n<p><b>D\u00e9finissez ce qui constitue une ressource \u00e9ducative libre (REL) et r\u00e9fl\u00e9chissez au r\u00f4le des REL dans l\u2019apprentissage \u00e0 l\u2019\u00e8re du num\u00e9rique.<\/b>\n<\/p>\n<ul>\n<li> <b>Calendrier<\/b>&nbsp;: Travail en autonomie (dur\u00e9e recommand\u00e9e de 2 jours)\n<\/li>\n<li> <b>Supports p\u00e9dagogiques<\/b>\n<ol>\n<li> <a href=\"\/lida103-fr\/modules\/comment-definir-les-rel\/apercu\" title=\"Learning in a digital age\/LiDA103 fr\/Defining OER\/Overview\">Comment d\u00e9finir les REL<\/a>\n<\/li>\n<\/ol>\n<\/li>\n<li> <b>Activit\u00e9s principales<\/b>\n<ol>\n<li> Consultez les supports p\u00e9dagogiques pour ce <a href=\"\/lida103-fr\/modules\/comment-definir-les-rel\/apercu\" title=\"Learning in a digital age\/LiDA103 fr\/Defining OER\/Overview\">module<\/a>.\n<\/li>\n<li> R\u00e9fl\u00e9chissez \u00e0 la question de la <a href=\"\/lida103-fr\/modules\/comment-definir-les-rel\/propriete-des-idees\" title=\"Learning in a digital age\/LiDA103 fr\/Defining OER\/Ownership of ideas\">propri\u00e9t\u00e9 des id\u00e9es<\/a> dans un monde num\u00e9rique.\n<\/li>\n<li> Passez en revue les <a href=\"\/lida103-fr\/modules\/comment-definir-les-rel\/definitions-des-rel\" title=\"Learning in a digital age\/LiDA103 fr\/Defining OER\/OER definitions\">d\u00e9finitions des REL<\/a>.\n<\/li>\n<li> <a href=\"\/lida103-fr\/modules\/comment-definir-les-rel\/pedagogie-fondee-sur-les-rel\" title=\"Learning in a digital age\/LiDA103 fr\/Defining OER\/OER enabled pedagogy\">D\u00e9battez<\/a> de l\u2019utilit\u00e9 des REL pour r\u00e9soudre des probl\u00e8mes du quotidien.\n<\/li>\n<li> \u00c9tudiez <a href=\"\/lida103-fr\/modules\/comment-definir-les-rel\/lancez-vous-\u2013-defi-\u00ab-enjeux-des-rel-\u00bb\" title=\"Learning in a digital age\/LiDA103 fr\/Defining OER\/Start implications of OER\">es enjeux des REL pour l\u2019apprentissage \u00e0 l\u2019\u00e8re du num\u00e9rique<\/a>.\n<\/li>\n<li> R\u00e9pondez au quiz <a href=\"\/lida103-fr\/modules\/comment-definir-les-rel\/quiz\" title=\"Learning in a digital age\/LiDA103 fr\/Defining OER\/Quiz\">\u00ab D\u00e9finir les REL \u00bb<\/a>.\n<\/li>\n<\/ol>\n<\/li>\n<\/ul>\n<p>\n<\/p>\n<p>\n\t\t<\/div>\n\t<\/div>\n<\/div>\n<p>\n<\/p>\n<h2><span class=\"mw-headline\" id=\"S.C3.A9ance_3\">S\u00e9ance 3<\/span><\/h2>\n<div id=\"s3\" class=\"panel iDevice\">\n\t<div class=\"panel-heading idevice-heading\">\n\t\t<div>\n\t\t\t<img decoding=\"async\" class=\"pedagogicalicon\" alt=\"summary\" src=\"https:\/\/course.oeru.org\/lida103-fr\/wp-content\/themes\/oeru-course\/idevices\/Icon_summary.png\">\n\t\t<\/div>\n\t\t<div>\n\t\t\t<h2>Droit d\u2019auteur<\/h2>\n\t\t<\/div>\n\t<\/div>\n\t<div class=\"panel-body\">\n\t\t<div class=\"col-md-12\">\n\t\t\t<\/p>\n<p><b>D\u00e9couvrez le fonctionnement du droit d\u2019auteur dans un monde num\u00e9rique et globalis\u00e9 et mettez vos connaissances en pratique dans des sc\u00e9narios du quotidien.<\/b>\n<\/p>\n<ul>\n<li> <b>Calendrier<\/b>&nbsp;: Travail en autonomie (dur\u00e9e recommand\u00e9e de 3 jours)\n<\/li>\n<li> <b>Supports p\u00e9dagogiques&nbsp;:<\/b>\n<ol>\n<li> <a href=\"\/lida103-fr\/modules\/droit-dauteur\/apercu\" title=\"Learning in a digital age\/LiDA103 fr\/Copyright\/Overview\">Droit d\u2019auteur<\/a>\n<\/li>\n<li> <a href=\"\/lida103-fr\/modules\/cas-pratique-sur-le-droit-dauteur\/apercu\" title=\"Learning in a digital age\/LiDA103 fr\/Copyright case study\/Overview\">Cas pratique sur le droit d\u2019auteur<\/a>\n<\/li>\n<\/ol>\n<\/li>\n<li> <b>Activit\u00e9s principales&nbsp;:<\/b>:\n<ol>\n<li> Consultez les supports p\u00e9dagogiques pour ce <a href=\"\/lida103-fr\/modules\/droit-dauteur\/apercu\" title=\"Learning in a digital age\/LiDA103 fr\/Copyright\/Overview\">module<\/a>.\n<\/li>\n<li> <a href=\"\/lida103-fr\/modules\/droit-dauteur\/historique\" title=\"Learning in a digital age\/LiDA103 fr\/Copyright\/History\">Origines du droit d\u2019auteur<\/a>.\n<\/li>\n<li> D\u00e9couvrez comment fonctionne le droit d\u2019auteur <a href=\"\/lida103-fr\/modules\/droit-dauteur\/collaborer-a-lechelle-mondiale\" title=\"Learning in a digital age\/LiDA103 fr\/Copyright\/Working globally\">d\u2019un pays \u00e0 l\u2019autre<\/a>.\n<\/li>\n<li> Ma\u00eetrisez diff\u00e9rents aspects du droit d\u2019auteur&nbsp;: <a href=\"\/lida103-fr\/modules\/droit-dauteur\/champ-dapplication\" title=\"Learning in a digital age\/LiDA103 fr\/Copyright\/Scope\">champ d\u2019application<\/a>, <a href=\"https:\/\/wikieducator.org\/Learning_in_a_digital_age\/LiDA103\/Copyright\/Ownership\" title=\"Learning in a digital age\/LiDA103\/Copyright\/Ownership\"> jouissance<\/a>, <a href=\"\/lida103-fr\/modules\/droit-dauteur\/droits-et-protections\" title=\"Learning in a digital age\/LiDA103 fr\/Copyright\/Rights\">droits et protections<\/a>, <a href=\"\/lida103-fr\/modules\/droit-dauteur\/exceptions\" title=\"Learning in a digital age\/LiDA103 fr\/Copyright\/Exceptions\">exceptions<\/a> and <a href=\"\/lida103-fr\/modules\/droit-dauteur\/transfert-des-droits\" title=\"Learning in a digital age\/LiDA103 fr\/Copyright\/Transfer\">transfert de droits<\/a>.\n<\/li>\n<li> <a href=\"\/lida103-fr\/modules\/droit-dauteur\/jouissance\" title=\"Learning in a digital age\/LiDA103 fr\/Copyright\/Ownership\">D\u00e9battez<\/a> des questions \u00e9thiques soulev\u00e9es par la propri\u00e9t\u00e9 des id\u00e9es et le droit d\u2019auteur.\n<\/li>\n<li> Faites le <a href=\"\/lida103-fr\/modules\/cas-pratique-sur-le-droit-dauteur\/apercu\" title=\"Learning in a digital age\/LiDA103 fr\/Copyright case study\/Overview\">cas pratique sur le droit d\u2019auteur<\/a>.\n<\/li>\n<li> <a href=\"\/lida103-fr\/modules\/cas-pratique-sur-le-droit-dauteur\/lancez-vous-\u2013-defi-qcm-sur-le-droit-dauteur\" title=\"Learning in a digital age\/LiDA103 fr\/Copyright case study\/Start - Copyright MCQ\">Appliquez vos connaissances<\/a> en cr\u00e9ant des questions \u00e0 choix multiple sur le droit d\u2019auteur \u00e0 partir d\u2019un sc\u00e9nario que vous aurez imagin\u00e9.\n<\/li>\n<li> R\u00e9pondez au <a href=\"\/lida103-fr\/modules\/droit-dauteur\/quiz\" title=\"Learning in a digital age\/LiDA103 fr\/Copyright\/Quiz\">quiz sur le droit d\u2019auteur<\/a>.\n<\/li>\n<\/ol>\n<\/li>\n<\/ul>\n<p>\n<\/p>\n<p>\n\t\t<\/div>\n\t<\/div>\n<\/div>\n<p>\n<\/p>\n<h2><span class=\"mw-headline\" id=\"S.C3.A9ance_4\">S\u00e9ance 4<\/span><\/h2>\n<div id=\"s4\" class=\"panel iDevice\">\n\t<div class=\"panel-heading idevice-heading\">\n\t\t<div>\n\t\t\t<img decoding=\"async\" class=\"pedagogicalicon\" alt=\"summary\" src=\"https:\/\/course.oeru.org\/lida103-fr\/wp-content\/themes\/oeru-course\/idevices\/Icon_summary.png\">\n\t\t<\/div>\n\t\t<div>\n\t\t\t<h2>Licences Creative Commons et compatibilit\u00e9 des licences<\/h2>\n\t\t<\/div>\n\t<\/div>\n\t<div class=\"panel-body\">\n\t\t<div class=\"col-md-12\">\n\t\t\t<\/p>\n<p><b>Expliquez comment fonctionnent les six licences Creative Commons et mettez en pratique vos connaissances dans le domaine de la compatibilit\u00e9 entre les diff\u00e9rentes licences ouvertes lors de la cr\u00e9ation d\u2019\u0153uvres composites.<\/b>\n<\/p>\n<ul>\n<li> <b>Calendrier<\/b>&nbsp;: Travail en autonomie (dur\u00e9e recommand\u00e9e de 3 jours)\n<\/li>\n<li> <b>Supports p\u00e9dagogiques&nbsp;:<\/b>:\n<ol>\n<li> <a href=\"\/lida103-fr\/modules\/licences-creative-commons\/apercu\" title=\"Learning in a digital age\/LiDA103 fr\/Creative Commons\/Overview\">Licences Creative Commons<\/a>\n<\/li>\n<li> <a href=\"\/lida103-fr\/modules\/jeu-compatibles-ou-non\/apercu\" title=\"Learning in a digital age\/LiDA103 fr\/Remix game\/Overview\">Compatibilit\u00e9 des licences<\/a>\n<\/li>\n<\/ol>\n<\/li>\n<li> <b>Activit\u00e9s principales&nbsp;:<\/b>:\n<ol>\n<li> Consultez les supports p\u00e9dagogiques pour ce <a href=\"\/lida103-fr\/modules\/licences-creative-commons\/apercu\" title=\"Learning in a digital age\/LiDA103 fr\/Creative Commons\/Overview\">module<\/a>.\n<\/li>\n<li> Expliquez <a href=\"\/lida103-fr\/modules\/licences-creative-commons\/fonctionnement-des-licences-cc\" title=\"Learning in a digital age\/LiDA103 fr\/Creative Commons\/CC Overview\">comment fonctionnent les licences Creative Commons<\/a> en vous appuyant sur les six <a href=\"\/lida103-fr\/modules\/licences-creative-commons\/licences-cc\" title=\"Learning in a digital age\/LiDA103 fr\/Creative Commons\/Licenses\">licences Creative Commons<\/a>.\n<\/li>\n<li> D\u00e9crivez l&rsquo;<a href=\"\/lida103-fr\/modules\/licences-creative-commons\/anatomie-dune-licence-cc\" title=\"Learning in a digital age\/LiDA103 fr\/Creative Commons\/Anatomy\">anatomie<\/a> d&rsquo;une licence Creative Commons.\n<\/li>\n<li> Trouvez des sources fiables pour <a href=\"\/lida103-fr\/modules\/licences-creative-commons\/trouver-des-reponses-a-des-questions-sur-les-licences-cc\" title=\"Learning in a digital age\/LiDA103 fr\/Creative Commons\/Devil\">r\u00e9pondre aux questions<\/a> sur les licences Creative Commons.\n<\/li>\n<li> Expliquez les notions <a href=\"\/lida103-fr\/modules\/licences-creative-commons\/oeuvres-composites-et-compatibilite\" title=\"Learning in a digital age\/LiDA103 fr\/Creative Commons\/Remix\">d\u2019\u0153uvre composite et de compatibilit\u00e9<\/a> entre les licences ouvertes Creative Commons et mettez vos connaissances en pratique avec le <a href=\"\/lida103-fr\/modules\/jeu-compatibles-ou-non\/jeu-sur-les-licences-cc--compatibles-ou-non\u2009\" title=\"Learning in a digital age\/LiDA103 fr\/Remix game\/CC Remix game\"> jeu \u00ab Compatibles ou non ? \u00bb<\/a>.\n<\/li>\n<li> Relevez le <a href=\"\/lida103-fr\/modules\/jeu-compatibles-ou-non\/lancez-vous-\u2013-defi-pedagogique-des-4r\" title=\"Learning in a digital age\/LiDA103 fr\/Remix game\/Start 4R challenge\">d\u00e9fi \u00ab R\u00e9utiliser, reformuler, r\u00e9arranger et redistribuer \u00bb<\/a>\n<\/li>\n<li> Relevez le<a href=\"\/lida103-fr\/modules\/licences-creative-commons\/quiz\" title=\"Learning in a digital age\/LiDA103 fr\/Creative Commons\/Quiz\">quiz sur les licences Creative Commons<\/a>.\n<\/li>\n<\/ol>\n<\/li>\n<\/ul>\n<p>\n<\/p>\n<p>\n\t\t<\/div>\n\t<\/div>\n<\/div>\n<p>\n<\/p>\n<h2><span class=\"mw-headline\" id=\"S.C3.A9ance_5\">S\u00e9ance 5<\/span><\/h2>\n<div id=\"s5\" class=\"panel iDevice\">\n\t<div class=\"panel-heading idevice-heading\">\n\t\t<div>\n\t\t\t<img decoding=\"async\" class=\"pedagogicalicon\" alt=\"summary\" src=\"https:\/\/course.oeru.org\/lida103-fr\/wp-content\/themes\/oeru-course\/idevices\/Icon_summary.png\">\n\t\t<\/div>\n\t\t<div>\n\t\t\t<h2>Dimensions du libre acc\u00e8s<\/h2>\n\t\t<\/div>\n\t<\/div>\n\t<div class=\"panel-body\">\n\t\t<div class=\"col-md-12\">\n\t\t\t<\/p>\n<p><b>Choisissez une dimension du libre acc\u00e8s que vous \u00e9tudierez de mani\u00e8re approfondie et publiez un travail de r\u00e9flexion sur ses enjeux pour l\u2019apprentissage \u00e0 l\u2019\u00e8re du num\u00e9rique.<\/b>\n<\/p>\n<ul>\n<li> <b>Calendrier<\/b>&nbsp;: Travail en autonomie (dur\u00e9e recommand\u00e9e de 2 jours)\n<\/li>\n<li> <b>Supports p\u00e9dagogiques&nbsp;:<\/b>:\n<ol>\n<li> <a href=\"\/lida103-fr\/modules\/dimensions-du-libre-acces\/apercu\" title=\"Learning in a digital age\/LiDA103 fr\/Dimensions of openness\/Overview\">Dimensions du libre acc\u00e8s<\/a>\n<\/li>\n<\/ol>\n<\/li>\n<li> <b>Activit\u00e9s principales&nbsp;:<\/b>:\n<ol>\n<li> Consultez les supports p\u00e9dagogiques pour ce <a href=\"\/lida103-fr\/modules\/dimensions-du-libre-acces\/apercu\" title=\"Learning in a digital age\/LiDA103 fr\/Dimensions of openness\/Overview\">module<\/a>.\n<\/li>\n<li> Choisissez une dimension du libre acc\u00e8s \u00e0 \u00e9tudier de mani\u00e8re approfondie.\n<\/li>\n<li> Publiez un travail de r\u00e9flexion pr\u00e9sentant ce que vous avez appris sur la dimension du libre acc\u00e8s que vous avez choisie et sur son r\u00f4le dans l\u2019apprentissage \u00e0 l\u2019\u00e8re du num\u00e9rique.\n<\/li>\n<li> R\u00e9pondez au <a href=\"\/lida103-fr\/modules\/dimensions-du-libre-acces\/quiz\" title=\"Learning in a digital age\/LiDA103 fr\/Dimensions of openness\/Quiz\"> quiz \u00ab Dimensions du libre acc\u00e8s \u00bb<\/a>\n<\/li>\n<\/ol>\n<\/li>\n<\/ul>\n<p>\n<\/p>\n<p>\n\t\t<\/div>\n\t<\/div>\n<\/div>\n<p><!-- \nNewPP limit report\nCPU time usage: 0.064 seconds\nReal time usage: 0.068 seconds\nPreprocessor visited node count: 877\/1000000\nPreprocessor generated node count: 1418\/1000000\nPost\u2010expand include size: 29726\/2097152 bytes\nTemplate argument size: 18807\/2097152 bytes\nHighest expansion depth: 7\/40\nExpensive parser function count: 0\/100\n--><\/p>\n<p><!-- Saved in parser cache with key we_en-mw_:pcache:idhash:188439-0!*!0!!en!2!* and timestamp 20230803031344 and revision id 1104474\n -->\n<\/div>\n<div class=\"visualClear\"><\/div>\n<\/p><\/div>\n<\/p><\/div>\n<\/div>\n<\/div>\n<\/div>\n<div class=\"row\">\n<div class=\"col-md-12\">\n<ul class=\"pager\">\n<li class=\"previous\">\n            <a href=\"\/lida103-fr\/guide-du-cours\/acquis-et-objectifs-dapprentissage\">\u2190 Pr\u00e9c\u00e9dent<\/a>\n          <\/li>\n<li class=\"next\">\n            <a href=\"\/lida103-fr\/guide-du-cours\/liste-de-defis\">Suivant \u2192<\/a>\n          <\/li>\n<\/ul><\/div>\n<\/p><\/div>\n<div id=\"wenote-ids\"><script type='text\/javascript' id='wenotes-ids'>\n    var WEnotesSite = \"https:\/\/wikieducator.org\";\n    var WEnotesPath = \"\/Learning_in_a_digital_age\/LiDA103_fr\/Syllabus\";\n    var WEnotesSiteID = \"0e3d258fbd36841f92259eefcd41d5e9\";\n    var WEnotesPathID = \"ee40f74aeb80c4ea146a8562ca626cae\";\n    var WEnotesIDs = { site: \"https:\/\/wikieducator.org\", path: \"\/Learning_in_a_digital_age\/LiDA103_fr\/Syllabus\", site_id: \"0e3d258fbd36841f92259eefcd41d5e9\", path_id: \"ee40f74aeb80c4ea146a8562ca626cae\" };\n<\/script><\/div>\n<\/div>\n<footer><\/footer>\n","protected":false},"excerpt":{"rendered":"<p>S\u00e9ance Calendrier Avant de commencer Travail en autonomie avant de commencer \u00e0 suivre le cours S\u00e9ance 0 Travail en autonomie (dur\u00e9e recommand\u00e9e de 2 jours) S\u00e9ance 1 Travail en autonomie (dur\u00e9e recommand\u00e9e de 1 jour) S\u00e9ance 2 Travail en autonomie (dur\u00e9e recommand\u00e9e de 2 jours) S\u00e9ance 3 Travail en autonomie (dur\u00e9e recommand\u00e9e de 3 jours) [&hellip;]<\/p>\n","protected":false},"author":1,"featured_media":0,"parent":14076,"menu_order":0,"comment_status":"closed","ping_status":"closed","template":"","meta":{"footnotes":""},"class_list":["post-14084","page","type-page","status-publish","hentry"],"_links":{"self":[{"href":"https:\/\/course.oeru.org\/lida103-fr\/wp-json\/wp\/v2\/pages\/14084","targetHints":{"allow":["GET"]}}],"collection":[{"href":"https:\/\/course.oeru.org\/lida103-fr\/wp-json\/wp\/v2\/pages"}],"about":[{"href":"https:\/\/course.oeru.org\/lida103-fr\/wp-json\/wp\/v2\/types\/page"}],"author":[{"embeddable":true,"href":"https:\/\/course.oeru.org\/lida103-fr\/wp-json\/wp\/v2\/users\/1"}],"replies":[{"embeddable":true,"href":"https:\/\/course.oeru.org\/lida103-fr\/wp-json\/wp\/v2\/comments?post=14084"}],"version-history":[{"count":1,"href":"https:\/\/course.oeru.org\/lida103-fr\/wp-json\/wp\/v2\/pages\/14084\/revisions"}],"predecessor-version":[{"id":14085,"href":"https:\/\/course.oeru.org\/lida103-fr\/wp-json\/wp\/v2\/pages\/14084\/revisions\/14085"}],"up":[{"embeddable":true,"href":"https:\/\/course.oeru.org\/lida103-fr\/wp-json\/wp\/v2\/pages\/14076"}],"wp:attachment":[{"href":"https:\/\/course.oeru.org\/lida103-fr\/wp-json\/wp\/v2\/media?parent=14084"}],"curies":[{"name":"wp","href":"https:\/\/api.w.org\/{rel}","templated":true}]}}