{"id":14086,"date":"2023-08-03T03:17:01","date_gmt":"2023-08-03T03:17:01","guid":{"rendered":"https:\/\/course.oeru.org\/lida103-fr\/?page_id=14086"},"modified":"2023-08-03T03:17:01","modified_gmt":"2023-08-03T03:17:01","slug":"liste-de-defis","status":"publish","type":"page","link":"https:\/\/course.oeru.org\/lida103-fr\/guide-du-cours\/liste-de-defis\/","title":{"rendered":"Liste de d\u00e9fis"},"content":{"rendered":"<div id=\"content\" class=\"mw-body container\" role=\"main\">\n<div class=\"row\">\n<div class=\"col-md-12\">\n<div class=\"panel\">\n<div class=\"panel-body\">\n<div id=\"bodyContent\">\n<div id=\"mw-content-text\" lang=\"en\" dir=\"ltr\" class=\"mw-content-ltr\">\n<table class=\"oeru1 table table-striped\">\n<tbody>\n<tr>\n<th>S\u00e9ance\n<\/th>\n<th>Titre\n<\/th>\n<\/tr>\n<tr>\n<td><a href=\"#Importance_du_libre_acc.C3.A8s\">S\u00e9ance 1<\/a>\n<\/td>\n<td>Importance du libre acc\u00e8s\n<\/td>\n<\/tr>\n<tr>\n<td><a href=\"#D.C3.A9finition_des_REL\">S\u00e9ance  2<\/a>\n<\/td>\n<td>Comment d\u00e9finir les REL\n<\/td>\n<\/tr>\n<tr>\n<td><a href=\"#Droit_d.E2.80.99auteur\">S\u00e9ance 3<\/a>\n<\/td>\n<td>Droit d\u2019auteur<br \/>Cas pratique sur le droit d\u2019auteur\n<\/td>\n<\/tr>\n<tr>\n<td><a href=\"#Licences_Creative_Commons\">S\u00e9ance 4<\/a>\n<\/td>\n<td>Licences Creative Commons<br \/>Jeu \u00ab&nbsp;Licences Creative Commons&nbsp;: Compatibles ou non&nbsp;?&nbsp;\u00bb\n<\/td>\n<\/tr>\n<tr>\n<td><a href=\"#Licences_Creative_Commons\">S\u00e9ance 5<\/a>\n<\/td>\n<td>Dimensions du libre acc\u00e8s\n<\/td>\n<\/tr>\n<\/tbody>\n<\/table>\n<p>\nCette page affiche la liste des activit\u00e9s principales et des d\u00e9fis p\u00e9dagogiques pour chaque module.\n<\/p>\n<p>\n<\/p>\n<h2><span class=\"mw-headline\" id=\"Importance_du_libre_acc.C3.A8s\">Importance du libre acc\u00e8s<\/span><\/h2>\n<table class=\"oeru1 table table-striped\" style=\"width:100%;\">\n<tbody>\n<tr>\n<th>Titre\n<\/th>\n<th>Cat\u00e9gorie\n<\/th>\n<\/tr>\n<tr>\n<td><a href=\"\/lida103-fr\/modules\/importance-du-libre-acces\/ledition-scientifique-dans-un-monde-numerique\" title=\"Learning in a digital age\/LiDA103 fr\/Why open matters\/Scientific publishing in a digital world\">Importance du libre acc\u00e8s<\/a> (forum)\n<\/td>\n<td>Mini-d\u00e9fi\n<\/td>\n<\/tr>\n<tr>\n<td><a href=\"\/lida103-fr\/modules\/importance-du-libre-acces\/quiz\" title=\"Learning in a digital age\/LiDA103 fr\/Why open matters\/Quiz\">Importance du libre acc\u00e8s<\/a> (quiz)\n<\/td>\n<td>Test de connaissances\n<\/td>\n<\/tr>\n<\/tbody>\n<\/table>\n<h2><span class=\"mw-headline\" id=\"Comment_d.C3.A9finir_les_REL\">Comment d\u00e9finir les REL<\/span><\/h2>\n<table class=\"oeru1 table table-striped\" style=\"width:100%;\">\n<tbody>\n<tr>\n<th>Titre\n<\/th>\n<th>Cat\u00e9gorie\n<\/th>\n<\/tr>\n<tr>\n<td><a href=\"\/lida103-fr\/modules\/comment-definir-les-rel\/pedagogie-fondee-sur-les-rel\" title=\"Learning in a digital age\/LiDA103 fr\/Defining OER\/OER enabled pedagogy\">R\u00e9solution de probl\u00e8mes du quotidien gr\u00e2ce aux REL<\/a> (forum)\n<\/td>\n<td>Mini-d\u00e9fi\n<\/td>\n<\/tr>\n<tr>\n<td><a href=\"\/lida103-fr\/modules\/comment-definir-les-rel\/lancez-vous-\u2013-defi-\u00ab-enjeux-des-rel-\u00bb\" title=\"Learning in a digital age\/LiDA103 fr\/Defining OER\/Start implications of OER\">Enjeux des REL pour l\u2019apprentissage \u00e0 l\u2019\u00e8re du num\u00e9rique<\/a> (blog)\n<\/td>\n<td>D\u00e9fi\n<\/td>\n<\/tr>\n<tr>\n<td><a href=\"\/lida103-fr\/modules\/comment-definir-les-rel\/quiz\" title=\"Learning in a digital age\/LiDA103 fr\/Defining OER\/Quiz\">Comment d\u00e9finir les REL<\/a> (quiz)\n<\/td>\n<td>Test de connaissances\n<\/td>\n<\/tr>\n<\/tbody>\n<\/table>\n<h2><span class=\"mw-headline\" id=\"Droit_d.E2.80.99auteur\">Droit d\u2019auteur<\/span><\/h2>\n<table class=\"oeru1 table table-striped\" style=\"width:100%;\">\n<tbody>\n<tr>\n<th>Titre\n<\/th>\n<th>Cat\u00e9gorie\n<\/th>\n<\/tr>\n<tr>\n<td><a href=\"\/lida103-fr\/modules\/droit-dauteur\/jouissance\" title=\"Learning in a digital age\/LiDA103 fr\/Copyright\/Ownership\">Droit d\u2019auteur et propri\u00e9t\u00e9 des contenus produits par les apprenants<\/a> (forum)\n<\/td>\n<td>Mini-d\u00e9fi\n<\/td>\n<\/tr>\n<tr>\n<td><a href=\"\/lida103-fr\/modules\/droit-dauteur\/quiz\" title=\"Learning in a digital age\/LiDA103 fr\/Copyright\/Quiz\">Droit d\u2019auteur<\/a> (quiz)\n<\/td>\n<td>Test de connaissances\n<\/td>\n<\/tr>\n<\/tbody>\n<\/table>\n<h2><span class=\"mw-headline\" id=\"Cas_pratique_sur_le_droit_d.E2.80.99auteur\">Cas pratique sur le droit d\u2019auteur<\/span><\/h2>\n<table class=\"oeru1 table table-striped\" style=\"width:100%;\">\n<tbody>\n<tr>\n<th>Titre\n<\/th>\n<th>Cat\u00e9gorie\n<\/th>\n<\/tr>\n<tr>\n<td><a href=\"\/lida103-fr\/modules\/cas-pratique-sur-le-droit-dauteur\/cas-pratique-sur-le-droit-dauteur\" title=\"Learning in a digital age\/LiDA103 fr\/Copyright case study\/Case study\">Cas pratique sur le droit d\u2019auteur<\/a> (activit\u00e9 interactive)\n<\/td>\n<td>Mini-d\u00e9fi\n<\/td>\n<\/tr>\n<tr>\n<td><a href=\"\/lida103-fr\/modules\/cas-pratique-sur-le-droit-dauteur\/lancez-vous-\u2013-defi-qcm-sur-le-droit-dauteur\" title=\"Learning in a digital age\/LiDA103 fr\/Copyright case study\/Start - Copyright MCQ\">D\u00e9fi QCM sur le droit d\u2019auteur<\/a> (blog)\n<\/td>\n<td>D\u00e9fi\n<\/td>\n<\/tr>\n<\/tbody>\n<\/table>\n<h2><span class=\"mw-headline\" id=\"Licences_Creative_Commons\">Licences Creative Commons<\/span><\/h2>\n<table class=\"oeru1 table table-striped\" style=\"width:100%;\">\n<tbody>\n<tr>\n<th>Titre\n<\/th>\n<th>Cat\u00e9gorie\n<\/th>\n<\/tr>\n<tr>\n<td><a href=\"\/lida103-fr\/modules\/licences-creative-commons\/licences-cc\" title=\"Learning in a digital age\/LiDA103 fr\/Creative Commons\/Licenses\">Choisissez une licence CC<\/a> (en ligne)\n<\/td>\n<td>Activit\u00e9\n<\/td>\n<\/tr>\n<tr>\n<td><a href=\"\/lida103-fr\/modules\/licences-creative-commons\/trouver-des-reponses-a-des-questions-sur-les-licences-cc\" title=\"Learning in a digital age\/LiDA103 fr\/Creative Commons\/Devil\">Recherche d\u2019informations sur les licences CC<\/a> (annotation)\n<\/td>\n<td>Activit\u00e9\n<\/td>\n<\/tr>\n<tr>\n<td><a href=\"\/lida103-fr\/modules\/licences-creative-commons\/quiz\" title=\"Learning in a digital age\/LiDA103 fr\/Creative Commons\/Quiz\">Licences Creative Commons<\/a> (quiz)\n<\/td>\n<td>Test de connaissances\n<\/td>\n<\/tr>\n<\/tbody>\n<\/table>\n<h2><span class=\"mw-headline\" id=\"Jeu_.C2.AB_Licences_Creative_Commons_:_Compatibles_ou_non_.3F_.C2.BB\">Jeu \u00ab&nbsp;Licences Creative Commons&nbsp;: Compatibles ou non&nbsp;?&nbsp;\u00bb<\/span><\/h2>\n<table class=\"oeru1 table table-striped\" style=\"width:100%;\">\n<tbody>\n<tr>\n<th>Titre\n<\/th>\n<th>Cat\u00e9gorie\n<\/th>\n<\/tr>\n<tr>\n<td><a href=\"\/lida103-fr\/modules\/jeu-compatibles-ou-non\/jeu-sur-les-licences-cc--compatibles-ou-non\u2009\" title=\"Learning in a digital age\/LiDA103 fr\/Remix game\/CC Remix game\">Jeu \u00ab Compatibles ou non ? \u00bb<\/a> (activit\u00e9 interactive)\n<\/td>\n<td>Mini-d\u00e9fi\n<\/td>\n<\/tr>\n<tr>\n<td><a href=\"\/lida103-fr\/modules\/jeu-compatibles-ou-non\/lancez-vous-\u2013-defi-pedagogique-des-4r\" title=\"Learning in a digital age\/LiDA103 fr\/Remix game\/Start 4R challenge\">D\u00e9fi p\u00e9dagogique des 4 R<\/a> (blog)\n<\/td>\n<td>D\u00e9fi\n<\/td>\n<\/tr>\n<\/tbody>\n<\/table>\n<h2><span class=\"mw-headline\" id=\"Dimensions_du_libre_acc.C3.A8s\">Dimensions du libre acc\u00e8s<\/span><\/h2>\n<table class=\"oeru1 table table-striped\" style=\"width:100%;\">\n<tbody>\n<tr>\n<th>Titre\n<\/th>\n<th>Cat\u00e9gorie\n<\/th>\n<\/tr>\n<tr>\n<td><a href=\"\/lida103-fr\/modules\/dimensions-du-libre-acces\/manuels-en-libre-acces\" title=\"Learning in a digital age\/LiDA103 fr\/Dimensions of openness\/Digital textbooks\">Comparaison des conditions d\u2019utilisation de manuels en libre acc\u00e8s<\/a> (m\u00e9dias sociaux)\n<\/td>\n<td>Mini-d\u00e9fi\n<\/td>\n<\/tr>\n<tr>\n<td><a href=\"\/lida103-fr\/modules\/dimensions-du-libre-acces\/lancez-vous-\u2013-travail-de-reflexion-sur-le-libre-acces\" title=\"Learning in a digital age\/LiDA103 fr\/Dimensions of openness\/Start Learning reflection\">R\u00e9flexion sur les dimensions du libre acc\u00e8s<\/a> (blog)\n<\/td>\n<td>D\u00e9fi\n<\/td>\n<\/tr>\n<tr>\n<td><a href=\"https:\/\/wikieducator.org\/Learning_in_a_digital_age\/LiDA103\/Dimensions_of_openness\/Quiz\" title=\"Learning in a digital age\/LiDA103\/Dimensions of openness\/Quiz\">Dimensions du libre acc\u00e8s<\/a> (quiz)\n<\/td>\n<td>Test de connaissances\n<\/td>\n<\/tr>\n<\/tbody>\n<\/table>\n<p><!-- \nNewPP limit report\nCPU time usage: 0.011 seconds\nReal time usage: 0.013 seconds\nPreprocessor visited node count: 27\/1000000\nPreprocessor generated node count: 32\/1000000\nPost\u2010expand include size: 0\/2097152 bytes\nTemplate argument size: 0\/2097152 bytes\nHighest expansion depth: 2\/40\nExpensive parser function count: 0\/100\n--><\/p>\n<p><!-- Saved in parser cache with key we_en-mw_:pcache:idhash:188499-0!*!0!!en!*!* and timestamp 20230802220720 and revision id 1091198\n -->\n<\/div>\n<div class=\"visualClear\"><\/div>\n<\/p><\/div>\n<\/p><\/div>\n<\/div>\n<\/div>\n<\/div>\n<div class=\"row\">\n<div class=\"col-md-12\">\n<ul class=\"pager\">\n<li class=\"previous\">\n            <a href=\"\/lida103-fr\/guide-du-cours\/programme\">\u2190 Pr\u00e9c\u00e9dent<\/a>\n          <\/li>\n<li class=\"next\">\n            <a href=\"\/lida103-fr\/guide-du-cours\/test-preliminaire-facultatif\">Suivant \u2192<\/a>\n          <\/li>\n<\/ul><\/div>\n<\/p><\/div>\n<div id=\"wenote-ids\"><script type='text\/javascript' id='wenotes-ids'>\n    var WEnotesSite = \"https:\/\/wikieducator.org\";\n    var WEnotesPath = \"\/Learning_in_a_digital_age\/LiDA103_fr\/List_of_challenges\";\n    var WEnotesSiteID = \"0e3d258fbd36841f92259eefcd41d5e9\";\n    var WEnotesPathID = \"1b5bc5c0478e35c8474b55adf601a1f4\";\n    var WEnotesIDs = { site: \"https:\/\/wikieducator.org\", path: \"\/Learning_in_a_digital_age\/LiDA103_fr\/List_of_challenges\", site_id: \"0e3d258fbd36841f92259eefcd41d5e9\", path_id: \"1b5bc5c0478e35c8474b55adf601a1f4\" };\n<\/script><\/div>\n<\/div>\n<footer><\/footer>\n","protected":false},"excerpt":{"rendered":"<p>S\u00e9ance Titre S\u00e9ance 1 Importance du libre acc\u00e8s S\u00e9ance 2 Comment d\u00e9finir les REL S\u00e9ance 3 Droit d\u2019auteurCas pratique sur le droit d\u2019auteur S\u00e9ance 4 Licences Creative CommonsJeu \u00ab&nbsp;Licences Creative Commons&nbsp;: Compatibles ou non&nbsp;?&nbsp;\u00bb S\u00e9ance 5 Dimensions du libre acc\u00e8s Cette page affiche la liste des activit\u00e9s principales et des d\u00e9fis p\u00e9dagogiques pour chaque module. [&hellip;]<\/p>\n","protected":false},"author":1,"featured_media":0,"parent":14076,"menu_order":0,"comment_status":"closed","ping_status":"closed","template":"","meta":{"footnotes":""},"class_list":["post-14086","page","type-page","status-publish","hentry"],"_links":{"self":[{"href":"https:\/\/course.oeru.org\/lida103-fr\/wp-json\/wp\/v2\/pages\/14086","targetHints":{"allow":["GET"]}}],"collection":[{"href":"https:\/\/course.oeru.org\/lida103-fr\/wp-json\/wp\/v2\/pages"}],"about":[{"href":"https:\/\/course.oeru.org\/lida103-fr\/wp-json\/wp\/v2\/types\/page"}],"author":[{"embeddable":true,"href":"https:\/\/course.oeru.org\/lida103-fr\/wp-json\/wp\/v2\/users\/1"}],"replies":[{"embeddable":true,"href":"https:\/\/course.oeru.org\/lida103-fr\/wp-json\/wp\/v2\/comments?post=14086"}],"version-history":[{"count":1,"href":"https:\/\/course.oeru.org\/lida103-fr\/wp-json\/wp\/v2\/pages\/14086\/revisions"}],"predecessor-version":[{"id":14087,"href":"https:\/\/course.oeru.org\/lida103-fr\/wp-json\/wp\/v2\/pages\/14086\/revisions\/14087"}],"up":[{"embeddable":true,"href":"https:\/\/course.oeru.org\/lida103-fr\/wp-json\/wp\/v2\/pages\/14076"}],"wp:attachment":[{"href":"https:\/\/course.oeru.org\/lida103-fr\/wp-json\/wp\/v2\/media?parent=14086"}],"curies":[{"name":"wp","href":"https:\/\/api.w.org\/{rel}","templated":true}]}}