{"id":14088,"date":"2023-08-03T03:17:03","date_gmt":"2023-08-03T03:17:03","guid":{"rendered":"https:\/\/course.oeru.org\/lida103-fr\/?page_id=14088"},"modified":"2023-08-03T03:17:03","modified_gmt":"2023-08-03T03:17:03","slug":"test-preliminaire-facultatif","status":"publish","type":"page","link":"https:\/\/course.oeru.org\/lida103-fr\/guide-du-cours\/test-preliminaire-facultatif\/","title":{"rendered":"Test pr\u00e9liminaire facultatif"},"content":{"rendered":"<div id=\"content\" class=\"mw-body container\" role=\"main\">\n<div class=\"row\">\n<div class=\"col-md-12\">\n<div class=\"panel\">\n<div class=\"panel-body\">\n<div id=\"bodyContent\">\n<div id=\"mw-content-text\" lang=\"en\" dir=\"ltr\" class=\"mw-content-ltr\">\n<p><a rel=\"nofollow\" class=\"external text\" href=\"https:\/\/oeru.org\/oeru-partners\/oer-foundation\/\">L\u2019Open Education Resource Foundation (OERF)<\/a> (Fondation pour les REL) est une organisation ind\u00e9pendante \u00e0 but non lucratif qui met son r\u00e9seau international \u00e0 disposition des \u00e9ducateurs et des \u00e9tablissements d\u2019enseignement, les encadre et les soutient en vue de les aider \u00e0 atteindre leurs objectifs gr\u00e2ce \u00e0 l\u2019\u00e9ducation ouverte. L\u2019OERF coordonne le d\u00e9veloppement du r\u00e9seau international de l\u2019OERu.\n<\/p>\n<div class=\"floatright\"><a href=\"https:\/\/wikieducator.org\/File:Example_LiDA103_Certificate.jpg\" class=\"image\"><img loading=\"lazy\" decoding=\"async\" alt=\"Example LiDA103 Certificate.jpg\" src=\"\/\/wikieducator.org\/images\/thumb\/f\/f5\/Example_LiDA103_Certificate.jpg\/320px-Example_LiDA103_Certificate.jpg\" width=\"320\" height=\"226\" class=\"img-responsive\"><\/a><\/div>\n<p> Le soutien au renforcement des capacit\u00e9s dans le domaine des REL est l\u2019une des principales priorit\u00e9s de la Fondation et nous sommes heureux d\u2019offrir un acc\u00e8s libre au test de comp\u00e9tences permettant la d\u00e9livrance du certificat de comp\u00e9tence en mati\u00e8re  de licences ouvertes aux apprenants du cours LiDA103fr.<\/p>\n<h2><span class=\"mw-headline\" id=\"Test_pr.C3.A9liminaire_facultatif\">Test pr\u00e9liminaire facultatif<\/span><\/h2>\n<p>Nous avons \u00e9labor\u00e9 un test pr\u00e9liminaire facultatif afin d\u2019avoir une id\u00e9e g\u00e9n\u00e9rale de l\u2019\u00e9tat de vos connaissances en mati\u00e8re  de licences ouvertes <b>avant<\/b> que vous commenciez ce cours. Veuillez noter que le test pr\u00e9liminaire est plus court que le <a href=\"\/lida103-fr\/evaluation\/obtention-dune-certification-de-competence\" title=\"Learning in a digital age\/LiDA103 fr\/Competency certification\">test de comp\u00e9tences<\/a> complet et qu\u2019il n\u2019aborde donc pas tous les domaines \u00e0 \u00e9valuer en vue de la certification.\n<\/p>\n<p>Ce test pr\u00e9liminaire nous permettra de cerner les sujets \u00e0 revoir et \u00e0 approfondir et durera 10 \u00e0 15 minutes. Si vous n\u2019avez pas encore de compte d\u00e9di\u00e9 sur le site <a rel=\"nofollow\" class=\"external text\" href=\"https:\/\/moodle.oeru.org\/login\/index.php\">moodle.oeru.org<\/a>, vous devrez en cr\u00e9er un (comme il s\u2019agit d\u2019un site Web diff\u00e9rent de celui du cours, il est n\u00e9cessaire de cr\u00e9er un compte \u00e0 part). Vous trouverez les consignes ci-apr\u00e8s.<br style=\"clear:both;\">\n<\/p>\n<div class=\"panel iDevice\">\n\t<div class=\"panel-heading idevice-heading\">\n\t\t<div>\n\t\t\t<img decoding=\"async\" class=\"pedagogicalicon\" alt=\"activity\" src=\"https:\/\/course.oeru.org\/lida103-fr\/wp-content\/themes\/oeru-course\/idevices\/Icon_activity.png\">\n\t\t<\/div>\n\t\t<div>\n\t\t\t<h2>Consignes<\/h2>\n\t\t<\/div>\n\t<\/div>\n\t<div class=\"panel-body\">\n\t\t<div class=\"col-md-12\">\n\t\t\t<\/p>\n<ol>\n<li> Identifiez-vous ou cr\u00e9ez un compte sur la page <a rel=\"nofollow\" class=\"external text\" href=\"https:\/\/moodle.oeru.org\/login\/index.php\">moodle.oeru.org<\/a>.\n<ul>\n<li> Si vous avez besoin d\u2019aide pour cr\u00e9er un compte sur notre Moodle, visiter la <a rel=\"nofollow\" class=\"external text\" href=\"https:\/\/translate.google.com\/translate?sl=en&amp;tl=fr&amp;u=https:\/\/course.oeru.org\/support\/studying-courses\/oeru-knowledge-tests\/\">page d\u2019aide<\/a> (traduit par \u00ab&nbsp;Google Traduction&nbsp;\u00bb).\n<\/li>\n<\/ul>\n<\/li>\n<li> Cliquez sur le lien <a rel=\"nofollow\" class=\"external text\" href=\"https:\/\/moodle.oeru.org\/course\/view.php?id=53\">Certificat de comp\u00e9tence<\/a> pour ce cours.\n<\/li>\n<li> Entrez la cl\u00e9 d\u2019auto-inscription suivante&nbsp;: \u00ab\u2009relpourtous\u2009\u00bb (en minuscules).\n<\/li>\n<li> Suivez les instructions qui s\u2019affichent \u00e0 l\u2019\u00e9cran pour faire le test pr\u00e9liminaire.\n<\/li>\n<\/ol>\n<p>Veuillez noter que ce test de comp\u00e9tences est gratuit.\n<\/p>\n<p>\n<\/p>\n<p>\n\t\t<\/div>\n\t<\/div>\n<\/div>\n<p><!-- \nNewPP limit report\nCPU time usage: 0.023 seconds\nReal time usage: 0.027 seconds\nPreprocessor visited node count: 88\/1000000\nPreprocessor generated node count: 804\/1000000\nPost\u2010expand include size: 2986\/2097152 bytes\nTemplate argument size: 1505\/2097152 bytes\nHighest expansion depth: 7\/40\nExpensive parser function count: 0\/100\n--><\/p>\n<p><!-- Saved in parser cache with key we_en-mw_:pcache:idhash:188447-0!*!0!*!*!2!* and timestamp 20230802065721 and revision id 1091113\n -->\n<\/div>\n<div class=\"visualClear\"><\/div>\n<\/p><\/div>\n<\/p><\/div>\n<\/div>\n<\/div>\n<\/div>\n<div class=\"row\">\n<div class=\"col-md-12\">\n<ul class=\"pager\">\n<li class=\"previous\">\n            <a href=\"\/lida103-fr\/guide-du-cours\/liste-de-defis\">\u2190 Pr\u00e9c\u00e9dent<\/a>\n          <\/li>\n<li class=\"next\">\n            <a href=\"\/lida103-fr\/guide-du-cours\/ressources\">Suivant \u2192<\/a>\n          <\/li>\n<\/ul><\/div>\n<\/p><\/div>\n<div id=\"wenote-ids\"><script type='text\/javascript' id='wenotes-ids'>\n    var WEnotesSite = \"https:\/\/wikieducator.org\";\n    var WEnotesPath = \"\/Learning_in_a_digital_age\/LiDA103_fr\/Certificate_of_competency\";\n    var WEnotesSiteID = \"0e3d258fbd36841f92259eefcd41d5e9\";\n    var WEnotesPathID = \"ef1ca2ce068640d6e7b1a54e60c15996\";\n    var WEnotesIDs = { site: \"https:\/\/wikieducator.org\", path: \"\/Learning_in_a_digital_age\/LiDA103_fr\/Certificate_of_competency\", site_id: \"0e3d258fbd36841f92259eefcd41d5e9\", path_id: \"ef1ca2ce068640d6e7b1a54e60c15996\" };\n<\/script><\/div>\n<\/div>\n<footer><\/footer>\n","protected":false},"excerpt":{"rendered":"<p>L\u2019Open Education Resource Foundation (OERF) (Fondation pour les REL) est une organisation ind\u00e9pendante \u00e0 but non lucratif qui met son r\u00e9seau international \u00e0 disposition des \u00e9ducateurs et des \u00e9tablissements d\u2019enseignement, les encadre et les soutient en vue de les aider \u00e0 atteindre leurs objectifs gr\u00e2ce \u00e0 l\u2019\u00e9ducation ouverte. L\u2019OERF coordonne le d\u00e9veloppement du r\u00e9seau international [&hellip;]<\/p>\n","protected":false},"author":1,"featured_media":0,"parent":14076,"menu_order":0,"comment_status":"closed","ping_status":"closed","template":"","meta":{"footnotes":""},"class_list":["post-14088","page","type-page","status-publish","hentry"],"_links":{"self":[{"href":"https:\/\/course.oeru.org\/lida103-fr\/wp-json\/wp\/v2\/pages\/14088","targetHints":{"allow":["GET"]}}],"collection":[{"href":"https:\/\/course.oeru.org\/lida103-fr\/wp-json\/wp\/v2\/pages"}],"about":[{"href":"https:\/\/course.oeru.org\/lida103-fr\/wp-json\/wp\/v2\/types\/page"}],"author":[{"embeddable":true,"href":"https:\/\/course.oeru.org\/lida103-fr\/wp-json\/wp\/v2\/users\/1"}],"replies":[{"embeddable":true,"href":"https:\/\/course.oeru.org\/lida103-fr\/wp-json\/wp\/v2\/comments?post=14088"}],"version-history":[{"count":1,"href":"https:\/\/course.oeru.org\/lida103-fr\/wp-json\/wp\/v2\/pages\/14088\/revisions"}],"predecessor-version":[{"id":14089,"href":"https:\/\/course.oeru.org\/lida103-fr\/wp-json\/wp\/v2\/pages\/14088\/revisions\/14089"}],"up":[{"embeddable":true,"href":"https:\/\/course.oeru.org\/lida103-fr\/wp-json\/wp\/v2\/pages\/14076"}],"wp:attachment":[{"href":"https:\/\/course.oeru.org\/lida103-fr\/wp-json\/wp\/v2\/media?parent=14088"}],"curies":[{"name":"wp","href":"https:\/\/api.w.org\/{rel}","templated":true}]}}