{"id":14092,"date":"2023-08-03T03:17:07","date_gmt":"2023-08-03T03:17:07","guid":{"rendered":"https:\/\/course.oeru.org\/lida103-fr\/?page_id=14092"},"modified":"2023-08-03T03:17:07","modified_gmt":"2023-08-03T03:17:07","slug":"sources","status":"publish","type":"page","link":"https:\/\/course.oeru.org\/lida103-fr\/guide-du-cours\/sources\/","title":{"rendered":"Sources"},"content":{"rendered":"<div id=\"content\" class=\"mw-body container\" role=\"main\">\n<div class=\"row\">\n<div class=\"col-md-12\">\n<div class=\"panel\">\n<div class=\"panel-body\">\n<div id=\"bodyContent\">\n<div id=\"mw-content-text\" lang=\"en\" dir=\"ltr\" class=\"mw-content-ltr\">\n<p>\u00a9 OER Foundation, ICDE et l&rsquo;Universit\u00e9 Num\u00e9rique. 2021. Les supports de la formation \u00ab&nbsp;Apprendre \u00e0 l\u2019\u00e8re du num\u00e9rique &nbsp;\u00bb sont sous licence <a rel=\"nofollow\" class=\"external text\" href=\"https:\/\/creativecommons.org\/licenses\/by-sa\/4.0\/deed.fr\">Creative Commons Attribution \u2014 Partage dans les m\u00eames conditions 4.0 International (CC BY-SA 4.0)<\/a>, sauf indication contraire.\n<\/p>\n<h2><span class=\"mw-headline\" id=\"Attribution_des_images\">Attribution des images<\/span><\/h2>\n<p>Les images utilis\u00e9es sur le site du cours sont h\u00e9berg\u00e9es sur <a rel=\"nofollow\" class=\"external text\" href=\"https:\/\/wikieducator.org\">WikiEducator.org<\/a>, un projet ouvert de l&rsquo;OER Foundation. Les utilisateurs doivent cliquer sur l\u2019image pour acc\u00e9der aux m\u00e9tadonn\u00e9es, \u00e0 l\u2019identit\u00e9 de l\u2019auteur et aux informations concernant la licence.\n<\/p>\n<p><!-- \nNewPP limit report\nCPU time usage: 0.003 seconds\nReal time usage: 0.005 seconds\nPreprocessor visited node count: 4\/1000000\nPreprocessor generated node count: 16\/1000000\nPost\u2010expand include size: 702\/2097152 bytes\nTemplate argument size: 0\/2097152 bytes\nHighest expansion depth: 2\/40\nExpensive parser function count: 0\/100\n--><\/p>\n<p><!-- Saved in parser cache with key we_en-mw_:pcache:idhash:188449-0!*!*!*!*!*!* and timestamp 20230802220721 and revision id 1090194\n -->\n<\/div>\n<div class=\"visualClear\"><\/div>\n<\/p><\/div>\n<\/p><\/div>\n<\/div>\n<\/div>\n<\/div>\n<div class=\"row\">\n<div class=\"col-md-12\">\n<ul class=\"pager\">\n<li class=\"previous\">\n            <a href=\"\/lida103-fr\/guide-du-cours\/ressources\">\u2190 Pr\u00e9c\u00e9dent<\/a>\n          <\/li>\n<li class=\"next\">\n            <a href=\"\/lida103-fr\/guide-du-cours\/clause-de-non-responsabilite\">Suivant \u2192<\/a>\n          <\/li>\n<\/ul><\/div>\n<\/p><\/div>\n<div id=\"wenote-ids\"><script type='text\/javascript' id='wenotes-ids'>\n    var WEnotesSite = \"https:\/\/wikieducator.org\";\n    var WEnotesPath = \"\/Learning_in_a_digital_age\/LiDA103_fr\/Acknowledgements\";\n    var WEnotesSiteID = \"0e3d258fbd36841f92259eefcd41d5e9\";\n    var WEnotesPathID = \"7aecc128bcf302e5bf42ffc2eff02862\";\n    var WEnotesIDs = { site: \"https:\/\/wikieducator.org\", path: \"\/Learning_in_a_digital_age\/LiDA103_fr\/Acknowledgements\", site_id: \"0e3d258fbd36841f92259eefcd41d5e9\", path_id: \"7aecc128bcf302e5bf42ffc2eff02862\" };\n<\/script><\/div>\n<\/div>\n<footer><\/footer>\n","protected":false},"excerpt":{"rendered":"<p>\u00a9 OER Foundation, ICDE et l&rsquo;Universit\u00e9 Num\u00e9rique. 2021. Les supports de la formation \u00ab&nbsp;Apprendre \u00e0 l\u2019\u00e8re du num\u00e9rique &nbsp;\u00bb sont sous licence Creative Commons Attribution \u2014 Partage dans les m\u00eames conditions 4.0 International (CC BY-SA 4.0), sauf indication contraire. Attribution des images Les images utilis\u00e9es sur le site du cours sont h\u00e9berg\u00e9es sur WikiEducator.org, un [&hellip;]<\/p>\n","protected":false},"author":1,"featured_media":0,"parent":14076,"menu_order":0,"comment_status":"closed","ping_status":"closed","template":"","meta":{"footnotes":""},"class_list":["post-14092","page","type-page","status-publish","hentry"],"_links":{"self":[{"href":"https:\/\/course.oeru.org\/lida103-fr\/wp-json\/wp\/v2\/pages\/14092","targetHints":{"allow":["GET"]}}],"collection":[{"href":"https:\/\/course.oeru.org\/lida103-fr\/wp-json\/wp\/v2\/pages"}],"about":[{"href":"https:\/\/course.oeru.org\/lida103-fr\/wp-json\/wp\/v2\/types\/page"}],"author":[{"embeddable":true,"href":"https:\/\/course.oeru.org\/lida103-fr\/wp-json\/wp\/v2\/users\/1"}],"replies":[{"embeddable":true,"href":"https:\/\/course.oeru.org\/lida103-fr\/wp-json\/wp\/v2\/comments?post=14092"}],"version-history":[{"count":1,"href":"https:\/\/course.oeru.org\/lida103-fr\/wp-json\/wp\/v2\/pages\/14092\/revisions"}],"predecessor-version":[{"id":14093,"href":"https:\/\/course.oeru.org\/lida103-fr\/wp-json\/wp\/v2\/pages\/14092\/revisions\/14093"}],"up":[{"embeddable":true,"href":"https:\/\/course.oeru.org\/lida103-fr\/wp-json\/wp\/v2\/pages\/14076"}],"wp:attachment":[{"href":"https:\/\/course.oeru.org\/lida103-fr\/wp-json\/wp\/v2\/media?parent=14092"}],"curies":[{"name":"wp","href":"https:\/\/api.w.org\/{rel}","templated":true}]}}