{"id":14106,"date":"2023-08-03T03:17:21","date_gmt":"2023-08-03T03:17:21","guid":{"rendered":"https:\/\/course.oeru.org\/lida103-fr\/?page_id=14106"},"modified":"2023-08-03T03:17:21","modified_gmt":"2023-08-03T03:17:21","slug":"apercu","status":"publish","type":"page","link":"https:\/\/course.oeru.org\/lida103-fr\/modules\/premiers-pas\/apercu\/","title":{"rendered":"Aper\u00e7u"},"content":{"rendered":"<div id=\"content\" class=\"mw-body container\" role=\"main\">\n<div class=\"row\">\n<div class=\"col-md-12\">\n<div class=\"panel\">\n<div class=\"panel-body\">\n<div id=\"bodyContent\">\n<div id=\"mw-content-text\" lang=\"en\" dir=\"ltr\" class=\"mw-content-ltr\">\n<p>\n<\/p>\n<div class=\"floatright\"><a href=\"https:\/\/wikieducator.org\/File:Macbook-glasses.jpg\" class=\"image\"><img loading=\"lazy\" decoding=\"async\" alt=\"Macbook-glasses.jpg\" src=\"\/\/wikieducator.org\/images\/thumb\/5\/5b\/Macbook-glasses.jpg\/320px-Macbook-glasses.jpg\" width=\"320\" height=\"213\" class=\"img-responsive\"><\/a><\/div>\n<p>Bienvenue dans le cours <b>\u00c9ducation ouverte, droit d\u2019auteur et licences ouvertes Creative Commons dans un monde num\u00e9rique<\/b> (LiDA103fr). Il constitue l\u2019un des volets de la formation de l\u2019OERu intitul\u00e9e <a rel=\"nofollow\" class=\"external text\" href=\"https:\/\/oeru.org\/learning-in-a-digital-age\/\">Apprendre \u00e0 l\u2019\u00e8re du num\u00e9rique<\/a>.<\/p>\n<p>Dans ce module, nous vous assistons dans la cr\u00e9ation des comptes n\u00e9cessaires \u00e0 la mise en place de votre environnement personnel d\u2019apprentissage. Ces ressources sont destin\u00e9es aux apprenants de l\u2019OERu qui s\u2019inscrivent \u00e0 un cours pour la premi\u00e8re fois, et nous vous recommandons de terminer ce module <b>avant<\/b> de commencer \u00e0 \u00e9tudier sur notre site.<br style=\"clear:both;\">\n<\/p>\n<p>\n<\/p>\n<div class=\"panel iDevice\">\n\t<div class=\"panel-heading idevice-heading\">\n\t\t<div>\n\t\t\t<img decoding=\"async\" class=\"pedagogicalicon\" alt=\"preknowledge\" src=\"https:\/\/course.oeru.org\/lida103-fr\/wp-content\/themes\/oeru-course\/idevices\/Icon_preknowledge.png\">\n\t\t<\/div>\n\t\t<div>\n\t\t\t<h2>Pr\u00e9requis<\/h2>\n\t\t<\/div>\n\t<\/div>\n\t<div class=\"panel-body\">\n\t\t<div class=\"col-md-12\">\n\t\t\t<\/p>\n<p>Pour valider ce cours, il vous faudra&nbsp;:\n<\/p>\n<ul>\n<li> publier des messages sur <a rel=\"nofollow\" class=\"external text\" href=\"https:\/\/mastodon.oeru.org\">mastodon.oeru.org<\/a>\n<\/li>\n<li> publier des commentaires et participer aux discussions sur la page <a rel=\"nofollow\" class=\"external text\" href=\"https:\/\/forums.oeru.org\/t\/lida103fr-avez-vous-des-questions\/2599\">forums.oeru.org<\/a>\n<\/li>\n<li> Post annotations using <a rel=\"nofollow\" class=\"external text\" href=\"https:\/\/web.hypothes.is\/\">Hypothes.is<\/a>\n<\/li>\n<li> partager des liens vers des ressources en ligne sur la page <a rel=\"nofollow\" class=\"external text\" href=\"https:\/\/bookmarks.oeru.org\/\">bookmarks.oeru.org<\/a>\n<\/li>\n<li> g\u00e9rer votre blog de cours personnel.\n<\/li>\n<\/ul>\n<p>\n<\/p>\n<p>\n\t\t<\/div>\n\t<\/div>\n<\/div>\n<p>\n<\/p>\n<div class=\"panel iDevice\">\n\t<div class=\"panel-heading idevice-heading\">\n\t\t<div>\n\t\t\t<img decoding=\"async\" class=\"pedagogicalicon\" alt=\"objectives\" src=\"https:\/\/course.oeru.org\/lida103-fr\/wp-content\/themes\/oeru-course\/idevices\/Icon_objectives.png\">\n\t\t<\/div>\n\t\t<div>\n\t\t\t<h2>Objectifs<\/h2>\n\t\t<\/div>\n\t<\/div>\n\t<div class=\"panel-body\">\n\t\t<div class=\"col-md-12\">\n\t\t\t<\/p>\n<p>Apr\u00e8s avoir valid\u00e9 ce module introductif, vous serez en mesure d\u2019utiliser notre plate-forme d\u2019apprentissage en ligne, dont le fonctionnement repose sur de nombreux autres sites, afin d\u2019\u00e9toffer vos connaissances. Avec ce module, vous apprenez \u00e0&nbsp;:\n<\/p>\n<ul>\n<li> cr\u00e9er, sur les diff\u00e9rents sites Web concern\u00e9s, le compte utilisateur dont vous avez besoin pour vous lancer dans l\u2019exp\u00e9rience d\u2019apprentissage de l\u2019OERu&nbsp;;\n<\/li>\n<li> exp\u00e9rimenter les diff\u00e9rentes plates-formes, en mettant ces outils en pratique lors de courtes activit\u00e9s.\n<\/li>\n<\/ul>\n<p>\n<\/p>\n<p>\n\t\t<\/div>\n\t<\/div>\n<\/div>\n<p><!-- \nNewPP limit report\nCPU time usage: 0.032 seconds\nReal time usage: 0.037 seconds\nPreprocessor visited node count: 242\/1000000\nPreprocessor generated node count: 920\/1000000\nPost\u2010expand include size: 8533\/2097152 bytes\nTemplate argument size: 2453\/2097152 bytes\nHighest expansion depth: 8\/40\nExpensive parser function count: 0\/100\n--><\/p>\n<p><!-- Saved in parser cache with key we_en-mw_:pcache:idhash:188456-0!*!*!*!*!2!* and timestamp 20230802220722 and revision id 1085728\n -->\n<\/div>\n<div class=\"visualClear\"><\/div>\n<\/p><\/div>\n<\/p><\/div>\n<\/div>\n<\/div>\n<\/div>\n<div class=\"row\">\n<div class=\"col-md-12\">\n<ul class=\"pager\">\n<li class=\"previous\">\n            <a href=\"\/lida103-fr\/communications\/fil-dactualite-du-cours\">\u2190 Pr\u00e9c\u00e9dent<\/a>\n          <\/li>\n<li class=\"next\">\n            <a href=\"\/lida103-fr\/modules\/premiers-pas\/plate-forme-de-loeru\">Suivant \u2192<\/a>\n          <\/li>\n<\/ul><\/div>\n<\/p><\/div>\n<div id=\"wenote-ids\"><script type='text\/javascript' id='wenotes-ids'>\n    var WEnotesSite = \"https:\/\/wikieducator.org\";\n    var WEnotesPath = \"\/Learning_in_a_digital_age\/LiDA103_fr\/Orientation\/Overview\";\n    var WEnotesSiteID = \"0e3d258fbd36841f92259eefcd41d5e9\";\n    var WEnotesPathID = \"376d64ce18e6040202474cb96ce4c6d0\";\n    var WEnotesIDs = { site: \"https:\/\/wikieducator.org\", path: \"\/Learning_in_a_digital_age\/LiDA103_fr\/Orientation\/Overview\", site_id: \"0e3d258fbd36841f92259eefcd41d5e9\", path_id: \"376d64ce18e6040202474cb96ce4c6d0\" };\n<\/script><\/div>\n<\/div>\n<footer><\/footer>\n","protected":false},"excerpt":{"rendered":"<p>Bienvenue dans le cours \u00c9ducation ouverte, droit d\u2019auteur et licences ouvertes Creative Commons dans un monde num\u00e9rique (LiDA103fr). Il constitue l\u2019un des volets de la formation de l\u2019OERu intitul\u00e9e Apprendre \u00e0 l\u2019\u00e8re du num\u00e9rique. Dans ce module, nous vous assistons dans la cr\u00e9ation des comptes n\u00e9cessaires \u00e0 la mise en place de votre environnement personnel [&hellip;]<\/p>\n","protected":false},"author":1,"featured_media":0,"parent":14104,"menu_order":0,"comment_status":"closed","ping_status":"closed","template":"","meta":{"footnotes":""},"class_list":["post-14106","page","type-page","status-publish","hentry"],"_links":{"self":[{"href":"https:\/\/course.oeru.org\/lida103-fr\/wp-json\/wp\/v2\/pages\/14106","targetHints":{"allow":["GET"]}}],"collection":[{"href":"https:\/\/course.oeru.org\/lida103-fr\/wp-json\/wp\/v2\/pages"}],"about":[{"href":"https:\/\/course.oeru.org\/lida103-fr\/wp-json\/wp\/v2\/types\/page"}],"author":[{"embeddable":true,"href":"https:\/\/course.oeru.org\/lida103-fr\/wp-json\/wp\/v2\/users\/1"}],"replies":[{"embeddable":true,"href":"https:\/\/course.oeru.org\/lida103-fr\/wp-json\/wp\/v2\/comments?post=14106"}],"version-history":[{"count":1,"href":"https:\/\/course.oeru.org\/lida103-fr\/wp-json\/wp\/v2\/pages\/14106\/revisions"}],"predecessor-version":[{"id":14107,"href":"https:\/\/course.oeru.org\/lida103-fr\/wp-json\/wp\/v2\/pages\/14106\/revisions\/14107"}],"up":[{"embeddable":true,"href":"https:\/\/course.oeru.org\/lida103-fr\/wp-json\/wp\/v2\/pages\/14104"}],"wp:attachment":[{"href":"https:\/\/course.oeru.org\/lida103-fr\/wp-json\/wp\/v2\/media?parent=14106"}],"curies":[{"name":"wp","href":"https:\/\/api.w.org\/{rel}","templated":true}]}}