{"id":14108,"date":"2023-08-03T03:17:23","date_gmt":"2023-08-03T03:17:23","guid":{"rendered":"https:\/\/course.oeru.org\/lida103-fr\/?page_id=14108"},"modified":"2023-08-03T03:17:23","modified_gmt":"2023-08-03T03:17:23","slug":"plate-forme-de-loeru","status":"publish","type":"page","link":"https:\/\/course.oeru.org\/lida103-fr\/modules\/premiers-pas\/plate-forme-de-loeru\/","title":{"rendered":"Plate-forme de l&rsquo;OERu"},"content":{"rendered":"<div id=\"content\" class=\"mw-body container\" role=\"main\">\n<div class=\"row\">\n<div class=\"col-md-12\">\n<div class=\"panel\">\n<div class=\"panel-body\">\n<div id=\"bodyContent\">\n<div id=\"mw-content-text\" lang=\"en\" dir=\"ltr\" class=\"mw-content-ltr\">\n<p>\n<\/p>\n<div class=\"floatright\"><a href=\"https:\/\/wikieducator.org\/File:Play-stone-network.jpg\" class=\"image\"><img loading=\"lazy\" decoding=\"async\" alt=\"Play-stone-network.jpg\" src=\"\/\/wikieducator.org\/images\/thumb\/6\/60\/Play-stone-network.jpg\/320px-Play-stone-network.jpg\" width=\"320\" height=\"213\" class=\"img-responsive\"><\/a><\/div>\n<p>L\u2019OERu est convaincue que c\u2019est en apprenant \u00e0 <i>\u00e9tudier sur Internet<\/i> plut\u00f4t que sur un <i>site Web unique et ferm\u00e9<\/i> que les apprenants du XXI\u00e8me si\u00e8cle se pr\u00e9pareront efficacement aux futurs num\u00e9riques. La plate-forme informatique de l\u2019OERu est un r\u00e9seau d\u2019environnements personnels d\u2019apprentissage qui relie les participants et leur permet d\u2019acc\u00e9der \u00e0 des ressources en ligne.<br style=\"clear:both;\"><\/p>\n<h2><span class=\"mw-headline\" id=\"Environnement_informatique_de_l.E2.80.99OERu\">Environnement informatique de l\u2019OERu<\/span><\/h2>\n<p>\u00c0 l\u2019OERu, la notion de \u00ab&nbsp;libre acc\u00e8s&nbsp;\u00bb signifie que les apprenants doivent pouvoir acc\u00e9der \u00e0 tous les supports p\u00e9dagogiques sans avoir besoin d\u2019inscription ou de mot de passe (contrairement \u00e0 de nombreux sites Web qui exigent la cr\u00e9ation d\u2019un compte pour acc\u00e9der aux contenus). Les apprenants peuvent consulter tous les contenus de l\u2019OERu, ainsi que les contributions des membres, sans avoir besoin de cr\u00e9er un compte. Vous aurez cependant de bonnes raisons de vous inscrire&nbsp;! En effet, la cr\u00e9ation d\u2019un compte est n\u00e9cessaire pour publier des commentaires ou des contributions sur les sites Web que nous h\u00e9bergeons (nous estimons en effet que les commentaires anonymes nuisent \u00e0 la convivialit\u00e9 et favorisent les spams). La cr\u00e9ation d\u2019un compte vous permet aussi de mieux contr\u00f4ler votre participation \u00e0 l\u2019OERu et de personnaliser vos interactions avec nous via diff\u00e9rents moyens.\n<\/p>\n<p>L\u2019environnement d\u2019apprentissage de l\u2019OERu est organis\u00e9 autour de trois volets principaux&nbsp;:\n<\/p>\n<ol>\n<li> un site Web de cours en libre acc\u00e8s, h\u00e9berg\u00e9 \u00e0 l\u2019adresse course.oeru.org, qui contient l\u2019ensemble des supports d\u2019apprentissage \u2013 comme le site <a rel=\"nofollow\" class=\"external free\" href=\"https:\/\/course.oeru.org\/lida103-fr\/\">https:\/\/course.oeru.org\/lida103-fr\/<\/a>&nbsp;;\n<\/li>\n<li> une s\u00e9lection des meilleurs m\u00e9dias sociaux en open source permettant aux apprenants de publier des commentaires et d\u2019\u00e9changer entre eux, \u00e9num\u00e9r\u00e9s ci-dessous dans le diagramme des solutions informatiques adopt\u00e9es par l\u2019OERu&nbsp;;\n<\/li>\n<li> un fil d\u2019actualit\u00e9 du cours, qui agr\u00e8ge et centralise sur chaque site de cours les publications et les contributions pertinentes effectu\u00e9es \u00e0 partir des diff\u00e9rents m\u00e9dias sociaux \u2013 voir le <a href=\"\/lida103-fr\/communications\/fil-dactualite-du-cours\" title=\"Learning in a digital age\/LiDA103 fr\/Feed\">fil d\u2019actualit\u00e9 du cours<\/a> LiDA103fr.\n<\/li>\n<\/ol>\n<div class=\"center\">\n<div class=\"floatnone\"><a href=\"https:\/\/wikieducator.org\/File:OERu-Technology_Wheel-FR.png\" class=\"image\"><img loading=\"lazy\" decoding=\"async\" alt=\"OERu-Technology Wheel-FR.png\" src=\"\/\/wikieducator.org\/images\/8\/8c\/OERu-Technology_Wheel-FR.png\" width=\"650\" height=\"430\" class=\"img-responsive\"><\/a><\/div>\n<\/div>\n<p><br style=\"clear:both;\"><br \/>\n<div class=\"panel iDevice\">\n\t<div class=\"panel-heading idevice-heading\">\n\t\t<div>\n\t\t\t<img decoding=\"async\" class=\"pedagogicalicon\" alt=\"activity\" src=\"https:\/\/course.oeru.org\/lida103-fr\/wp-content\/themes\/oeru-course\/idevices\/Icon_activity.png\">\n\t\t<\/div>\n\t\t<div>\n\t\t\t<h2>Activit\u00e9&nbsp;:  Ajoutez \u00e0 vos favoris les m\u00e9dias sociaux utilis\u00e9s par la plate-forme de l\u2019OERu<\/h2>\n\t\t<\/div>\n\t<\/div>\n\t<div class=\"panel-body\">\n\t\t<div class=\"col-md-12\">\n\t\t\t<\/p>\n<p><b>Objectif<\/b>:  Obtenir une vue d\u2019ensemble de l\u2019environnement d\u2019apprentissage de l\u2019OERu en visitant les sites Web de la plate-forme et en les ajoutant \u00e0 ses favoris, afin de faciliter la navigation.\n<\/p>\n<p><b>Ressources<\/b>&nbsp;:\n<\/p>\n<ol>\n<li> Comment ajouter un site Web \u00e0 vos favoris, vos signets ou vos marque-pages sur&nbsp;:\n<ul>\n<li> <a rel=\"nofollow\" class=\"external text\" href=\"https:\/\/support.google.com\/chrome\/answer\/188842?co=GENIE.Platform%3DDesktop&amp;hl=fr\">Google Chrome<\/a>\n<\/li>\n<li> <a rel=\"nofollow\" class=\"external text\" href=\"https:\/\/support.mozilla.org\/fr\/kb\/marque-pages-firefox\">Firefox<\/a>\n<\/li>\n<li> <a rel=\"nofollow\" class=\"external text\" href=\"https:\/\/support.apple.com\/fr-fr\/guide\/safari\/ibrw1039\/mac\">Safari<\/a>\n<\/li>\n<li> <a rel=\"nofollow\" class=\"external text\" href=\"https:\/\/www.gcflearnfree.org\/internetexplorer\/adding-and-managing-favorites\/1\/\">Internet Explorer<\/a> (en anglais seulement)\n<\/li>\n<li> <a rel=\"nofollow\" class=\"external text\" href=\"https:\/\/support.microsoft.com\/fr-fr\/microsoft-edge\/ajouter-un-site-%C3%A0-mes-favoris-dans-microsoft-edge-eb40d818-fd1f-cb19-d943-6fcfd1d9a935\">Microsoft Edge<\/a>\n<\/li>\n<\/ul>\n<\/li>\n<\/ol>\n<p><b>Exercices<\/b>\n<\/p>\n<ol>\n<li> Visitez chacun des sites Web figurant dans le tableau ci-dessous et ajoutez-les aux favoris\/signets\/marque-pages de votre navigateur. (Pensez \u00e0 cr\u00e9er un dossier \u00ab&nbsp;OERu&nbsp;\u00bb pour enregistrer ces favoris).\n<\/li>\n<li> Prenez connaissance du <a rel=\"nofollow\" class=\"external text\" href=\"https:\/\/course.oeru.org\/support\/studying-courses\/course-feed\/#Anatomy_of_the_course_feed\">fonctionnement du fil d\u2019actualit\u00e9 d\u2019un cours de l\u2019OERu<\/a>.\n<\/li>\n<li> Consultez le <a href=\"\/lida103-fr\/communications\/fil-dactualite-du-cours\" title=\"Learning in a digital age\/LiDA103 fr\/Feed\"> fil d\u2019actualit\u00e9 du cours<\/a> LiDA103fr et essayez d\u2019identifier au moins trois sources diff\u00e9rentes de publication.\n<\/li>\n<\/ol>\n<p>\n<\/p>\n<table class=\"oeru1 table table-striped\">\n<tbody>\n<tr>\n<th>Site et lien<\/th>\n<th>Objectif<\/th>\n<\/tr>\n<tr>\n<td><b>Site du cours<\/b><br \/><a rel=\"nofollow\" class=\"external free\" href=\"https:\/\/course.oeru.org\/lida103-fr\/\">https:\/\/course.oeru.org\/lida103-fr\/<\/a><\/td>\n<td>Acc\u00e9der aux supports p\u00e9dagogiques, consignes, activit\u00e9s et \u00e9valuations<\/td>\n<\/tr>\n<tr>\n<td><b>R\u00e9seau social<\/b><br \/><a rel=\"nofollow\" class=\"external free\" href=\"https:\/\/mastodon.oeru.org\">https:\/\/mastodon.oeru.org<\/a><\/td>\n<td>Commenter le cours en utilisant des mots-di\u00e8se et des conversations parall\u00e8les au sein de la communaut\u00e9 d\u2019apprentissage de l\u2019OERu<\/td>\n<\/tr>\n<tr>\n<td><b>Forums de discussion<\/b><br \/><a rel=\"nofollow\" class=\"external free\" href=\"https:\/\/forums.oeru.org\/tag\/lida103fr\">https:\/\/forums.oeru.org\/tag\/lida103fr<\/a><\/td>\n<td>D\u00e9battre du cours et publier des questions sur un site Web<\/td>\n<\/tr>\n<tr>\n<td><b>Annotations<\/b><br \/><a rel=\"nofollow\" class=\"external free\" href=\"https:\/\/web.hypothes.is\/\">https:\/\/web.hypothes.is\/<\/a><\/td>\n<td>Annoter et commenter n\u2019importe quelle page Web<\/td>\n<\/tr>\n<tr>\n<td><b>M\u00e9diath\u00e8que<\/b><br \/><a rel=\"nofollow\" class=\"external free\" href=\"https:\/\/bookmarks.oeru.org\">https:\/\/bookmarks.oeru.org<\/a><\/p>\n<\/td>\n<td>Partager des liens vers des ressources utiles en acc\u00e8s libre trouv\u00e9es dans le cadre des recherches en ligne effectu\u00e9es par les apprenants pour \u00e9toffer leurs connaissances<\/td>\n<\/tr>\n<\/tbody>\n<\/table>\n<p>\n<\/p>\n<p>\n\t\t<\/div>\n\t<\/div>\n<\/div><\/p>\n<p><!-- \nNewPP limit report\nCPU time usage: 0.029 seconds\nReal time usage: 0.035 seconds\nPreprocessor visited node count: 106\/1000000\nPreprocessor generated node count: 850\/1000000\nPost\u2010expand include size: 12595\/2097152 bytes\nTemplate argument size: 5556\/2097152 bytes\nHighest expansion depth: 8\/40\nExpensive parser function count: 0\/100\n--><\/p>\n<p><!-- Saved in parser cache with key we_en-mw_:pcache:idhash:188458-0!*!0!*!*!2!* and timestamp 20230802220723 and revision id 1086035\n -->\n<\/div>\n<div class=\"visualClear\"><\/div>\n<\/p><\/div>\n<\/p><\/div>\n<\/div>\n<\/div>\n<\/div>\n<div class=\"row\">\n<div class=\"col-md-12\">\n<ul class=\"pager\">\n<li class=\"previous\">\n            <a href=\"\/lida103-fr\/modules\/premiers-pas\/apercu\">\u2190 Pr\u00e9c\u00e9dent<\/a>\n          <\/li>\n<li class=\"next\">\n            <a href=\"\/lida103-fr\/modules\/premiers-pas\/reseau-social-de-loeru\">Suivant \u2192<\/a>\n          <\/li>\n<\/ul><\/div>\n<\/p><\/div>\n<div id=\"wenote-ids\"><script type='text\/javascript' id='wenotes-ids'>\n    var WEnotesSite = \"https:\/\/wikieducator.org\";\n    var WEnotesPath = \"\/Learning_in_a_digital_age\/LiDA103_fr\/Orientation\/Platform\";\n    var WEnotesSiteID = \"0e3d258fbd36841f92259eefcd41d5e9\";\n    var WEnotesPathID = \"529b76c474ac285a1dc4a7e22cd9ebb9\";\n    var WEnotesIDs = { site: \"https:\/\/wikieducator.org\", path: \"\/Learning_in_a_digital_age\/LiDA103_fr\/Orientation\/Platform\", site_id: \"0e3d258fbd36841f92259eefcd41d5e9\", path_id: \"529b76c474ac285a1dc4a7e22cd9ebb9\" };\n<\/script><\/div>\n<\/div>\n<footer><\/footer>\n","protected":false},"excerpt":{"rendered":"<p>L\u2019OERu est convaincue que c\u2019est en apprenant \u00e0 \u00e9tudier sur Internet plut\u00f4t que sur un site Web unique et ferm\u00e9 que les apprenants du XXI\u00e8me si\u00e8cle se pr\u00e9pareront efficacement aux futurs num\u00e9riques. La plate-forme informatique de l\u2019OERu est un r\u00e9seau d\u2019environnements personnels d\u2019apprentissage qui relie les participants et leur permet d\u2019acc\u00e9der \u00e0 des ressources en [&hellip;]<\/p>\n","protected":false},"author":1,"featured_media":0,"parent":14104,"menu_order":0,"comment_status":"closed","ping_status":"closed","template":"","meta":{"footnotes":""},"class_list":["post-14108","page","type-page","status-publish","hentry"],"_links":{"self":[{"href":"https:\/\/course.oeru.org\/lida103-fr\/wp-json\/wp\/v2\/pages\/14108","targetHints":{"allow":["GET"]}}],"collection":[{"href":"https:\/\/course.oeru.org\/lida103-fr\/wp-json\/wp\/v2\/pages"}],"about":[{"href":"https:\/\/course.oeru.org\/lida103-fr\/wp-json\/wp\/v2\/types\/page"}],"author":[{"embeddable":true,"href":"https:\/\/course.oeru.org\/lida103-fr\/wp-json\/wp\/v2\/users\/1"}],"replies":[{"embeddable":true,"href":"https:\/\/course.oeru.org\/lida103-fr\/wp-json\/wp\/v2\/comments?post=14108"}],"version-history":[{"count":1,"href":"https:\/\/course.oeru.org\/lida103-fr\/wp-json\/wp\/v2\/pages\/14108\/revisions"}],"predecessor-version":[{"id":14109,"href":"https:\/\/course.oeru.org\/lida103-fr\/wp-json\/wp\/v2\/pages\/14108\/revisions\/14109"}],"up":[{"embeddable":true,"href":"https:\/\/course.oeru.org\/lida103-fr\/wp-json\/wp\/v2\/pages\/14104"}],"wp:attachment":[{"href":"https:\/\/course.oeru.org\/lida103-fr\/wp-json\/wp\/v2\/media?parent=14108"}],"curies":[{"name":"wp","href":"https:\/\/api.w.org\/{rel}","templated":true}]}}