{"id":14110,"date":"2023-08-03T03:17:25","date_gmt":"2023-08-03T03:17:25","guid":{"rendered":"https:\/\/course.oeru.org\/lida103-fr\/?page_id=14110"},"modified":"2023-08-03T03:17:25","modified_gmt":"2023-08-03T03:17:25","slug":"reseau-social-de-loeru","status":"publish","type":"page","link":"https:\/\/course.oeru.org\/lida103-fr\/modules\/premiers-pas\/reseau-social-de-loeru\/","title":{"rendered":"R\u00e9seau social de l&rsquo;OERu"},"content":{"rendered":"<div id=\"content\" class=\"mw-body container\" role=\"main\">\n<div class=\"row\">\n<div class=\"col-md-12\">\n<div class=\"panel\">\n<div class=\"panel-body\">\n<div id=\"bodyContent\">\n<div id=\"mw-content-text\" lang=\"en\" dir=\"ltr\" class=\"mw-content-ltr\">\n<p>\n<\/p>\n<div class=\"floatright\"><a href=\"https:\/\/wikieducator.org\/File:Hashtag-on-blue.png\" class=\"image\"><img loading=\"lazy\" decoding=\"async\" alt=\"Hashtag-on-blue.png\" src=\"\/\/wikieducator.org\/images\/thumb\/8\/84\/Hashtag-on-blue.png\/320px-Hashtag-on-blue.png\" width=\"320\" height=\"197\" class=\"img-responsive\"><\/a><\/div>\n<p>L\u2019OERu h\u00e9berge son propre r\u00e9seau social d\u2019apprentissage \u00e0 l\u2019adresse <a rel=\"nofollow\" class=\"external text\" href=\"https:\/\/mastodon.oeru.org\/\">mastodon.oeru.org<\/a> pour organiser des activit\u00e9s sp\u00e9cifiques aux cours et permettre \u00e0 ses apprenants de communiquer en parall\u00e8le. Une communication parall\u00e8le est une conversation en r\u00e9seau se d\u00e9roulant en marge des conversations principales du cours. Pour publier des commentaires en lien avec le cours, vous devez savoir utiliser le mot-di\u00e8se du cours <b>#LiDA103fr<\/b> dans vos messages \u00ab&nbsp;pouets&nbsp;\u00bb. <br style=\"clear:both;\"><br \/>\n<div class=\"panel iDevice\">\n\t<div class=\"panel-heading idevice-heading\">\n\t\t<div>\n\t\t\t<img decoding=\"async\" class=\"pedagogicalicon\" alt=\"media\" src=\"https:\/\/course.oeru.org\/lida103-fr\/wp-content\/themes\/oeru-course\/idevices\/Icon_multimedia.png\">\n\t\t<\/div>\n\t\t<div>\n\t\t\t<h2>Qu\u2019est-ce que le r\u00e9seau social Mastodon&nbsp;?<\/h2>\n\t\t<\/div>\n\t<\/div>\n\t<div class=\"panel-body\">\n\t\t<div class=\"col-md-12\">\n\t\t\t<\/p>\n<p><a href=\"http:\/\/en.wikipedia.org\/wiki\/fr:Mastodon_(r%C3%A9seau_social)\" class=\"extiw\" title=\"w:fr:Mastodon (r\u00e9seau social)\">Mastodon<\/a> est un r\u00e9seau social f\u00e9d\u00e9r\u00e9 proposant des fonctionnalit\u00e9s semblables \u00e0 celles de Twitter. En tant que logiciel f\u00e9d\u00e9r\u00e9, il est administr\u00e9 de mani\u00e8re ind\u00e9pendante par de nombreux serveurs en open source \u00e0 travers le monde, appel\u00e9s instances, plut\u00f4t que par un seul fournisseur commercial. L\u2019instance de Mastodon de l\u2019OERu est h\u00e9berg\u00e9e \u00e0 l\u2019adresse <a rel=\"nofollow\" class=\"external text\" href=\"https:\/\/mastodon.oeru.org\">mastodon.oeru.org<\/a>.\n<\/p>\n\n<div data-mode=\"normal\" data-oembed=\"1\" data-provider=\"vimeo\" id=\"arve-vimeo-557881457\" style=\"max-width:960px;\" class=\"arve aligncenter\">\n\t<div class=\"arve-inner\">\n\t\t<div style=\"aspect-ratio:500\/281\" class=\"arve-embed arve-embed--has-aspect-ratio\">\n\t\t\t<div class=\"arve-ar\" style=\"padding-top:56.200000%\"><\/div>\n\t\t\t<iframe allow=\"accelerometer &apos;none&apos;;autoplay &apos;none&apos;;bluetooth &apos;none&apos;;browsing-topics &apos;none&apos;;camera &apos;none&apos;;clipboard-read &apos;none&apos;;clipboard-write;display-capture &apos;none&apos;;encrypted-media &apos;none&apos;;gamepad &apos;none&apos;;geolocation &apos;none&apos;;gyroscope &apos;none&apos;;hid &apos;none&apos;;identity-credentials-get &apos;none&apos;;idle-detection &apos;none&apos;;keyboard-map &apos;none&apos;;local-fonts;magnetometer &apos;none&apos;;microphone &apos;none&apos;;midi &apos;none&apos;;otp-credentials &apos;none&apos;;payment &apos;none&apos;;picture-in-picture;publickey-credentials-create &apos;none&apos;;publickey-credentials-get &apos;none&apos;;screen-wake-lock &apos;none&apos;;serial &apos;none&apos;;summarizer &apos;none&apos;;sync-xhr;usb &apos;none&apos;;web-share;window-management &apos;none&apos;;xr-spatial-tracking &apos;none&apos;;\" allowfullscreen=\"\" class=\"arve-iframe fitvidsignore\" credentialless data-arve=\"arve-vimeo-557881457\" data-lenis-prevent=\"\" data-src-no-ap=\"https:\/\/player.vimeo.com\/video\/557881457?dnt=1&amp;app_id=122963&amp;transparent=0&amp;title=0&amp;byline=0&amp;portrait=0&amp;amp;byline=0&amp;amp;portrait=0&amp;amp;&amp;autoplay=0#t=0s\" frameborder=\"0\" height=\"539.52\" loading=\"lazy\" name=\"\" referrerpolicy=\"strict-origin-when-cross-origin\" sandbox=\"allow-scripts allow-same-origin allow-presentation allow-popups allow-popups-to-escape-sandbox allow-forms\" scrolling=\"no\" src=\"https:\/\/player.vimeo.com\/video\/557881457?dnt=1&#038;app_id=122963&#038;transparent=0&#038;title=0&#038;byline=0&#038;portrait=0&#038;byline=0&#038;portrait=0&#038;&#038;autoplay=0#t=0s\" title=\"\" width=\"960\"><\/iframe>\n\t\t\t\n\t\t<\/div>\n\t\t\n\t<\/div>\n\t\n\t\n\t<script type=\"application\/ld+json\">{\"@context\":\"http:\\\/\\\/schema.org\\\/\",\"@id\":\"https:\\\/\\\/course.oeru.org\\\/lida103-fr\\\/modules\\\/premiers-pas\\\/reseau-social-de-loeru\\\/#arve-vimeo-557881457\",\"type\":\"VideoObject\",\"embedURL\":\"https:\\\/\\\/player.vimeo.com\\\/video\\\/557881457?dnt=1&app_id=122963&transparent=0&title=0&byline=0&portrait=0&amp;byline=0&amp;portrait=0&amp;&autoplay=0#t=0s\"}<\/script>\n\t\n<\/div>\n<p>\n<small>(Cette vid\u00e9o est sous-titr\u00e9e en fran\u00e7ais.)<\/small>\n<\/p>\n<p>\n<\/p>\n<p>\n\t\t<\/div>\n\t<\/div>\n<\/div><\/p>\n<p>\n<\/p>\n<h2><span class=\"mw-headline\" id=\"Utilisation_des_mots-di.C3.A8se\">Utilisation des mots-di\u00e8se<\/span><\/h2>\n<p>De nombreuses plates-formes, par exemple les blogs ou les forums, proposent un champ permettant d\u2019apposer une \u00e9tiquette (ou tag) aux articles ou aux messages, tandis que d\u2019autres applications utilisent des \u00e9tiquettes particuli\u00e8res appel\u00e9es \u00ab&nbsp;mots-di\u00e8se&nbsp;\u00bb (ou hashtags) qui sont int\u00e9gr\u00e9es au corps du texte.\n<\/p>\n<ul>\n<li> Les <b>\u00e9tiquettes<\/b> (ou tags) sont des mots-cl\u00e9s cr\u00e9\u00e9s par les utilisateurs et appos\u00e9s aux publications et aux commentaires. Les \u00e9tiquettes permettent de rechercher les publications et les commentaires qui utilisent la m\u00eame \u00e9tiquette. Comme elles sont lisibles par les machines, elles aident aussi les plates-formes \u00e0 g\u00e9n\u00e9rer automatiquement des nuages d\u2019\u00e9tiquettes ou \u00e0 filtrer les messages selon leur \u00e9tiquette.\n<\/li>\n<li> Les <b>mots-di\u00e8se<\/b> (ou hashtags) sont pr\u00e9c\u00e9d\u00e9s du signe di\u00e8se (\u00ab&nbsp;#&nbsp;\u00bb) et ne contiennent aucun espace, par exemple  \u00ab&nbsp;#LiDA103fr&nbsp;\u00bb. De nombreux m\u00e9dias sociaux permettent d\u2019utiliser les mots-di\u00e8se dans le corps d\u2019un message. Cela permet aux utilisateurs de rechercher les messages contenant un mot-di\u00e8se sp\u00e9cifique.\n<\/li>\n<\/ul>\n<p>Avec Mastodon, vous devez int\u00e9grer les mots-di\u00e8se au corps de votre message. Ainsi, si vous publiez un message concernant ce cours, vous devrez y inclure \u00ab&nbsp;#LiDA103fr&nbsp;\u00bb.  Ceci permet&nbsp;:\n<\/p>\n<ol>\n<li> de rechercher sur Mastodon tous les messages contenant un m\u00eame mot-di\u00e8se&nbsp;;\n<\/li>\n<li> \u00e0 la plate-forme OERu de \u00ab&nbsp;r\u00e9cup\u00e9rer&nbsp;\u00bb automatiquement votre message et de l\u2019inclure dans le <a href=\"\/lida103-fr\/communications\/fil-dactualite-du-cours\" title=\"Learning in a digital age\/LiDA103 fr\/Feed\">fil d\u2019actualit\u00e9 du cours<\/a>.\n<\/li>\n<\/ol>\n<p>Vous pouvez publier des messages sans mot-di\u00e8se, ce qui est utile pour d\u2019autres types de conversations telles que les conversations parall\u00e8les. Celles-ci ne seront alors pas affich\u00e9es dans le fil de cours.\n<\/p>\n<p>C\u2019est le moment d\u2019exp\u00e9rimenter le fonctionnement des mots-di\u00e8se avant d\u2019entamer votre formation avec l\u2019OERu. Nous allons vous montrer comment proc\u00e9der dans les activit\u00e9s suivantes.\n<\/p>\n<div class=\"panel iDevice\">\n\t<div class=\"panel-heading idevice-heading\">\n\t\t<div>\n\t\t\t<img decoding=\"async\" class=\"pedagogicalicon\" alt=\"activity\" src=\"https:\/\/course.oeru.org\/lida103-fr\/wp-content\/themes\/oeru-course\/idevices\/Icon_activity.png\">\n\t\t<\/div>\n\t\t<div>\n\t\t\t<h2>Activit\u00e9&nbsp;: Publiez un message \u00ab&nbsp;pouet&nbsp;\u00bb en utilisant le mot-di\u00e8se du cours<\/h2>\n\t\t<\/div>\n\t<\/div>\n\t<div class=\"panel-body\">\n\t\t<div class=\"col-md-12\">\n\t\t\t<\/p>\n<p><b>Objectif <\/b>: V\u00e9rifier que vous disposez des comp\u00e9tences num\u00e9riques n\u00e9cessaires pour publier un message \u00ab&nbsp;pouet&nbsp;\u00bb en utilisant le mot-di\u00e8se du cours.\n<\/p>\n<p><b>Ressources<\/b>\n<\/p>\n<ul>\n<li> Pour vous aider&nbsp;: <a rel=\"nofollow\" class=\"external text\" href=\"https:\/\/course.oeru.org\/support\/studying-courses\/oeru-social-network\/\">Getting started with the OERu social network (Premiers pas sur le r\u00e9seau social de l\u2019OERu)<\/a> (en anglais seulement)\n<\/li>\n<\/ul>\n<p><b>Exercices<\/b>\n<\/p>\n<ol>\n<li> <a rel=\"nofollow\" class=\"external text\" href=\"https:\/\/mastodon.oeru.org\/about\">Cr\u00e9ez un compte<\/a> sur mastodon.oeru.org (si vous n\u2019en avez pas d\u00e9j\u00e0 un).\n<\/li>\n<li> <b>Param\u00e9trez<\/b> your <a rel=\"nofollow\" class=\"external text\" href=\"https:\/\/mastodon.oeru.org\/settings\/profile\">votre profile<\/a> (n\u2019oubliez pas cette \u00e9tape, sinon votre nom et votre apparence ne seront pas d\u00e9finis dans le fil d\u2019actualit\u00e9 du cours).\n<ul>\n<li> <a rel=\"nofollow\" class=\"external text\" href=\"https:\/\/mastodon.oeru.org\/settings\/profile\">Choisissez<\/a> un nom public (la plupart des apprenants utilisent leur vrai nom).<br \/><a href=\"https:\/\/mastodon.oeru.org\/settings\/profile\" rel=\"nofollow\"><img loading=\"lazy\" decoding=\"async\" alt=\"Mastodon - Nom public.jpg\" src=\"\/\/wikieducator.org\/images\/9\/9f\/Mastodon_-_Nom_public.jpg\" width=\"419\" height=\"98\" class=\"img-responsive\"><\/a><br style=\"clear:both;\">\n<\/li>\n<li> <a rel=\"nofollow\" class=\"external text\" href=\"https:\/\/mastodon.oeru.org\/settings\/profile\">Chargez un avatar<\/a> ou une image de profil.<br \/><a href=\"https:\/\/mastodon.oeru.org\/settings\/profile\" rel=\"nofollow\"><img loading=\"lazy\" decoding=\"async\" alt=\"Mastodon - image de profil.jpg\" src=\"\/\/wikieducator.org\/images\/a\/ae\/Mastodon_-_image_de_profil.jpg\" width=\"398\" height=\"80\" class=\"img-responsive\"><\/a><br style=\"clear:both;\">\n<\/li>\n<li> Cliquez sur \u00ab&nbsp;enregistrer les modifications&nbsp;\u00bb.\n<\/li>\n<\/ul>\n<\/li>\n<li> D\u00e9finissez vos <a rel=\"nofollow\" class=\"external text\" href=\"https:\/\/mastodon.oeru.org\/settings\/preferences\/notifications\">pr\u00e9f\u00e9rences pour les notifications par courriel<\/a>  \u2013 nous vous recommandons de s\u00e9lectionner l\u2019option \u00ab&nbsp;envoyer un courriel lorsque quelqu\u2019un me mentionne&nbsp;\u00bb.\n<\/li>\n<li> La colonne \u00ab&nbsp;Accueil&nbsp;\u00bb affiche les messages pouets des personnes que vous suivez. Par d\u00e9faut, les nouveaux comptes suivent les administrateurs du site, afin que leur page d\u2019accueil ne soit pas vide lors de leur arriv\u00e9e sur le r\u00e9seau.\n<\/li>\n<li> Cliquez sur <a rel=\"nofollow\" class=\"external text\" href=\"https:\/\/mastodon.oeru.org\/web\/timelines\/public\/local\">\u00ab&nbsp;Fil public local&nbsp;\u00bb<\/a> pour voir les messages pouets des membres de l\u2019instance mastodon.oeru.org.<br \/><a href=\"https:\/\/mastodon.oeru.org\/web\/timelines\/public\/local\" rel=\"nofollow\"><img loading=\"lazy\" decoding=\"async\" alt=\"Mastodon - fil public local.jpg\" src=\"\/\/wikieducator.org\/images\/9\/9e\/Mastodon_-_fil_public_local.jpg\" width=\"331\" height=\"46\" class=\"img-responsive\"><\/a><br style=\"clear:both;\">\n<ul>\n<li> Trouvez quelques utilisateurs que vous souhaitez suivre et cliquez sur leur nom d\u2019utilisateur puis sur le bouton \u00ab&nbsp;Suivre&nbsp;\u00bb.\n<\/li>\n<\/ul>\n<\/li>\n<li> Publiez un message pouet et incluez le mot-di\u00e8se \u00ab&nbsp;<b>#LiDA103fr<\/b>&nbsp;\u00bb dans le corps de votre message en expliquant vos motivations pour suivre ce cours. Par exemple&nbsp;:\n<ul>\n<li> <i>Je me suis inscrit(e) au cours #LiDA103fr car &#8230;<\/i> (notez qu\u2019il n\u2019y a pas d\u2019espace entre le symbole \u00ab&nbsp;#&nbsp;\u00bb et le nom du cours).\n<\/li>\n<\/ul>\n<\/li>\n<li> Allez dans la barre de recherche, tapez \u00ab&nbsp;#LiDA103fr&nbsp;\u00bb et appuyez sur la touche entr\u00e9e pour <a rel=\"nofollow\" class=\"external text\" href=\"https:\/\/mastodon.oeru.org\/web\/timelines\/tag\/LiDA103fr\">voir tous les messages pouets<\/a> contenant ce mot-di\u00e8se. (Les r\u00e9sultats de la recherche apparaissent dans la derni\u00e8re colonne, avec un affichage large sous l\u2019en-t\u00eate #LiDA103fr.)\n<\/li>\n<\/ol>\n<p>\n<\/p>\n<p>\n\t\t<\/div>\n\t<\/div>\n<\/div>\n<p>\n<\/p>\n<p><!-- \nNewPP limit report\nCPU time usage: 0.045 seconds\nReal time usage: 0.054 seconds\nPreprocessor visited node count: 266\/1000000\nPreprocessor generated node count: 1209\/1000000\nPost\u2010expand include size: 18575\/2097152 bytes\nTemplate argument size: 7734\/2097152 bytes\nHighest expansion depth: 9\/40\nExpensive parser function count: 0\/100\n--><\/p>\n<p><!-- Saved in parser cache with key we_en-mw_:pcache:idhash:188459-0!*!0!*!*!2!* and timestamp 20230802220723 and revision id 1085706\n -->\n<\/div>\n<div class=\"visualClear\"><\/div>\n<\/p><\/div>\n<\/p><\/div>\n<\/div>\n<\/div>\n<\/div>\n<div class=\"row\">\n<div class=\"col-md-12\">\n<ul class=\"pager\">\n<li class=\"previous\">\n            <a href=\"\/lida103-fr\/modules\/premiers-pas\/plate-forme-de-loeru\">\u2190 Pr\u00e9c\u00e9dent<\/a>\n          <\/li>\n<li class=\"next\">\n            <a href=\"\/lida103-fr\/modules\/premiers-pas\/forums-de-loeru\">Suivant \u2192<\/a>\n          <\/li>\n<\/ul><\/div>\n<\/p><\/div>\n<div id=\"wenote-ids\"><script type='text\/javascript' id='wenotes-ids'>\n    var WEnotesSite = \"https:\/\/wikieducator.org\";\n    var WEnotesPath = \"\/Learning_in_a_digital_age\/LiDA103_fr\/Orientation\/Social_network\";\n    var WEnotesSiteID = \"0e3d258fbd36841f92259eefcd41d5e9\";\n    var WEnotesPathID = \"eb5feda51fa8a2a62813bf2125ef3cb5\";\n    var WEnotesIDs = { site: \"https:\/\/wikieducator.org\", path: \"\/Learning_in_a_digital_age\/LiDA103_fr\/Orientation\/Social_network\", site_id: \"0e3d258fbd36841f92259eefcd41d5e9\", path_id: \"eb5feda51fa8a2a62813bf2125ef3cb5\" };\n<\/script><\/div>\n<\/div>\n<footer><\/footer>\n","protected":false},"excerpt":{"rendered":"<p>L\u2019OERu h\u00e9berge son propre r\u00e9seau social d\u2019apprentissage \u00e0 l\u2019adresse mastodon.oeru.org pour organiser des activit\u00e9s sp\u00e9cifiques aux cours et permettre \u00e0 ses apprenants de communiquer en parall\u00e8le. Une communication parall\u00e8le est une conversation en r\u00e9seau se d\u00e9roulant en marge des conversations principales du cours. Pour publier des commentaires en lien avec le cours, vous devez savoir [&hellip;]<\/p>\n","protected":false},"author":1,"featured_media":0,"parent":14104,"menu_order":0,"comment_status":"closed","ping_status":"closed","template":"","meta":{"footnotes":""},"class_list":["post-14110","page","type-page","status-publish","hentry"],"_links":{"self":[{"href":"https:\/\/course.oeru.org\/lida103-fr\/wp-json\/wp\/v2\/pages\/14110","targetHints":{"allow":["GET"]}}],"collection":[{"href":"https:\/\/course.oeru.org\/lida103-fr\/wp-json\/wp\/v2\/pages"}],"about":[{"href":"https:\/\/course.oeru.org\/lida103-fr\/wp-json\/wp\/v2\/types\/page"}],"author":[{"embeddable":true,"href":"https:\/\/course.oeru.org\/lida103-fr\/wp-json\/wp\/v2\/users\/1"}],"replies":[{"embeddable":true,"href":"https:\/\/course.oeru.org\/lida103-fr\/wp-json\/wp\/v2\/comments?post=14110"}],"version-history":[{"count":1,"href":"https:\/\/course.oeru.org\/lida103-fr\/wp-json\/wp\/v2\/pages\/14110\/revisions"}],"predecessor-version":[{"id":14111,"href":"https:\/\/course.oeru.org\/lida103-fr\/wp-json\/wp\/v2\/pages\/14110\/revisions\/14111"}],"up":[{"embeddable":true,"href":"https:\/\/course.oeru.org\/lida103-fr\/wp-json\/wp\/v2\/pages\/14104"}],"wp:attachment":[{"href":"https:\/\/course.oeru.org\/lida103-fr\/wp-json\/wp\/v2\/media?parent=14110"}],"curies":[{"name":"wp","href":"https:\/\/api.w.org\/{rel}","templated":true}]}}