{"id":14112,"date":"2023-08-03T03:17:27","date_gmt":"2023-08-03T03:17:27","guid":{"rendered":"https:\/\/course.oeru.org\/lida103-fr\/?page_id=14112"},"modified":"2023-08-03T03:17:27","modified_gmt":"2023-08-03T03:17:27","slug":"forums-de-loeru","status":"publish","type":"page","link":"https:\/\/course.oeru.org\/lida103-fr\/modules\/premiers-pas\/forums-de-loeru\/","title":{"rendered":"Forums de l&rsquo;OERu"},"content":{"rendered":"<div id=\"content\" class=\"mw-body container\" role=\"main\">\n<div class=\"row\">\n<div class=\"col-md-12\">\n<div class=\"panel\">\n<div class=\"panel-body\">\n<div id=\"bodyContent\">\n<div id=\"mw-content-text\" lang=\"en\" dir=\"ltr\" class=\"mw-content-ltr\">\n<div class=\"floatright\"><a href=\"https:\/\/wikieducator.org\/File:Head-silhouette-information.jpg\" class=\"image\"><img loading=\"lazy\" decoding=\"async\" alt=\"Head-silhouette-information.jpg\" src=\"\/\/wikieducator.org\/images\/thumb\/d\/d5\/Head-silhouette-information.jpg\/320px-Head-silhouette-information.jpg\" width=\"320\" height=\"213\" class=\"img-responsive\"><\/a><\/div>\n<p>Les <a rel=\"nofollow\" class=\"external text\" href=\"https:\/\/forums.oeru.org\">forums en ligne des cours de l\u2019OERu<\/a> offrent aux apprenants la possibilit\u00e9 d\u2019\u00e9changer avec leurs pairs sur des concepts et des questions en lien avec leur formation. Vous \u00eates invit\u00e9s \u00e0 cr\u00e9er un compte et \u00e0 param\u00e9trer votre profil \u00e0 l\u2019adresse <a rel=\"nofollow\" class=\"external text\" href=\"https:\/\/forums.oeru.org\">forums.oeru.org<\/a> (pour plus d\u2019information, voir l\u2019activit\u00e9 ci-dessous).<br style=\"clear:both;\"><\/p>\n<h2><span class=\"mw-headline\" id=\"Aper.C3.A7u\">Aper\u00e7u<\/span><\/h2>\n<p>L\u2019OERu utilise <a rel=\"nofollow\" class=\"external text\" href=\"https:\/\/www.discourse.org\/\">Discourse<\/a> &#8211; un syst\u00e8me open source et moderne de forums de discussion sur Internet. Les forums servent \u00e0 mener des discussions plus approfondies, lorsque les commentaires courts des r\u00e9seaux sociaux sont trop brefs. Nous utilisons \u00e9galement la fonctionnalit\u00e9 de sondage de Discourse, qui permet aux apprenants de partager leurs opinions sur des questions th\u00e9matiques. Des invitations et des liens vers les sujets de discussion sont inclus dans les supports p\u00e9dagogiques. Vous devez \u00e9galement passer par les forums de discussion pour toute question ou demande d\u2019assistance. Chaque cours dispose d\u2019un forum g\u00e9n\u00e9ral sp\u00e9cifique pour cela. L\u2019OERu \u00e9tant une communaut\u00e9 d\u2019apprentissage ouverte, n\u2019h\u00e9sitez pas \u00e0 partager vos connaissances et \u00e0 aider vos pairs si vous connaissez la r\u00e9ponse aux questions pos\u00e9es sur les forums.\n<\/p>\n<p>Nous enregistrons automatiquement un extrait des messages publi\u00e9s sur <a rel=\"nofollow\" class=\"external text\" href=\"https:\/\/forums.oeru.org\/tag\/lida103fr\">forums.oeru.org<\/a> pour l\u2019int\u00e9grer au <a href=\"\/lida103-fr\/communications\/fil-dactualite-du-cours\" title=\"Learning in a digital age\/LiDA103 fr\/Feed\">fil d\u2019actualit\u00e9 du cours LiDA103fr<\/a> assorti d\u2019un lien vers le message ou la r\u00e9ponse d\u2019origine.\n<\/p>\n<div class=\"panel iDevice\">\n\t<div class=\"panel-heading idevice-heading\">\n\t\t<div>\n\t\t\t<img decoding=\"async\" class=\"pedagogicalicon\" alt=\"activity\" src=\"https:\/\/course.oeru.org\/lida103-fr\/wp-content\/themes\/oeru-course\/idevices\/Icon_activity.png\">\n\t\t<\/div>\n\t\t<div>\n\t\t\t<h2>Activit\u00e9&nbsp;: Cr\u00e9ez votre compte sur les forums de discussion et param\u00e9trez votre profil<\/h2>\n\t\t<\/div>\n\t<\/div>\n\t<div class=\"panel-body\">\n\t\t<div class=\"col-md-12\">\n\t\t\t<\/p>\n<p><b>Cr\u00e9ez votre compte<\/b>\n<\/p>\n<p>Pour pouvoir vous joindre aux discussions, vous devez cr\u00e9er un compte sur le site <a rel=\"nofollow\" class=\"external text\" href=\"https:\/\/forums.oeru.org\/tag\/lida103fr\">forums.oeru.org<\/a>. La marche \u00e0 suivre est tr\u00e8s simple.\n<\/p>\n<ol>\n<li> Rendez-vous sur <a rel=\"nofollow\" class=\"external text\" href=\"https:\/\/forums.oeru.org\/tag\/lida103fr\">forums.oeru.org<\/a>.\n<\/li>\n<li> Cliquez sur le bouton \u00ab&nbsp;S\u2019inscrire&nbsp;\u00bb en haut de l\u2019\u00e9cran.<br \/><a href=\"https:\/\/wikieducator.org\/File:Discourse_sign_in_(French).jpg\" class=\"image\"><img loading=\"lazy\" decoding=\"async\" alt=\"Discourse sign in (French).jpg\" src=\"\/\/wikieducator.org\/images\/7\/7b\/Discourse_sign_in_%28French%29.jpg\" width=\"382\" height=\"65\" class=\"img-responsive\"><\/a>\n<\/li>\n<li> Renseignez votre adresse email, votre nom d\u2019utilisateur et votre nom (nous vous conseillons d\u2019utiliser votre vrai nom), et choisissez un mot de passe. Cliquez ensuite sur le bouton \u00ab&nbsp;Cr\u00e9er votre compte&nbsp;\u00bb.\n<\/li>\n<\/ol>\n<p><b>Chargez votre avatar et param\u00e9trez votre profil<\/b>\n<\/p>\n<ol>\n<li> Connectez-vous sur <a rel=\"nofollow\" class=\"external text\" href=\"https:\/\/forums.oeru.org\/tag\/lida103fr\">forums.oeru.org<\/a>\n<\/li>\n<li> Cliquez sur l\u2019ic\u00f4ne \u00ab&nbsp;personne&nbsp;\u00bb en haut de votre \u00e9cran pour faire appara\u00eetre le sous-menu. Cliquez sur l\u2019ic\u00f4ne \u00ab&nbsp;roulette&nbsp;\u00bb pour acc\u00e9der \u00e0 vos pr\u00e9f\u00e9rences. <br \/><a href=\"https:\/\/wikieducator.org\/File:Discourse_account_options.jpg\" class=\"image\"><img loading=\"lazy\" decoding=\"async\" alt=\"Discourse account options.jpg\" src=\"\/\/wikieducator.org\/images\/d\/db\/Discourse_account_options.jpg\" width=\"415\" height=\"392\" class=\"img-responsive\"><\/a>\n<\/li>\n<li> Cliquez sur \u00ab&nbsp;Compte&nbsp;\u00bb et chargez une photo de profil.\n<\/li>\n<li> Cliquez sur \u00ab&nbsp;Courriels&nbsp;\u00bb et d\u00e9finissez vos pr\u00e9f\u00e9rences de notification.\n<\/li>\n<\/ol>\n<p><b>R\u00e9pondez \u00e0 un sondage express<\/b>\n<\/p>\n<ol>\n<li> Connectez-vous sur <a rel=\"nofollow\" class=\"external text\" href=\"https:\/\/forums.oeru.org\/tag\/lida103fr\">forums.oeru.org<\/a>\n<\/li>\n<li> Validez les r\u00e9ponses de votre choix pour ce <a rel=\"nofollow\" class=\"external text\" href=\"https:\/\/forums.oeru.org\/t\/lida103fr-sondage-express-combien-dheures-en-ligne\/2604\">sondage express<\/a> (les noms d\u2019utilisateur des sond\u00e9s ne sont pas publi\u00e9s).\n<\/li>\n<li> Consultez les r\u00e9sultats du sondage en cliquant sur le bouton \u00ab&nbsp;Afficher les r\u00e9sultats&nbsp;\u00bb.\n<\/li>\n<\/ol>\n<p><b>Avez-vous des questions&nbsp;?<\/b>\n<\/p>\n<ol>\n<li> Maintenant que vous avez un compte, vous pouvez vous rendre sur le <a rel=\"nofollow\" class=\"external text\" href=\"https:\/\/forums.oeru.org\/t\/lida103fr-avez-vous-des-questions\/2599\">forum g\u00e9n\u00e9ral<\/a> LiDA103fr \u00ab&nbsp;\u00c9ducation ouverte, droit d\u2019auteur et licences ouvertes Creative Commons dans un monde num\u00e9rique&nbsp;\u00bb afin de poser des questions pr\u00e9cises sur le cours. Il vous suffit de cliquer sur \u00ab&nbsp;R\u00e9pondre&nbsp;\u00bb\n<\/li>\n<\/ol>\n<p>\n<\/p>\n<p>\n\t\t<\/div>\n\t<\/div>\n<\/div>\n<p>\n<\/p>\n<p><!-- \nNewPP limit report\nCPU time usage: 0.028 seconds\nReal time usage: 0.038 seconds\nPreprocessor visited node count: 111\/1000000\nPreprocessor generated node count: 886\/1000000\nPost\u2010expand include size: 10201\/2097152 bytes\nTemplate argument size: 4439\/2097152 bytes\nHighest expansion depth: 8\/40\nExpensive parser function count: 0\/100\n--><\/p>\n<p><!-- Saved in parser cache with key we_en-mw_:pcache:idhash:188461-0!*!0!*!*!2!* and timestamp 20230802220724 and revision id 1086317\n -->\n<\/div>\n<div class=\"visualClear\"><\/div>\n<\/p><\/div>\n<\/p><\/div>\n<\/div>\n<\/div>\n<\/div>\n<div class=\"row\">\n<div class=\"col-md-12\">\n<ul class=\"pager\">\n<li class=\"previous\">\n            <a href=\"\/lida103-fr\/modules\/premiers-pas\/reseau-social-de-loeru\">\u2190 Pr\u00e9c\u00e9dent<\/a>\n          <\/li>\n<li class=\"next\">\n            <a href=\"\/lida103-fr\/modules\/premiers-pas\/les-annotations-de-sites-web\">Suivant \u2192<\/a>\n          <\/li>\n<\/ul><\/div>\n<\/p><\/div>\n<div id=\"wenote-ids\"><script type='text\/javascript' id='wenotes-ids'>\n    var WEnotesSite = \"https:\/\/wikieducator.org\";\n    var WEnotesPath = \"\/Learning_in_a_digital_age\/LiDA103_fr\/Orientation\/Forums\";\n    var WEnotesSiteID = \"0e3d258fbd36841f92259eefcd41d5e9\";\n    var WEnotesPathID = \"eaeacf3007016cf02a58dfc5d7266f03\";\n    var WEnotesIDs = { site: \"https:\/\/wikieducator.org\", path: \"\/Learning_in_a_digital_age\/LiDA103_fr\/Orientation\/Forums\", site_id: \"0e3d258fbd36841f92259eefcd41d5e9\", path_id: \"eaeacf3007016cf02a58dfc5d7266f03\" };\n<\/script><\/div>\n<\/div>\n<footer><\/footer>\n","protected":false},"excerpt":{"rendered":"<p>Les forums en ligne des cours de l\u2019OERu offrent aux apprenants la possibilit\u00e9 d\u2019\u00e9changer avec leurs pairs sur des concepts et des questions en lien avec leur formation. Vous \u00eates invit\u00e9s \u00e0 cr\u00e9er un compte et \u00e0 param\u00e9trer votre profil \u00e0 l\u2019adresse forums.oeru.org (pour plus d\u2019information, voir l\u2019activit\u00e9 ci-dessous). Aper\u00e7u L\u2019OERu utilise Discourse &#8211; un [&hellip;]<\/p>\n","protected":false},"author":1,"featured_media":0,"parent":14104,"menu_order":0,"comment_status":"closed","ping_status":"closed","template":"","meta":{"footnotes":""},"class_list":["post-14112","page","type-page","status-publish","hentry"],"_links":{"self":[{"href":"https:\/\/course.oeru.org\/lida103-fr\/wp-json\/wp\/v2\/pages\/14112","targetHints":{"allow":["GET"]}}],"collection":[{"href":"https:\/\/course.oeru.org\/lida103-fr\/wp-json\/wp\/v2\/pages"}],"about":[{"href":"https:\/\/course.oeru.org\/lida103-fr\/wp-json\/wp\/v2\/types\/page"}],"author":[{"embeddable":true,"href":"https:\/\/course.oeru.org\/lida103-fr\/wp-json\/wp\/v2\/users\/1"}],"replies":[{"embeddable":true,"href":"https:\/\/course.oeru.org\/lida103-fr\/wp-json\/wp\/v2\/comments?post=14112"}],"version-history":[{"count":1,"href":"https:\/\/course.oeru.org\/lida103-fr\/wp-json\/wp\/v2\/pages\/14112\/revisions"}],"predecessor-version":[{"id":14113,"href":"https:\/\/course.oeru.org\/lida103-fr\/wp-json\/wp\/v2\/pages\/14112\/revisions\/14113"}],"up":[{"embeddable":true,"href":"https:\/\/course.oeru.org\/lida103-fr\/wp-json\/wp\/v2\/pages\/14104"}],"wp:attachment":[{"href":"https:\/\/course.oeru.org\/lida103-fr\/wp-json\/wp\/v2\/media?parent=14112"}],"curies":[{"name":"wp","href":"https:\/\/api.w.org\/{rel}","templated":true}]}}