{"id":14116,"date":"2023-08-03T03:17:31","date_gmt":"2023-08-03T03:17:31","guid":{"rendered":"https:\/\/course.oeru.org\/lida103-fr\/?page_id=14116"},"modified":"2023-08-03T03:17:31","modified_gmt":"2023-08-03T03:17:31","slug":"mediatheque-de-loeru","status":"publish","type":"page","link":"https:\/\/course.oeru.org\/lida103-fr\/modules\/premiers-pas\/mediatheque-de-loeru\/","title":{"rendered":"M\u00e9diath\u00e8que de l\u2019OERu"},"content":{"rendered":"<div id=\"content\" class=\"mw-body container\" role=\"main\">\n<div class=\"row\">\n<div class=\"col-md-12\">\n<div class=\"panel\">\n<div class=\"panel-body\">\n<div id=\"bodyContent\">\n<div id=\"mw-content-text\" lang=\"en\" dir=\"ltr\" class=\"mw-content-ltr\">\n<div class=\"floatright\"><a href=\"https:\/\/wikieducator.org\/File:Flower-bookmarks.jpg\" class=\"image\"><img loading=\"lazy\" decoding=\"async\" alt=\"Flower-bookmarks.jpg\" src=\"\/\/wikieducator.org\/images\/thumb\/c\/c6\/Flower-bookmarks.jpg\/320px-Flower-bookmarks.jpg\" width=\"320\" height=\"172\" class=\"img-responsive\"><\/a><\/div>\n<p>La <b>m\u00e9diath\u00e8que<\/b> est un site Web permettant aux apprenants de partager des ressources en libre acc\u00e8s d\u00e9couvertes dans le cadre de leurs recherches. Cette activit\u00e9 vous explique comment cr\u00e9er un compte afin de partager des liens vers les ressources utiles que vous d\u00e9couvrirez lors de vos recherches en ligne.<br style=\"clear:both;\"><\/p>\n<h2><span class=\"mw-headline\" id=\"Aper.C3.A7u\">Aper\u00e7u<\/span><\/h2>\n<p>De plus en plus de ressources en libre acc\u00e8s sont disponibles sur Internet pour vous aider dans votre apprentissage. L\u2019OERu h\u00e9berge une <b>m\u00e9diath\u00e8que<\/b> \u00e0 l\u2019adresse <a rel=\"nofollow\" class=\"external text\" href=\"https:\/\/bookmarks.oeru.org\/\">bookmarks.oeru.org<\/a> pour permettre aux apprenants de partager des liens vers les ressources fiables trouv\u00e9es en ligne dans le cadre de leur formation. Le partage des ressources utiles profite \u00e0 tous.\n<\/p>\n<p>Vous pouvez chercher les ressources d\u00e9j\u00e0 propos\u00e9es par d\u2019autres apprenants du cours <i>\u00c9ducation ouverte, droit d\u2019auteur et licences ouvertes Creative Commons dans un monde num\u00e9rique<\/i> \u00e0 l\u2019aide du code LiDA103fr. Une fois connect\u00e9 sur <a rel=\"nofollow\" class=\"external text\" href=\"https:\/\/bookmarks.oeru.org\/\">bookmarks.oeru.org<\/a>, vous pouvez aussi voter pour les ressources que vous aurez trouv\u00e9 particuli\u00e8rement utiles. Des activit\u00e9s concernant la m\u00e9diath\u00e8que sont incluses dans les supports p\u00e9dagogiques. Dans ce cadre, il vous sera propos\u00e9 de partager des ressources traitant de diff\u00e9rents sujets. N\u2019oubliez pas que vous pouvez partager des documents utiles \u00e0 tout moment de votre formation. Les ressources \u00e9tiquet\u00e9es avec le code du cours seront automatiquement collect\u00e9es pour \u00eatre incluses dans le <a href=\"\/lida103-fr\/communications\/fil-dactualite-du-cours\" title=\"Learning in a digital age\/LiDA103 fr\/Feed\">fil d\u2019actualit\u00e9<\/a>.\n<\/p>\n<div class=\"panel iDevice\">\n\t<div class=\"panel-heading idevice-heading\">\n\t\t<div>\n\t\t\t<img decoding=\"async\" class=\"pedagogicalicon\" alt=\"activity\" src=\"https:\/\/course.oeru.org\/lida103-fr\/wp-content\/themes\/oeru-course\/idevices\/Icon_activity.png\">\n\t\t<\/div>\n\t\t<div>\n\t\t\t<h2>Activit\u00e9&nbsp;: Cr\u00e9ez votre compte Bookmarks et recherchez des liens en utilisant le code du cours<\/h2>\n\t\t<\/div>\n\t<\/div>\n\t<div class=\"panel-body\">\n\t\t<div class=\"col-md-12\">\n\t\t\t<\/p>\n<p>Vous avez besoin d\u2019un compte sur <a rel=\"nofollow\" class=\"external text\" href=\"https:\/\/bookmarks.oeru.org\/\">bookmarks.oeru.org<\/a> pour effectuer cette activit\u00e9.\n<\/p>\n<p><b>Exercices<\/b>\n<\/p>\n<ol>\n<li> <a rel=\"nofollow\" class=\"external text\" href=\"https:\/\/bookmarks.oeru.org\/register.php\">Cr\u00e9ez un compte<\/a> sur bookmarks.oeru.org (voir ci-dessous pour des instructions suppl\u00e9mentaires).\n<ul>\n<li> Note&nbsp;: le code antispam est \u00ab&nbsp;oer4all&nbsp;\u00bb (en minuscules)\n<\/li>\n<\/ul>\n<\/li>\n<li> Entra\u00eenez-vous \u00e0 rechercher des ressources recommand\u00e9es pour LiDA103fr.\n<ul>\n<li> Tapez le code du cours (LiDA103fr) dans la barre de recherches sur le site <a rel=\"nofollow\" class=\"external text\" href=\"https:\/\/bookmarks.oeru.org\/\">bookmarks.oeru.org<\/a>.\n<\/li>\n<li> Assurez-vous d\u2019avoir s\u00e9lectionn\u00e9 l\u2019option \u00ab&nbsp;all bookmarks&nbsp;\u00bb (tous les favoris).\n<\/li>\n<li> Voici la <a rel=\"nofollow\" class=\"external text\" href=\"https:\/\/bookmarks.oeru.org\/search.php\/all\/LiDA103fr\">liste actuelle des ressources recommand\u00e9es<\/a> pour le cours <i>\u00c9ducation ouverte, droit d\u2019auteur et licences ouvertes Creative Commons dans un monde num\u00e9rique<\/i>.\n<\/li>\n<\/ul>\n<\/li>\n<\/ol>\n<p>\n<\/p>\n<p>\n\t\t<\/div>\n\t<\/div>\n<\/div>\n<p>\n<\/p>\n<h2><span class=\"mw-headline\" id=\"Besoin_d.E2.80.99aide_.3F\">Besoin d\u2019aide&nbsp;?<\/span><\/h2>\n<p>Sur le site d\u2019assistance de l\u2019OERu, vous trouverez des instructions et des vid\u00e9os explicatives indiquant comment faire ses premiers pas avec bookmarks.oeru.org, et notamment&nbsp;:\n<\/p>\n<ul>\n<li> <a rel=\"nofollow\" class=\"external text\" href=\"https:\/\/translate.google.com\/translate?sl=en&amp;tl=fr&amp;u=https:\/\/course.oeru.org\/support\/studying-courses\/course-bookmarks\/%23Creating_an_account\">Cr\u00e9er un compte<\/a>\n<\/li>\n<li> <a rel=\"nofollow\" class=\"external text\" href=\"https:\/\/translate.google.com\/translate?sl=en&amp;tl=fr&amp;u=https:\/\/course.oeru.org\/support\/studying-courses\/course-bookmarks\/%23How_to_login\">Se connecter<\/a>\n<\/li>\n<li> <a rel=\"nofollow\" class=\"external text\" href=\"https:\/\/translate.google.com\/translate?sl=en&amp;tl=fr&amp;u=https:\/\/course.oeru.org\/support\/studying-courses\/course-bookmarks\/%23Adding_a_bookmark\">Ajouter un \u00ab&nbsp;bookmark&nbsp;\u00bb (favoris)<\/a>\n<\/li>\n<li> <a rel=\"nofollow\" class=\"external text\" href=\"https:\/\/translate.google.com\/translate?sl=en&amp;tl=fr&amp;u=https:\/\/course.oeru.org\/support\/studying-courses\/course-bookmarks\/%23Searching_bookmarks\">Rechercher des \u00ab&nbsp;bookmarks&nbsp;\u00bb (favoris)<\/a>\n<\/li>\n<\/ul>\n<p>(Ces pages d&rsquo;assistance sont traduit par \u00ab&nbsp;Google Traduction&nbsp;\u00bb.)\n<\/p>\n<p><!-- \nNewPP limit report\nCPU time usage: 0.026 seconds\nReal time usage: 0.033 seconds\nPreprocessor visited node count: 112\/1000000\nPreprocessor generated node count: 882\/1000000\nPost\u2010expand include size: 8011\/2097152 bytes\nTemplate argument size: 2345\/2097152 bytes\nHighest expansion depth: 8\/40\nExpensive parser function count: 0\/100\n--><\/p>\n<p><!-- Saved in parser cache with key we_en-mw_:pcache:idhash:188472-0!*!0!!*!2!* and timestamp 20230802161955 and revision id 1085825\n -->\n<\/div>\n<div class=\"visualClear\"><\/div>\n<\/p><\/div>\n<\/p><\/div>\n<\/div>\n<\/div>\n<\/div>\n<div class=\"row\">\n<div class=\"col-md-12\">\n<ul class=\"pager\">\n<li class=\"previous\">\n            <a href=\"\/lida103-fr\/modules\/premiers-pas\/les-annotations-de-sites-web\">\u2190 Pr\u00e9c\u00e9dent<\/a>\n          <\/li>\n<li class=\"next\">\n            <a href=\"\/lida103-fr\/modules\/premiers-pas\/le-blog-comme-journal-dapprentissage\">Suivant \u2192<\/a>\n          <\/li>\n<\/ul><\/div>\n<\/p><\/div>\n<div id=\"wenote-ids\"><script type='text\/javascript' id='wenotes-ids'>\n    var WEnotesSite = \"https:\/\/wikieducator.org\";\n    var WEnotesPath = \"\/Learning_in_a_digital_age\/LiDA103_fr\/Orientation\/Resource_bank\";\n    var WEnotesSiteID = \"0e3d258fbd36841f92259eefcd41d5e9\";\n    var WEnotesPathID = \"90e25f729543aa68146f0deee82a302b\";\n    var WEnotesIDs = { site: \"https:\/\/wikieducator.org\", path: \"\/Learning_in_a_digital_age\/LiDA103_fr\/Orientation\/Resource_bank\", site_id: \"0e3d258fbd36841f92259eefcd41d5e9\", path_id: \"90e25f729543aa68146f0deee82a302b\" };\n<\/script><\/div>\n<\/div>\n<footer><\/footer>\n","protected":false},"excerpt":{"rendered":"<p>La m\u00e9diath\u00e8que est un site Web permettant aux apprenants de partager des ressources en libre acc\u00e8s d\u00e9couvertes dans le cadre de leurs recherches. Cette activit\u00e9 vous explique comment cr\u00e9er un compte afin de partager des liens vers les ressources utiles que vous d\u00e9couvrirez lors de vos recherches en ligne. Aper\u00e7u De plus en plus de [&hellip;]<\/p>\n","protected":false},"author":1,"featured_media":0,"parent":14104,"menu_order":0,"comment_status":"closed","ping_status":"closed","template":"","meta":{"footnotes":""},"class_list":["post-14116","page","type-page","status-publish","hentry"],"_links":{"self":[{"href":"https:\/\/course.oeru.org\/lida103-fr\/wp-json\/wp\/v2\/pages\/14116","targetHints":{"allow":["GET"]}}],"collection":[{"href":"https:\/\/course.oeru.org\/lida103-fr\/wp-json\/wp\/v2\/pages"}],"about":[{"href":"https:\/\/course.oeru.org\/lida103-fr\/wp-json\/wp\/v2\/types\/page"}],"author":[{"embeddable":true,"href":"https:\/\/course.oeru.org\/lida103-fr\/wp-json\/wp\/v2\/users\/1"}],"replies":[{"embeddable":true,"href":"https:\/\/course.oeru.org\/lida103-fr\/wp-json\/wp\/v2\/comments?post=14116"}],"version-history":[{"count":1,"href":"https:\/\/course.oeru.org\/lida103-fr\/wp-json\/wp\/v2\/pages\/14116\/revisions"}],"predecessor-version":[{"id":14117,"href":"https:\/\/course.oeru.org\/lida103-fr\/wp-json\/wp\/v2\/pages\/14116\/revisions\/14117"}],"up":[{"embeddable":true,"href":"https:\/\/course.oeru.org\/lida103-fr\/wp-json\/wp\/v2\/pages\/14104"}],"wp:attachment":[{"href":"https:\/\/course.oeru.org\/lida103-fr\/wp-json\/wp\/v2\/media?parent=14116"}],"curies":[{"name":"wp","href":"https:\/\/api.w.org\/{rel}","templated":true}]}}