{"id":14118,"date":"2023-08-03T03:17:33","date_gmt":"2023-08-03T03:17:33","guid":{"rendered":"https:\/\/course.oeru.org\/lida103-fr\/?page_id=14118"},"modified":"2023-08-03T03:17:33","modified_gmt":"2023-08-03T03:17:33","slug":"le-blog-comme-journal-dapprentissage","status":"publish","type":"page","link":"https:\/\/course.oeru.org\/lida103-fr\/modules\/premiers-pas\/le-blog-comme-journal-dapprentissage\/","title":{"rendered":"Le blog comme journal d&rsquo;apprentissage"},"content":{"rendered":"<div id=\"content\" class=\"mw-body container\" role=\"main\">\n<div class=\"row\">\n<div class=\"col-md-12\">\n<div class=\"panel\">\n<div class=\"panel-body\">\n<div id=\"bodyContent\">\n<div id=\"mw-content-text\" lang=\"en\" dir=\"ltr\" class=\"mw-content-ltr\">\n<div class=\"floatright\"><a href=\"https:\/\/wikieducator.org\/File:Blog-clouds.jpg\" class=\"image\"><img loading=\"lazy\" decoding=\"async\" alt=\"Blog-clouds.jpg\" src=\"\/\/wikieducator.org\/images\/thumb\/d\/d9\/Blog-clouds.jpg\/320px-Blog-clouds.jpg\" width=\"320\" height=\"226\" class=\"img-responsive\"><\/a><\/div>\n<p>L\u2019OERu encourage les apprenants \u00e0 cr\u00e9er un blog personnel pour tenir leur journal d\u2019apprentissage. Il s\u2019agit d\u2019un dossier num\u00e9rique documentant leur parcours d\u2019apprentissage.<br style=\"clear:both;\"><\/p>\n<h2><span class=\"mw-headline\" id=\"Aper.C3.A7u\">Aper\u00e7u<\/span><\/h2>\n<p>Un blog est un site Web permettant \u00e0 des individus, des groupes ou des organisations de publier facilement des contenus en ligne. Le blog de votre journal d\u2019apprentissage est un site Web dont vous contr\u00f4lez et produisez les contenus. Vous pouvez continuer \u00e0 y acc\u00e9der longtemps apr\u00e8s la fin du cours. La plate-forme de l\u2019OERu r\u00e9cup\u00e8re \u00e9galement des liens vers vos articles de blog pour les inclure dans le <a href=\"\/lida103-fr\/communications\/fil-dactualite-du-cours\" title=\"Learning in a digital age\/LiDA103 fr\/Feed\">fil d\u2019actualit\u00e9 du cours<\/a>, afin que vous puissiez \u00e9changer avec vos pairs.\n<\/p>\n<p>Plusieurs activit\u00e9s du cours <b>\u00c9ducation ouverte, droit d\u2019auteur et licences ouvertes Creative Commons dans un monde num\u00e9rique<\/b> n\u00e9cessitent de r\u00e9diger des articles pour un blog, qui fera office de journal d\u2019apprentissage. La cr\u00e9ation de votre blog se fait en trois \u00e9tapes&nbsp;:\n<\/p>\n<ol>\n<li> Cr\u00e9ez votre blog personnel (ou utilisez un blog existant).\n<\/li>\n<li> Renseignez l\u2019adresse de votre blog (cette \u00e9tape est n\u00e9cessaire si vous souhaitez que vos publications apparaissent dans le <a href=\"\/lida103-fr\/communications\/fil-dactualite-du-cours\" title=\"Learning in a digital age\/LiDA103 fr\/Feed\">fil d\u2019actualit\u00e9 du cours<\/a>).\n<\/li>\n<li> Etiquetez chaque article de blog avec le code du cours (LiDA103fr) (cette \u00e9tape est n\u00e9cessaire si vous souhaitez que vos publications apparaissent dans le fil d\u2019actualit\u00e9 du cours).\n<\/li>\n<\/ol>\n<h2><span class=\"mw-headline\" id=\"Quelle_plate-forme_de_blog_dois-je_utiliser_.3F\">Quelle plate-forme de blog dois-je utiliser&nbsp;?<\/span><\/h2>\n<p>Vous pouvez utiliser n\u2019importe quelle plate-forme permettant de tagger les articles et de g\u00e9n\u00e9rer un flux de blog. La plupart des apprenants de l\u2019OERu choisissent <a rel=\"nofollow\" class=\"external text\" href=\"https:\/\/wordpress.com\/\">WordPress<\/a> ou <a rel=\"nofollow\" class=\"external text\" href=\"https:\/\/www.blogger.com\/\">Blogger<\/a>. Si vous souhaitez utiliser un blog pr\u00e9existant, nous n\u2019en collecterons que les articles signal\u00e9s avec l\u2019\u00e9tiquette du cours (LiDA103fr). Vous pouvez cependant choisir de cr\u00e9er un nouveau blog consacr\u00e9 uniquement \u00e0 la tenue de votre journal d\u2019apprentissage au sein de l\u2019OERu.\n<\/p>\n<p>Un blog peut \u00eatre ouvert (c\u2019est-\u00e0-dire accessible \u00e0 tous, ce qui est recommand\u00e9 pour les blogs tenus dans le cadre des cours de l\u2019OERu) ou semi-priv\u00e9 (accessible \u00e0 certaines personnes que vous aurez d\u00e9sign\u00e9es, comme votre \u00e9valuateur par exemple). Il peut arriver que vous souhaitiez garder certains articles de votre blog priv\u00e9s, dans ce cas, nous vous conseillons de les rendre semi-priv\u00e9s.  Rendez-vous sur la page d&rsquo;assistance de <a rel=\"nofollow\" class=\"external text\" href=\"https:\/\/fr.wordpress.org\/support\/article\/content-visibility\/\">WordPress<\/a> ou <a rel=\"nofollow\" class=\"external text\" href=\"https:\/\/support.google.com\/blogger\/answer\/42673?hl=fr\">Blogger<\/a> afin d&rsquo;apprendre comment r\u00e9gler la visibilit\u00e9 de vos articles de blog.\n<\/p>\n<h2><span class=\"mw-headline\" id=\"Marche_.C3.A0_suivre_pour_cr.C3.A9er_le_blog_de_votre_journal_d.E2.80.99apprentissage_:\">Marche \u00e0 suivre pour cr\u00e9er le blog de votre journal d\u2019apprentissage&nbsp;:<\/span><\/h2>\n<p><!-- WEtheme eyJwIjoiT0VSZiIsImNzcyI6ImNzc1wvZm9udC1hd2Vzb21lXC9jc3NcL2ZvbnQtYXdlc29tZS5taW4uY3NzIiwiaGVhZGVyIjoiYmx1ci5odG1sIn0= -->\n<\/p>\n<table class=\"oeru1 table table-striped\">\n<tbody>\n<tr>\n<th>Actions\n<\/th>\n<th>Ressources suppl\u00e9mentaires\n<\/th>\n<\/tr>\n<tr>\n<td>Cr\u00e9ez un compte de blog\n<\/td>\n<td>\n<ul>\n<li> <a rel=\"nofollow\" class=\"external text\" href=\"https:\/\/wordpress.com\/start\/user\/fr\">Cr\u00e9ez un compte sur WordPress.com<\/a>\n<\/li>\n<li> <a rel=\"nofollow\" class=\"external text\" href=\"https:\/\/support.google.com\/blogger\/answer\/1623800?hl=fr\">ou sur Blogger.com<\/a>\n<\/li>\n<\/ul>\n<\/td>\n<\/tr>\n<tr>\n<td>Configurez votre blog\n<\/td>\n<td>Personnalisez vos pr\u00e9f\u00e9rences (y compris les param\u00e8tres pour les commentaires) ainsi que la pr\u00e9sentation de votre blog&nbsp;:<\/p>\n<ul>\n<li> Page d\u2019assistance pour <a rel=\"nofollow\" class=\"external text\" href=\"https:\/\/support.google.com\/blogger\/answer\/1623800?hl=fr\">Blogger<\/a>\n<\/li>\n<li> Page d\u2019assistance pour <a rel=\"nofollow\" class=\"external text\" href=\"https:\/\/wordpress.com\/fr\/support\/\">WordPress<\/a>\n<\/li>\n<\/ul>\n<\/td>\n<\/tr>\n<tr>\n<td>Renseignez l\u2019adresse de votre blog\n<\/td>\n<td>Si vous souhaitez que nous r\u00e9cup\u00e9rions les liens vers vos articles de blog pour les inclure dans le <a href=\"\/lida103-fr\/communications\/fil-dactualite-du-cours\" title=\"Learning in a digital age\/LiDA103 fr\/Feed\">fil d\u2019actualit\u00e9 du cours<\/a>, vous devez pr\u00e9ciser l\u2019adresse de votre blog dans votre profil. Nous disposons d\u2019un outil pratique de recherche de flux de blogs pour vous aider dans cette t\u00e2che.<\/p>\n<ul>\n<li> Assurez-vous de bien avoir <a rel=\"nofollow\" class=\"external text\" href=\"https:\/\/course.oeru.org\/support\/oeru-orientation\/enrolling-for-a-course\/#Register_a_new_account_on_the_OERu_course_website_.28course.oeru.org.29\">cr\u00e9\u00e9 un compte<\/a> sur le site du cours&nbsp;: <a rel=\"nofollow\" class=\"external free\" href=\"https:\/\/course.oeru.org\/lida103-fr\/\">https:\/\/course.oeru.org\/lida103-fr\/<\/a>.\n<\/li>\n<li> Connectez-vous sur le site du cours en cliquant sur \u00ab&nbsp;S\u2019identifier\/S\u2019inscrire&nbsp;\u00bb en haut de la page et v\u00e9rifiez que la mention \u00ab&nbsp;inscrit&nbsp;\u00bb appara\u00eet bien dans votre statut apr\u00e8s identification.\n<\/li>\n<li> Ouvrez la page du service de recherche de flux de blogs dans un nouvel onglet&nbsp;: <a rel=\"nofollow\" class=\"external text\" href=\"https:\/\/translate.google.com\/translate?sl=en&amp;tl=fr&amp;u=https:\/\/course.oeru.org\/blog-feed-finder\/\">Recherche de flux de blog<\/a>\n<\/li>\n<li> Tapez l\u2019adresse de votre blog dans la barre de recherche figurant dans l\u2019encadr\u00e9 \u00ab&nbsp;Trouvez l\u2019adresse de votre flux de blog&nbsp;\u00bb. Celle-ci devrait ressembler \u00e0 \u00ab&nbsp;https:\/\/nomdublog.blogspot.com&nbsp;\u00bb ou \u00ab&nbsp;https:\/\/nomdublog.wordpress.com&nbsp;\u00bb. Assurez-vous qu\u2019il n\u2019y a pas de fautes de frappe ou de caract\u00e8res manquants dans l\u2019adresse que vous saisissez.\n<ol>\n<li> Le moteur de recherche r\u00e9cup\u00e8re par exemple les adresses de flux \u00ab&nbsp;Atom&nbsp;\u00bb ou \u00ab&nbsp;RSS&nbsp;\u00bb valides. S\u00e9lectionnez un flux \u2013 \u00ab&nbsp;Atom&nbsp;\u00bb ou \u00ab&nbsp;RSS&nbsp;\u00bb \u2013valide.\n<\/li>\n<li>Le service pr\u00e9cise ensuite tous les cours de l\u2019OERu que vous suivez, ainsi que les adresses de blog que vous avez pr\u00e9c\u00e9demment renseign\u00e9es, le cas \u00e9ch\u00e9ant. Cliquez sur le bouton \u00ab\u00a0Assign\u00a0\u00bb (\u00ab&nbsp;Attribuer&nbsp;\u00bb) ou \u00ab\u00a0Replace\u00a0\u00bb (\u00ab&nbsp;Remplacer&nbsp;\u00bb) pour associer l\u2019adresse du flux de votre blog au(x) cours concern\u00e9(s).\n<\/li>\n<\/ol>\n<\/li>\n<\/ul>\n<\/td>\n<\/tr>\n<tr>\n<td>\u00c9tiquetez chacun de vos articles de blog avec le code du cours&nbsp;: LiDA103fr\n<\/td>\n<td>L\u2019agr\u00e9gateur de flux de blogs de l\u2019OERu recherche, sur les blogs qui lui ont \u00e9t\u00e9 soumis, les articles marqu\u00e9s ou \u00e9tiquet\u00e9s avec le code d\u2019un cours de l\u2019OERu. Vous devez ajouter le code du cours \u00e0 l\u2019aide d\u2019une \u00e9tiquette (tag) afin que l\u2019agr\u00e9gateur puisse publier votre article dans le fil d\u2019actualit\u00e9 du cours concern\u00e9. Sans cela, il ne saura pas sur quel fil d\u2019actualit\u00e9 publier le lien vers votre article.<\/p>\n<p>La marche \u00e0 suivre pour \u00e9tiqueter un article est tr\u00e8s simple.\n<\/p>\n<ul>\n<li> Comment ajouter une \u00e9tiquette \u00e0 un article de blog sur <a rel=\"nofollow\" class=\"external text\" href=\"https:\/\/wordpress.com\/fr\/support\/articles\/etiquettes\/\">WordPress<\/a>\n<\/li>\n<li> Comment ajouter une \u00e9tiquette sur un article de blog sur <a rel=\"nofollow\" class=\"external text\" href=\"https:\/\/support.google.com\/blogger\/answer\/154172?hl=fr\">Blogger<\/a>\n<\/li>\n<\/ul>\n<p>Si vous avez oubli\u00e9 d\u2019ajouter le code du cours \u00e0 votre article, vous pouvez revenir en arri\u00e8re et le modifier pour l\u2019\u00e9tiqueter. Notre agr\u00e9gateur se lance toutes les 20 minutes environ, il se peut donc que votre article n\u2019apparaisse pas imm\u00e9diatement dans le fil d\u2019actualit\u00e9 du cours.\n<\/p>\n<\/td>\n<\/tr>\n<\/tbody>\n<\/table>\n<p><br style=\"clear:both;\"><\/p>\n<h2><span class=\"mw-headline\" id=\"Besoin_d.E2.80.99aide_.3F\">Besoin d\u2019aide&nbsp;?<\/span><\/h2>\n<ul>\n<li> Recherchez des didacticiels vid\u00e9o sur YouTube pr\u00e9sentant le fonctionnement de votre plate-forme de blog.\n<\/li>\n<\/ul>\n<p><!-- \nNewPP limit report\nCPU time usage: 0.018 seconds\nReal time usage: 0.025 seconds\nPreprocessor visited node count: 42\/1000000\nPreprocessor generated node count: 182\/1000000\nPost\u2010expand include size: 7077\/2097152 bytes\nTemplate argument size: 284\/2097152 bytes\nHighest expansion depth: 3\/40\nExpensive parser function count: 0\/100\n--><\/p>\n<p><!-- Saved in parser cache with key we_en-mw_:pcache:idhash:188474-0!*!0!!en!2!* and timestamp 20230802220725 and revision id 1086065\n -->\n<\/div>\n<div class=\"visualClear\"><\/div>\n<\/p><\/div>\n<\/p><\/div>\n<\/div>\n<\/div>\n<\/div>\n<div class=\"row\">\n<div class=\"col-md-12\">\n<ul class=\"pager\">\n<li class=\"previous\">\n            <a href=\"\/lida103-fr\/modules\/premiers-pas\/mediatheque-de-loeru\">\u2190 Pr\u00e9c\u00e9dent<\/a>\n          <\/li>\n<li class=\"next\">\n            <a href=\"\/lida103-fr\/modules\/premiers-pas\/lancez-vous-defi-presentez-vous-\">Suivant \u2192<\/a>\n          <\/li>\n<\/ul><\/div>\n<\/p><\/div>\n<div id=\"wenote-ids\"><script type='text\/javascript' id='wenotes-ids'>\n    var WEnotesSite = \"https:\/\/wikieducator.org\";\n    var WEnotesPath = \"\/Learning_in_a_digital_age\/LiDA103_fr\/Orientation\/Blog\";\n    var WEnotesSiteID = \"0e3d258fbd36841f92259eefcd41d5e9\";\n    var WEnotesPathID = \"23c202a7a6bf9bf43540132c2bdb12c0\";\n    var WEnotesIDs = { site: \"https:\/\/wikieducator.org\", path: \"\/Learning_in_a_digital_age\/LiDA103_fr\/Orientation\/Blog\", site_id: \"0e3d258fbd36841f92259eefcd41d5e9\", path_id: \"23c202a7a6bf9bf43540132c2bdb12c0\" };\n<\/script><\/div>\n<\/div>\n<footer><\/footer>\n","protected":false},"excerpt":{"rendered":"<p>L\u2019OERu encourage les apprenants \u00e0 cr\u00e9er un blog personnel pour tenir leur journal d\u2019apprentissage. Il s\u2019agit d\u2019un dossier num\u00e9rique documentant leur parcours d\u2019apprentissage. Aper\u00e7u Un blog est un site Web permettant \u00e0 des individus, des groupes ou des organisations de publier facilement des contenus en ligne. Le blog de votre journal d\u2019apprentissage est un site [&hellip;]<\/p>\n","protected":false},"author":1,"featured_media":0,"parent":14104,"menu_order":0,"comment_status":"closed","ping_status":"closed","template":"","meta":{"footnotes":""},"class_list":["post-14118","page","type-page","status-publish","hentry"],"_links":{"self":[{"href":"https:\/\/course.oeru.org\/lida103-fr\/wp-json\/wp\/v2\/pages\/14118","targetHints":{"allow":["GET"]}}],"collection":[{"href":"https:\/\/course.oeru.org\/lida103-fr\/wp-json\/wp\/v2\/pages"}],"about":[{"href":"https:\/\/course.oeru.org\/lida103-fr\/wp-json\/wp\/v2\/types\/page"}],"author":[{"embeddable":true,"href":"https:\/\/course.oeru.org\/lida103-fr\/wp-json\/wp\/v2\/users\/1"}],"replies":[{"embeddable":true,"href":"https:\/\/course.oeru.org\/lida103-fr\/wp-json\/wp\/v2\/comments?post=14118"}],"version-history":[{"count":1,"href":"https:\/\/course.oeru.org\/lida103-fr\/wp-json\/wp\/v2\/pages\/14118\/revisions"}],"predecessor-version":[{"id":14119,"href":"https:\/\/course.oeru.org\/lida103-fr\/wp-json\/wp\/v2\/pages\/14118\/revisions\/14119"}],"up":[{"embeddable":true,"href":"https:\/\/course.oeru.org\/lida103-fr\/wp-json\/wp\/v2\/pages\/14104"}],"wp:attachment":[{"href":"https:\/\/course.oeru.org\/lida103-fr\/wp-json\/wp\/v2\/media?parent=14118"}],"curies":[{"name":"wp","href":"https:\/\/api.w.org\/{rel}","templated":true}]}}