{"id":14120,"date":"2023-08-03T03:17:34","date_gmt":"2023-08-03T03:17:34","guid":{"rendered":"https:\/\/course.oeru.org\/lida103-fr\/?page_id=14120"},"modified":"2023-08-03T03:17:34","modified_gmt":"2023-08-03T03:17:34","slug":"lancez-vous-defi-presentez-vous","status":"publish","type":"page","link":"https:\/\/course.oeru.org\/lida103-fr\/modules\/premiers-pas\/lancez-vous-defi-presentez-vous\/","title":{"rendered":"Lancez-vous \u2013 D\u00e9fi \u00ab Pr\u00e9sentez-vous \u00bb"},"content":{"rendered":"<div id=\"content\" class=\"mw-body container\" role=\"main\">\n<div class=\"row\">\n<div class=\"col-md-12\">\n<div class=\"panel\">\n<div class=\"panel-body\">\n<div id=\"bodyContent\">\n<div id=\"mw-content-text\" lang=\"en\" dir=\"ltr\" class=\"mw-content-ltr\">\n<p>\n<\/p>\n<p>\n<\/p>\n<div class=\"panel iDevice\">\n\t<div class=\"panel-heading idevice-heading\">\n\t\t<div>\n\t\t\t<img decoding=\"async\" class=\"pedagogicalicon\" alt=\"summary\" src=\"https:\/\/course.oeru.org\/lida103-fr\/wp-content\/themes\/oeru-course\/idevices\/Icon_summary.png\">\n\t\t<\/div>\n\t\t<div>\n\t\t\t<h2>Principe du mini-d\u00e9fi<\/h2>\n\t\t<\/div>\n\t<\/div>\n\t<div class=\"panel-body\">\n\t\t<div class=\"col-md-12\">\n\t\t\t<\/p>\n<table>\n<tbody>\n<tr>\n<td width=\"100px\"><b>Principe<\/b>:<\/td>\n<td>Pr\u00e9sentez-vous aux participants au cours <i>\u00c9ducation ouverte, droit d\u2019auteur et licences ouvertes Creative Commons dans un monde num\u00e9rique<\/i> (LiDA103fr) \u00e0 l\u2019aide d\u2019un article de blog<\/td>\n<\/tr>\n<tr>\n<td>\n<div class=\"floatleft\"><a href=\"https:\/\/wikieducator.org\/File:Time7.svg\" class=\"image\"><img loading=\"lazy\" decoding=\"async\" alt=\"Time7.svg\" src=\"\/\/wikieducator.org\/images\/thumb\/8\/88\/Time7.svg\/30px-Time7.svg.png\" width=\"30\" height=\"30\" class=\"img-responsive\"><\/a><\/div>\n<\/td>\n<td>De 30 minutes \u00e0 2 heures (selon vos connaissances et votre exp\u00e9rience en mati\u00e8re de tenue d\u2019un blog).<\/td>\n<\/tr>\n<\/tbody>\n<\/table>\n<p>Si vous avez d\u00e9j\u00e0 un blog de cours, rendez-vous directement aux <a href=\"\/lida103-fr\/modules\/premiers-pas\/mise-en-pratique-\u2013-defi-\u00ab-presentez-vous-\u00bb\" title=\"Learning in a digital age\/LiDA103 fr\/Orientation\/Outputs declare yourself\">activit\u00e9s de mise en pratique<\/a>. correspondant \u00e0 ce d\u00e9fi. Si vous n\u2019avez pas de blog, lisez le r\u00e9sum\u00e9 ci-dessous et faites les <a href=\"\/lida103-fr\/modules\/premiers-pas\/exercices-\u2013-defi-\u00ab-presentez-vous-\u00bb\" title=\"Learning in a digital age\/LiDA103 fr\/Orientation\/Tasks declare yourself\">exercices du d\u00e9fi<\/a>.\n<\/p>\n<p>\n<\/p>\n<p>\n\t\t<\/div>\n\t<\/div>\n<\/div>\n<p>\n<\/p>\n<p>Vous pouvez cr\u00e9er un blog gratuitement sur <a rel=\"nofollow\" class=\"external text\" href=\"http:\/\/www.fr.wordpress.com\">WordPress<\/a> ou <a rel=\"nofollow\" class=\"external text\" href=\"https:\/\/www.blogger.com\/\">Blogger<\/a>. WordPress est une plate-forme open source que nous utilisons pour h\u00e9berger le site de ce cours. Blogger est une plate-forme propri\u00e9taire et vous aurez besoin d\u2019avoir un compte Gmail pour y acc\u00e9der. Si vous \u00eates \u00e0 l\u2019aise dans ce domaine, vous pouvez \u00e9galement choisir d\u2019h\u00e9berger votre propre site de blog, mais nous ne pourrons pas vous aider.\n<\/p>\n<h2><span class=\"mw-headline\" id=\"Commencez_ici\">Commencez ici<\/span><\/h2>\n<div class=\"panel iDevice\">\n\t<div class=\"panel-heading idevice-heading\">\n\t\t<div>\n\t\t\t<img decoding=\"async\" class=\"pedagogicalicon\" alt=\"web resources\" src=\"https:\/\/course.oeru.org\/lida103-fr\/wp-content\/themes\/oeru-course\/idevices\/Icon_inter.png\">\n\t\t<\/div>\n\t\t<div>\n\t\t\t<h2>Ressources pour vous inspirer<\/h2>\n\t\t<\/div>\n\t<\/div>\n\t<div class=\"panel-body\">\n\t\t<div class=\"col-md-12\">\n\t\t\t<\/p>\n<p>Voici quelques ressources pour vous aider \u00e0 vous lancer dans la cr\u00e9ation de votre blog de cours. N\u2019oubliez pas qu\u2019en cas de difficult\u00e9s, vous pouvez chercher de l\u2019aide sur Internet. Tapez \u00ab&nbsp;Comment&#8230;&nbsp;\u00bb dans la barre de recherche de votre navigateur (en d\u00e9crivant ce que vous cherchez \u00e0 faire). Vous pouvez aussi poser une question sur le <a rel=\"nofollow\" class=\"external text\" href=\"https:\/\/forums.oeru.org\/t\/lida103fr-avez-vous-des-questions\/2599\">forum g\u00e9n\u00e9ral du cours LiDA103fr<\/a>. Aidez les autres participants en r\u00e9pondant \u00e0 leurs questions et en leur proposant votre assistance.\n<\/p>\n<table class=\"oeru1 table table-striped\">\n<tbody>\n<tr>\n<th> WordPress\n<\/th>\n<th> Blogger\n<\/th>\n<\/tr>\n<tr>\n<td> \u2022 <a rel=\"nofollow\" class=\"external text\" href=\"https:\/\/wordpress.com\/start\/user?ref=homepage\">Cr\u00e9er votre compte WordPress.com<\/a> or <a rel=\"nofollow\" class=\"external text\" href=\"https:\/\/wordpress.com\/log-in\/fr\">connectez-vous \u00e0 votre compte<\/a><br \/>\u2022 Vid\u00e9o <a rel=\"nofollow\" class=\"external text\" href=\"https:\/\/wordpress.com\/fr\/support\/video-tutorials\/\">\u00ab&nbsp;Comment cr\u00e9er votre site Web&nbsp;\u00bb<\/a> sur WordPress<br \/>\u2022 <a rel=\"nofollow\" class=\"external text\" href=\"https:\/\/wordpress.com\/fr\/support\/\">Besoin d\u2019aide&nbsp;?<\/a> sur fr.WordPress.com\n<\/td>\n<td>  \u2022 <a rel=\"nofollow\" class=\"external text\" href=\"https:\/\/support.google.com\/blogger\/?hl=fr#topic=3339243\">Premiers pas avec Blogger<\/a>\n<\/td>\n<\/tr>\n<\/tbody>\n<\/table>\n<p><!-- \n\n\n<p>NewPP limit report\nCPU time usage: 0.002 seconds\nReal time usage: 0.003 seconds\nPreprocessor visited node count: 264\/1000000\nPreprocessor generated node count: 1121\/1000000\nPost\u2010expand include size: 5175\/2097152 bytes\nTemplate argument size: 3033\/2097152 bytes\nHighest expansion depth: 9\/40\nExpensive parser function count: 0\/100\n--><\/p>\n<p>\n<\/p>\n<p>\n\t\t<\/div>\n\t<\/div>\n<\/div>\n<p>\n<\/p>\n<div class=\"panel iDevice\">\n\t<div class=\"panel-heading idevice-heading\">\n\t\t<div>\n\t\t\t<img decoding=\"async\" class=\"pedagogicalicon\" alt=\"objectives\" src=\"https:\/\/course.oeru.org\/lida103-fr\/wp-content\/themes\/oeru-course\/idevices\/Icon_objectives.png\">\n\t\t<\/div>\n\t\t<div>\n\t\t\t<h2>Objectif<\/h2>\n\t\t<\/div>\n\t<\/div>\n\t<div class=\"panel-body\">\n\t\t<div class=\"col-md-12\">\n\t\t\t<\/p>\n<p>L\u2019objectif de ce d\u00e9fi p\u00e9dagogique est de&nbsp;:\n<\/p>\n<ul>\n<li> cr\u00e9er un nouveau blog (si vous n\u2019en avez pas d\u00e9j\u00e0 un) sur WordPress ou sur Blogger en d\u00e9couvrant par vous-m\u00eame les moyens pour y parvenir \u00e0 l\u2019aide de supports en libre acc\u00e8s consultables sur Internet&nbsp;;\n<\/li>\n<li> personnaliser votre nouveau blog&nbsp;;\n<\/li>\n<li> documenter et partager votre exp\u00e9rience d\u2019apprentissage en publiant un article de blog.\n<\/li>\n<\/ul>\n<p><b>Int\u00e9r\u00eat de l\u2019exercice<\/b>\n<\/p>\n<ul>\n<li> Vous acqu\u00e9rez une exp\u00e9rience directe dans l\u2019utilisation des plates-formes de blog.\n<\/li>\n<li> Vous vous pr\u00e9sentez aux autres participants du cours en publiant un article sur votre environnement personnel d\u2019apprentissage (au lieu de publier un message de pr\u00e9sentation sur un forum ferm\u00e9, comme c\u2019est g\u00e9n\u00e9ralement le cas dans les cours d\u2019apprentissage en ligne classiques).\n<\/li>\n<\/ul>\n<p>\n<\/p>\n<p>\n\t\t<\/div>\n\t<\/div>\n<\/div>\n<p><!-- \nNewPP limit report\nCPU time usage: 0.029 seconds\nReal time usage: 0.035 seconds\nPreprocessor visited node count: 394\/1000000\nPreprocessor generated node count: 1207\/1000000\nPost\u2010expand include size: 16024\/2097152 bytes\nTemplate argument size: 5939\/2097152 bytes\nHighest expansion depth: 9\/40\nExpensive parser function count: 0\/100\n--><\/p>\n<p><!-- Saved in parser cache with key we_en-mw_:pcache:idhash:188497-0!*!0!*!*!2!* and timestamp 20230802220725 and revision id 1085984\n -->\n<\/div>\n<div class=\"visualClear\"><\/div>\n<\/p><\/div>\n<\/p><\/div>\n<\/div>\n<\/div>\n<\/div>\n<div class=\"row\">\n<div class=\"col-md-12\">\n<ul class=\"pager\">\n<li class=\"previous\">\n            <a href=\"\/lida103-fr\/modules\/premiers-pas\/le-blog-comme-journal-dapprentissage\">\u2190 Pr\u00e9c\u00e9dent<\/a>\n          <\/li>\n<li class=\"next\">\n            <a href=\"\/lida103-fr\/modules\/premiers-pas\/exercices-defi-presentez-vous-\">Suivant \u2192<\/a>\n          <\/li>\n<\/ul><\/div>\n<\/p><\/div>\n<div id=\"wenote-ids\"><script type='text\/javascript' id='wenotes-ids'>\n    var WEnotesSite = \"https:\/\/wikieducator.org\";\n    var WEnotesPath = \"\/Learning_in_a_digital_age\/LiDA103_fr\/Orientation\/Start_declare_yourself\";\n    var WEnotesSiteID = \"0e3d258fbd36841f92259eefcd41d5e9\";\n    var WEnotesPathID = \"53495b043562041e830ad9565a0a05f0\";\n    var WEnotesIDs = { site: \"https:\/\/wikieducator.org\", path: \"\/Learning_in_a_digital_age\/LiDA103_fr\/Orientation\/Start_declare_yourself\", site_id: \"0e3d258fbd36841f92259eefcd41d5e9\", path_id: \"53495b043562041e830ad9565a0a05f0\" };\n<\/script><\/div>\n<\/div>\n<footer><\/footer>\n","protected":false},"excerpt":{"rendered":"<p>Vous pouvez cr\u00e9er un blog gratuitement sur WordPress ou Blogger. WordPress est une plate-forme open source que nous utilisons pour h\u00e9berger le site de ce cours. Blogger est une plate-forme propri\u00e9taire et vous aurez besoin d\u2019avoir un compte Gmail pour y acc\u00e9der. Si vous \u00eates \u00e0 l\u2019aise dans ce domaine, vous pouvez \u00e9galement choisir d\u2019h\u00e9berger [&hellip;]<\/p>\n","protected":false},"author":1,"featured_media":0,"parent":14104,"menu_order":0,"comment_status":"closed","ping_status":"closed","template":"","meta":{"footnotes":""},"class_list":["post-14120","page","type-page","status-publish","hentry"],"_links":{"self":[{"href":"https:\/\/course.oeru.org\/lida103-fr\/wp-json\/wp\/v2\/pages\/14120","targetHints":{"allow":["GET"]}}],"collection":[{"href":"https:\/\/course.oeru.org\/lida103-fr\/wp-json\/wp\/v2\/pages"}],"about":[{"href":"https:\/\/course.oeru.org\/lida103-fr\/wp-json\/wp\/v2\/types\/page"}],"author":[{"embeddable":true,"href":"https:\/\/course.oeru.org\/lida103-fr\/wp-json\/wp\/v2\/users\/1"}],"replies":[{"embeddable":true,"href":"https:\/\/course.oeru.org\/lida103-fr\/wp-json\/wp\/v2\/comments?post=14120"}],"version-history":[{"count":1,"href":"https:\/\/course.oeru.org\/lida103-fr\/wp-json\/wp\/v2\/pages\/14120\/revisions"}],"predecessor-version":[{"id":14121,"href":"https:\/\/course.oeru.org\/lida103-fr\/wp-json\/wp\/v2\/pages\/14120\/revisions\/14121"}],"up":[{"embeddable":true,"href":"https:\/\/course.oeru.org\/lida103-fr\/wp-json\/wp\/v2\/pages\/14104"}],"wp:attachment":[{"href":"https:\/\/course.oeru.org\/lida103-fr\/wp-json\/wp\/v2\/media?parent=14120"}],"curies":[{"name":"wp","href":"https:\/\/api.w.org\/{rel}","templated":true}]}}