{"id":14122,"date":"2023-08-03T03:17:36","date_gmt":"2023-08-03T03:17:36","guid":{"rendered":"https:\/\/course.oeru.org\/lida103-fr\/?page_id=14122"},"modified":"2023-08-03T03:17:36","modified_gmt":"2023-08-03T03:17:36","slug":"exercices-defi-presentez-vous","status":"publish","type":"page","link":"https:\/\/course.oeru.org\/lida103-fr\/modules\/premiers-pas\/exercices-defi-presentez-vous\/","title":{"rendered":"Exercices \u2013 D\u00e9fi \u00ab Pr\u00e9sentez-vous \u00bb"},"content":{"rendered":"<div id=\"content\" class=\"mw-body container\" role=\"main\">\n<div class=\"row\">\n<div class=\"col-md-12\">\n<div class=\"panel\">\n<div class=\"panel-body\">\n<div id=\"bodyContent\">\n<div id=\"mw-content-text\" lang=\"en\" dir=\"ltr\" class=\"mw-content-ltr\">\n<p>\n<\/p>\n<p>\nFaites les exercices ci-dessous. En cas de difficult\u00e9s, explorez les <a href=\"\/lida103-fr\/modules\/premiers-pas\/lancez-vous-\u2013-defi-\u00ab-presentez-vous-\u00bb\" title=\"Learning in a digital age\/LiDA103 fr\/Orientation\/Start declare yourself\">ressources pour vous inspirer<\/a> ou cherchez des supports en libre acc\u00e8s sur Internet afin de vous aider.\n<\/p>\n<ol>\n<li> Cr\u00e9ez un compte sur <a rel=\"nofollow\" class=\"external text\" href=\"https:\/\/fr.wordpress.com\/\">fr.WordPress.com<\/a> ou <a rel=\"nofollow\" class=\"external text\" href=\"http:\/\/www.blogger.com\">Blogger.com<\/a> et d\u00e9marrez un blog gratuit.\n<\/li>\n<li> Listez les diff\u00e9rences entre le tableau de bord utilis\u00e9 pour l\u2019\u00e9dition de votre blog et sa version consultable en ligne (il est important de conna\u00eetre ces diff\u00e9rences, car lorsque vous enregistrez l\u2019adresse de votre blog afin qu\u2019il apparaisse sur le fil d\u2019actualit\u00e9 du cours, vous devez utiliser l\u2019adresse correspondant \u00e0 son interface publique).\n<ul>\n<li> Si vous travaillez sur WordPress, visionnez la vid\u00e9o sur le tableau de bord publi\u00e9e par <a rel=\"nofollow\" class=\"external text\" href=\"https:\/\/www.wp101.com\/\">WP101.com<\/a> (en anglais seulement).\n<\/li>\n<li> Si vous travaillez sur Blogger, consultez le <a rel=\"nofollow\" class=\"external text\" href=\"https:\/\/youtu.be\/ffLu9_PVyyI\">Tour of dashboard features<\/a> (tour d\u2019horizon des fonctionnalit\u00e9s du tableau de bord) publi\u00e9 par Jared Broker (en anglais seulement).\n<\/li>\n<li> Savez-vous comment ouvrir l\u2019interface publique de votre blog dans une nouvelle fen\u00eatre&nbsp;?\n<\/li>\n<li> Avez-vous ajout\u00e9 le tableau de bord et l\u2019interface publique de votre blog aux favoris de votre navigateur&nbsp;? \n<\/li>\n<\/ul>\n<\/li>\n<\/ol>\n<table class=\"oeru1 table table-striped\">\n<tbody>\n<tr>\n<th>Formats typiques des URL<\/th>\n<th>WordPress<\/th>\n<th>Blogger<\/th>\n<\/tr>\n<tr>\n<td>URL pour tableau de bord utilis\u00e9 pour l\u2019\u00e9dition<\/td>\n<td><span style=\"font-style:italic\">blogname<\/span>.wordpress.com\/wp-admin\/<\/td>\n<td>blogger.com<\/td>\n<\/tr>\n<tr>\n<td>URL pour l&rsquo;interface publique de votre blog<\/td>\n<td><span style=\"font-style:italic\">blogname<\/span>.wordpress.com<\/td>\n<td><span style=\"font-style:italic\">blogname<\/span>.blogspot.com<\/td>\n<\/tr>\n<\/tbody>\n<\/table>\n<p> <\/p>\n<ol>\n<li> Renseignez vos donn\u00e9es personnelles pour les afficher sur la page \u00ab&nbsp;\u00c0 propos&nbsp;\u00bb de votre blog.\n<ul>\n<li> Pouvez-vous voir les mises \u00e0 jour de votre page \u00ab&nbsp;\u00c0 propos&nbsp;\u00bb dans l\u2019interface publique de votre blog&nbsp;?\n<\/li>\n<\/ul>\n<\/li>\n<li> \u00c9tudiez et personnalisez les param\u00e8tres de votre blog \u00e0 partir du tableau de bord, en fonction de vos pr\u00e9f\u00e9rences.\n<ul>\n<li> Nous vous recommandons d\u2019activer les cat\u00e9gories et les \u00e9tiquettes (tags) dans votre blog (\u00e9galement appel\u00e9s \u00ab&nbsp;libell\u00e9s&nbsp;\u00bb si vous travaillez sur Blogger).\n<\/li>\n<li> \u00e9fl\u00e9chissez \u00e0 la fa\u00e7on dont vous souhaitez mod\u00e9rer les commentaires. Souhaitez-vous mod\u00e9rer tous les commentaires, ou bien, si vous \u00eates sur WordPress, autoriser les utilisateurs que vous aurez pr\u00e9alablement approuv\u00e9s \u00e0 publier des commentaires sans les mod\u00e9rer&nbsp;? Effectuez une recherche Internet sur la mod\u00e9ration des commentaires de blog pour en savoir plus sur les avantages et les inconv\u00e9nients de la mod\u00e9ration des commentaires pour la circulation de l\u2019information.\n<\/li>\n<\/ul>\n<\/li>\n<li> Explorez l\u2019onglet \u00ab&nbsp;Apparence&nbsp;\u00bb de votre tableau de bord et personnalisez votre blog en&nbsp;:\n<ul>\n<li> modifiant le th\u00e8me, l\u2019image d\u2019en-t\u00eate et les couleurs ou l\u2019image de fond&nbsp;;\n<\/li>\n<li> ajoutant au moins un widget \u00e0 votre blog \u2013 n\u2019oubliez pas que \u00ab\u00a0<a href=\"http:\/\/en.wikipedia.org\/wiki\/fr:Minimalisme_(art)\" class=\"extiw\" title=\"w:fr:Minimalisme (art)\">le minimalisme est une vertu<\/a>\u00ab\u00a0. Choisissez un ou deux widgets parmi cette s\u00e9lection fonctionnelle&nbsp;: archives, publications r\u00e9centes, cat\u00e9gories, nuage de cat\u00e9gories et blogoliste.\n<ul>\n<li> Pour Blogger, voir  <a rel=\"nofollow\" class=\"external text\" href=\"http:\/\/www.wikihow.com\/Add-a-Widget-to-Blogger\">How to add a widget<\/a> (comment ajouter un widget) (en anglais seulement).\n<\/li>\n<li> Pour WordPress, voir <a rel=\"nofollow\" class=\"external text\" href=\"https:\/\/en.support.wordpress.com\/widgets\/\">How to add widgets<\/a> (comment ajouter des widgets) (en anglais seulement).\n<\/li>\n<\/ul>\n<\/li>\n<\/ul>\n<\/li>\n<li> R\u00e9digez un brouillon d\u2019article de blog sur cette activit\u00e9 d\u2019apprentissage en ligne. Qu\u2019avez-vous retir\u00e9 de cet exercice de cr\u00e9ation de blog&nbsp;? Cliquez sur \u00ab&nbsp;Enregistrer le brouillon&nbsp;\u00bb (afin de pouvoir le relire avant de le publier sur Internet). Votre texte pourrait par exemple \u00eatre l\u2019occasion&nbsp;:\n<ul>\n<li> de vous pr\u00e9senter et de vous interroger sur ce que vous souhaitez accomplir en tenant un blog personnel d\u2019apprentissage&nbsp;;\n<\/li>\n<li> d\u2019indiquer ce que vous avez pens\u00e9 de cette activit\u00e9 (pr\u00e9cisez si vous avez trouv\u00e9 cet exercice facile ou difficile)&nbsp;;\n<\/li>\n<li> de partager des liens vers d\u2019autres ressources qui vous ont \u00e9t\u00e9 utiles pour mener \u00e0 bien cet exercice&nbsp;;\n<\/li>\n<li> d\u2019offrir des conseils aux futurs apprenants qui devront effectuer cette activit\u00e9 \u00e0 leur tour (expliquez ce que vous feriez diff\u00e9remment si vous deviez cr\u00e9er un nouveau blog)&nbsp;;\n<\/li>\n<li> de fournir des informations susceptibles d\u2019int\u00e9resser ou d\u2019aider vos lecteurs.\n<\/li>\n<\/ul>\n<\/li>\n<li> Relisez votre brouillon et une fois que le texte vous satisfait, cliquez sur le bouton \u00ab&nbsp;Publier&nbsp;\u00bb.\n<\/li>\n<li> Envoyez un courriel \u00e0 une personne de votre entourage (cercle professionnel, universitaire, amical ou familial) en lui indiquant l\u2019adresse de votre blog et demandez-lui de publier un commentaire. Cela vous permettra de voir comment fonctionnent les commentaires sur votre blog et de v\u00e9rifier si tout marche correctement.\n<\/li>\n<\/ol>\n<p><!-- \nNewPP limit report\nCPU time usage: 0.009 seconds\nReal time usage: 0.011 seconds\nPreprocessor visited node count: 10\/1000000\nPreprocessor generated node count: 40\/1000000\nPost\u2010expand include size: 4969\/2097152 bytes\nTemplate argument size: 71\/2097152 bytes\nHighest expansion depth: 2\/40\nExpensive parser function count: 0\/100\n--><\/p>\n<p><!-- Saved in parser cache with key we_en-mw_:pcache:idhash:188498-0!*!0!*!*!*!* and timestamp 20230802220725 and revision id 1085986\n -->\n<\/div>\n<div class=\"visualClear\"><\/div>\n<\/p><\/div>\n<\/p><\/div>\n<\/div>\n<\/div>\n<\/div>\n<div class=\"row\">\n<div class=\"col-md-12\">\n<ul class=\"pager\">\n<li class=\"previous\">\n            <a href=\"\/lida103-fr\/modules\/premiers-pas\/lancez-vous-defi-presentez-vous-\">\u2190 Pr\u00e9c\u00e9dent<\/a>\n          <\/li>\n<li class=\"next\">\n            <a href=\"\/lida103-fr\/modules\/premiers-pas\/mise-en-pratique-defi-presentez-vous-\">Suivant \u2192<\/a>\n          <\/li>\n<\/ul><\/div>\n<\/p><\/div>\n<div id=\"wenote-ids\"><script type='text\/javascript' id='wenotes-ids'>\n    var WEnotesSite = \"https:\/\/wikieducator.org\";\n    var WEnotesPath = \"\/Learning_in_a_digital_age\/LiDA103_fr\/Orientation\/Tasks_declare_yourself\";\n    var WEnotesSiteID = \"0e3d258fbd36841f92259eefcd41d5e9\";\n    var WEnotesPathID = \"73dff4db04fe87c3b015fdba406f60b7\";\n    var WEnotesIDs = { site: \"https:\/\/wikieducator.org\", path: \"\/Learning_in_a_digital_age\/LiDA103_fr\/Orientation\/Tasks_declare_yourself\", site_id: \"0e3d258fbd36841f92259eefcd41d5e9\", path_id: \"73dff4db04fe87c3b015fdba406f60b7\" };\n<\/script><\/div>\n<\/div>\n<footer><\/footer>\n","protected":false},"excerpt":{"rendered":"<p>Faites les exercices ci-dessous. En cas de difficult\u00e9s, explorez les ressources pour vous inspirer ou cherchez des supports en libre acc\u00e8s sur Internet afin de vous aider. Cr\u00e9ez un compte sur fr.WordPress.com ou Blogger.com et d\u00e9marrez un blog gratuit. Listez les diff\u00e9rences entre le tableau de bord utilis\u00e9 pour l\u2019\u00e9dition de votre blog et sa [&hellip;]<\/p>\n","protected":false},"author":1,"featured_media":0,"parent":14104,"menu_order":0,"comment_status":"closed","ping_status":"closed","template":"","meta":{"footnotes":""},"class_list":["post-14122","page","type-page","status-publish","hentry"],"_links":{"self":[{"href":"https:\/\/course.oeru.org\/lida103-fr\/wp-json\/wp\/v2\/pages\/14122","targetHints":{"allow":["GET"]}}],"collection":[{"href":"https:\/\/course.oeru.org\/lida103-fr\/wp-json\/wp\/v2\/pages"}],"about":[{"href":"https:\/\/course.oeru.org\/lida103-fr\/wp-json\/wp\/v2\/types\/page"}],"author":[{"embeddable":true,"href":"https:\/\/course.oeru.org\/lida103-fr\/wp-json\/wp\/v2\/users\/1"}],"replies":[{"embeddable":true,"href":"https:\/\/course.oeru.org\/lida103-fr\/wp-json\/wp\/v2\/comments?post=14122"}],"version-history":[{"count":1,"href":"https:\/\/course.oeru.org\/lida103-fr\/wp-json\/wp\/v2\/pages\/14122\/revisions"}],"predecessor-version":[{"id":14123,"href":"https:\/\/course.oeru.org\/lida103-fr\/wp-json\/wp\/v2\/pages\/14122\/revisions\/14123"}],"up":[{"embeddable":true,"href":"https:\/\/course.oeru.org\/lida103-fr\/wp-json\/wp\/v2\/pages\/14104"}],"wp:attachment":[{"href":"https:\/\/course.oeru.org\/lida103-fr\/wp-json\/wp\/v2\/media?parent=14122"}],"curies":[{"name":"wp","href":"https:\/\/api.w.org\/{rel}","templated":true}]}}