{"id":14124,"date":"2023-08-03T03:17:38","date_gmt":"2023-08-03T03:17:38","guid":{"rendered":"https:\/\/course.oeru.org\/lida103-fr\/?page_id=14124"},"modified":"2023-08-03T03:17:38","modified_gmt":"2023-08-03T03:17:38","slug":"mise-en-pratique-defi-presentez-vous","status":"publish","type":"page","link":"https:\/\/course.oeru.org\/lida103-fr\/modules\/premiers-pas\/mise-en-pratique-defi-presentez-vous\/","title":{"rendered":"Mise en pratique \u2013 D\u00e9fi \u00ab Pr\u00e9sentez-vous \u00bb"},"content":{"rendered":"<div id=\"content\" class=\"mw-body container\" role=\"main\">\n<div class=\"row\">\n<div class=\"col-md-12\">\n<div class=\"panel\">\n<div class=\"panel-body\">\n<div id=\"bodyContent\">\n<div id=\"mw-content-text\" lang=\"en\" dir=\"ltr\" class=\"mw-content-ltr\">\n<p>\n<\/p>\n<p>\n<!-- WEtheme eyJwIjoiT0VSZiIsImNzcyI6ImNzc1wvZm9udC1hd2Vzb21lXC9jc3NcL2ZvbnQtYXdlc29tZS5taW4uY3NzIiwiaGVhZGVyIjoiYmx1ci5odG1sIn0= -->\n<\/p>\n<div class=\"panel iDevice\">\n\t<div class=\"panel-heading idevice-heading\">\n\t\t<div>\n\t\t\t<img decoding=\"async\" class=\"pedagogicalicon\" alt=\"activity\" src=\"https:\/\/course.oeru.org\/lida103-fr\/wp-content\/themes\/oeru-course\/idevices\/Icon_activity.png\">\n\t\t<\/div>\n\t\t<div>\n\t\t\t<h2>Activit\u00e9s de mise en pratique des connaissances<\/h2>\n\t\t<\/div>\n\t<\/div>\n\t<div class=\"panel-body\">\n\t\t<div class=\"col-md-12\">\n\t\t\t<\/p>\n<p><b>La r\u00e9daction de cet article de blog a pour but de vous pr\u00e9senter aux autres participants en expliquant vos motivations pour suivre le cours <i>\u00c9ducation ouverte, droit d\u2019auteur et licences ouvertes Creative Commons dans un monde num\u00e9rique<\/i> (LiDA103fr)<\/b>.\n<\/p>\n<p>Publiez un article de plusieurs paragraphes (entre 150 et 200 mots maximum) dans lequel vous pr\u00e9sentez qui vous \u00eates, ce que vous souhaitez et d\u00e9finissez les objectifs que vous souhaitez atteindre avec ce blog dans le cadre de votre apprentissage. S\u2019il s\u2019agit de votre premier blog, vous pouvez \u00e9galement inclure une r\u00e9flexion sur cette activit\u00e9 d\u2019apprentissage en ligne. Vous pouvez choisir d\u2019intituler vous-m\u00eame votre article ou d\u2019utiliser le titre&nbsp;: \u00ab&nbsp;<i>Je me pr\u00e9sente sur LiDA103fr<\/i>&nbsp;\u00bb. Votre article doit inclure&nbsp;:\n<\/p>\n<ol>\n<li> une courte introduction (pensez \u00e0 y joindre un lien vers la page \u00ab&nbsp;\u00c0 propos&nbsp;\u00bb de votre blog)&nbsp;;\n<\/li>\n<li> vos motivations pour suivre ce cours&nbsp;;\n<\/li>\n<li> au moins un lien vers un site Web ext\u00e9rieur (par exemple vers une ressource qui vous a \u00e9t\u00e9 utile ou vers cette activit\u00e9 d\u2019apprentissage en ligne).\n<\/li>\n<li> Facultatif&nbsp;: Filmez une petite vid\u00e9o de pr\u00e9sentation et int\u00e9grez-la \u00e0 votre article de blog.\n<\/li>\n<li> Ajoutez une cat\u00e9gorie ou une \u00e9tiquette \u00e0 votre article en utilisant le code du cours&nbsp;: <b>LiDA103fr<\/b>.\n<ul>\n<li> Consultez la page <a rel=\"nofollow\" class=\"external text\" href=\"https:\/\/wordpress.com\/fr\/support\/articles\/etiquettes\/\">Comment ajouter une \u00e9tiquette<\/a> sur WordPress ou la page <a rel=\"nofollow\" class=\"external text\" href=\"https:\/\/support.google.com\/blogger\/answer\/154172?hl=fr&amp;ref_topic=3339243\">Changer les param\u00e8tres de vos articles<\/a> pour ajouter un libell\u00e9 sur Blogger.\n<\/li>\n<li> L\u2019\u00e9tiquette est indispensable pour que notre agr\u00e9gateur puisse rep\u00e9rer les articles concernant le cours LiDA. Sans \u00e9tiquette, nous ne pourrons pas collecter votre article et l\u2019int\u00e9grer au <a href=\"\/lida103-fr\/communications\/fil-dactualite-du-cours\" title=\"Learning in a digital age\/LiDA103 fr\/Feed\">fil d\u2019actualit\u00e9 du cours<\/a>. Il s\u2019agit d\u2019une proc\u00e9dure automatique qui se lance une fois que vous avez renseign\u00e9 l\u2019adresse de votre blog dans le site du cours (voir ci-apr\u00e8s).\n<\/li>\n<\/ul>\n<\/li>\n<li> Faites en sorte de publier au moins un commentaire (invitez par exemple une personne de votre entourage \u00e0 commenter votre article). Cela vous permet de v\u00e9rifier que vous avez correctement activ\u00e9 les r\u00e9glages pour les commentaires et que vous \u00eates capables de mod\u00e9rer les publications, si n\u00e9cessaire.\n<\/li>\n<li> Vous devez attribuer l\u2019adresse de votre flux de blog \u00e0 votre profil (si vous ne l\u2019avez pas d\u00e9j\u00e0 fait). Nous avons besoin de cette adresse pour r\u00e9cup\u00e9rer les articles portant une \u00e9tiquette ou un libell\u00e9 contenant le mot-di\u00e8se  \u00ab&nbsp;LiDA103fr&nbsp;\u00bb et les faire appara\u00eetre sur le fil d\u2019actualit\u00e9 du cours. Veuillez noter qu\u2019il peut s\u2019\u00e9couler jusqu\u2019\u00e0 une heure entre la publication de votre article et son apparition sur le fil d\u2019actualit\u00e9.\n<ul>\n<li> Pour attribuer l\u2019adresse de votre blog&nbsp;:\n<ol>\n<li> Connectez-vous sur le site du cours en cliquant sur \u00ab&nbsp;S\u2019identifier\/S\u2019inscrire&nbsp;\u00bb en haut de la page (ou sur le logo (<i class=\"fa fa-user\"><\/i>) si vous vous connectez depuis votre t\u00e9l\u00e9phone) et v\u00e9rifiez que la mention \u00ab&nbsp;inscrit&nbsp;\u00bb appara\u00eet bien dans votre statut apr\u00e8s connexion.\n<\/li>\n<li> Ouvrez la page du service de recherche de flux de blogs dans un nouvel onglet&nbsp;: <a rel=\"nofollow\" class=\"external free\" href=\"https:\/\/course.oeru.org\/blog-feed-finder\">https:\/\/course.oeru.org\/blog-feed-finder<\/a>\n<\/li>\n<li> Tapez l\u2019adresse de votre blog dans la barre de recherche figurant dans l\u2019encadr\u00e9 \u00ab&nbsp;Find your blog&rsquo;s feed address&nbsp;\u00bb (\u00ab&nbsp;Trouvez l\u2019adresse de votre flux de blog&nbsp;\u00bb). Celle-ci devrait ressembler \u00e0 \u00ab&nbsp;https:\/\/nomdublog.blogspot.com&nbsp;\u00bb ou \u00ab&nbsp;https:\/\/nomdublog.wordpress.com&nbsp;\u00bb.\n<ul>\n<li> Le moteur de recherche r\u00e9cup\u00e8re par exemple les adresses de flux \u00ab&nbsp;Atom&nbsp;\u00bb ou \u00ab&nbsp;RSS&nbsp;\u00bb valides. S\u00e9lectionnez un flux \u2013 \u00ab&nbsp;Atom&nbsp;\u00bb ou \u00ab&nbsp;RSS&nbsp;\u00bb \u2013 valide.\n<\/li>\n<li> Le service pr\u00e9cise ensuite tous les cours de l\u2019OERu que vous suivez, ainsi que les adresses de blog que vous avez pr\u00e9c\u00e9demment renseign\u00e9es, le cas \u00e9ch\u00e9ant. Cliquez sur le bouton \u00ab&nbsp;Assign\u00bb (\u00ab&nbsp;Attribuer&nbsp;\u00bb) ou \u00ab&nbsp;Replace\u00bb (\u00ab&nbsp;Remplacer&nbsp;\u00bb) pour associer l\u2019adresse du flux de votre blog au(x) cours concern\u00e9(s).\n<\/li>\n<\/ul>\n<\/li>\n<\/ol>\n<\/li>\n<\/ul>\n<\/li>\n<\/ol>\n<p>\n<\/p>\n<p>\n\t\t<\/div>\n\t<\/div>\n<\/div>\n<p>\n<\/p>\n<p><!-- \nNewPP limit report\nCPU time usage: 0.023 seconds\nReal time usage: 0.028 seconds\nPreprocessor visited node count: 110\/1000000\nPreprocessor generated node count: 868\/1000000\nPost\u2010expand include size: 14971\/2097152 bytes\nTemplate argument size: 8638\/2097152 bytes\nHighest expansion depth: 8\/40\nExpensive parser function count: 0\/100\n--><\/p>\n<p><!-- Saved in parser cache with key we_en-mw_:pcache:idhash:188496-0!*!0!*!*!2!* and timestamp 20230802220726 and revision id 1086233\n -->\n<\/div>\n<div class=\"visualClear\"><\/div>\n<\/p><\/div>\n<\/p><\/div>\n<\/div>\n<\/div>\n<\/div>\n<div class=\"row\">\n<div class=\"col-md-12\">\n<ul class=\"pager\">\n<li class=\"previous\">\n            <a href=\"\/lida103-fr\/modules\/premiers-pas\/exercices-defi-presentez-vous-\">\u2190 Pr\u00e9c\u00e9dent<\/a>\n          <\/li>\n<li class=\"next\">\n            <a href=\"\/lida103-fr\/modules\/importance-du-libre-acces\/apercu\">Suivant \u2192<\/a>\n          <\/li>\n<\/ul><\/div>\n<\/p><\/div>\n<div id=\"wenote-ids\"><script type='text\/javascript' id='wenotes-ids'>\n    var WEnotesSite = \"https:\/\/wikieducator.org\";\n    var WEnotesPath = \"\/Learning_in_a_digital_age\/LiDA103_fr\/Orientation\/Outputs_declare_yourself\";\n    var WEnotesSiteID = \"0e3d258fbd36841f92259eefcd41d5e9\";\n    var WEnotesPathID = \"cffa5650c9f914f07d2853b29dbba53a\";\n    var WEnotesIDs = { site: \"https:\/\/wikieducator.org\", path: \"\/Learning_in_a_digital_age\/LiDA103_fr\/Orientation\/Outputs_declare_yourself\", site_id: \"0e3d258fbd36841f92259eefcd41d5e9\", path_id: \"cffa5650c9f914f07d2853b29dbba53a\" };\n<\/script><\/div>\n<\/div>\n<footer><\/footer>\n","protected":false},"excerpt":{"rendered":"<p>\u2190 Pr\u00e9c\u00e9dent Suivant \u2192<\/p>\n","protected":false},"author":1,"featured_media":0,"parent":14104,"menu_order":0,"comment_status":"closed","ping_status":"closed","template":"","meta":{"footnotes":""},"class_list":["post-14124","page","type-page","status-publish","hentry"],"_links":{"self":[{"href":"https:\/\/course.oeru.org\/lida103-fr\/wp-json\/wp\/v2\/pages\/14124","targetHints":{"allow":["GET"]}}],"collection":[{"href":"https:\/\/course.oeru.org\/lida103-fr\/wp-json\/wp\/v2\/pages"}],"about":[{"href":"https:\/\/course.oeru.org\/lida103-fr\/wp-json\/wp\/v2\/types\/page"}],"author":[{"embeddable":true,"href":"https:\/\/course.oeru.org\/lida103-fr\/wp-json\/wp\/v2\/users\/1"}],"replies":[{"embeddable":true,"href":"https:\/\/course.oeru.org\/lida103-fr\/wp-json\/wp\/v2\/comments?post=14124"}],"version-history":[{"count":1,"href":"https:\/\/course.oeru.org\/lida103-fr\/wp-json\/wp\/v2\/pages\/14124\/revisions"}],"predecessor-version":[{"id":14125,"href":"https:\/\/course.oeru.org\/lida103-fr\/wp-json\/wp\/v2\/pages\/14124\/revisions\/14125"}],"up":[{"embeddable":true,"href":"https:\/\/course.oeru.org\/lida103-fr\/wp-json\/wp\/v2\/pages\/14104"}],"wp:attachment":[{"href":"https:\/\/course.oeru.org\/lida103-fr\/wp-json\/wp\/v2\/media?parent=14124"}],"curies":[{"name":"wp","href":"https:\/\/api.w.org\/{rel}","templated":true}]}}