{"id":14128,"date":"2023-08-03T03:17:43","date_gmt":"2023-08-03T03:17:43","guid":{"rendered":"https:\/\/course.oeru.org\/lida103-fr\/?page_id=14128"},"modified":"2023-08-03T03:17:43","modified_gmt":"2023-08-03T03:17:43","slug":"apercu","status":"publish","type":"page","link":"https:\/\/course.oeru.org\/lida103-fr\/modules\/importance-du-libre-acces\/apercu\/","title":{"rendered":"Aper\u00e7u"},"content":{"rendered":"<div id=\"content\" class=\"mw-body container\" role=\"main\">\n<div class=\"row\">\n<div class=\"col-md-12\">\n<div class=\"panel\">\n<div class=\"panel-body\">\n<div id=\"bodyContent\">\n<div id=\"mw-content-text\" lang=\"en\" dir=\"ltr\" class=\"mw-content-ltr\">\n<div class=\"floatright\"><a href=\"https:\/\/wikieducator.org\/File:Open_windows.jpg\" class=\"image\"><img loading=\"lazy\" decoding=\"async\" alt=\"Open windows.jpg\" src=\"\/\/wikieducator.org\/images\/thumb\/7\/74\/Open_windows.jpg\/320px-Open_windows.jpg\" width=\"320\" height=\"241\" class=\"img-responsive\"><\/a><\/div>\n<p>Ce module d\u2019introduction est l\u2019occasion de nous interroger sur l\u2019importance du libre acc\u00e8s en faveur de l\u2019apprentissage \u00e0 l\u2019\u00e8re du num\u00e9rique. Nous nous pencherons sur ce que signifie la libert\u00e9 d\u2019apprendre et proc\u00e9derons \u00e0 l\u2019\u00e9tat des lieux de l\u2019acc\u00e8s aux connaissances issues de la recherche. Ce module vise \u00e0 d\u00e9finir le contexte de l\u2019\u00e9ducation ouverte, du droit d\u2019auteur et des licences ouvertes dans le contexte de l\u2019apprentissage au XXIe si\u00e8cle.<br style=\"clear:both;\">\n<\/p>\n<table class=\"cquote\" style=\"margin:auto; border-collapse: collapse; border: none; background-color: transparent; width: auto;\">\n<tbody>\n<tr>\n<td width=\"20\" valign=\"top\" style=\"border:none; color:#B2B7F2;font-size:35px;font-family: 'Times New Roman', serif; font-weight: bold; text-align: left; padding: 10px 10px;\"> \u201c\n<\/td>\n<td valign=\"top\" style=\"border: none; padding: 4px 10px;\"> <i>Toute personne a droit \u00e0 l\u2019\u00e9ducation [&#8230;] L\u2019enseignement technique et professionnel doit \u00eatre g\u00e9n\u00e9ralis\u00e9&nbsp;; l\u2019acc\u00e8s aux \u00e9tudes sup\u00e9rieures doit \u00eatre ouvert en pleine \u00e9galit\u00e9 \u00e0 tous en fonction de leur m\u00e9rite.<\/i>\n<\/td>\n<td width=\"20\" valign=\"bottom\" style=\"border: none; color: #B2B7F2; font-size: 35px; font-family: 'Times New Roman', serif; font-weight: bold; text-align: right; padding: 10px 10px;\"> \u201d\n<\/td>\n<\/tr>\n<tr>\n<td colspan=\"3\" class=\"cquotecite\" style=\"border: none; padding-right: 4%\">\n<p style=\"font-size: smaller; text-align: right;\"><cite style=\"font-style: normal;\">\u2014Article 26 de la <a rel=\"nofollow\" class=\"external text\" href=\"https:\/\/www.un.org\/fr\/universal-declaration-human-rights\/\">D\u00e9claration universelle des droits de l\u2019homme<\/a><br \/>Organisation des Nations Unies<\/cite><\/p>\n<\/td>\n<\/tr>\n<\/tbody>\n<\/table>\n<p>\nLa D\u00e9claration universelle des droits de l\u2019homme d\u00e9fend la gratuit\u00e9 de l\u2019\u00e9ducation, au moins en ce qui concerne l\u2019enseignement \u00e9l\u00e9mentaire et fondamental. La notion de \u00ab&nbsp;gratuit\u00e9&nbsp;\u00bb de l\u2019\u00e9ducation ne s\u2019\u00e9tend pas aux \u00e9tudes sup\u00e9rieures, en d\u00e9pit du fait que dans un monde num\u00e9rique, le co\u00fbt marginal de la reproduction des contenus num\u00e9riques est proche de z\u00e9ro. Ce module explore les possibilit\u00e9s d\u2019initiatives ouvertes en ligne pour \u00e9largir l\u2019acc\u00e8s \u00e0 l\u2019enseignement sup\u00e9rieur en le rendant plus accessible.\n<\/p>\n<div class=\"panel iDevice\">\n\t<div class=\"panel-heading idevice-heading\">\n\t\t<div>\n\t\t\t<img decoding=\"async\" class=\"pedagogicalicon\" alt=\"objectives\" src=\"https:\/\/course.oeru.org\/lida103-fr\/wp-content\/themes\/oeru-course\/idevices\/Icon_objectives.png\">\n\t\t<\/div>\n\t\t<div>\n\t\t\t<h2>Objectifs<\/h2>\n\t\t<\/div>\n\t<\/div>\n\t<div class=\"panel-body\">\n\t\t<div class=\"col-md-12\">\n\t\t\t<\/p>\n<p>Apr\u00e8s avoir valid\u00e9 ce module, vous serez en mesure&nbsp;:\n<\/p>\n<ul>\n<li> d\u2019expliquer pourquoi il est important de partager librement les connaissances dans un contexte de demande mondiale d\u2019acc\u00e8s \u00e0 l\u2019\u00e9ducation&nbsp;;\n<\/li>\n<li> de d\u00e9battre des enjeux li\u00e9s \u00e0 l\u2019importance du libre acc\u00e8s en faveur de l\u2019apprentissage \u00e0 l\u2019\u00e8re du num\u00e9rique.\n<\/li>\n<\/ul>\n<p>\n<\/p>\n<p>\n\t\t<\/div>\n\t<\/div>\n<\/div>\n<p><!-- \nNewPP limit report\nCPU time usage: 0.029 seconds\nReal time usage: 0.038 seconds\nPreprocessor visited node count: 165\/1000000\nPreprocessor generated node count: 1218\/1000000\nPost\u2010expand include size: 3943\/2097152 bytes\nTemplate argument size: 1452\/2097152 bytes\nHighest expansion depth: 7\/40\nExpensive parser function count: 0\/100\n--><\/p>\n<p><!-- Saved in parser cache with key we_en-mw_:pcache:idhash:188332-0!*!*!*!*!2!* and timestamp 20230802162419 and revision id 1085220\n -->\n<\/div>\n<div class=\"visualClear\"><\/div>\n<\/p><\/div>\n<\/p><\/div>\n<\/div>\n<\/div>\n<\/div>\n<div class=\"row\">\n<div class=\"col-md-12\">\n<ul class=\"pager\">\n<li class=\"previous\">\n            <a href=\"\/lida103-fr\/modules\/premiers-pas\/mise-en-pratique-defi-presentez-vous-\">\u2190 Pr\u00e9c\u00e9dent<\/a>\n          <\/li>\n<li class=\"next\">\n            <a href=\"\/lida103-fr\/modules\/importance-du-libre-acces\/support-video\">Suivant \u2192<\/a>\n          <\/li>\n<\/ul><\/div>\n<\/p><\/div>\n<div id=\"wenote-ids\"><script type='text\/javascript' id='wenotes-ids'>\n    var WEnotesSite = \"https:\/\/wikieducator.org\";\n    var WEnotesPath = \"\/Learning_in_a_digital_age\/LiDA103_fr\/Why_open_matters\/Overview\";\n    var WEnotesSiteID = \"0e3d258fbd36841f92259eefcd41d5e9\";\n    var WEnotesPathID = \"223b5d67ebcee66ab848a7ca7306c169\";\n    var WEnotesIDs = { site: \"https:\/\/wikieducator.org\", path: \"\/Learning_in_a_digital_age\/LiDA103_fr\/Why_open_matters\/Overview\", site_id: \"0e3d258fbd36841f92259eefcd41d5e9\", path_id: \"223b5d67ebcee66ab848a7ca7306c169\" };\n<\/script><\/div>\n<\/div>\n<footer><\/footer>\n","protected":false},"excerpt":{"rendered":"<p>Ce module d\u2019introduction est l\u2019occasion de nous interroger sur l\u2019importance du libre acc\u00e8s en faveur de l\u2019apprentissage \u00e0 l\u2019\u00e8re du num\u00e9rique. Nous nous pencherons sur ce que signifie la libert\u00e9 d\u2019apprendre et proc\u00e9derons \u00e0 l\u2019\u00e9tat des lieux de l\u2019acc\u00e8s aux connaissances issues de la recherche. Ce module vise \u00e0 d\u00e9finir le contexte de l\u2019\u00e9ducation ouverte, [&hellip;]<\/p>\n","protected":false},"author":1,"featured_media":0,"parent":14126,"menu_order":0,"comment_status":"closed","ping_status":"closed","template":"","meta":{"footnotes":""},"class_list":["post-14128","page","type-page","status-publish","hentry"],"_links":{"self":[{"href":"https:\/\/course.oeru.org\/lida103-fr\/wp-json\/wp\/v2\/pages\/14128","targetHints":{"allow":["GET"]}}],"collection":[{"href":"https:\/\/course.oeru.org\/lida103-fr\/wp-json\/wp\/v2\/pages"}],"about":[{"href":"https:\/\/course.oeru.org\/lida103-fr\/wp-json\/wp\/v2\/types\/page"}],"author":[{"embeddable":true,"href":"https:\/\/course.oeru.org\/lida103-fr\/wp-json\/wp\/v2\/users\/1"}],"replies":[{"embeddable":true,"href":"https:\/\/course.oeru.org\/lida103-fr\/wp-json\/wp\/v2\/comments?post=14128"}],"version-history":[{"count":1,"href":"https:\/\/course.oeru.org\/lida103-fr\/wp-json\/wp\/v2\/pages\/14128\/revisions"}],"predecessor-version":[{"id":14129,"href":"https:\/\/course.oeru.org\/lida103-fr\/wp-json\/wp\/v2\/pages\/14128\/revisions\/14129"}],"up":[{"embeddable":true,"href":"https:\/\/course.oeru.org\/lida103-fr\/wp-json\/wp\/v2\/pages\/14126"}],"wp:attachment":[{"href":"https:\/\/course.oeru.org\/lida103-fr\/wp-json\/wp\/v2\/media?parent=14128"}],"curies":[{"name":"wp","href":"https:\/\/api.w.org\/{rel}","templated":true}]}}