{"id":14130,"date":"2023-08-03T03:17:45","date_gmt":"2023-08-03T03:17:45","guid":{"rendered":"https:\/\/course.oeru.org\/lida103-fr\/?page_id=14130"},"modified":"2023-08-03T03:17:45","modified_gmt":"2023-08-03T03:17:45","slug":"support-video","status":"publish","type":"page","link":"https:\/\/course.oeru.org\/lida103-fr\/modules\/importance-du-libre-acces\/support-video\/","title":{"rendered":"Support vid\u00e9o"},"content":{"rendered":"<div id=\"content\" class=\"mw-body container\" role=\"main\">\n<div class=\"row\">\n<div class=\"col-md-12\">\n<div class=\"panel\">\n<div class=\"panel-body\">\n<div id=\"bodyContent\">\n<div id=\"mw-content-text\" lang=\"en\" dir=\"ltr\" class=\"mw-content-ltr\"><div class=\"panel iDevice\">\n\t<div class=\"panel-heading idevice-heading\">\n\t\t<div>\n\t\t\t<img decoding=\"async\" class=\"pedagogicalicon\" alt=\"media\" src=\"https:\/\/course.oeru.org\/lida103-fr\/wp-content\/themes\/oeru-course\/idevices\/Icon_multimedia.png\">\n\t\t<\/div>\n\t\t<div>\n\t\t\t<h2>Ollivier Haemmerl\u00e9 - Bienvenue au cours<\/h2>\n\t\t<\/div>\n\t<\/div>\n\t<div class=\"panel-body\">\n\t\t<div class=\"col-md-12\">\n\t\t\t<\/p>\n<p>Bienvenue au cours <i>\u00c9ducation ouverte, droit d\u2019auteur et licences ouvertes Creative Commons dans un monde num\u00e9rique<\/i>.\n<\/p>\n<p>Le pr\u00e9sident de l\u2019Universit\u00e9 Num\u00e9rique vous donne la bienvenue \u00e0 ce cours en insistant sur l\u2019importance et le potentiel des Ressources \u00c9ducatives Libres pour le monde francophone.\n<\/p>\n\n<div data-mode=\"normal\" data-oembed=\"1\" data-provider=\"vimeo\" id=\"arve-vimeo-646276469\" style=\"max-width:560px;\" class=\"arve aligncenter\">\n\t<div class=\"arve-inner\">\n\t\t<div style=\"aspect-ratio:500\/281\" class=\"arve-embed arve-embed--has-aspect-ratio\">\n\t\t\t<div class=\"arve-ar\" style=\"padding-top:56.200000%\"><\/div>\n\t\t\t<iframe allow=\"accelerometer &apos;none&apos;;autoplay &apos;none&apos;;bluetooth &apos;none&apos;;browsing-topics &apos;none&apos;;camera &apos;none&apos;;clipboard-read &apos;none&apos;;clipboard-write;display-capture &apos;none&apos;;encrypted-media &apos;none&apos;;gamepad &apos;none&apos;;geolocation &apos;none&apos;;gyroscope &apos;none&apos;;hid &apos;none&apos;;identity-credentials-get &apos;none&apos;;idle-detection &apos;none&apos;;keyboard-map &apos;none&apos;;local-fonts;magnetometer &apos;none&apos;;microphone &apos;none&apos;;midi &apos;none&apos;;otp-credentials &apos;none&apos;;payment &apos;none&apos;;picture-in-picture;publickey-credentials-create &apos;none&apos;;publickey-credentials-get &apos;none&apos;;screen-wake-lock &apos;none&apos;;serial &apos;none&apos;;summarizer &apos;none&apos;;sync-xhr;usb &apos;none&apos;;web-share;window-management &apos;none&apos;;xr-spatial-tracking &apos;none&apos;;\" allowfullscreen=\"\" class=\"arve-iframe fitvidsignore\" credentialless data-arve=\"arve-vimeo-646276469\" data-lenis-prevent=\"\" data-src-no-ap=\"https:\/\/player.vimeo.com\/video\/646276469?dnt=1&amp;app_id=122963&amp;transparent=0&amp;title=0&amp;byline=0&amp;portrait=0&amp;amp;byline=0&amp;amp;portrait=0&amp;amp;&amp;autoplay=0#t=0s\" frameborder=\"0\" height=\"314.72\" loading=\"lazy\" name=\"\" referrerpolicy=\"strict-origin-when-cross-origin\" sandbox=\"allow-scripts allow-same-origin allow-presentation allow-popups allow-popups-to-escape-sandbox allow-forms\" scrolling=\"no\" src=\"https:\/\/player.vimeo.com\/video\/646276469?dnt=1&#038;app_id=122963&#038;transparent=0&#038;title=0&#038;byline=0&#038;portrait=0&#038;byline=0&#038;portrait=0&#038;&#038;autoplay=0#t=0s\" title=\"\" width=\"560\"><\/iframe>\n\t\t\t\n\t\t<\/div>\n\t\t\n\t<\/div>\n\t\n\t\n\t<script type=\"application\/ld+json\">{\"@context\":\"http:\\\/\\\/schema.org\\\/\",\"@id\":\"https:\\\/\\\/course.oeru.org\\\/lida103-fr\\\/modules\\\/importance-du-libre-acces\\\/support-video\\\/#arve-vimeo-646276469\",\"type\":\"VideoObject\",\"embedURL\":\"https:\\\/\\\/player.vimeo.com\\\/video\\\/646276469?dnt=1&app_id=122963&transparent=0&title=0&byline=0&portrait=0&amp;byline=0&amp;portrait=0&amp;&autoplay=0#t=0s\"}<\/script>\n\t\n<\/div>\n<p><br style=\"clear:both;\">\n<\/p>\n<\/p>\n<div><p>Vous devez \u00eatre connect\u00e9 pour publier sur WEnotes.<\/p><\/div>\n<p><i>Note&nbsp;: Votre commentaire s\u2019affichera sur le <a href=\"\/lida103-fr\/communications\/fil-dactualite-du-cours\" title=\"Learning in a digital age\/LiDA103 fr\/Feed\">fil d\u2019actualit\u00e9 du cours<\/a>.<\/i>\n<\/p>\n<p>\n<\/p>\n<p>\n\t\t<\/div>\n\t<\/div>\n<\/div><\/p>\n<p><!-- \nNewPP limit report\nCPU time usage: 0.024 seconds\nReal time usage: 0.029 seconds\nPreprocessor visited node count: 168\/1000000\nPreprocessor generated node count: 1163\/1000000\nPost\u2010expand include size: 3640\/2097152 bytes\nTemplate argument size: 1709\/2097152 bytes\nHighest expansion depth: 7\/40\nExpensive parser function count: 0\/100\n--><\/p>\n<p><!-- Saved in parser cache with key we_en-mw_:pcache:idhash:188333-0!*!0!*!*!2!* and timestamp 20230802074812 and revision id 1091166\n -->\n<\/div>\n<div class=\"visualClear\"><\/div>\n<\/p><\/div>\n<\/p><\/div>\n<\/div>\n<\/div>\n<\/div>\n<div class=\"row\">\n<div class=\"col-md-12\">\n<ul class=\"pager\">\n<li class=\"previous\">\n            <a href=\"\/lida103-fr\/modules\/importance-du-libre-acces\/apercu\">\u2190 Pr\u00e9c\u00e9dent<\/a>\n          <\/li>\n<li class=\"next\">\n            <a href=\"\/lida103-fr\/modules\/importance-du-libre-acces\/liberte-dapprendre\">Suivant \u2192<\/a>\n          <\/li>\n<\/ul><\/div>\n<\/p><\/div>\n<div id=\"wenote-ids\"><script type='text\/javascript' id='wenotes-ids'>\n    var WEnotesSite = \"https:\/\/wikieducator.org\";\n    var WEnotesPath = \"\/Learning_in_a_digital_age\/LiDA103_fr\/Why_open_matters\/Video_signpost\";\n    var WEnotesSiteID = \"0e3d258fbd36841f92259eefcd41d5e9\";\n    var WEnotesPathID = \"c88bcb310085922e5e4c4c85c9a89e9d\";\n    var WEnotesIDs = { site: \"https:\/\/wikieducator.org\", path: \"\/Learning_in_a_digital_age\/LiDA103_fr\/Why_open_matters\/Video_signpost\", site_id: \"0e3d258fbd36841f92259eefcd41d5e9\", path_id: \"c88bcb310085922e5e4c4c85c9a89e9d\" };\n<\/script><\/div>\n<\/div>\n<footer><\/footer>\n","protected":false},"excerpt":{"rendered":"<p>\u2190 Pr\u00e9c\u00e9dent Suivant \u2192<\/p>\n","protected":false},"author":1,"featured_media":0,"parent":14126,"menu_order":0,"comment_status":"closed","ping_status":"closed","template":"","meta":{"footnotes":""},"class_list":["post-14130","page","type-page","status-publish","hentry"],"_links":{"self":[{"href":"https:\/\/course.oeru.org\/lida103-fr\/wp-json\/wp\/v2\/pages\/14130","targetHints":{"allow":["GET"]}}],"collection":[{"href":"https:\/\/course.oeru.org\/lida103-fr\/wp-json\/wp\/v2\/pages"}],"about":[{"href":"https:\/\/course.oeru.org\/lida103-fr\/wp-json\/wp\/v2\/types\/page"}],"author":[{"embeddable":true,"href":"https:\/\/course.oeru.org\/lida103-fr\/wp-json\/wp\/v2\/users\/1"}],"replies":[{"embeddable":true,"href":"https:\/\/course.oeru.org\/lida103-fr\/wp-json\/wp\/v2\/comments?post=14130"}],"version-history":[{"count":1,"href":"https:\/\/course.oeru.org\/lida103-fr\/wp-json\/wp\/v2\/pages\/14130\/revisions"}],"predecessor-version":[{"id":14131,"href":"https:\/\/course.oeru.org\/lida103-fr\/wp-json\/wp\/v2\/pages\/14130\/revisions\/14131"}],"up":[{"embeddable":true,"href":"https:\/\/course.oeru.org\/lida103-fr\/wp-json\/wp\/v2\/pages\/14126"}],"wp:attachment":[{"href":"https:\/\/course.oeru.org\/lida103-fr\/wp-json\/wp\/v2\/media?parent=14130"}],"curies":[{"name":"wp","href":"https:\/\/api.w.org\/{rel}","templated":true}]}}