{"id":14140,"date":"2023-08-03T03:17:55","date_gmt":"2023-08-03T03:17:55","guid":{"rendered":"https:\/\/course.oeru.org\/lida103-fr\/?page_id=14140"},"modified":"2023-08-03T03:17:55","modified_gmt":"2023-08-03T03:17:55","slug":"apercu","status":"publish","type":"page","link":"https:\/\/course.oeru.org\/lida103-fr\/modules\/comment-definir-les-rel\/apercu\/","title":{"rendered":"Aper\u00e7u"},"content":{"rendered":"<div id=\"content\" class=\"mw-body container\" role=\"main\">\n<div class=\"row\">\n<div class=\"col-md-12\">\n<div class=\"panel\">\n<div class=\"panel-body\">\n<div id=\"bodyContent\">\n<div id=\"mw-content-text\" lang=\"en\" dir=\"ltr\" class=\"mw-content-ltr\">\n<div class=\"floatright\"><a href=\"https:\/\/wikieducator.org\/File:Open_book_on_orange_background.jpg\" class=\"image\"><img loading=\"lazy\" decoding=\"async\" alt=\"Open book on orange background.jpg\" src=\"\/\/wikieducator.org\/images\/thumb\/4\/47\/Open_book_on_orange_background.jpg\/320px-Open_book_on_orange_background.jpg\" width=\"320\" height=\"214\" class=\"img-responsive\"><\/a><\/div>\n<p>Ce module vise \u00e0 d\u00e9finir ce qui constitue une ressource \u00e9ducative libre (REL) et \u00e0 r\u00e9fl\u00e9chir aux enjeux li\u00e9s \u00e0 l\u2019\u00e9ducation ouverte en faveur de l\u2019apprentissage \u00e0 l\u2019\u00e8re du num\u00e9rique.<br style=\"clear:both;\"><br \/>\n<div class=\"panel iDevice\">\n\t<div class=\"panel-heading idevice-heading\">\n\t\t<div>\n\t\t\t<img decoding=\"async\" class=\"pedagogicalicon\" alt=\"objectives\" src=\"https:\/\/course.oeru.org\/lida103-fr\/wp-content\/themes\/oeru-course\/idevices\/Icon_objectives.png\">\n\t\t<\/div>\n\t\t<div>\n\t\t\t<h2>Objectifs<\/h2>\n\t\t<\/div>\n\t<\/div>\n\t<div class=\"panel-body\">\n\t\t<div class=\"col-md-12\">\n\t\t\t<\/p>\n<p>Apr\u00e8s avoir valid\u00e9 ce module, vous serez en mesure&nbsp;:\n<\/p>\n<ul>\n<li> de d\u00e9finir ce qui constitue une ressource \u00e9ducative libre (REL)&nbsp;;\n<\/li>\n<li> d\u2019expliquer les liens existant entre la libert\u00e9 num\u00e9rique et l\u2019apprentissage&nbsp;;\n<\/li>\n<li> d\u2019expliquer les limites du droit d\u2019auteur en tant que m\u00e9canisme de r\u00e9gulation de la propri\u00e9t\u00e9 des id\u00e9es dans un monde num\u00e9rique&nbsp;;\n<\/li>\n<li> de d\u00e9battre de l\u2019avantage des REL pour r\u00e9soudre des probl\u00e8mes du quotidien&nbsp;;\n<\/li>\n<li> de d\u00e9finir les enjeux li\u00e9s aux REL pour l\u2019apprentissage \u00e0 l\u2019\u00e8re du num\u00e9rique.\n<\/li>\n<\/ul>\n<p>\n<\/p>\n<p>\n\t\t<\/div>\n\t<\/div>\n<\/div><\/p>\n<p><!-- \nNewPP limit report\nCPU time usage: 0.025 seconds\nReal time usage: 0.033 seconds\nPreprocessor visited node count: 106\/1000000\nPreprocessor generated node count: 788\/1000000\nPost\u2010expand include size: 2624\/2097152 bytes\nTemplate argument size: 1147\/2097152 bytes\nHighest expansion depth: 7\/40\nExpensive parser function count: 0\/100\n--><\/p>\n<p><!-- Saved in parser cache with key we_en-mw_:pcache:idhash:188360-0!*!*!*!*!2!* and timestamp 20230803030853 and revision id 1085494\n -->\n<\/div>\n<div class=\"visualClear\"><\/div>\n<\/p><\/div>\n<\/p><\/div>\n<\/div>\n<\/div>\n<\/div>\n<div class=\"row\">\n<div class=\"col-md-12\">\n<ul class=\"pager\">\n<li class=\"previous\">\n            <a href=\"\/lida103-fr\/modules\/importance-du-libre-acces\/quiz\">\u2190 Pr\u00e9c\u00e9dent<\/a>\n          <\/li>\n<li class=\"next\">\n            <a href=\"\/lida103-fr\/modules\/comment-definir-les-rel\/support-video\">Suivant \u2192<\/a>\n          <\/li>\n<\/ul><\/div>\n<\/p><\/div>\n<div id=\"wenote-ids\"><script type='text\/javascript' id='wenotes-ids'>\n    var WEnotesSite = \"https:\/\/wikieducator.org\";\n    var WEnotesPath = \"\/Learning_in_a_digital_age\/LiDA103_fr\/Defining_OER\/Overview\";\n    var WEnotesSiteID = \"0e3d258fbd36841f92259eefcd41d5e9\";\n    var WEnotesPathID = \"6e6511bad3322242a4a20a5e99db3057\";\n    var WEnotesIDs = { site: \"https:\/\/wikieducator.org\", path: \"\/Learning_in_a_digital_age\/LiDA103_fr\/Defining_OER\/Overview\", site_id: \"0e3d258fbd36841f92259eefcd41d5e9\", path_id: \"6e6511bad3322242a4a20a5e99db3057\" };\n<\/script><\/div>\n<\/div>\n<footer><\/footer>\n","protected":false},"excerpt":{"rendered":"<p>Ce module vise \u00e0 d\u00e9finir ce qui constitue une ressource \u00e9ducative libre (REL) et \u00e0 r\u00e9fl\u00e9chir aux enjeux li\u00e9s \u00e0 l\u2019\u00e9ducation ouverte en faveur de l\u2019apprentissage \u00e0 l\u2019\u00e8re du num\u00e9rique. \u2190 Pr\u00e9c\u00e9dent Suivant \u2192<\/p>\n","protected":false},"author":1,"featured_media":0,"parent":14138,"menu_order":0,"comment_status":"closed","ping_status":"closed","template":"","meta":{"footnotes":""},"class_list":["post-14140","page","type-page","status-publish","hentry"],"_links":{"self":[{"href":"https:\/\/course.oeru.org\/lida103-fr\/wp-json\/wp\/v2\/pages\/14140","targetHints":{"allow":["GET"]}}],"collection":[{"href":"https:\/\/course.oeru.org\/lida103-fr\/wp-json\/wp\/v2\/pages"}],"about":[{"href":"https:\/\/course.oeru.org\/lida103-fr\/wp-json\/wp\/v2\/types\/page"}],"author":[{"embeddable":true,"href":"https:\/\/course.oeru.org\/lida103-fr\/wp-json\/wp\/v2\/users\/1"}],"replies":[{"embeddable":true,"href":"https:\/\/course.oeru.org\/lida103-fr\/wp-json\/wp\/v2\/comments?post=14140"}],"version-history":[{"count":1,"href":"https:\/\/course.oeru.org\/lida103-fr\/wp-json\/wp\/v2\/pages\/14140\/revisions"}],"predecessor-version":[{"id":14141,"href":"https:\/\/course.oeru.org\/lida103-fr\/wp-json\/wp\/v2\/pages\/14140\/revisions\/14141"}],"up":[{"embeddable":true,"href":"https:\/\/course.oeru.org\/lida103-fr\/wp-json\/wp\/v2\/pages\/14138"}],"wp:attachment":[{"href":"https:\/\/course.oeru.org\/lida103-fr\/wp-json\/wp\/v2\/media?parent=14140"}],"curies":[{"name":"wp","href":"https:\/\/api.w.org\/{rel}","templated":true}]}}