{"id":14144,"date":"2023-08-03T03:17:59","date_gmt":"2023-08-03T03:17:59","guid":{"rendered":"https:\/\/course.oeru.org\/lida103-fr\/?page_id=14144"},"modified":"2023-08-03T03:17:59","modified_gmt":"2023-08-03T03:17:59","slug":"propriete-des-idees","status":"publish","type":"page","link":"https:\/\/course.oeru.org\/lida103-fr\/modules\/comment-definir-les-rel\/propriete-des-idees\/","title":{"rendered":"Propri\u00e9t\u00e9 des id\u00e9es"},"content":{"rendered":"<div id=\"content\" class=\"mw-body container\" role=\"main\">\n<div class=\"row\">\n<div class=\"col-md-12\">\n<div class=\"panel\">\n<div class=\"panel-body\">\n<div id=\"bodyContent\">\n<div id=\"mw-content-text\" lang=\"en\" dir=\"ltr\" class=\"mw-content-ltr\">\n<div class=\"floatright\"><a href=\"https:\/\/wikieducator.org\/File:Apple_close.jpg\" class=\"image\"><img loading=\"lazy\" decoding=\"async\" alt=\"Apple close.jpg\" src=\"\/\/wikieducator.org\/images\/thumb\/2\/25\/Apple_close.jpg\/300px-Apple_close.jpg\" width=\"300\" height=\"200\" class=\"img-responsive\"><\/a><\/div>\n<table class=\"cquote\" style=\"margin:auto; border-collapse: collapse; border: none; background-color: transparent; width: auto;\">\n<tbody>\n<tr>\n<td width=\"20\" valign=\"top\" style=\"border:none; color:#B2B7F2;font-size:35px;font-family: 'Times New Roman', serif; font-weight: bold; text-align: left; padding: 10px 10px;\"> \u201c\n<\/td>\n<td valign=\"top\" style=\"border: none; padding: 4px 10px;\"> <i>Si tu as une pomme, si j\u2019ai une pomme, et si nous \u00e9changeons ces pommes, alors nous aurons chacun une pomme. Mais si tu as une id\u00e9e, si j\u2019ai une id\u00e9e, et si nous \u00e9changeons ces id\u00e9es, alors nous aurons chacun deux id\u00e9es.<\/i>\n<\/td>\n<td width=\"20\" valign=\"bottom\" style=\"border: none; color: #B2B7F2; font-size: 35px; font-family: 'Times New Roman', serif; font-weight: bold; text-align: right; padding: 10px 10px;\"> \u201d\n<\/td>\n<\/tr>\n<tr>\n<td colspan=\"3\" class=\"cquotecite\" style=\"border: none; padding-right: 4%\">\n<p style=\"font-size: smaller; text-align: right;\"><cite style=\"font-style: normal;\">\u2014George Bernard Shaw<\/cite><\/p>\n<\/td>\n<\/tr>\n<\/tbody>\n<\/table>\n<p><br style=\"clear:both;\">\n<\/p>\n<p>\nDans les \u00e9conomies du XXIe si\u00e8cle \u2013 fond\u00e9es sur la connaissance \u2013, la richesse et la prosp\u00e9rit\u00e9 des nations reposent sur la ressource inestimable que sont les id\u00e9es. La propri\u00e9t\u00e9 des id\u00e9es est en partie r\u00e9glement\u00e9e par le droit d\u2019auteur. Le droit d\u2019auteur s\u2019est constitu\u00e9 \u00e0 une \u00e9poque o\u00f9 les frais d\u2019impression, de distribution et de commercialisation des livres \u00e9taient importants. Dans le monde num\u00e9rique actuel, alors que les id\u00e9es peuvent \u00eatre diffus\u00e9es librement et reproduites en un seul clic, des possibilit\u00e9s in\u00e9dites s\u2019offrent \u00e0 nous pour \u00e9largir l\u2019acc\u00e8s de tous les apprenants du monde \u00e0 des ressources \u00e9ducatives de qualit\u00e9. Il reste toutefois beaucoup de chemin \u00e0 parcourir avant que nos syst\u00e8mes \u00e9ducatifs nationaux se rendent compte du potentiel des ressources p\u00e9dagogiques accessibles en ligne.\n<\/p>\n<p><br style=\"clear:both;\">\n<\/p>\n<table class=\"cquote\" style=\"margin:auto; border-collapse: collapse; border: none; background-color: transparent; width: auto;\">\n<tbody>\n<tr>\n<td width=\"20\" valign=\"top\" style=\"border:none; color:#B2B7F2;font-size:35px;font-family: 'Times New Roman', serif; font-weight: bold; text-align: left; padding: 10px 10px;\"> \u201c\n<\/td>\n<td valign=\"top\" style=\"border: none; padding: 4px 10px;\"> <i>Aujourd\u2019hui, le processus de capitalisation \u2014 financi\u00e8re ou sociale \u2014 sur l\u2019innovation et la cr\u00e9ativit\u00e9 vacille sous la pression d\u2019une r\u00e9volution num\u00e9rique dont la rapidit\u00e9 et l\u2019ampleur sont in\u00e9dites. Alors que nombre de leurs ressources les plus pr\u00e9cieuses pourraient \u00eatre partag\u00e9es et \u00e9chang\u00e9es en un tournemain, les entreprises et les gouvernements s\u2019efforcent de red\u00e9finir qui poss\u00e8de quoi.<\/i>\n<\/td>\n<td width=\"20\" valign=\"bottom\" style=\"border: none; color: #B2B7F2; font-size: 35px; font-family: 'Times New Roman', serif; font-weight: bold; text-align: right; padding: 10px 10px;\"> \u201d\n<\/td>\n<\/tr>\n<tr>\n<td colspan=\"3\" class=\"cquotecite\" style=\"border: none; padding-right: 4%\">\n<p style=\"font-size: smaller; text-align: right;\"><cite style=\"font-style: normal;\">\u2014James Kanter, New York Times, 2005<sup id=\"cite_ref-1\" class=\"reference\"><a href=\"#cite_note-1\">[1]<\/a><\/sup><\/cite><\/p>\n<\/td>\n<\/tr>\n<\/tbody>\n<\/table>\n<p>\nCette partie sur la propri\u00e9t\u00e9 des id\u00e9es d\u00e9peint le contexte de notre mission globale qui vise \u00e0 revenir au principe premier de l\u2019\u00e9ducation, soit le libre partage des connaissances.\n<\/p>\n<h2><span class=\"mw-headline\" id=\"Points_de_vue_sur_la_propri.C3.A9t.C3.A9_des_id.C3.A9es_dans_un_monde_num.C3.A9rique\">Points de vue sur la propri\u00e9t\u00e9 des id\u00e9es dans un monde num\u00e9rique<\/span><\/h2>\n<p>\n<\/p>\n<div class=\"panel iDevice\">\n\t<div class=\"panel-heading idevice-heading\">\n\t\t<div>\n\t\t\t<img decoding=\"async\" class=\"pedagogicalicon\" alt=\"preknowledge\" src=\"https:\/\/course.oeru.org\/lida103-fr\/wp-content\/themes\/oeru-course\/idevices\/Icon_preknowledge.png\">\n\t\t<\/div>\n\t\t<div>\n\t\t\t<h2>Pr\u00e9requis<\/h2>\n\t\t<\/div>\n\t<\/div>\n\t<div class=\"panel-body\">\n\t\t<div class=\"col-md-12\">\n\t\t\t<\/p>\n<p>Les informations pr\u00e9sent\u00e9es ci-apr\u00e8s sont utiles pour comprendre le contexte de l\u2019activit\u00e9 suivante \u00e0 partir d\u2019une vid\u00e9o.\n<\/p>\n<ul>\n<li> Les <a rel=\"nofollow\" class=\"external text\" href=\"https:\/\/fr.wikipedia.org\/wiki\/Fr\u00e8res_Grimm\">fr\u00e8res Grimm<\/a> \u00e9taient des universitaires allemands, auteurs de recueils de contes populaires et merveilleux qui connurent un grand succ\u00e8s. Les \u0153uvres des fr\u00e8res Grimm sont entr\u00e9es dans le domaine public et peuvent \u00eatre consult\u00e9es sur la biblioth\u00e8que en ligne du <a rel=\"nofollow\" class=\"external text\" href=\"http:\/\/www.gutenberg.org\/\">Projet Gutenberg<\/a>. Certaines histoires des fr\u00e8res Grimm \u2013 comme Blanche-Neige, La Belle au bois dormant, Cendrillon ou La Princesse et la grenouille \u2013 ont \u00e9t\u00e9 adapt\u00e9es et r\u00e9arrang\u00e9es par les Studios Walt Disney qui en ont fait des longs m\u00e9trages d\u2019animation.\n<\/li>\n<li> En g\u00e9n\u00e9ral, dans le cadre du droit d\u2019auteur, les \u0153uvres entrent automatiquement dans le domaine public cinquante ans apr\u00e8s la mort de leur auteur. Vot\u00e9e par le Congr\u00e8s am\u00e9ricain en 1998, la <a rel=\"nofollow\" class=\"external text\" href=\"https:\/\/fr.wikipedia.org\/wiki\/Copyright_Term_Extension_Act\">Sonny Bono Copyright Term Extension Act<\/a> (loi am\u00e9ricaine relative \u00e0 la prolongation de la dur\u00e9e du copyright\/droit d\u2019auteur) a gel\u00e9 les dates d\u2019entr\u00e9e dans le domaine public des \u0153uvres aux \u00c9tats-Unis en en prolongeant les droits \u00e0 70 ans apr\u00e8s la mort de leur auteur&nbsp;; et, dans le cas des \u0153uvres dont les droits sont d\u00e9tenus par des entreprises, \u00e0 120 ans apr\u00e8s leur cr\u00e9ation ou \u00e0 95 ans apr\u00e8s leur publication, la dur\u00e9e la plus courte \u00e9tant retenue.\n<\/li>\n<\/ul>\n<p>\n<\/p>\n<p>\n\t\t<\/div>\n\t<\/div>\n<\/div>\n<p>\n<\/p>\n<div class=\"panel iDevice\">\n\t<div class=\"panel-heading idevice-heading\">\n\t\t<div>\n\t\t\t<img decoding=\"async\" class=\"pedagogicalicon\" alt=\"media\" src=\"https:\/\/course.oeru.org\/lida103-fr\/wp-content\/themes\/oeru-course\/idevices\/Icon_multimedia.png\">\n\t\t<\/div>\n\t\t<div>\n\t\t\t<h2>Qui devrait poss\u00e9der les id\u00e9es?<\/h2>\n\t\t<\/div>\n\t<\/div>\n\t<div class=\"panel-body\">\n\t\t<div class=\"col-md-12\">\n\t\t\t<\/p>\n<p>Cette vid\u00e9o pr\u00e9sente le t\u00e9moignage historique de deux militants de premier plan de la culture libre; ces t\u00e9moignages s\u2019inspirent  de la tradition juridique de la \u00abcommon law\u00bb par opposition \u00e0 celle du droit civil.\n<\/p>\n<ol>\n<li> <a rel=\"nofollow\" class=\"external text\" href=\"https:\/\/fr.wikipedia.org\/wiki\/Eben_Moglen\">Eben Moglen<\/a>, professeur de droit et d\u2019histoire du droit \u00e0 l\u2019Universit\u00e9 de Columbia (Etats-Unis) et fondateur, avocat-conseil g\u00e9n\u00e9ral et pr\u00e9sident du Software Freedom Law Center, s\u2019y exprime sur la question de la propri\u00e9t\u00e9 des id\u00e9es. <small>(Veuillez noter que, par respect pour Eben Moglen et son engagement en faveur de la libert\u00e9, cette vid\u00e9o est sous licence CC BY-SA et int\u00e9gr\u00e9e \u00e0 ces supports sous la licence originale.<\/small> <sup id=\"cite_ref-2\" class=\"reference\"><a href=\"#cite_note-2\">[2]<\/a><\/sup>, and\n<\/li>\n<li> <a rel=\"nofollow\" class=\"external text\" href=\"https:\/\/fr.wikipedia.org\/wiki\/Lawrence_Lessig\">Lawrence Lessig<\/a>, professeur de droit \u00e0 la Facult\u00e9 de droit de Harvard et fondateur de Creative Commons, y aborde la question du libre acc\u00e8s<sup id=\"cite_ref-3\" class=\"reference\"><a href=\"#cite_note-3\">[3]<\/a><\/sup>.\n<\/li>\n<\/ol>\n<p><b>Avant de regarder la vid\u00e9o, posez-vous les questions suivantes:<\/b>\n<\/p>\n<ul>\n<li> Est-il juste de dire que le fait de r\u00e9utiliser des id\u00e9es en faveur de l\u2019apprentissage \u00e9quivaut \u00e0 du \u00abvol\u00bb&nbsp;?\n<\/li>\n<li> Qui devrait poss\u00e9der les id\u00e9es? Les producteurs de savoirs? Les diffuseurs de savoirs&nbsp;?\n<\/li>\n<li> Sur quelles valeurs devrait s\u2019appuyer notre r\u00e9flexion sur la propri\u00e9t\u00e9 des id\u00e9es dans l\u2019\u00e9ducation&nbsp;?\n<\/li>\n<li> Les \u00e9ducateurs et les apprenants devraient-ils \u00eatre tenus de demander la permission avant de s\u2019inspirer des id\u00e9es des autres&nbsp;?\n<\/li>\n<li> Comment peut-on favoriser le d\u00e9veloppement d\u2019une \u00e9cologie de la cr\u00e9ativit\u00e9 dans l\u2019\u00e9ducation&nbsp;?\n<\/li>\n<\/ul>\n<p>\nRegardez ensuite la <a rel=\"nofollow\" class=\"external text\" href=\"http:\/\/vimeo.com\/user17299535\/review\/73126410\/e9c1b88ee3\">vid\u00e9o<\/a> (d\u2019une dur\u00e9e de 15 minutes) qui pr\u00e9sente des extraits d\u2019interventions d\u2019Eben Moglen et Lawrence Lessig sur le th\u00e8me de la propri\u00e9t\u00e9 des id\u00e9es dans un monde num\u00e9rique. (Cette vid\u00e9o est sous-titr\u00e9e en fran\u00e7ais.)\n<\/p>\n<div style=\"float: left;\">\n\n<div data-mode=\"normal\" data-oembed=\"1\" data-provider=\"vimeo\" id=\"arve-vimeo-73126410\" style=\"max-width:540px;\" class=\"arve aligncenter\">\n\t<div class=\"arve-inner\">\n\t\t<div style=\"aspect-ratio:5\/4\" class=\"arve-embed arve-embed--has-aspect-ratio\">\n\t\t\t<div class=\"arve-ar\" style=\"padding-top:80.000000%\"><\/div>\n\t\t\t<iframe allow=\"accelerometer &apos;none&apos;;autoplay &apos;none&apos;;bluetooth &apos;none&apos;;browsing-topics &apos;none&apos;;camera &apos;none&apos;;clipboard-read &apos;none&apos;;clipboard-write;display-capture &apos;none&apos;;encrypted-media &apos;none&apos;;gamepad &apos;none&apos;;geolocation &apos;none&apos;;gyroscope &apos;none&apos;;hid &apos;none&apos;;identity-credentials-get &apos;none&apos;;idle-detection &apos;none&apos;;keyboard-map &apos;none&apos;;local-fonts;magnetometer &apos;none&apos;;microphone &apos;none&apos;;midi &apos;none&apos;;otp-credentials &apos;none&apos;;payment &apos;none&apos;;picture-in-picture;publickey-credentials-create &apos;none&apos;;publickey-credentials-get &apos;none&apos;;screen-wake-lock &apos;none&apos;;serial &apos;none&apos;;summarizer &apos;none&apos;;sync-xhr;usb &apos;none&apos;;web-share;window-management &apos;none&apos;;xr-spatial-tracking &apos;none&apos;;\" allowfullscreen=\"\" class=\"arve-iframe fitvidsignore\" credentialless data-arve=\"arve-vimeo-73126410\" data-lenis-prevent=\"\" data-src-no-ap=\"https:\/\/player.vimeo.com\/video\/73126410?dnt=1&amp;app_id=122963&amp;transparent=0&amp;title=0&amp;byline=0&amp;portrait=0&amp;amp;byline=0&amp;amp;portrait=0&amp;amp;&amp;autoplay=0#t=0s\" frameborder=\"0\" height=\"432\" loading=\"lazy\" name=\"\" referrerpolicy=\"strict-origin-when-cross-origin\" sandbox=\"allow-scripts allow-same-origin allow-presentation allow-popups allow-popups-to-escape-sandbox allow-forms\" scrolling=\"no\" src=\"https:\/\/player.vimeo.com\/video\/73126410?dnt=1&#038;app_id=122963&#038;transparent=0&#038;title=0&#038;byline=0&#038;portrait=0&#038;byline=0&#038;portrait=0&#038;&#038;autoplay=0#t=0s\" title=\"\" width=\"540\"><\/iframe>\n\t\t\t\n\t\t<\/div>\n\t\t\n\t<\/div>\n\t\n\t\n\t<script type=\"application\/ld+json\">{\"@context\":\"http:\\\/\\\/schema.org\\\/\",\"@id\":\"https:\\\/\\\/course.oeru.org\\\/lida103-fr\\\/modules\\\/comment-definir-les-rel\\\/propriete-des-idees\\\/#arve-vimeo-73126410\",\"type\":\"VideoObject\",\"embedURL\":\"https:\\\/\\\/player.vimeo.com\\\/video\\\/73126410?dnt=1&app_id=122963&transparent=0&title=0&byline=0&portrait=0&amp;byline=0&amp;portrait=0&amp;&autoplay=0#t=0s\"}<\/script>\n\t\n<\/div><\/p>\n<p><br style=\"clear:both;\">\n<\/p>\n<p>\nNous vous encourageons \u00e0 partager vos r\u00e9flexions et vos id\u00e9es en publiant des commentaires sur WEnote. Interrompez votre visionnage pour r\u00e9fl\u00e9chir aux questions \u00e9num\u00e9r\u00e9es ci-dessus et faites-nous part de votre opinion. Voici quelques exemples&nbsp;:\n<\/p>\n<ul>\n<li><i>Lib\u00e9rer l\u2019apprentissage:&#8230;<\/i>\n<\/li>\n<li><i>Je crois que&#8230;<\/i>.\n<\/li>\n<\/ul>\n<p><div><p>Vous devez \u00eatre connect\u00e9 pour publier sur WEnotes.<\/p><\/div><\/p>\n<p><i>Note&nbsp;: Votre commentaire s\u2019affichera sur le <a href=\"\/lida103-fr\/communications\/fil-dactualite-du-cours\" title=\"Learning in a digital age\/LiDA103 fr\/Feed\">fil d\u2019actualit\u00e9 du cours<\/a>.<\/i>\n<\/p>\n<p>\n<\/p>\n<\/div>\n<p>\n\t\t<\/div>\n\t<\/div>\n<\/div>\n<p><!-- \nNewPP limit report\nCPU time usage: 0.059 seconds\nReal time usage: 0.069 seconds\nPreprocessor visited node count: 477\/1000000\nPreprocessor generated node count: 1957\/1000000\nPost\u2010expand include size: 15192\/2097152 bytes\nTemplate argument size: 9711\/2097152 bytes\nHighest expansion depth: 7\/40\nExpensive parser function count: 0\/100\n--><\/p>\n<p><!-- Saved in parser cache with key we_en-mw_:pcache:idhash:188436-0!*!0!!*!2!* and timestamp 20230802220728 and revision id 1091220\n -->\n<\/div>\n<div class=\"visualClear\"><\/div>\n<\/p><\/div>\n<\/p><\/div>\n<\/div>\n<\/div>\n<\/div>\n<div class=\"row\">\n<div class=\"col-md-12\">\n<ul class=\"pager\">\n<li class=\"previous\">\n            <a href=\"\/lida103-fr\/modules\/comment-definir-les-rel\/support-video\">\u2190 Pr\u00e9c\u00e9dent<\/a>\n          <\/li>\n<li class=\"next\">\n            <a href=\"\/lida103-fr\/modules\/comment-definir-les-rel\/definitions-des-rel\">Suivant \u2192<\/a>\n          <\/li>\n<\/ul><\/div>\n<\/p><\/div>\n<div id=\"wenote-ids\"><script type='text\/javascript' id='wenotes-ids'>\n    var WEnotesSite = \"https:\/\/wikieducator.org\";\n    var WEnotesPath = \"\/Learning_in_a_digital_age\/LiDA103_fr\/Defining_OER\/Ownership_of_ideas\";\n    var WEnotesSiteID = \"0e3d258fbd36841f92259eefcd41d5e9\";\n    var WEnotesPathID = \"334eeaa2f0a84e84400931f708b548d6\";\n    var WEnotesIDs = { site: \"https:\/\/wikieducator.org\", path: \"\/Learning_in_a_digital_age\/LiDA103_fr\/Defining_OER\/Ownership_of_ideas\", site_id: \"0e3d258fbd36841f92259eefcd41d5e9\", path_id: \"334eeaa2f0a84e84400931f708b548d6\" };\n<\/script><\/div>\n<\/div>\n<footer><\/footer>\n","protected":false},"excerpt":{"rendered":"<p>\u201c Si tu as une pomme, si j\u2019ai une pomme, et si nous \u00e9changeons ces pommes, alors nous aurons chacun une pomme. Mais si tu as une id\u00e9e, si j\u2019ai une id\u00e9e, et si nous \u00e9changeons ces id\u00e9es, alors nous aurons chacun deux id\u00e9es. \u201d \u2014George Bernard Shaw Dans les \u00e9conomies du XXIe si\u00e8cle \u2013 [&hellip;]<\/p>\n","protected":false},"author":1,"featured_media":0,"parent":14138,"menu_order":0,"comment_status":"closed","ping_status":"closed","template":"","meta":{"footnotes":""},"class_list":["post-14144","page","type-page","status-publish","hentry"],"_links":{"self":[{"href":"https:\/\/course.oeru.org\/lida103-fr\/wp-json\/wp\/v2\/pages\/14144","targetHints":{"allow":["GET"]}}],"collection":[{"href":"https:\/\/course.oeru.org\/lida103-fr\/wp-json\/wp\/v2\/pages"}],"about":[{"href":"https:\/\/course.oeru.org\/lida103-fr\/wp-json\/wp\/v2\/types\/page"}],"author":[{"embeddable":true,"href":"https:\/\/course.oeru.org\/lida103-fr\/wp-json\/wp\/v2\/users\/1"}],"replies":[{"embeddable":true,"href":"https:\/\/course.oeru.org\/lida103-fr\/wp-json\/wp\/v2\/comments?post=14144"}],"version-history":[{"count":1,"href":"https:\/\/course.oeru.org\/lida103-fr\/wp-json\/wp\/v2\/pages\/14144\/revisions"}],"predecessor-version":[{"id":14145,"href":"https:\/\/course.oeru.org\/lida103-fr\/wp-json\/wp\/v2\/pages\/14144\/revisions\/14145"}],"up":[{"embeddable":true,"href":"https:\/\/course.oeru.org\/lida103-fr\/wp-json\/wp\/v2\/pages\/14138"}],"wp:attachment":[{"href":"https:\/\/course.oeru.org\/lida103-fr\/wp-json\/wp\/v2\/media?parent=14144"}],"curies":[{"name":"wp","href":"https:\/\/api.w.org\/{rel}","templated":true}]}}