{"id":14164,"date":"2023-08-03T03:18:19","date_gmt":"2023-08-03T03:18:19","guid":{"rendered":"https:\/\/course.oeru.org\/lida103-fr\/?page_id=14164"},"modified":"2023-08-03T03:18:19","modified_gmt":"2023-08-03T03:18:19","slug":"apercu","status":"publish","type":"page","link":"https:\/\/course.oeru.org\/lida103-fr\/modules\/droit-dauteur\/apercu\/","title":{"rendered":"Aper\u00e7u"},"content":{"rendered":"<div id=\"content\" class=\"mw-body container\" role=\"main\">\n<div class=\"row\">\n<div class=\"col-md-12\">\n<div class=\"panel\">\n<div class=\"panel-body\">\n<div id=\"bodyContent\">\n<div id=\"mw-content-text\" lang=\"en\" dir=\"ltr\" class=\"mw-content-ltr\">\n<div class=\"floatright\"><a href=\"https:\/\/wikieducator.org\/File:Protection_du_droit_d%27auteur.jpg\" class=\"image\"><img loading=\"lazy\" decoding=\"async\" alt=\"Protection du droit d'auteur.jpg\" src=\"\/\/wikieducator.org\/images\/thumb\/2\/2b\/Protection_du_droit_d%27auteur.jpg\/320px-Protection_du_droit_d%27auteur.jpg\" width=\"320\" height=\"203\" class=\"img-responsive\"><\/a><\/div>\n<p> Ce module offre une approche du droit d\u2019auteur qui met l\u2019accent sur votre droit \u00e0 copier un contenu. <\/p>\n<p>\nLes licences ouvertes, et notamment les licences ouvertes Creative Commons, reposent sur le droit d\u2019auteur. Par cons\u00e9quent, il est essentiel de bien comprendre le fonctionnement du droit d\u2019auteur pour utiliser ou produire des \u0153uvres sous licence ouverte. De plus, l\u2019apprentissage \u00e0 l\u2019\u00e8re du num\u00e9rique exige une bonne connaissance du droit d\u2019auteur, car les interactions et les travaux r\u00e9alis\u00e9s dans le cadre des cours sont publi\u00e9s en ligne, ce qui accro\u00eet le risque de porter atteinte au droit d\u2019auteur.<br style=\"clear:both;\">\n<\/p>\n<div class=\"panel iDevice\">\n\t<div class=\"panel-heading idevice-heading\">\n\t\t<div>\n\t\t\t<img decoding=\"async\" class=\"pedagogicalicon\" alt=\"objectives\" src=\"https:\/\/course.oeru.org\/lida103-fr\/wp-content\/themes\/oeru-course\/idevices\/Icon_objectives.png\">\n\t\t<\/div>\n\t\t<div>\n\t\t\t<h2>Objectifs<\/h2>\n\t\t<\/div>\n\t<\/div>\n\t<div class=\"panel-body\">\n\t\t<div class=\"col-md-12\">\n\t\t\t<\/p>\n<p>Apr\u00e8s avoir valid\u00e9 ce module, vous serez en mesure:\n<\/p>\n<ul>\n<li> d\u2019expliquer les origines du droit d\u2019auteur;\n<\/li>\n<li> d\u2019expliquer plusieurs notions relatives au droit d\u2019auteur: champ d\u2019application, pr\u00e9rogatives, protections, exceptions et transferts de droits;\n<\/li>\n<li> de d\u00e9battre des questions \u00e9thiques associ\u00e9es \u00e0 la propri\u00e9t\u00e9 des id\u00e9es dans le contexte du droit d\u2019auteur et de la propri\u00e9t\u00e9 intellectuelle.\n<\/li>\n<\/ul>\n<p>\n<\/p>\n<p>\n\t\t<\/div>\n\t<\/div>\n<\/div>\n<p>\n<\/p>\n<div class=\"panel iDevice\">\n\t<div class=\"panel-heading idevice-heading\">\n\t\t<div>\n\t\t\t<img decoding=\"async\" class=\"pedagogicalicon\" alt=\"activity\" src=\"https:\/\/course.oeru.org\/lida103-fr\/wp-content\/themes\/oeru-course\/idevices\/Icon_activity.png\">\n\t\t<\/div>\n\t\t<div>\n\t\t\t<h2>Test pr\u00e9liminaire facultatif<\/h2>\n\t\t<\/div>\n\t<\/div>\n\t<div class=\"panel-body\">\n\t\t<div class=\"col-md-12\">\n\t\t\t<\/p>\n<p>Nous avons \u00e9labor\u00e9 un test pr\u00e9liminaire facultatif qui nous permet d\u2019\u00e9valuer vos connaissances en mati\u00e8re de droit d\u2019auteur et de licences Creative Commons avant que vous ne commenciez \u00e0 suivre ce module.\n<\/p>\n<ol>\n<li> Identifiez-vous ou cr\u00e9ez un compte sur la page <a rel=\"nofollow\" class=\"external text\" href=\"https:\/\/moodle.oeru.org\/login\/index.php\">moodle.oeru.org<\/a>.\n<\/li>\n<li> Cliquez sur le lien <a rel=\"nofollow\" class=\"external text\" href=\"https:\/\/moodle.oeru.org\/course\/view.php?id=53\">Certificat de comp\u00e9tence<\/a> pour ce cours.\n<\/li>\n<li> Entrez la cl\u00e9 d\u2019auto-inscription suivante&nbsp;: <b>relpourtous<\/b> (en minuscules).\n<\/li>\n<li> Suivez les consignes qui s\u2019affichent \u00e0 l\u2019\u00e9cran pour passer le test pr\u00e9liminaire.\n<\/li>\n<li> Si vous avez besoin d\u2019aide pour cr\u00e9er un compte sur notre Moodle, visitez la <a rel=\"nofollow\" class=\"external text\" href=\"https:\/\/translate.google.com\/translate?sl=en&amp;tl=fr&amp;u=https:\/\/course.oeru.org\/support\/studying-courses\/oeru-knowledge-tests\/\">page d\u2019aide<\/a> (traduit par \u00ab&nbsp;Google Traduction&nbsp;\u00bb). Veuillez noter que ce test de comp\u00e9tences est gratuit.\n<\/li>\n<\/ol>\n<p>\n<\/p>\n<p>\n\t\t<\/div>\n\t<\/div>\n<\/div>\n<p><!-- \nNewPP limit report\nCPU time usage: 0.031 seconds\nReal time usage: 0.034 seconds\nPreprocessor visited node count: 186\/1000000\nPreprocessor generated node count: 856\/1000000\nPost\u2010expand include size: 5810\/2097152 bytes\nTemplate argument size: 2878\/2097152 bytes\nHighest expansion depth: 7\/40\nExpensive parser function count: 0\/100\n--><\/p>\n<p><!-- Saved in parser cache with key we_en-mw_:pcache:idhash:188384-0!*!*!*!*!2!* and timestamp 20230802220731 and revision id 1091042\n -->\n<\/div>\n<div class=\"visualClear\"><\/div>\n<\/p><\/div>\n<\/p><\/div>\n<\/div>\n<\/div>\n<\/div>\n<div class=\"row\">\n<div class=\"col-md-12\">\n<ul class=\"pager\">\n<li class=\"previous\">\n            <a href=\"\/lida103-fr\/modules\/comment-definir-les-rel\/quiz\">\u2190 Pr\u00e9c\u00e9dent<\/a>\n          <\/li>\n<li class=\"next\">\n            <a href=\"\/lida103-fr\/modules\/droit-dauteur\/support-video\">Suivant \u2192<\/a>\n          <\/li>\n<\/ul><\/div>\n<\/p><\/div>\n<div id=\"wenote-ids\"><script type='text\/javascript' id='wenotes-ids'>\n    var WEnotesSite = \"https:\/\/wikieducator.org\";\n    var WEnotesPath = \"\/Learning_in_a_digital_age\/LiDA103_fr\/Copyright\/Overview\";\n    var WEnotesSiteID = \"0e3d258fbd36841f92259eefcd41d5e9\";\n    var WEnotesPathID = \"5a6b5cd945de679b0b33fca80bbd4c3b\";\n    var WEnotesIDs = { site: \"https:\/\/wikieducator.org\", path: \"\/Learning_in_a_digital_age\/LiDA103_fr\/Copyright\/Overview\", site_id: \"0e3d258fbd36841f92259eefcd41d5e9\", path_id: \"5a6b5cd945de679b0b33fca80bbd4c3b\" };\n<\/script><\/div>\n<\/div>\n<footer><\/footer>\n","protected":false},"excerpt":{"rendered":"<p>Ce module offre une approche du droit d\u2019auteur qui met l\u2019accent sur votre droit \u00e0 copier un contenu. Les licences ouvertes, et notamment les licences ouvertes Creative Commons, reposent sur le droit d\u2019auteur. Par cons\u00e9quent, il est essentiel de bien comprendre le fonctionnement du droit d\u2019auteur pour utiliser ou produire des \u0153uvres sous licence ouverte. [&hellip;]<\/p>\n","protected":false},"author":1,"featured_media":0,"parent":14162,"menu_order":0,"comment_status":"closed","ping_status":"closed","template":"","meta":{"footnotes":""},"class_list":["post-14164","page","type-page","status-publish","hentry"],"_links":{"self":[{"href":"https:\/\/course.oeru.org\/lida103-fr\/wp-json\/wp\/v2\/pages\/14164","targetHints":{"allow":["GET"]}}],"collection":[{"href":"https:\/\/course.oeru.org\/lida103-fr\/wp-json\/wp\/v2\/pages"}],"about":[{"href":"https:\/\/course.oeru.org\/lida103-fr\/wp-json\/wp\/v2\/types\/page"}],"author":[{"embeddable":true,"href":"https:\/\/course.oeru.org\/lida103-fr\/wp-json\/wp\/v2\/users\/1"}],"replies":[{"embeddable":true,"href":"https:\/\/course.oeru.org\/lida103-fr\/wp-json\/wp\/v2\/comments?post=14164"}],"version-history":[{"count":1,"href":"https:\/\/course.oeru.org\/lida103-fr\/wp-json\/wp\/v2\/pages\/14164\/revisions"}],"predecessor-version":[{"id":14165,"href":"https:\/\/course.oeru.org\/lida103-fr\/wp-json\/wp\/v2\/pages\/14164\/revisions\/14165"}],"up":[{"embeddable":true,"href":"https:\/\/course.oeru.org\/lida103-fr\/wp-json\/wp\/v2\/pages\/14162"}],"wp:attachment":[{"href":"https:\/\/course.oeru.org\/lida103-fr\/wp-json\/wp\/v2\/media?parent=14164"}],"curies":[{"name":"wp","href":"https:\/\/api.w.org\/{rel}","templated":true}]}}