{"id":14168,"date":"2023-08-03T03:18:23","date_gmt":"2023-08-03T03:18:23","guid":{"rendered":"https:\/\/course.oeru.org\/lida103-fr\/?page_id=14168"},"modified":"2023-08-03T03:18:23","modified_gmt":"2023-08-03T03:18:23","slug":"introduction","status":"publish","type":"page","link":"https:\/\/course.oeru.org\/lida103-fr\/modules\/droit-dauteur\/introduction\/","title":{"rendered":"Introduction"},"content":{"rendered":"<div id=\"content\" class=\"mw-body container\" role=\"main\">\n<div class=\"row\">\n<div class=\"col-md-12\">\n<div class=\"panel\">\n<div class=\"panel-body\">\n<div id=\"bodyContent\">\n<div id=\"mw-content-text\" lang=\"en\" dir=\"ltr\" class=\"mw-content-ltr\">\n<div class=\"floatright\"><a href=\"https:\/\/wikieducator.org\/File:Chained-resources.jpg\" class=\"image\"><img loading=\"lazy\" decoding=\"async\" alt=\"Chained-resources.jpg\" src=\"\/\/wikieducator.org\/images\/thumb\/2\/22\/Chained-resources.jpg\/320px-Chained-resources.jpg\" width=\"320\" height=\"213\" class=\"img-responsive\"><\/a><\/div>\n<p>Le d\u00e9veloppement de l\u2019usage du num\u00e9rique dans l\u2019\u00e9ducation conduit \u00e0 une plus large utilisation des \u0153uvres de l\u2019esprit que dans le pass\u00e9, avec la production, la diffusion et l\u2019utilisation de supports \u00e9ducatifs. La compr\u00e9hension des r\u00e8gles juridiques qui s\u2019appliquent aux diff\u00e9rents acteurs&nbsp;: pouvoirs publics, \u00e9coles, universit\u00e9s, maisons d\u2019\u00e9dition, enseignants, apprenants, etc. devient donc \u00e9galement un enjeu toujours plus important.<\/p>\n<p>L\u2019objet de ce module est de proposer une introduction \u00e0 la l\u00e9gislation qui r\u00e9git les droits dont dispose le cr\u00e9ateur d\u2019une \u0153uvre originale de l\u2019esprit, dans le cas pr\u00e9sent, une ressource \u00e9ducative et qui ont un impact sur votre capacit\u00e9 d\u2019apprentissage \u00e0 l\u2019\u00e8re du num\u00e9rique.<br \/>\n<br style=\"clear:both;\">\n<\/p>\n<p>Historiquement, cette branche du droit s\u2019est d\u00e9velopp\u00e9e avec l\u2019introduction en Europe, vers 1450, de l\u2019imprimerie par Gutenberg, qui a permis une plus large diffusion des \u0153uvres et la g\u00e9n\u00e9ralisation de l&rsquo;acc\u00e8s \u00e0 l&rsquo;\u00e9crit, ph\u00e9nom\u00e8ne que nous vivons aujourd\u2019hui sous une autre forme avec l\u2019av\u00e8nement du num\u00e9rique.\n<\/p>\n<p>Deux cadres juridiques se sont ensuite d\u00e9velopp\u00e9s, celui du copyright dans les pays de \u00ab&nbsp;common law&nbsp;\u00bb, et celui du droit d\u2019auteur dans les pays de \u00abdroit civil\u00bb (aussi connu sous le nom de droit civiliste ou droit continental) qui trouve son origine dans le droit romain.\n<\/p>\n<dl>\n<dd> <a rel=\"nofollow\" class=\"external text\" href=\"https:\/\/fr.wikipedia.org\/wiki\/Droits_de_tradition_civiliste#\/media\/Fichier:Map_of_the_Legal_systems_of_the_world_(en).png\">Cartographie des syst\u00e8mes juridiques dans le monde<\/a>\n<\/dd>\n<\/dl>\n<p>Le droit d&rsquo;auteur, qui s&rsquo;applique dans les pays de droit civil prot\u00e8ge les auteurs d\u2019\u0153uvres de l\u2019esprit originales, d\u00e8s leur cr\u00e9ation, m\u00eames si elles sont in\u00e9dites ou inachev\u00e9es. Aucune formalit\u00e9 d&rsquo;enregistrement ou fixation mat\u00e9rielle de l\u2019\u0153uvre n&rsquo;est n\u00e9cessaire pour b\u00e9n\u00e9ficier du droit d&rsquo;auteur. Il conf\u00e8re \u00e0 l\u2019auteur des droits moraux (qui peuvent \u00eatre perp\u00e9tuels ou inali\u00e9nables) et des droits patrimoniaux (qui ont une dur\u00e9e limit\u00e9e et peuvent \u00eatre c\u00e9d\u00e9s).\n<\/p>\n<p>Le copyright s\u2019applique dans les pays de common law. Concept r\u00e9put\u00e9 \u00e9quivalent au droit d&rsquo;auteur, bien que d&rsquo;inspiration tr\u00e8s diff\u00e9rente, le copyright s\u2019attache plus \u00e0 la protection des droits patrimoniaux qu\u2019\u00e0 celle du droit moral et n\u00e9cessitait, \u00e0 l\u2019origine, la fixation de l\u2019\u0153uvre sur un support ainsi que l\u2019enregistrement aupr\u00e8s d\u2019un organisme agr\u00e9\u00e9. De plus, le droit moral n\u2019est ni perp\u00e9tuel, ni incessible.<br \/>\nToutefois, depuis l\u2019adoption de la Convention de Berne par 165 pays en 1886, le droit d\u2019auteur et le copyright sont en partie harmonis\u00e9s.\n<\/p>\n<dl>\n<dd> <a rel=\"nofollow\" class=\"external text\" href=\"https:\/\/fr.wikipedia.org\/wiki\/Droit_d%27auteur#\/media\/Fichier:Berne_Convention_signatories.svg\">Pays signataires de la Convention de Berne<\/a>\n<\/dd>\n<\/dl>\n<p>Avec le d\u00e9veloppement exponentiel du num\u00e9rique, et notamment les logiciels libres sous licence ouverte, il est apparu n\u00e9cessaire de pr\u00e9ciser et de clarifier les r\u00e8gles qui s\u2019appliquent \u00e0 la protection des auteurs et de leurs \u0153uvres, pour r\u00e9pondre \u00e0 des probl\u00e8mes qui n\u2019\u00e9taient pas envisag\u00e9s en 1886, et surmonter les diff\u00e9rences d\u2019approche entre tenants du droit d\u2019auteur, partisans du copyright, et adeptes d\u2019un Internet libre et ouvert.\n<\/p>\n<p>Bien que d\u2019origine anglo-saxonne et donc marqu\u00e9es par la tradition de common law, les licences ouvertes Creative Commons sont un exemple de licence ouverte qui ambitionne de r\u00e9pondre de fa\u00e7on universelle \u00e0 cette probl\u00e9matique. Elles font l\u2019objet de ce cours.\n<\/p>\n<p>Par ailleurs, dans le cadre d\u2019organisations continentales ou r\u00e9gionales, plusieurs \u00e9tats membres des Nations Unies se sont associ\u00e9s pour uniformiser le droit de la propri\u00e9t\u00e9 intellectuelle et artistique. C\u2019est le cas de l\u2019Union Europ\u00e9enne, au travers d\u2019un ensemble de directives et de r\u00e8glements sur le droit d\u2019auteur et les droits voisins. C\u2019est aussi le cas, en Afrique, avec les accords de Libreville (Gabon) et de Bangui (Centrafrique), qui r\u00e9unissent dix-sept \u00e9tats au sein de l\u2019Organisation Africaine de la propri\u00e9t\u00e9 intellectuelle (OAPI).\n<\/p>\n<p>\n<small><b>Avertissement<\/b>&nbsp;: Ces supports p\u00e9dagogiques sont con\u00e7us pour fournir aux apprenants une introduction \u00e0 la question du droit d\u2019auteur. Ce module fait partie d\u2019un cours sur l\u2019\u00e9ducation ouverte, le droit d\u2019auteur et les licences ouvertes Creative Commons et ne doit pas \u00eatre consid\u00e9r\u00e9 comme \u00e9quivalant \u00e0 une \u00e9tude approfondie de la l\u00e9gislation sur le droit d\u2019auteur. Il est toutefois indispensable de conna\u00eetre les bases du droit d\u2019auteur pour comprendre et mettre en pratique l\u2019utilisation de licences ouvertes. Ces supports p\u00e9dagogiques ne constituent pas un avis juridique. Le droit d\u2019auteur est un domaine juridique complexe et il existe des diff\u00e9rences de l\u00e9gislation entre les pays, lesquelles ne peuvent \u00eatre abord\u00e9es de mani\u00e8re uniforme. Si vous souhaitez obtenir des conseils sur le droit d\u2019auteur au sein de votre \u00e9tablissement, veuillez consulter un juriste comp\u00e9tent.<\/small>\n<\/p>\n<h2><span class=\"mw-headline\" id=\"Pour_commencer:_testez_vos_connaissances\">Pour commencer: testez vos connaissances<\/span><\/h2>\n<div class=\"panel iDevice WEquizMultipleChoice\">\n\t<div class=\"panel-heading idevice-heading\">\n\t\t<div>\n\t\t\t<img decoding=\"async\" class=\"pedagogicalicon\" alt=\"assessment\" src=\"https:\/\/course.oeru.org\/lida103-fr\/wp-content\/themes\/oeru-course\/idevices\/Icon_qmark.png\">\n\t\t<\/div>\n\t\t<div>\n\t\t\t<h2>Quiz pr\u00e9paratoire sur le droit d\u2019auteur<\/h2>\n\t\t<\/div>\n\t<\/div>\n\t<div class=\"panel-body\">\n\t\t<div class=\"col-md-12\">\n\t\t\t\n<p>Indiquez si les affirmations suivantes sont vraies ou fausses&nbsp;:\n<\/p>\n<ul>\n<li> Vous devez faire enregistrer vos \u0153uvres, sans quoi les contenus publi\u00e9s sont libres de droits.\n<ul>\n<li> Vrai\n<ul>\n<li> <b>Mauvaise r\u00e9ponse<\/b>. Par d\u00e9faut, toutes les \u0153uvres rel\u00e8vent du droit d\u2019auteur, et tous les droits en sont r\u00e9serv\u00e9s. Vous devez partir du principe que toutes les \u0153uvres sont prot\u00e9g\u00e9es par le droit d\u2019auteur.\n<\/li>\n<\/ul>\n<\/li>\n<li> Faux\n<ul>\n<li> <b>Bonne r\u00e9ponse<\/b>. Il n\u2019est pas n\u00e9cessaire d\u2019\u00abenregistrer\u00bb une \u0153uvre pour faire valoir des droits d\u2019auteur. Par d\u00e9faut, tous les droits en sont r\u00e9serv\u00e9s. Vous devez partir du principe que toutes les \u0153uvres sont prot\u00e9g\u00e9es par le droit d\u2019auteur.\n<\/li>\n<\/ul>\n<\/li>\n<\/ul>\n<\/li>\n<li>Vous \u00eates libre de compiler et de vendre des contenus tir\u00e9s de <a rel=\"nofollow\" class=\"external text\" href=\"https:\/\/fr.wikipedia.org\/wiki\/Wikip\u00e9dia_en_anglais\">Wikip\u00e9dia<\/a>, l\u2019encyclop\u00e9die libre.\n<ul>\n<li>Vrai\n<ul>\n<li><b>Bonne r\u00e9ponse<\/b>. Il n\u2019existe aucune restriction commerciale \u00e0 la r\u00e9\u00e9dition de contenus tir\u00e9s de Wikip\u00e9dia, tant que vos produits sont publi\u00e9s sous la m\u00eame licence que celle utilis\u00e9e par Wikip\u00e9dia.\n<\/li>\n<\/ul>\n<\/li>\n<li>Faux\n<ul>\n<li><b>Mauvaise r\u00e9ponse<\/b>. La licence utilis\u00e9e par Wikip\u00e9dia n\u2019emp\u00eache pas l\u2019exploitation commerciale, \u00e0 condition que vos produits soient publi\u00e9s sous la m\u00eame licence.\n<\/li>\n<\/ul>\n<\/li>\n<\/ul>\n<\/li>\n<li> Vous \u00eates libre de copier et de r\u00e9utiliser, \u00e0 des fins \u00e9ducatives, les contenus publi\u00e9s en libre acc\u00e8s sur la toile.\n<ul>\n<li> Vrai\n<ul>\n<li><b>Mauvaise r\u00e9ponse<\/b>. Ce n\u2019est pas parce qu\u2019une ressource est accessible sur un site Web public qu\u2019elle n\u2019est pas prot\u00e9g\u00e9e par le droit d\u2019auteur.\n<\/li>\n<\/ul>\n<\/li>\n<li> Faux\n<ul>\n<li><b>Bonne r\u00e9ponse<\/b>. Le libre acc\u00e8s \u00e0 un site Web n\u2019autorise pas n\u00e9cessairement la r\u00e9utilisation et la copie de ses contenus \u00e0 des fins \u00e9ducatives.\n<\/li>\n<\/ul>\n<\/li>\n<\/ul>\n<\/li>\n<li> Vous pouvez r\u00e9utiliser, adapter et modifier des contenus vers\u00e9s au domaine public sans en citer la source.\n<ul>\n<li> Vrai\n<ul>\n<li><b>Cela d\u00e9pend<\/b>. Dans les pays de \u00abcommon law\u00bb, en versant son \u0153uvre au domaine public, le titulaire a renonc\u00e9 \u00e0 tous les droits d\u2019auteur, y compris au droit de paternit\u00e9. A l\u2019oppos\u00e9, dans les pays de droit civil, le droit moral est perp\u00e9tuel et inali\u00e9nable. D\u2019un point de vue \u00e9thique, il convient de mentionner ses sources.\n<\/li>\n<\/ul>\n<\/li>\n<li> Faux\n<ul>\n<li><b>Cela d\u00e9pend<\/b>. D\u2019un point de vue \u00e9thique, il convient de mentionner ses sources. Dans les pays de droit civil, c\u2019est une obligation l\u00e9gale, car le droit moral est inali\u00e9nable et perp\u00e9tuel. A l\u2019oppos\u00e9, il n\u2019y a pas d\u2019obligation l\u00e9gale \u00e0 le faire dans les pays de \u00abcommon law\u00bb.\n<\/li>\n<\/ul>\n<\/li>\n<\/ul>\n<\/li>\n<li> Tant que vous ne tirez aucun b\u00e9n\u00e9fice commercial de l\u2019utilisation d\u2019une \u0153uvre, vous n\u2019enfreignez pas le droit d\u2019auteur.\n<ul>\n<li>Vrai\n<ul>\n<li><b>Mauvaise r\u00e9ponse<\/b>. De fa\u00e7on g\u00e9n\u00e9rale, les protections conf\u00e9r\u00e9es par le droit d\u2019auteur s\u2019appliquent, qu\u2019il y ait ou non \u00e9change commercial.\n<\/li>\n<\/ul>\n<\/li>\n<li>Faux\n<ul>\n<li><b>Bonne r\u00e9ponse<\/b>. Sans autorisation du titulaire, la r\u00e9utilisation \u00e0 titre non commercial de contenus prot\u00e9g\u00e9s par la mention \u00abtous droits r\u00e9serv\u00e9s\u00bb porte atteinte au droit d\u2019auteur.\n<\/li>\n<\/ul>\n<\/li>\n<\/ul>\n<\/li>\n<li> Si une \u0153uvre n\u2019est accompagn\u00e9e d\u2019aucune mention ou symbole indiquant qu\u2019elle est prot\u00e9g\u00e9e par le droit d\u2019auteur, alors vous pouvez consid\u00e9rer qu\u2019elle est libre de droits.\n<ul>\n<li>Vrai\n<ul>\n<li><b>Mauvaise r\u00e9ponse<\/b>. L\u2019absence d\u2019une mention indiquant qu\u2019une \u0153uvre est prot\u00e9g\u00e9e par le droit d\u2019auteur ne signifie pas que le titulaire a renonc\u00e9 \u00e0 ses droits. Vous devez partir du principe que, par d\u00e9faut, tous les droits en sont r\u00e9serv\u00e9s.\n<\/li>\n<\/ul>\n<\/li>\n<li>Faux\n<ul>\n<li><b>Bonne r\u00e9ponse<\/b>. Lorsque l\u2019auteur n\u2019a pas signal\u00e9 que son \u0153uvre est prot\u00e9g\u00e9e par le droit d\u2019auteur, il convient de partir du principe que la mention \u00abtous droits r\u00e9serv\u00e9s\u00bb est applicable. De fa\u00e7on g\u00e9n\u00e9rale, vous devez partir du principe que toutes les \u0153uvres sont prot\u00e9g\u00e9es.\n<\/li>\n<\/ul>\n<\/li>\n<\/ul>\n<\/li>\n<li> Vous \u00eatre libre de r\u00e9utiliser, d\u2019adapter, de combiner et de modifier \u00e0 des fins \u00e9ducatives les \u0153uvres publi\u00e9es sous <a rel=\"nofollow\" class=\"external text\" href=\"https:\/\/creativecommons.fr\/\">licence Creative Commons<\/a>.\n<ul>\n<li>Vrai\n<ul>\n<li><b>Mauvaise r\u00e9ponse<\/b>. Les autorisations et les restrictions varient d\u2019une licences Creative Commons \u00e0 l\u2019autre.\n<\/li>\n<\/ul>\n<\/li>\n<li>Faux\n<ul>\n<li><b>Bonne r\u00e9ponse<\/b>. Vous devez v\u00e9rifier la licence Creative Commons utilis\u00e9e pour savoir ce qu\u2019il vous est autoris\u00e9 de faire.\n<\/li>\n<\/ul>\n<\/li>\n<\/ul>\n<\/li>\n<li>Vous ne pouvez pas vendre un livre que vous poss\u00e9dez si celui-ci est prot\u00e9g\u00e9 par le droit d\u2019auteur.\n<ul>\n<li>Vrai\n<ul>\n<li><b>Mauvaise r\u00e9ponse<\/b>. Le droit d\u2019auteur n\u2019encadre pas le droit de propri\u00e9t\u00e9 du propri\u00e9taire l\u00e9gal, qui l\u2019autorise \u00e0 vendre ou offrir des livres d\u2019occasion. Le propri\u00e9taire d\u2019un v\u00e9hicule motoris\u00e9 n\u2019en d\u00e9tient pas les caract\u00e9ristiques de conception, sans que cela limite pour autant son droit de propri\u00e9t\u00e9.\n<\/li>\n<\/ul>\n<\/li>\n<li>Faux\n<ul>\n<li><b>Bonne r\u00e9ponse<\/b>. Le droit d\u2019auteur n\u2019a pas pour but de limiter la libre circulation des biens et le <a rel=\"nofollow\" class=\"external text\" href=\"https:\/\/wpms.oeru.org\/Copyright_for_Educators\/Protections#_blank\">principe d\u2019\u00e9puisement<\/a> permet au propri\u00e9taire d\u2019un livre de le revendre ou de l\u2019offrir.\n<\/li>\n<\/ul>\n<\/li>\n<\/ul>\n<\/li>\n<\/ul>\n<p>Quels sont vos r\u00e9sultats&nbsp;? Avez-vous \u00e9prouv\u00e9 de la surprise face \u00e0 certaines questions&nbsp;? Publiez un commentaire sur WeNote ci-dessous&nbsp;:\n<\/p>\n<p><\/p>\n<div><p>Vous devez \u00eatre connect\u00e9 pour publier sur WEnotes.<\/p><\/div>\n<p><i>Note&nbsp;: Votre commentaire s\u2019affichera sur le <a href=\"\/lida103-fr\/communications\/fil-dactualite-du-cours\" title=\"Learning in a digital age\/LiDA103 fr\/Feed\">fil d\u2019actualit\u00e9 du cours<\/a>.<\/i>\n<\/p>\n<p><small>Sources: Certaines questions de ce quiz s\u2019inspirent de la page <a rel=\"nofollow\" class=\"external text\" href=\"http:\/\/www.smartcopying.edu.au\/copyright-guidelines\/copyright---a-general-overview\/1-2-some-common-misconceptions\">\u00abSome common misconceptions\u00bb<\/a> du site Web <a rel=\"nofollow\" class=\"external text\" href=\"http:\/\/www.smartcopying.edu.au\/home\">smart copying<\/a>.<\/small><\/p>\n<p>\n<\/p>\n<p>\n\t\t<\/div>\n\t<\/div>\n<\/div><\/p>\n<div class=\"panel iDevice\">\n\t<div class=\"panel-heading idevice-heading\">\n\t\t<div>\n\t\t\t<img decoding=\"async\" class=\"pedagogicalicon\" alt=\"definitions\" src=\"https:\/\/course.oeru.org\/lida103-fr\/wp-content\/themes\/oeru-course\/idevices\/Icon_define.png\">\n\t\t<\/div>\n\t\t<div>\n\t\t\t<h2>D\u00e9finitions<\/h2>\n\t\t<\/div>\n\t<\/div>\n\t<div class=\"panel-body\">\n\t\t<div class=\"col-md-12\">\n\t\t\t<\/p>\n<p><b>Droit d\u2019auteur<\/b>\n<\/p>\n<p>Le droit d\u2019auteur est une notion juridique qui accorde aux cr\u00e9ateurs (auteurs, musiciens, artistes&#8230;) un droit de propri\u00e9t\u00e9 ainsi qu\u2019une protection contre l\u2019utilisation non autoris\u00e9e de leur \u0153uvre sur une p\u00e9riode d\u00e9termin\u00e9e. Le droit d\u2019auteur peut prot\u00e9ger les droits personnels relevant du \u00abdroit moral\u00bb et pr\u00e9voit un certain nombre de limitations et d\u2019exceptions permettant d\u2019assurer un \u00e9quilibre entre les droits exclusifs du cr\u00e9ateur et l\u2019int\u00e9r\u00eat de la soci\u00e9t\u00e9 en g\u00e9n\u00e9ral.\n<\/p>\n<p>\n<b>Domaine public<\/b>\n<\/p>\n<p>Source&nbsp;: <a rel=\"nofollow\" class=\"external text\" href=\"https:\/\/fr.wikipedia.org\/wiki\/Domaine_public_(propri%C3%A9t%C3%A9_intellectuelle)\">Wikip\u00e9dia &#8211; Domaine public (propri\u00e9t\u00e9 intellectuelle)<\/a>\n<\/p>\n<p>En droit de la propri\u00e9t\u00e9 intellectuelle le domaine public d\u00e9signe l\u2019ensemble des \u0153uvres de l\u2019esprit et des connaissances dont l\u2019usage n\u2019est pas ou n\u2019est plus restreint par la loi.\n<\/p>\n<p>L&rsquo;entr\u00e9e dans le domaine public ne correspond pas \u00e0 une r\u00e9alit\u00e9 uniforme dans le monde. Le copyright et le droit d&rsquo;auteur notamment varient d&rsquo;un pays \u00e0 l&rsquo;autre. Ainsi, au Canada une \u0153uvre entre dans le domaine public 50 ans apr\u00e8s la mort de tous ses auteurs, alors qu&rsquo;en France cette dur\u00e9e a \u00e9t\u00e9 \u00e9tendue \u00e0 70 ans apr\u00e8s la mort des auteurs.\n<\/p>\n<p>Dans les pays o\u00f9 s&rsquo;applique le droit d&rsquo;auteur, les auteurs et leurs h\u00e9ritiers conservent ind\u00e9finiment leur droit moral. Dans ce cadre, les \u0153uvres n&rsquo;entrent dans le domaine public que lorsque les droits patrimoniaux de chaque auteur sont \u00e9puis\u00e9s, le droit moral ne pouvant faire l&rsquo;objet d&rsquo;une renonciation.\n<\/p>\n<p>Dans les pays de copyright, comme les \u00c9tats-Unis d&rsquo;Am\u00e9rique, il est possible pour l&rsquo;auteur de renoncer totalement \u00e0 ses droits.\n<\/p>\n<p>\n<\/p>\n<p>\n\t\t<\/div>\n\t<\/div>\n<\/div>\n<p>\n<\/p>\n<div class=\"panel iDevice\">\n\t<div class=\"panel-heading idevice-heading\">\n\t\t<div>\n\t\t\t<img decoding=\"async\" class=\"pedagogicalicon\" alt=\"web resources\" src=\"https:\/\/course.oeru.org\/lida103-fr\/wp-content\/themes\/oeru-course\/idevices\/Icon_inter.png\">\n\t\t<\/div>\n\t\t<div>\n\t\t\t<h2>Ressources sur Internet<\/h2>\n\t\t<\/div>\n\t<\/div>\n\t<div class=\"panel-body\">\n\t\t<div class=\"col-md-12\">\n\t\t\t<\/p>\n<p><b>Ressources et lectures recommand\u00e9es disponibles en ligne<\/b>\n<\/p>\n<ul>\n<li> <a rel=\"nofollow\" class=\"external text\" href=\"https:\/\/wipolex.wipo.int\/fr\/treaties\/textdetails\/12214\">Texte int\u00e9gral de la Convention de Berne<\/a>\n<\/li>\n<li> UNESCO. (1981). <a rel=\"nofollow\" class=\"external text\" href=\"https:\/\/unesdoc.unesco.org\/ark:\/48223\/pf0000187677_fre\">L\u2019ABC du droit d\u2019auteur<\/a>. Paris: UNESCO.\n<\/li>\n<li> Lessig, L. (2012). <a rel=\"nofollow\" class=\"external free\" href=\"https:\/\/www.ebooksgratuits.com\/pdf\/lessing_freeculture.pdf\">https:\/\/www.ebooksgratuits.com\/pdf\/lessing_freeculture.pdf<\/a> Culture libre. Comment les m\u00e9dias utilisent la technologie et la loi pour confisquer la culture et contr\u00f4ler la cr\u00e9ativit\u00e9]. Lulu.com.\n<\/li>\n<\/ul>\n<p>\n<\/p>\n<p>\n\t\t<\/div>\n\t<\/div>\n<\/div>\n<p><!-- \nNewPP limit report\nCPU time usage: 0.052 seconds\nReal time usage: 0.061 seconds\nPreprocessor visited node count: 347\/1000000\nPreprocessor generated node count: 1248\/1000000\nPost\u2010expand include size: 32761\/2097152 bytes\nTemplate argument size: 27381\/2097152 bytes\nHighest expansion depth: 9\/40\nExpensive parser function count: 0\/100\n--><\/p>\n<p><!-- Saved in parser cache with key we_en-mw_:pcache:idhash:188386-0!*!0!*!*!2!* and timestamp 20230802220732 and revision id 1085755\n -->\n<\/div>\n<div class=\"visualClear\"><\/div>\n<\/p><\/div>\n<\/p><\/div>\n<\/div>\n<\/div>\n<\/div>\n<div class=\"row\">\n<div class=\"col-md-12\">\n<ul class=\"pager\">\n<li class=\"previous\">\n            <a href=\"\/lida103-fr\/modules\/droit-dauteur\/support-video\">\u2190 Pr\u00e9c\u00e9dent<\/a>\n          <\/li>\n<li class=\"next\">\n            <a href=\"\/lida103-fr\/modules\/droit-dauteur\/historique\">Suivant \u2192<\/a>\n          <\/li>\n<\/ul><\/div>\n<\/p><\/div>\n<div id=\"wenote-ids\"><script type='text\/javascript' id='wenotes-ids'>\n    var WEnotesSite = \"https:\/\/wikieducator.org\";\n    var WEnotesPath = \"\/Learning_in_a_digital_age\/LiDA103_fr\/Copyright\/Introduction\";\n    var WEnotesSiteID = \"0e3d258fbd36841f92259eefcd41d5e9\";\n    var WEnotesPathID = \"68517fe8b7dd3ea4a36237d2d75d9237\";\n    var WEnotesIDs = { site: \"https:\/\/wikieducator.org\", path: \"\/Learning_in_a_digital_age\/LiDA103_fr\/Copyright\/Introduction\", site_id: \"0e3d258fbd36841f92259eefcd41d5e9\", path_id: \"68517fe8b7dd3ea4a36237d2d75d9237\" };\n<\/script><\/div>\n<\/div>\n<footer><\/footer>\n","protected":false},"excerpt":{"rendered":"<p>Le d\u00e9veloppement de l\u2019usage du num\u00e9rique dans l\u2019\u00e9ducation conduit \u00e0 une plus large utilisation des \u0153uvres de l\u2019esprit que dans le pass\u00e9, avec la production, la diffusion et l\u2019utilisation de supports \u00e9ducatifs. La compr\u00e9hension des r\u00e8gles juridiques qui s\u2019appliquent aux diff\u00e9rents acteurs&nbsp;: pouvoirs publics, \u00e9coles, universit\u00e9s, maisons d\u2019\u00e9dition, enseignants, apprenants, etc. devient donc \u00e9galement un [&hellip;]<\/p>\n","protected":false},"author":1,"featured_media":0,"parent":14162,"menu_order":0,"comment_status":"closed","ping_status":"closed","template":"","meta":{"footnotes":""},"class_list":["post-14168","page","type-page","status-publish","hentry"],"_links":{"self":[{"href":"https:\/\/course.oeru.org\/lida103-fr\/wp-json\/wp\/v2\/pages\/14168","targetHints":{"allow":["GET"]}}],"collection":[{"href":"https:\/\/course.oeru.org\/lida103-fr\/wp-json\/wp\/v2\/pages"}],"about":[{"href":"https:\/\/course.oeru.org\/lida103-fr\/wp-json\/wp\/v2\/types\/page"}],"author":[{"embeddable":true,"href":"https:\/\/course.oeru.org\/lida103-fr\/wp-json\/wp\/v2\/users\/1"}],"replies":[{"embeddable":true,"href":"https:\/\/course.oeru.org\/lida103-fr\/wp-json\/wp\/v2\/comments?post=14168"}],"version-history":[{"count":1,"href":"https:\/\/course.oeru.org\/lida103-fr\/wp-json\/wp\/v2\/pages\/14168\/revisions"}],"predecessor-version":[{"id":14169,"href":"https:\/\/course.oeru.org\/lida103-fr\/wp-json\/wp\/v2\/pages\/14168\/revisions\/14169"}],"up":[{"embeddable":true,"href":"https:\/\/course.oeru.org\/lida103-fr\/wp-json\/wp\/v2\/pages\/14162"}],"wp:attachment":[{"href":"https:\/\/course.oeru.org\/lida103-fr\/wp-json\/wp\/v2\/media?parent=14168"}],"curies":[{"name":"wp","href":"https:\/\/api.w.org\/{rel}","templated":true}]}}