{"id":14176,"date":"2023-08-03T03:18:31","date_gmt":"2023-08-03T03:18:31","guid":{"rendered":"https:\/\/course.oeru.org\/lida103-fr\/?page_id=14176"},"modified":"2023-08-03T03:18:31","modified_gmt":"2023-08-03T03:18:31","slug":"jouissance","status":"publish","type":"page","link":"https:\/\/course.oeru.org\/lida103-fr\/modules\/droit-dauteur\/jouissance\/","title":{"rendered":"Jouissance"},"content":{"rendered":"<div id=\"content\" class=\"mw-body container\" role=\"main\">\n<div class=\"row\">\n<div class=\"col-md-12\">\n<div class=\"panel\">\n<div class=\"panel-body\">\n<div id=\"bodyContent\">\n<div id=\"mw-content-text\" lang=\"en\" dir=\"ltr\" class=\"mw-content-ltr\"><div class=\"panel iDevice\">\n\t<div class=\"panel-heading idevice-heading\">\n\t\t<div>\n\t\t\t<img decoding=\"async\" class=\"pedagogicalicon\" alt=\"reading\" src=\"https:\/\/course.oeru.org\/lida103-fr\/wp-content\/themes\/oeru-course\/idevices\/Icon_reading.png\">\n\t\t<\/div>\n\t\t<div>\n\t\t\t<h2>Lectures<\/h2>\n\t\t<\/div>\n\t<\/div>\n\t<div class=\"panel-body\">\n\t\t<div class=\"col-md-12\">\n\t\t\t<\/p>\n<p><b>Qui d\u00e9tient le droit d\u2019auteur prot\u00e9geant votre article de blog?<\/b>\n<\/p>\n<ul>\n<li> Cherchez et t\u00e9l\u00e9chargez une copie de la loi relative au droit d\u2019auteur en vigueur dans votre pays. V\u00e9rifiez si elle pr\u00e9voit des dispositions concernant la propri\u00e9t\u00e9 des \u0153uvres de l\u2019esprit produites dans le cadre d\u2019un contrat de travail.\n<\/li>\n<li> V\u00e9rifiez que votre pays est bien signataire de la <a rel=\"nofollow\" class=\"external text\" href=\"https:\/\/www.wipo.int\/treaties\/fr\/ShowResults.jsp?treaty_id=15\">Convention de Berne<\/a>.\n<\/li>\n<li> Consultez votre contrat de travail pour voir s\u2019il contient des dispositions concernant le droit d\u2019auteur pour les \u0153uvres que vous produisez pendant la dur\u00e9e de votre emploi.\n<\/li>\n<li> Votre contrat de travail pr\u00e9voit-il des clauses de confidentialit\u00e9&nbsp;? La pr\u00e9sence ou non d\u2019une telle clause peut avoir des cons\u00e9quences sur ce que vous \u00e9crivez et publiez \u00e0 titre personnel.\n<\/li>\n<li> Votre \u00e9tablissement peut avoir une politique relative \u00e0 la propri\u00e9t\u00e9 intellectuelle qui pr\u00e9cise le titulaire du droit d\u2019auteur prot\u00e9geant les travaux produits en son sein. Ainsi, dans certaines universit\u00e9s, les enseignants du sup\u00e9rieur publiant les r\u00e9sultats de leurs recherches sont investis du droit d\u2019auteur, m\u00eame si les travaux ont \u00e9t\u00e9 men\u00e9s dans le cadre d\u2019un contrat de travail. De fa\u00e7on g\u00e9n\u00e9rale, la plupart des \u00e9tablissements d\u2019enseignement s\u2019arrogent la propri\u00e9t\u00e9 des supports p\u00e9dagogiques produits pendant la dur\u00e9e du contrat de travail, mais cette pratique peut varier d\u2019un pays \u00e0 l\u2019autre\n<\/li>\n<\/ul>\n<p>Parcourez ces documents pour savoir qui d\u00e9tient les droits d\u2019auteur prot\u00e9geant les contenus que vous cr\u00e9ez.\n<\/p>\n<p>\n<\/p>\n<p>\n\t\t<\/div>\n\t<\/div>\n<\/div><\/p>\n<p>\nLe titulaire du droit d\u2019auteur prot\u00e9geant une \u0153uvre est g\u00e9n\u00e9ralement son cr\u00e9ateur ou son auteur, sauf pour les \u0153uvres produites dans le cadre d\u2019un contrat de louage d\u2019ouvrage ou de services, lesquelles incluent notamment les cr\u00e9ations r\u00e9alis\u00e9es dans le cadre d\u2019un contrat ou pendant la dur\u00e9e normale d\u2019un contrat de travail.\n<\/p>\n<ul>\n<li> Dans les pays de <a rel=\"nofollow\" class=\"external text\" href=\"https:\/\/fr.wikipedia.org\/wiki\/Common_law\">common law<\/a>, si une \u0153uvre est produite pendant la dur\u00e9e normale d\u2019un contrat de travail, c\u2019est l\u2019employeur qui est consid\u00e9r\u00e9 comme \u00e9tant le titulaire originaire des droits d\u2019auteur s\u2019y rapportant.\n<\/li>\n<li> Dans les pays de <a rel=\"nofollow\" class=\"external text\" href=\"https:\/\/fr.wikipedia.org\/wiki\/Droits_de_tradition_civiliste\">droit civil<\/a> o\u00f9 seules des personnes physiques peuvent jouir du droit d\u2019auteur (c\u2019est \u00e0 dire o\u00f9 la loi consid\u00e8re que les personnes morales ne peuvent pas cr\u00e9er des \u0153uvres de l\u2019esprit), le titulaire originaire est obligatoirement le ou les auteur(s). L\u2019employeur, qu\u2019il s\u2019agisse d\u2019une personne physique ou morale, peut toutefois acqu\u00e9rir les droits d\u2019auteur par voie de contrat.\n<\/li>\n<\/ul>\n<p>\n<\/p>\n<div class=\"panel iDevice\">\n\t<div class=\"panel-heading idevice-heading\">\n\t\t<div>\n\t\t\t<img decoding=\"async\" class=\"pedagogicalicon\" alt=\"reading\" src=\"https:\/\/course.oeru.org\/lida103-fr\/wp-content\/themes\/oeru-course\/idevices\/Icon_reading.png\">\n\t\t<\/div>\n\t\t<div>\n\t\t\t<h2>Annotation \u2014 La prise de notes pendant un cours porte-t-elle atteinte au droit d\u2019auteur d\u2019un professeur?<\/h2>\n\t\t<\/div>\n\t<\/div>\n\t<div class=\"panel-body\">\n\t\t<div class=\"col-md-12\">\n\t\t\t<\/p>\n<p>Cette activit\u00e9 s\u2019inspire de Singel, R. (4 avril 2004). <a rel=\"nofollow\" class=\"external text\" href=\"https:\/\/www.wired.com\/2008\/04\/prof-sues-note\/\">Lawsuit Claim: Students&rsquo; Lecture Notes Infringe on Professor\u2019s Copyright<\/a> (en anglais seulement).<\/p>\n<p><b>Objectif<\/b><br \/>\nS\u2019interroger sur la dimension \u00e9thique de la propri\u00e9t\u00e9 des cours.<br \/> <br \/>\n<b>Exercice<\/b><br \/>\nDans le monde d\u2019aujourd\u2019hui, o\u00f9 de nombreux universitaires enseignent \u00e0 temps partiel et consacrent un temps et des efforts consid\u00e9rables \u00e0 la pr\u00e9paration des cours, est-il juste et raisonnable que ces derniers revendiquent la propri\u00e9t\u00e9 de leurs cours? Serait-il juste et raisonnable qu\u2019un universitaire emm\u00e8ne avec lui ses notes, produites pendant la dur\u00e9e de son emploi, lorsqu\u2019il change de poste? Effectuez l\u2019exercice d\u2019annotation suivant:\n<\/p>\n<ul>\n<li> Connectez-vous au groupe <a rel=\"nofollow\" class=\"external text\" href=\"https:\/\/hypothes.is\/groups\/GKweL7oi\/oerulida103\">OERuLiDa104 sur Hypothes.is<\/a> pour annoter les messages publi\u00e9s sur la page: Students\u2019 Lecture Notes Infringe on Professor\u2019s Copyright (en anglais seulement) ou y r\u00e9pondre.\n<\/li>\n<\/ul>\n<p>(Note: Si vous utilisez Chrome ou Firefox avec l\u2019extension ou le bookmarklet, commencez par lancer Hypothes.is puis rendez-vous sur <a rel=\"nofollow\" class=\"external free\" href=\"https:\/\/www.wired.com\/2008\/04\/prof-sues-note\/\">https:\/\/www.wired.com\/2008\/04\/prof-sues-note\/<\/a> <a rel=\"nofollow\" class=\"external free\" href=\"https:\/\/www.wired.com\/2008\/04\/prof-sues-note\/\">https:\/\/www.wired.com\/2008\/04\/prof-sues-note\/<\/a>]. Vous pouvez \u00e9galement coller ce lien \u00e0 l\u2019adresse <a rel=\"nofollow\" class=\"external free\" href=\"https:\/\/via.hypothes.is\/\">https:\/\/via.hypothes.is\/<\/a>, apr\u00e8s <a rel=\"nofollow\" class=\"external text\" href=\"https:\/\/hypothes.is\/login\">connexion<\/a> sur Hypothes.is).\n<\/p>\n<ul>\n<li> N\u2019oubliez pas de tagger votre message en utilisant le code du cours: LiDA103fr\n<\/li>\n<\/ul>\n<p>\n<\/p>\n<p>\n\t\t<\/div>\n\t<\/div>\n<\/div>\n<p>\n<\/p>\n<h2><span class=\"mw-headline\" id=\"Faites_part_de_vos_r.C3.A9flexions_sur_la_propri.C3.A9t.C3.A9_des_id.C3.A9es\">Faites part de vos r\u00e9flexions sur la propri\u00e9t\u00e9 des id\u00e9es<\/span><\/h2>\n<div class=\"panel iDevice\">\n\t<div class=\"panel-heading idevice-heading\">\n\t\t<div>\n\t\t\t<img decoding=\"async\" class=\"pedagogicalicon\" alt=\"discussion\" src=\"https:\/\/course.oeru.org\/lida103-fr\/wp-content\/themes\/oeru-course\/idevices\/Icon_discussion.png\">\n\t\t<\/div>\n\t\t<div>\n\t\t\t<h2>Forum \u2014 Droit d\u2019auteur et propri\u00e9t\u00e9 des contenus produits par les apprenants<\/h2>\n\t\t<\/div>\n\t<\/div>\n\t<div class=\"panel-body\">\n\t\t<div class=\"col-md-12\">\n\t\t\t<\/p>\n<p><b>Ressources pour vous inspirer<\/b>\n<\/p>\n<ul>\n<li> Prenons par exemple la <a rel=\"nofollow\" class=\"external text\" href=\"https:\/\/oge.mit.edu\/gpp\/degrees\/thesis\/copyright\/\">politique en mati\u00e8re de droit d\u2019auteur et de propri\u00e9t\u00e9 intellectuelle<\/a> de l\u2019Institut de technologie du Massachusetts (MIT), selon laquelle l\u2019universit\u00e9 peut revendiquer le droit d\u2019auteur et la propri\u00e9t\u00e9 intellectuelle sur les travaux d\u2019un \u00e9tudiant lorsque ses recherches ont \u00e9t\u00e9 r\u00e9alis\u00e9es \u00e0 l\u2019aide de bourses, d\u2019\u00e9quipements ou d\u2019installations fournis par l\u2019Institut.\n<\/li>\n<li> Imaginons que l\u2019enseignant d\u2019un cours sur l\u2019entrepreneuriat rende \u00e0 un \u00e9tudiant une correction d\u00e9taill\u00e9e du projet con\u00e7u par ce dernier dans le cadre d\u2019un devoir. Serait-il juste et raisonnable d\u2019estimer que la propri\u00e9t\u00e9 intellectuelle devrait \u00eatre partag\u00e9e entre l\u2019\u00e9tablissement, l\u2019enseignant et l\u2019\u00e9tudiant si, par la suite, le projet \u00e9tait commercialis\u00e9?\n<\/li>\n<\/ul>\n<p>\n<b>Objectif<\/b><br \/>\nD\u00e9battre des questions \u00e9thiques associ\u00e9es \u00e0 la propri\u00e9t\u00e9 d\u2019une \u0153uvre de l\u2019esprit produite par un apprenant ayant b\u00e9n\u00e9fici\u00e9 pour cela du soutien (mat\u00e9riel et intellectuel) de son \u00e9tablissement et de son ou ses enseignant(s).<br \/> <br \/>\n<b>Exercice<\/b><br \/> <br \/>\nD\u00e9battez des questions concernant la jouissance des droits de propri\u00e9t\u00e9 intellectuelle et du droit d\u2019auteur prot\u00e9geant des contenus produits par des \u00e9tudiants. <a rel=\"nofollow\" class=\"external text\" href=\"https:\/\/forums.oeru.org\/t\/droit-d-auteur-et-propriete-des-contenus-produits-par-les-apprenants\/2597\">Joignez-vous au forum sur la propri\u00e9t\u00e9 des travaux des \u00e9tudiants<\/a> sur forums.oeru.org.\n<\/p>\n<ol>\n<li> Est-il justifi\u00e9 que les \u00e9tablissements pr\u00e9tendent \u00e0 la jouissance du droit d\u2019auteur prot\u00e9geant les travaux produits par les \u00e9tudiants? Si oui, donnez des exemples et \u00e9tayez votre raisonnement.\n<\/li>\n<li> Que pensez-vous du fait que d\u2019autres personnes se partagent avec vous les droits de propri\u00e9t\u00e9 intellectuelle et le droit d\u2019auteur prot\u00e9geant votre travail cr\u00e9atif en tant qu\u2019apprenant?\n<\/li>\n<li> En quoi les notions de jouissance et de droit d\u2019auteur influencent-elles le travail de l\u2019apprenant, \u00e9tant donn\u00e9 qu\u2019elles se rapportent \u00e0 la qualit\u00e9 de l\u2019apprentissage?\n<\/li>\n<\/ol>\n<p>\n<\/p>\n<p>\n\t\t<\/div>\n\t<\/div>\n<\/div>\n<p><!-- \nNewPP limit report\nCPU time usage: 0.036 seconds\nReal time usage: 0.040 seconds\nPreprocessor visited node count: 323\/1000000\nPreprocessor generated node count: 934\/1000000\nPost\u2010expand include size: 15697\/2097152 bytes\nTemplate argument size: 11272\/2097152 bytes\nHighest expansion depth: 7\/40\nExpensive parser function count: 0\/100\n--><\/p>\n<p><!-- Saved in parser cache with key we_en-mw_:pcache:idhash:188401-0!*!*!*!*!2!* and timestamp 20230802220737 and revision id 1085966\n -->\n<\/div>\n<div class=\"visualClear\"><\/div>\n<\/p><\/div>\n<\/p><\/div>\n<\/div>\n<\/div>\n<\/div>\n<div class=\"row\">\n<div class=\"col-md-12\">\n<ul class=\"pager\">\n<li class=\"previous\">\n            <a href=\"\/lida103-fr\/modules\/droit-dauteur\/champ-dapplication\">\u2190 Pr\u00e9c\u00e9dent<\/a>\n          <\/li>\n<li class=\"next\">\n            <a href=\"\/lida103-fr\/modules\/droit-dauteur\/droits-et-protections\">Suivant \u2192<\/a>\n          <\/li>\n<\/ul><\/div>\n<\/p><\/div>\n<div id=\"wenote-ids\"><script type='text\/javascript' id='wenotes-ids'>\n    var WEnotesSite = \"https:\/\/wikieducator.org\";\n    var WEnotesPath = \"\/Learning_in_a_digital_age\/LiDA103_fr\/Copyright\/Ownership\";\n    var WEnotesSiteID = \"0e3d258fbd36841f92259eefcd41d5e9\";\n    var WEnotesPathID = \"13d8c9709e3a2c0219a632e2019a8310\";\n    var WEnotesIDs = { site: \"https:\/\/wikieducator.org\", path: \"\/Learning_in_a_digital_age\/LiDA103_fr\/Copyright\/Ownership\", site_id: \"0e3d258fbd36841f92259eefcd41d5e9\", path_id: \"13d8c9709e3a2c0219a632e2019a8310\" };\n<\/script><\/div>\n<\/div>\n<footer><\/footer>\n","protected":false},"excerpt":{"rendered":"<p>Le titulaire du droit d\u2019auteur prot\u00e9geant une \u0153uvre est g\u00e9n\u00e9ralement son cr\u00e9ateur ou son auteur, sauf pour les \u0153uvres produites dans le cadre d\u2019un contrat de louage d\u2019ouvrage ou de services, lesquelles incluent notamment les cr\u00e9ations r\u00e9alis\u00e9es dans le cadre d\u2019un contrat ou pendant la dur\u00e9e normale d\u2019un contrat de travail. Dans les pays de [&hellip;]<\/p>\n","protected":false},"author":1,"featured_media":0,"parent":14162,"menu_order":0,"comment_status":"closed","ping_status":"closed","template":"","meta":{"footnotes":""},"class_list":["post-14176","page","type-page","status-publish","hentry"],"_links":{"self":[{"href":"https:\/\/course.oeru.org\/lida103-fr\/wp-json\/wp\/v2\/pages\/14176","targetHints":{"allow":["GET"]}}],"collection":[{"href":"https:\/\/course.oeru.org\/lida103-fr\/wp-json\/wp\/v2\/pages"}],"about":[{"href":"https:\/\/course.oeru.org\/lida103-fr\/wp-json\/wp\/v2\/types\/page"}],"author":[{"embeddable":true,"href":"https:\/\/course.oeru.org\/lida103-fr\/wp-json\/wp\/v2\/users\/1"}],"replies":[{"embeddable":true,"href":"https:\/\/course.oeru.org\/lida103-fr\/wp-json\/wp\/v2\/comments?post=14176"}],"version-history":[{"count":1,"href":"https:\/\/course.oeru.org\/lida103-fr\/wp-json\/wp\/v2\/pages\/14176\/revisions"}],"predecessor-version":[{"id":14177,"href":"https:\/\/course.oeru.org\/lida103-fr\/wp-json\/wp\/v2\/pages\/14176\/revisions\/14177"}],"up":[{"embeddable":true,"href":"https:\/\/course.oeru.org\/lida103-fr\/wp-json\/wp\/v2\/pages\/14162"}],"wp:attachment":[{"href":"https:\/\/course.oeru.org\/lida103-fr\/wp-json\/wp\/v2\/media?parent=14176"}],"curies":[{"name":"wp","href":"https:\/\/api.w.org\/{rel}","templated":true}]}}