{"id":14178,"date":"2023-08-03T03:18:33","date_gmt":"2023-08-03T03:18:33","guid":{"rendered":"https:\/\/course.oeru.org\/lida103-fr\/?page_id=14178"},"modified":"2023-08-03T03:18:33","modified_gmt":"2023-08-03T03:18:33","slug":"droits-et-protections","status":"publish","type":"page","link":"https:\/\/course.oeru.org\/lida103-fr\/modules\/droit-dauteur\/droits-et-protections\/","title":{"rendered":"Droits et protections"},"content":{"rendered":"<div id=\"content\" class=\"mw-body container\" role=\"main\">\n<div class=\"row\">\n<div class=\"col-md-12\">\n<div class=\"panel\">\n<div class=\"panel-body\">\n<div id=\"bodyContent\">\n<div id=\"mw-content-text\" lang=\"en\" dir=\"ltr\" class=\"mw-content-ltr\">\n<div class=\"floatright\"><a href=\"https:\/\/wikieducator.org\/File:Copyright-protection.jpg\" class=\"image\"><img loading=\"lazy\" decoding=\"async\" alt=\"Copyright-protection.jpg\" src=\"\/\/wikieducator.org\/images\/thumb\/7\/7f\/Copyright-protection.jpg\/320px-Copyright-protection.jpg\" width=\"320\" height=\"320\" class=\"img-responsive\"><\/a><\/div>\n<p> Le droit d\u2019auteur pr\u00e9voit la protection d\u2019un certain nombre de droits exclusifs de ses titulaires&nbsp;:<\/p>\n<ul>\n<li> Les <b><a href=\"#Droits_patrimoniaux\">droits patrimoniaux<\/a><\/b> encadrant et limitant la reproduction, la distribution et les adaptations d\u2019une \u0153uvre.\n<\/li>\n<li> Le <b><a href=\"#Droit_moral\">droit moral<\/a><\/b> relatif aux int\u00e9r\u00eats qui ne sont ni financiers ni mon\u00e9taires.\n<\/li>\n<li> Les <b><a href=\"#Droits_voisins\">droits voisins<\/a><\/b> visant \u00e0 prot\u00e9ger les personnes, autres que les auteurs, participant \u00e0 la diffusion des \u0153uvres prot\u00e9g\u00e9es par le droit d\u2019auteur.\n<\/li>\n<li> Les <b><a href=\"\/lida103-fr\/modules\/droit-dauteur\/transfert-des-droits\" title=\"Learning in a digital age\/LiDA103 fr\/Copyright\/Transfer\">transferts de droits<\/a><\/b> qui correspondent aux transferts de droits par cession ou par licence.\n<\/li>\n<\/ul>\n<p>Ces protections exclusives pr\u00e9vues par le droit d\u2019auteur sont <a href=\"#Duration_of_copyright\">limit\u00e9es dans le temps<\/a> ainsi que par un certain nombre d\u2019<a rel=\"nofollow\" class=\"external text\" href=\"https:\/\/wikieducator.org\/Copyright_for_Educators\/Exceptions\">exceptions<\/a>.<br style=\"clear:both;\">\n<\/p>\n<h2><span class=\"mw-headline\" id=\"Droits_patrimoniaux\">Droits patrimoniaux<\/span><\/h2>\n<p>Les droits patrimoniaux sont g\u00e9n\u00e9ralement des droits exclusifs qui permettent aux auteurs de vivre de leurs \u0153uvres gr\u00e2ce aux protections conf\u00e9r\u00e9es par le droit d\u2019auteur. Parmi ces pr\u00e9rogatives figure le droit du titulaire d\u2019<b>autoriser<\/b> ou d\u2019<b>interdire<\/b> toute utilisation de son \u0153uvre encadr\u00e9e par le droit d\u2019auteur. Certains pays peuvent d\u00e9roger aux droits exclusifs. Ainsi le droit de pr\u00eat public ou le droit de suite peuvent s\u2019accompagner d\u2019un simple droit \u00e0 r\u00e9mun\u00e9ration, mais le titulaire ne b\u00e9n\u00e9ficie plus des droits exclusifs.\n<\/p>\n<h3><span class=\"mw-headline\" id=\"Droits_de_reproduction\">Droits de reproduction<\/span><\/h3>\n<p>En vertu du droit d\u2019auteur, la reproduction d\u2019\u0153uvres prot\u00e9g\u00e9es n\u00e9cessite le consentement pr\u00e9alable de l\u2019auteur. C\u2019est ce qui constitue le fondement juridique de la protection des droits patrimoniaux exclusifs conf\u00e9r\u00e9s aux titulaires. Avec les progr\u00e8s de la technologie num\u00e9rique, on observe dans les accords internationaux un large consensus sur le fait que la fixation d\u2019une \u0153uvre sur un format num\u00e9rique constitue une copie (ou reproduction) prot\u00e9g\u00e9e par le droit d\u2019auteur. La reproduction provisoire, par exemple la mise en m\u00e9moire cache d\u2019\u0153uvres prot\u00e9g\u00e9es par le droit d\u2019auteur lors de la consultation d\u2019une page Web, n\u2019est g\u00e9n\u00e9ralement pas soumise au droit d\u2019auteur, mais dans la plupart des cas, le stockage permanent de la copie en cache de cette page porte atteinte au droit d\u2019auteur. Pour plus de pr\u00e9cisions concernant la reproduction num\u00e9rique, consultez la l\u00e9gislation en vigueur dans votre pays.\n<\/p>\n<p>Les droits de reproduction concernent \u00e9galement les autorisations n\u00e9cessaires \u00e0 l\u2019adaptation ou \u00e0 la cr\u00e9ation d\u2019\u0153uvres d\u00e9riv\u00e9es. Certains pays pr\u00e9voient des dispositions particuli\u00e8res relatives au droit d\u2019adaptation et peuvent traiter la traduction des \u0153uvres originales comme un cas particulier.\n<\/p>\n<h3><span class=\"mw-headline\" id=\"Droit_de_distribution\">Droit de distribution<\/span><\/h3>\n<div class=\"thumb tright\">\n<div class=\"thumbinner thumbnail\" style=\"width:322px;\"><a href=\"https:\/\/wikieducator.org\/File:Book_and_CDROMS.jpg\" class=\"image\"><img loading=\"lazy\" decoding=\"async\" alt=\"\" src=\"\/\/wikieducator.org\/images\/thumb\/c\/ce\/Book_and_CDROMS.jpg\/320px-Book_and_CDROMS.jpg\" width=\"320\" height=\"214\" class=\"thumbimage img-responsive\"><\/a>  <\/p>\n<div class=\"thumbcaption\">Le droit d\u2019auteur m\u2019autorise-t-il \u00e0 revendre mon exemplaire&nbsp;?<\/div>\n<\/div>\n<\/div>\n<p> Dans certains pays, le droit de distribution d\u00e9pend du droit de reproduction abord\u00e9 plus haut, mais dans de nombreux autres, il s\u2019agit d\u2019un droit distinct qui peut \u00eatre c\u00e9d\u00e9. Le titulaire originaire du droit d\u2019auteur peut autoriser (ou refuser) la production de copies, cette derni\u00e8re notion recouvrant g\u00e9n\u00e9ralement toutes les m\u00e9thodes connues ou amen\u00e9es \u00e0 exister. Comme pr\u00e9cis\u00e9 plus haut, les copies temporaires ou transitoires, telles que la mise en m\u00e9moire cache, sont susceptibles de ne pas \u00eatre couvertes par le droit de distribution.<\/p>\n<p>Une limitation, appel\u00e9e g\u00e9n\u00e9ralement \u00ab\u2009principe d\u2019\u00e9puisement\u2009\u00bb (ou \u00ab\u2009doctrine de la premi\u00e8re vente\u2009\u00bb aux \u00c9tats-Unis), s\u2019applique au droit de distribution afin de garantir la libre circulation des biens. Quand vous achetez un livre, vous n\u2019en d\u00e9tenez pas le droit d\u2019auteur. Lorsqu\u2019un exemplaire a \u00e9t\u00e9 distribu\u00e9 pour la premi\u00e8re fois par la vente d\u2019un livre, l\u2019acqu\u00e9reur peut en disposer (par exemple en le revendant ou en le donnant) sans consentement pr\u00e9alable du titulaire du droit d\u2019auteur. En d\u2019autres termes, le droit originel du titulaire du droit d\u2019auteur \u00e0 distribuer une copie physique de son travail est \u00e9puis\u00e9 apr\u00e8s la premi\u00e8re vente d\u2019un exemplaire papier de son livre. En r\u00e8gle g\u00e9n\u00e9rale, votre l\u00e9gislation nationale sur le droit d\u2019auteur pr\u00e9cisera si le principe d\u2019\u00e9puisement ou la doctrine de la premi\u00e8re vente se limitent \u00e0 votre pays ou \u00e0 votre r\u00e9gion \u00e9conomique. Dans certains cas, le principe d\u2019\u00e9puisement peut s\u2019appliquer dans le monde entier.\n<\/p>\n<p>Certains pays s\u00e9parent les droits de location et de pr\u00eat du droit de distribution. La location ou le pr\u00eat d\u2019une \u0153uvre originale peuvent influencer le volume des ventes au d\u00e9triment du titulaire du droit d\u2019auteur\u2009; il se peut que votre l\u00e9gislation nationale sur le droit d\u2019auteur consid\u00e8re le droit de location des \u0153uvres cin\u00e9matographiques, des enregistrements sonores, des jeux vid\u00e9o et des programmes comme un droit distinct et exclusif.\n<\/p>\n<h2><span class=\"mw-headline\" id=\"Droit_moral\">Droit moral<\/span><\/h2>\n<p>Le droit moral va au-del\u00e0 des consid\u00e9rations financi\u00e8res ou mon\u00e9taires\u2009; il est reconnu dans la plupart des pays sous diff\u00e9rentes formes, par exemple dans la l\u00e9gislation nationale relative au droit d\u2019auteur ou dans d\u2019autres textes de loi tels que le droit des contrats. Le droit moral englobe notamment le droit de paternit\u00e9 et le droit au respect de l\u2019\u0153uvre afin d\u2019interdire toute utilisation pr\u00e9judiciable \u00e0 son auteur.\n<\/p>\n<div class=\"panel iDevice\">\n\t<div class=\"panel-heading idevice-heading\">\n\t\t<div>\n\t\t\t<img decoding=\"async\" class=\"pedagogicalicon\" alt=\"key points\" src=\"https:\/\/course.oeru.org\/lida103-fr\/wp-content\/themes\/oeru-course\/idevices\/Icon_key_points.png\">\n\t\t<\/div>\n\t\t<div>\n\t\t\t<h2>\u00c0 retenir<\/h2>\n\t\t<\/div>\n\t<\/div>\n\t<div class=\"panel-body\">\n\t\t<div class=\"col-md-12\">\n\t\t\t<\/p>\n<p><b>Les principales pr\u00e9rogatives du droit moral sont les suivantes:<\/b>\n<\/p>\n<ul>\n<li> le droit de paternit\u00e9 (apposition du nom ou possibilit\u00e9 de rester anonyme)&nbsp;;\n<\/li>\n<li> le droit au respect de l\u2019int\u00e9grit\u00e9 (qui concerne particuli\u00e8rement l\u2019opposition \u00e0 une utilisation pr\u00e9judiciable d\u2019une \u0153uvre prot\u00e9g\u00e9e par le droit d\u2019auteur)&nbsp;;\n<\/li>\n<li> le droit de divulgation (l\u2019auteur d\u00e9cide de rendre son \u0153uvre publique ou non)&nbsp;;\n<\/li>\n<li> le droit de retrait (qui se rapporte \u00e0 la possibilit\u00e9 pour un auteur ayant chang\u00e9 d\u2019avis de faire cesser l\u2019exploitation de son \u0153uvre dans des conditions d\u00e9finies).\n<\/li>\n<\/ul>\n<p><i><b>Note:<\/b><\/i> <i>Le droit moral est mis en \u0153uvre de diff\u00e9rentes mani\u00e8res selon les pays.<\/i>\n<\/p>\n<p>\n<\/p>\n<p>\n\t\t<\/div>\n\t<\/div>\n<\/div>\n<p>\nPour les pays de common law, le droit moral n\u2019est pas un droit de propri\u00e9t\u00e9 mais revient n\u00e9anmoins \u00e0 l\u2019auteur. Il ne peut g\u00e9n\u00e9ralement pas \u00eatre transf\u00e9r\u00e9, m\u00eame lorsque les droits patrimoniaux ont \u00e9t\u00e9 conc\u00e9d\u00e9s ou c\u00e9d\u00e9s \u00e0 une autre partie. Par exemple, un auteur peut c\u00e9der ou conc\u00e9der son droit de distribution \u00e0 une maison d\u2019\u00e9dition, mais le droit moral emp\u00eache de retirer ou de changer le nom de l\u2019auteur. Dans certains pays de common law, il est possible de renoncer au droit moral sous certaines conditions.\n<\/p>\n<p>Au contraire, pour des pays de droit civil, le droit moral est une composante essentielle de la propri\u00e9t\u00e9 intellectuelle&nbsp;; ainsi, en France, le droit moral est perp\u00e9tuel, inali\u00e9nable, imprescriptible, insaisissable et d\u2019ordre public.\n<\/p>\n<p>\u00c0 l\u2019\u00e9chelle mondiale, il existe des divergences quant \u00e0 la dur\u00e9e de protection du droit moral. D\u2019aucuns avancent que ce droit devrait s\u2019arr\u00eater \u00e0 la mort de l\u2019auteur, d\u2019autres recommandent qu\u2019il dure autant que les droits patrimoniaux et d\u2019autres pensent qu\u2019il doit durer ind\u00e9finiment.\n<\/p>\n<h2><span class=\"mw-headline\" id=\"Droits_voisins\">Droits voisins<\/span><\/h2>\n<p>Les droits voisins comprennent les droits qui sont octroy\u00e9s \u00e0 des personnes physiques ou morales autres que le titulaire originaire du droit d\u2019auteur. Il s\u2019agit des droits dont jouissent les artistes interpr\u00e8tes, les producteurs d\u2019enregistrements sonores ou visuels et les entreprises de diffusion audiovisuelle. Dans la plupart des pays, la l\u00e9gislation int\u00e8gre les droits voisins\u2009; nous vous conseillons de consulter votre l\u00e9gislation nationale sur le droit d\u2019auteur pour plus d\u2019informations. Par exemple, un acteur ou un musicien peut interpr\u00e9ter l\u2019\u0153uvre d\u2019un autre artiste, comme un concerto de Beethoven ou une pi\u00e8ce d\u2019Andrew Lloyd Webber. Les droits voisins r\u00e9gissent les dispositions pr\u00e9vues pour les artistes interpr\u00e8tes afin que ces derniers b\u00e9n\u00e9ficient de droits sur leurs prestations. Dans le cas des entreprises de diffusion audiovisuelle, des dispositions relatives \u00e0 la protection les droits de rediffusion ou de reproduction sont pr\u00e9vues\u2009; elles prot\u00e8gent g\u00e9n\u00e9ralement ces \u0153uvres pour une dur\u00e9e d\u2019au moins 20 ans. Cependant, vous devez consulter la l\u00e9gislation de votre pays, notamment en ce qui concerne la protection des formats num\u00e9riques tels que les \u00e9missions diffus\u00e9es sur le Web.\n<\/p>\n<h2><span class=\"mw-headline\" id=\"Dur.C3.A9e_de_protection_des_droits_d.E2.80.99exploitation_li.C3.A9e_au_droit_d.E2.80.99auteur\">Dur\u00e9e de protection des droits d\u2019exploitation li\u00e9e au droit d\u2019auteur<\/span><\/h2>\n<p>La protection des droits d\u2019exploitation li\u00e9 au droit d\u2019auteur ne perdure pas. \u00c0 son terme, les \u0153uvres concern\u00e9es passent dans le domaine public. L\u2019objectif de protection des droits d\u2019exploitation est d\u2019assurer des droits exclusifs \u00e0 l\u2019auteur sa vie durant, puis, \u00e0 sa mort, pendant une dur\u00e9e d\u00e9finie au profit de ses h\u00e9ritiers ou successeurs.\n<\/p>\n<p>\n<\/p>\n<div class=\"panel iDevice\">\n\t<div class=\"panel-heading idevice-heading\">\n\t\t<div>\n\t\t\t<img decoding=\"async\" class=\"pedagogicalicon\" alt=\"key points\" src=\"https:\/\/course.oeru.org\/lida103-fr\/wp-content\/themes\/oeru-course\/idevices\/Icon_key_points.png\">\n\t\t<\/div>\n\t\t<div>\n\t\t\t<h2>\u00c0 retenir<\/h2>\n\t\t<\/div>\n\t<\/div>\n\t<div class=\"panel-body\">\n\t\t<div class=\"col-md-12\">\n\t\t\t<\/p>\n<p>La <a rel=\"nofollow\" class=\"external text\" href=\"https:\/\/www.wipo.int\/treaties\/fr\/ip\/berne\/summary_berne.html\">Convention de Berne<\/a> recommande une dur\u00e9e minimale de protection pendant la vie de l\u2019auteur plus 50 ans post-mortem. Les pays peuvent pr\u00e9voir une <a rel=\"nofollow\" class=\"external text\" href=\"https:\/\/fr.wikipedia.org\/wiki\/Dur%C3%A9e_du_droit_d%27auteur_par_pays\">dur\u00e9e sup\u00e9rieure ou inf\u00e9rieure<\/a>.\n<\/p>\n<ul>\n<li> Dans la plupart des <a rel=\"nofollow\" class=\"external text\" href=\"https:\/\/fr.wikipedia.org\/wiki\/Convention_de_Berne_pour_la_protection_des_%C5%93uvres_litt%C3%A9raires_et_artistiques\">pays signataires de la Convention de Berne<\/a>, cette dur\u00e9e couvre la vie de l\u2019auteur plus 50 ans post-mortem.\n<\/li>\n<li> Certains pays ont adopt\u00e9 une dur\u00e9e sup\u00e9rieure, par exemple la vie de l\u2019auteur plus 70 ans post-mortem aux <b>\u00c9tats-Unis<\/b> et dans les \u00c9tats membres de l\u2019<b>Union europ\u00e9enne<\/b>.\n<\/li>\n<li> <a rel=\"nofollow\" class=\"external text\" href=\"https:\/\/fr.wikipedia.org\/wiki\/Dur%C3%A9e_du_droit_d%27auteur_par_pays\">Quelques pays<\/a> pr\u00e9voient une dur\u00e9e inf\u00e9rieure \u00e0 50 ans post-mortem.\n<\/li>\n<\/ul>\n<p>\n<b>Notes:<\/b>\n<\/p>\n<ul>\n<li> Certains pays ont opt\u00e9 pour une dur\u00e9e plus courte pour certaines <a rel=\"nofollow\" class=\"external text\" href=\"https:\/\/fr.wikipedia.org\/wiki\/Dur%C3%A9e_du_droit_d%27auteur_par_pays\">cat\u00e9gories d\u2019\u0153uvres<\/a>, par exemple les arts appliqu\u00e9s ou les polices de caract\u00e8re.\n<\/li>\n<li> Dans d\u2019autres, la dur\u00e9e commence \u00e0 la date de publication et non \u00e0 la mort du titulaire du droit d\u2019auteur pour certaines <a rel=\"nofollow\" class=\"external text\" href=\"https:\/\/fr.wikipedia.org\/wiki\/Dur%C3%A9e_du_droit_d%27auteur_par_pays\">cat\u00e9gories d\u2019\u0153uvres<\/a>, par exemple les photographies.\n<\/li>\n<li> Des dispositions diff\u00e9rentes peuvent s\u2019appliquer aux \u0153uvres cr\u00e9\u00e9es dans le cadre d\u2019un contrat de louage d\u2019ouvrage ou de services \u2013 publi\u00e9es par une entreprise \u2013 ou aux publications anonymes. Par exemple, pour les \u0153uvres anonymes, les \u0153uvres pseudonymes et les \u0153uvres cr\u00e9\u00e9es dans le cadre d\u2019un contrat de louage d\u2019ouvrage ou de services publi\u00e9es depuis 1978 aux \u00c9tats-Unis, les droits courent pendant 95 ans \u00e0 compter de la publication ou pendant 120 ans \u00e0 compter de la cr\u00e9ation, la dur\u00e9e la plus courte \u00e9tant retenue.\n<\/li>\n<\/ul>\n<p>\n<\/p>\n<p>\n\t\t<\/div>\n\t<\/div>\n<\/div>\n<p>\n<\/p>\n<h2><span class=\"mw-headline\" id=\"Pour_aller_plus_loin\">Pour aller plus loin<\/span><\/h2>\n<p>\n<\/p>\n<div class=\"panel iDevice\">\n\t<div class=\"panel-heading idevice-heading\">\n\t\t<div>\n\t\t\t<img decoding=\"async\" class=\"pedagogicalicon\" alt=\"activity\" src=\"https:\/\/course.oeru.org\/lida103-fr\/wp-content\/themes\/oeru-course\/idevices\/Icon_activity.png\">\n\t\t<\/div>\n\t\t<div>\n\t\t\t<h2>Avez-vous appris de nouvelles choses&nbsp;?<\/h2>\n\t\t<\/div>\n\t<\/div>\n\t<div class=\"panel-body\">\n\t\t<div class=\"col-md-12\">\n\t\t\t<\/p>\n<p>Qu\u2019avez-vous appris ou que souhaiteriez-vous apprendre au sujet des droits et des protections&nbsp;? Faites-le-nous savoir. Publiez un commentaire sur WeNote, par exemple \u00ab<i>Je ne savais pas que\u2026<\/i>\u00bb. Voici quelques pistes de r\u00e9flexion&nbsp;:\n<\/p>\n<ul>\n<li> Faites part de vos nouvelles connaissances sur les droits et les protections, par exemple \u00ab<i>J\u2019ai appris\u2026<\/i>\u00bb.\n<\/li>\n<li> Auriez-vous aim\u00e9 aborder certains sujets qui n\u2019ont pas \u00e9t\u00e9 trait\u00e9s dans cette partie?\n<\/li>\n<\/ul>\n<p><div><p>Vous devez \u00eatre connect\u00e9 pour publier sur WEnotes.<\/p><\/div><\/p>\n<p><i>Note&nbsp;: Votre commentaire s\u2019affichera sur le <a href=\"\/lida103-fr\/communications\/fil-dactualite-du-cours\" title=\"Learning in a digital age\/LiDA103 fr\/Feed\">fil d\u2019actualit\u00e9 du cours<\/a>.<\/i>\n<\/p>\n<p>\n<\/p>\n<p>\n\t\t<\/div>\n\t<\/div>\n<\/div>\n<p><!-- \nNewPP limit report\nCPU time usage: 0.052 seconds\nReal time usage: 0.063 seconds\nPreprocessor visited node count: 337\/1000000\nPreprocessor generated node count: 996\/1000000\nPost\u2010expand include size: 11450\/2097152 bytes\nTemplate argument size: 6866\/2097152 bytes\nHighest expansion depth: 7\/40\nExpensive parser function count: 0\/100\n--><\/p>\n<p><!-- Saved in parser cache with key we_en-mw_:pcache:idhash:188403-0!*!0!!en!2!* and timestamp 20230802220737 and revision id 1086052\n -->\n<\/div>\n<div class=\"visualClear\"><\/div>\n<\/p><\/div>\n<\/p><\/div>\n<\/div>\n<\/div>\n<\/div>\n<div class=\"row\">\n<div class=\"col-md-12\">\n<ul class=\"pager\">\n<li class=\"previous\">\n            <a href=\"\/lida103-fr\/modules\/droit-dauteur\/jouissance\">\u2190 Pr\u00e9c\u00e9dent<\/a>\n          <\/li>\n<li class=\"next\">\n            <a href=\"\/lida103-fr\/modules\/droit-dauteur\/exceptions\">Suivant \u2192<\/a>\n          <\/li>\n<\/ul><\/div>\n<\/p><\/div>\n<div id=\"wenote-ids\"><script type='text\/javascript' id='wenotes-ids'>\n    var WEnotesSite = \"https:\/\/wikieducator.org\";\n    var WEnotesPath = \"\/Learning_in_a_digital_age\/LiDA103_fr\/Copyright\/Rights\";\n    var WEnotesSiteID = \"0e3d258fbd36841f92259eefcd41d5e9\";\n    var WEnotesPathID = \"48b241bf1365448cbbf53e53bd54affb\";\n    var WEnotesIDs = { site: \"https:\/\/wikieducator.org\", path: \"\/Learning_in_a_digital_age\/LiDA103_fr\/Copyright\/Rights\", site_id: \"0e3d258fbd36841f92259eefcd41d5e9\", path_id: \"48b241bf1365448cbbf53e53bd54affb\" };\n<\/script><\/div>\n<\/div>\n<footer><\/footer>\n","protected":false},"excerpt":{"rendered":"<p>Le droit d\u2019auteur pr\u00e9voit la protection d\u2019un certain nombre de droits exclusifs de ses titulaires&nbsp;: Les droits patrimoniaux encadrant et limitant la reproduction, la distribution et les adaptations d\u2019une \u0153uvre. Le droit moral relatif aux int\u00e9r\u00eats qui ne sont ni financiers ni mon\u00e9taires. Les droits voisins visant \u00e0 prot\u00e9ger les personnes, autres que les auteurs, [&hellip;]<\/p>\n","protected":false},"author":1,"featured_media":0,"parent":14162,"menu_order":0,"comment_status":"closed","ping_status":"closed","template":"","meta":{"footnotes":""},"class_list":["post-14178","page","type-page","status-publish","hentry"],"_links":{"self":[{"href":"https:\/\/course.oeru.org\/lida103-fr\/wp-json\/wp\/v2\/pages\/14178","targetHints":{"allow":["GET"]}}],"collection":[{"href":"https:\/\/course.oeru.org\/lida103-fr\/wp-json\/wp\/v2\/pages"}],"about":[{"href":"https:\/\/course.oeru.org\/lida103-fr\/wp-json\/wp\/v2\/types\/page"}],"author":[{"embeddable":true,"href":"https:\/\/course.oeru.org\/lida103-fr\/wp-json\/wp\/v2\/users\/1"}],"replies":[{"embeddable":true,"href":"https:\/\/course.oeru.org\/lida103-fr\/wp-json\/wp\/v2\/comments?post=14178"}],"version-history":[{"count":1,"href":"https:\/\/course.oeru.org\/lida103-fr\/wp-json\/wp\/v2\/pages\/14178\/revisions"}],"predecessor-version":[{"id":14179,"href":"https:\/\/course.oeru.org\/lida103-fr\/wp-json\/wp\/v2\/pages\/14178\/revisions\/14179"}],"up":[{"embeddable":true,"href":"https:\/\/course.oeru.org\/lida103-fr\/wp-json\/wp\/v2\/pages\/14162"}],"wp:attachment":[{"href":"https:\/\/course.oeru.org\/lida103-fr\/wp-json\/wp\/v2\/media?parent=14178"}],"curies":[{"name":"wp","href":"https:\/\/api.w.org\/{rel}","templated":true}]}}