{"id":14184,"date":"2023-08-03T03:18:44","date_gmt":"2023-08-03T03:18:44","guid":{"rendered":"https:\/\/course.oeru.org\/lida103-fr\/?page_id=14184"},"modified":"2023-08-03T03:18:44","modified_gmt":"2023-08-03T03:18:44","slug":"quiz","status":"publish","type":"page","link":"https:\/\/course.oeru.org\/lida103-fr\/modules\/droit-dauteur\/quiz\/","title":{"rendered":"Quiz"},"content":{"rendered":"<div id=\"content\" class=\"mw-body container\" role=\"main\">\n<div class=\"row\">\n<div class=\"col-md-12\">\n<div class=\"panel\">\n<div class=\"panel-body\">\n<div id=\"bodyContent\">\n<div id=\"mw-content-text\" lang=\"en\" dir=\"ltr\" class=\"mw-content-ltr\">\n<p>\n<\/p>\n<div class=\"floatright\"><a href=\"https:\/\/wikieducator.org\/File:Test_sign.jpg\" class=\"image\"><img loading=\"lazy\" decoding=\"async\" alt=\"Test sign.jpg\" src=\"\/\/wikieducator.org\/images\/thumb\/e\/eb\/Test_sign.jpg\/320px-Test_sign.jpg\" width=\"320\" height=\"226\" class=\"img-responsive\"><\/a><\/div>\n<p>Les questions suivantes permettent de tester vos connaissances de base sur certains concepts abord\u00e9s dans le module \u00ab&nbsp;<i>Droit d&rsquo;auteur<\/i>&nbsp;\u00bb.<\/p>\n<p>Les questions publi\u00e9es au terme de chaque module sont r\u00e9utilis\u00e9es pour \u00e9valuer les connaissances des apprenants qui souhaitent obtenir un badge num\u00e9rique ou une attestation de participation au cours <i>\u00c9ducation ouverte, droit d\u2019auteur et licences ouvertes Creative Commons dans un monde num\u00e9rique<\/i> (LiDA103fr). Veuillez consulter la page <a href=\"\/lida103-fr\/evaluation\/obtention-dune-attestation-de-participation\" title=\"Learning in a digital age\/LiDA103 fr\/Assessment\/Certify participation\">Attestation de participation<\/a> pour en savoir plus.<br style=\"clear:both;\">\n<\/p>\n<p>\n<\/p>\n<div class=\"panel iDevice WEquizMultipleChoice\">\n\t<div class=\"panel-heading idevice-heading\">\n\t\t<div>\n\t\t\t<img decoding=\"async\" class=\"pedagogicalicon\" alt=\"assessment\" src=\"https:\/\/course.oeru.org\/lida103-fr\/wp-content\/themes\/oeru-course\/idevices\/Icon_qmark.png\">\n\t\t<\/div>\n\t\t<div>\n\t\t\t<h2>Vrai ou faux&nbsp;?<\/h2>\n\t\t<\/div>\n\t<\/div>\n\t<div class=\"panel-body\">\n\t\t<div class=\"col-md-12\">\n\t\t\t\n<p>Indiquez si les affirmations suivantes sont vraies ou fausses&nbsp;:\n<\/p>\n<ul>\n<li> Vous avez le droit de paraphraser un extrait d\u2019une \u0153uvre prot\u00e9g\u00e9e par le droit d\u2019auteur.\n<ul>\n<li> Vrai\n<ul>\n<li> Bonne r\u00e9ponse.\n<\/li>\n<\/ul>\n<\/li>\n<li> Faux\n<ul>\n<li> Mauvaise r\u00e9ponse: la paraphrase est diff\u00e9rente d\u2019une \u00abcopie\u00bb mot-\u00e0-mot d\u2019une \u0153uvre prot\u00e9g\u00e9e.\n<\/li>\n<\/ul>\n<\/li>\n<\/ul>\n<\/li>\n<li> Vous pouvez mentionner un fait qui est d\u00e9crit dans une \u0153uvre et qui est de notori\u00e9t\u00e9 publique sans citer la r\u00e9f\u00e9rence.\n<ul>\n<li> Vrai\n<ul>\n<li> Bonne r\u00e9ponse.\n<\/li>\n<\/ul>\n<\/li>\n<li> Faux\n<ul>\n<li> Mauvaise r\u00e9ponse: un fait de notori\u00e9t\u00e9 publique, \u00e0 l\u2019instar du calcul 1 + 2 = 3, ne peut pas \u00eatre prot\u00e9g\u00e9 par le droit d\u2019auteur.\n<\/li>\n<\/ul>\n<\/li>\n<\/ul>\n<\/li>\n<li> Le droit d\u2019auteur prot\u00e8ge les id\u00e9es originales.\n<ul>\n<li> Vrai\n<ul>\n<li> Mauvaise r\u00e9ponse: une id\u00e9e ne peut pas \u00eatre prot\u00e9g\u00e9e par le droit d\u2019auteur. C\u2019est la repr\u00e9sentation d\u2019id\u00e9es sous une forme donn\u00e9e, par exemple un livre imprim\u00e9, qui l\u2019est.\n<\/li>\n<\/ul>\n<\/li>\n<li> Faux\n<ul>\n<li> Bonne r\u00e9ponse.\n<\/li>\n<\/ul>\n<\/li>\n<\/ul>\n<\/li>\n<li> Vous devez apposer le symbole du copyright (\u00a9) pour que votre \u0153uvre soit prot\u00e9g\u00e9e par le droit d\u2019auteur.\n<ul>\n<li> Vrai\n<ul>\n<li> Mauvaise r\u00e9ponse: le droit d\u2019auteur \u00e9tant en g\u00e9n\u00e9ral automatiquement reconnu, les \u0153uvres n\u2019ont pas besoin d\u2019\u00eatre d\u00e9pos\u00e9es ou accompagn\u00e9es du symbole du copyright pour \u00eatre prot\u00e9g\u00e9es.\n<\/li>\n<\/ul>\n<\/li>\n<li>Faux\n<ul>\n<li>Bonne r\u00e9ponse.\n<\/li>\n<\/ul>\n<\/li>\n<\/ul>\n<\/li>\n<\/ul>\n<p>\n<\/p>\n<p>\n\t\t<\/div>\n\t<\/div>\n<\/div><\/p>\n<p>\n<\/p>\n<div class=\"panel iDevice WEquizMultipleChoice WEquizMix\">\n\t<div class=\"panel-heading idevice-heading\">\n\t\t<div>\n\t\t\t<img decoding=\"async\" class=\"pedagogicalicon\" alt=\"assessment\" src=\"https:\/\/course.oeru.org\/lida103-fr\/wp-content\/themes\/oeru-course\/idevices\/Icon_qmark.png\">\n\t\t<\/div>\n\t\t<div>\n\t\t\t<h2>Questions \u00e0 choix multiples<\/h2>\n\t\t<\/div>\n\t<\/div>\n\t<div class=\"panel-body\">\n\t\t<div class=\"col-md-12\">\n\t\t\t\n<ul>\n<li> Selon la loi, une \u0153uvre tombe dans le domaine public de trois fa\u00e7ons&nbsp;: (Cochez toutes les bonnes r\u00e9ponses).\n<ul>\n<li> \u00c0 l\u2019expiration du droit d\u2019auteur\n<ul>\n<li> Bonne r\u00e9ponse: une \u0153uvre tombe dans le domaine public \u00e0 l\u2019expiration de la protection des droits patrimoniaux.\n<\/li>\n<\/ul>\n<\/li>\n<li> Lorsque le titulaire du droit d\u2019auteur d\u00e9cide de verser son \u0153uvre au domaine public\n<ul>\n<li> Bonne r\u00e9ponse: le titulaire du droit d\u2019auteur peut renoncer \u00e0 ses droits patrimoniaux et faire passer son \u0153uvre dans le domaine public.\n<\/li>\n<\/ul>\n<\/li>\n<li> Dans le cas d\u2019une \u0153uvre orpheline, dont l\u2019auteur n\u2019est pas connu\n<ul>\n<li> Mauvaise r\u00e9ponse: le fait que l\u2019auteur soit inconnu ne suffit pas pour faire entrer une \u0153uvre dans le domaine public \u2013 tous les droits sont r\u00e9serv\u00e9s tant que le droit d\u2019auteur n\u2019a pas expir\u00e9.\n<\/li>\n<\/ul>\n<\/li>\n<li> Lorsque l\u2019auteur publie son \u0153uvre sous la licence Creative Commons Zero (CC0)\n<ul>\n<li> Bonne r\u00e9ponse <i><b>dans les pays de common law<\/b><\/i>: c\u2019est un des outils dont les auteurs disposent pour faire entrer leur \u0153uvre dans le domaine public. Mauvaise r\u00e9ponse <i><b>dans les pays de droit civil<\/b><\/i>, pour lesquels la licence CC0 m\u00e9conna\u00eet l\u2019inali\u00e9nabilit\u00e9 des droits moraux.\n<\/li>\n<\/ul>\n<\/li>\n<\/ul>\n<\/li>\n<li> Le proc\u00e9d\u00e9 qui permet \u00e0 un auteur de transf\u00e9rer ses droits patrimoniaux tout en gardant la mainmise dessus s\u2019appelle&nbsp;: (Une seule bonne r\u00e9ponse.)\n<ul>\n<li> La cession\n<ul>\n<li> Faux, choisissez une autre r\u00e9ponse.\n<\/li>\n<\/ul>\n<\/li>\n<li> L\u2019octroi de licence\n<ul>\n<li> Vrai, ce proc\u00e9d\u00e9 d\u00e9crit le transfert de droits sans changement du titulaire du droit d\u2019auteur.\n<\/li>\n<\/ul>\n<\/li>\n<li> La passation de contrat\n<ul>\n<li> Faux, bien qu\u2019un contrat puisse servir \u00e0 \u00e9tablir ou \u00e0 modifier le droit d\u2019auteur, ce n\u2019est pas le terme g\u00e9n\u00e9ralement utilis\u00e9 pour le transfert de droits.\n<\/li>\n<\/ul>\n<\/li>\n<li> L\u2019allocation\n<ul>\n<li> Faux, choisissez une autre r\u00e9ponse.\n<\/li>\n<\/ul>\n<\/li>\n<\/ul>\n<\/li>\n<li> La dur\u00e9e de protection des droits patrimoniaux du droit d\u2019auteur est habituellement calcul\u00e9e comme suit&nbsp;: (Une seule bonne r\u00e9ponse.)\n<ul>\n<li> Un certain nombre d\u2019ann\u00e9es \u00e0 compter de la date de publication, conform\u00e9ment \u00e0 la l\u00e9gislation nationale relative au droit d\u2019auteur.\n<ul>\n<li> Faux. La date de publication n\u2019est pas utilis\u00e9e pour d\u00e9terminer la dur\u00e9e de protection du droit d\u2019auteur.\n<\/li>\n<\/ul>\n<\/li>\n<li> La vie de l\u2019auteur plus un certain nombre d\u2019ann\u00e9es apr\u00e8s sa mort, conform\u00e9ment \u00e0 la l\u00e9gislation nationale relative au droit d\u2019auteur.\n<ul>\n<li> Vrai, dans le cas d\u2019une personne physique, la dur\u00e9e est calcul\u00e9e en ajoutant un certain nombre d\u2019ann\u00e9es \u00e0 la date de la mort de l\u2019auteur.\n<\/li>\n<\/ul>\n<\/li>\n<li> Un certain nombre d\u2019ann\u00e9es \u00e0 compter de la date de publication, conform\u00e9ment \u00e0 la Convention de Berne\n<ul>\n<li> Faux, bien que la Convention de Berne recommande une dur\u00e9e minimale pour la protection du droit d\u2019auteur, c\u2019est la l\u00e9gislation relative au droit d\u2019auteur du pays concern\u00e9 qui s\u2019applique.\n<\/li>\n<\/ul>\n<\/li>\n<li> La vie de l\u2019auteur plus un certain nombre d\u2019ann\u00e9es apr\u00e8s sa mort, conform\u00e9ment \u00e0 la Convention de Berne.\n<ul>\n<li> Faux, c\u2019est la l\u00e9gislation nationale sur le droit d\u2019auteur qui fixe la dur\u00e9e de protection dans chaque pays.\n<\/li>\n<\/ul>\n<\/li>\n<\/ul>\n<\/li>\n<li> La l\u00e9gislation nationale sur le droit d\u2019auteur de votre pays r\u00e8glemente&nbsp;: (Cochez toutes les bonnes r\u00e9ponses. Elles sont au nombre de quatre.)\n<ul>\n<li> La reproduction d\u2019\u0153uvres prot\u00e9g\u00e9es\n<ul>\n<li> Bonne r\u00e9ponse.\n<\/li>\n<\/ul>\n<\/li>\n<li> Les inventions inspir\u00e9es d\u2019id\u00e9es publi\u00e9es dans une \u0153uvre prot\u00e9g\u00e9e\n<ul>\n<li> Mauvaise r\u00e9ponse: les inventions sont habituellement prot\u00e9g\u00e9es par des brevets.\n<\/li>\n<\/ul>\n<\/li>\n<li> La repr\u00e9sentation publique d\u2019une \u0153uvre prot\u00e9g\u00e9e\n<ul>\n<li> Bonne r\u00e9ponse.\n<\/li>\n<\/ul>\n<\/li>\n<li> Les adaptations inspir\u00e9es d\u2019\u0153uvres prot\u00e9g\u00e9es (\u0153uvre d\u00e9riv\u00e9e)\n<ul>\n<li> Bonne r\u00e9ponse.\n<\/li>\n<\/ul>\n<\/li>\n<li> La diffusion publique d\u2019enregistrements sonores\n<ul>\n<li> Bonne r\u00e9ponse, cette pratique est \u00e9galement encadr\u00e9e.\n<\/li>\n<\/ul>\n<\/li>\n<\/ul>\n<\/li>\n<\/ul>\n<p>\n<\/p>\n<p>\n\t\t<\/div>\n\t<\/div>\n<\/div><\/p>\n<p>\n<\/p>\n<p><!-- \nNewPP limit report\nCPU time usage: 0.040 seconds\nReal time usage: 0.045 seconds\nPreprocessor visited node count: 287\/1000000\nPreprocessor generated node count: 1246\/1000000\nPost\u2010expand include size: 35901\/2097152 bytes\nTemplate argument size: 25660\/2097152 bytes\nHighest expansion depth: 10\/40\nExpensive parser function count: 0\/100\n--><\/p>\n<p><!-- Saved in parser cache with key we_en-mw_:pcache:idhash:188411-0!*!0!*!*!2!* and timestamp 20230802190154 and revision id 1086284\n -->\n<\/div>\n<div class=\"visualClear\"><\/div>\n<\/p><\/div>\n<\/p><\/div>\n<\/div>\n<\/div>\n<\/div>\n<div class=\"row\">\n<div class=\"col-md-12\">\n<ul class=\"pager\">\n<li class=\"previous\">\n            <a href=\"\/lida103-fr\/modules\/droit-dauteur\/transfert-des-droits\">\u2190 Pr\u00e9c\u00e9dent<\/a>\n          <\/li>\n<li class=\"next\">\n            <a href=\"\/lida103-fr\/modules\/cas-pratique-sur-le-droit-dauteur\/apercu\">Suivant \u2192<\/a>\n          <\/li>\n<\/ul><\/div>\n<\/p><\/div>\n<div id=\"wenote-ids\"><script type='text\/javascript' id='wenotes-ids'>\n    var WEnotesSite = \"https:\/\/wikieducator.org\";\n    var WEnotesPath = \"\/Learning_in_a_digital_age\/LiDA103_fr\/Copyright\/Quiz\";\n    var WEnotesSiteID = \"0e3d258fbd36841f92259eefcd41d5e9\";\n    var WEnotesPathID = \"756925bad6a48256bbfeca24425230b2\";\n    var WEnotesIDs = { site: \"https:\/\/wikieducator.org\", path: \"\/Learning_in_a_digital_age\/LiDA103_fr\/Copyright\/Quiz\", site_id: \"0e3d258fbd36841f92259eefcd41d5e9\", path_id: \"756925bad6a48256bbfeca24425230b2\" };\n<\/script><\/div>\n<\/div>\n<footer><\/footer>\n","protected":false},"excerpt":{"rendered":"<p>Les questions suivantes permettent de tester vos connaissances de base sur certains concepts abord\u00e9s dans le module \u00ab&nbsp;Droit d&rsquo;auteur&nbsp;\u00bb. Les questions publi\u00e9es au terme de chaque module sont r\u00e9utilis\u00e9es pour \u00e9valuer les connaissances des apprenants qui souhaitent obtenir un badge num\u00e9rique ou une attestation de participation au cours \u00c9ducation ouverte, droit d\u2019auteur et licences ouvertes [&hellip;]<\/p>\n","protected":false},"author":1,"featured_media":0,"parent":14162,"menu_order":0,"comment_status":"closed","ping_status":"closed","template":"","meta":{"footnotes":""},"class_list":["post-14184","page","type-page","status-publish","hentry"],"_links":{"self":[{"href":"https:\/\/course.oeru.org\/lida103-fr\/wp-json\/wp\/v2\/pages\/14184","targetHints":{"allow":["GET"]}}],"collection":[{"href":"https:\/\/course.oeru.org\/lida103-fr\/wp-json\/wp\/v2\/pages"}],"about":[{"href":"https:\/\/course.oeru.org\/lida103-fr\/wp-json\/wp\/v2\/types\/page"}],"author":[{"embeddable":true,"href":"https:\/\/course.oeru.org\/lida103-fr\/wp-json\/wp\/v2\/users\/1"}],"replies":[{"embeddable":true,"href":"https:\/\/course.oeru.org\/lida103-fr\/wp-json\/wp\/v2\/comments?post=14184"}],"version-history":[{"count":1,"href":"https:\/\/course.oeru.org\/lida103-fr\/wp-json\/wp\/v2\/pages\/14184\/revisions"}],"predecessor-version":[{"id":14185,"href":"https:\/\/course.oeru.org\/lida103-fr\/wp-json\/wp\/v2\/pages\/14184\/revisions\/14185"}],"up":[{"embeddable":true,"href":"https:\/\/course.oeru.org\/lida103-fr\/wp-json\/wp\/v2\/pages\/14162"}],"wp:attachment":[{"href":"https:\/\/course.oeru.org\/lida103-fr\/wp-json\/wp\/v2\/media?parent=14184"}],"curies":[{"name":"wp","href":"https:\/\/api.w.org\/{rel}","templated":true}]}}