{"id":14188,"date":"2023-08-03T03:18:48","date_gmt":"2023-08-03T03:18:48","guid":{"rendered":"https:\/\/course.oeru.org\/lida103-fr\/?page_id=14188"},"modified":"2023-08-03T03:18:48","modified_gmt":"2023-08-03T03:18:48","slug":"apercu","status":"publish","type":"page","link":"https:\/\/course.oeru.org\/lida103-fr\/modules\/cas-pratique-sur-le-droit-dauteur\/apercu\/","title":{"rendered":"Aper\u00e7u"},"content":{"rendered":"<div id=\"content\" class=\"mw-body container\" role=\"main\">\n<div class=\"row\">\n<div class=\"col-md-12\">\n<div class=\"panel\">\n<div class=\"panel-body\">\n<div id=\"bodyContent\">\n<div id=\"mw-content-text\" lang=\"en\" dir=\"ltr\" class=\"mw-content-ltr\">\n<div class=\"floatright\"><a href=\"https:\/\/wikieducator.org\/File:Droit_d%27auteur.jpg\" class=\"image\"><img loading=\"lazy\" decoding=\"async\" alt=\"Droit d'auteur.jpg\" src=\"\/\/wikieducator.org\/images\/thumb\/9\/94\/Droit_d%27auteur.jpg\/320px-Droit_d%27auteur.jpg\" width=\"320\" height=\"320\" class=\"img-responsive\"><\/a><\/div>\n<p>Dans ce module, nous \u00e9tudierons un exemple qui vous permet d\u2019appliquer \u00e0 un cas pratique vos connaissances sur le droit d\u2019auteur dans le monde num\u00e9rique. Ce cas pratique renvoie vers de v\u00e9ritables ressources en lignes que vous devez consulter, notamment pour obtenir leurs conditions g\u00e9n\u00e9rales d\u2019utilisation. Il prend la forme d\u2019un questionnaire \u00e0 choix multiples (QCM), qui vous fournit une appr\u00e9ciation adapt\u00e9e en fonction des r\u00e9ponses que vous choisissez.<\/p>\n<p><br style=\"clear:both;\">\n<\/p>\n<div class=\"panel iDevice\">\n\t<div class=\"panel-heading idevice-heading\">\n\t\t<div>\n\t\t\t<img decoding=\"async\" class=\"pedagogicalicon\" alt=\"preknowledge\" src=\"https:\/\/course.oeru.org\/lida103-fr\/wp-content\/themes\/oeru-course\/idevices\/Icon_preknowledge.png\">\n\t\t<\/div>\n\t\t<div>\n\t\t\t<h2>Pr\u00e9requis<\/h2>\n\t\t<\/div>\n\t<\/div>\n\t<div class=\"panel-body\">\n\t\t<div class=\"col-md-12\">\n\t\t\t<\/p>\n<p>Vous avez besoin de solides connaissances sur le droit d\u2019auteur et sur son fonctionnement \u00e0 l\u2019\u00e9chelle d\u2019un monde num\u00e9rique. Nous vous recommandons de r\u00e9viser le module sur <a href=\"\/lida103-fr\/modules\/droit-dauteur\/apercu\" title=\"Learning in a digital age\/LiDA103 fr\/Copyright\/Overview\">le droit d&rsquo;auteur<\/a> avant d\u2019entamer le cas pratique.\n<\/p>\n<p>\n<\/p>\n<p>\n\t\t<\/div>\n\t<\/div>\n<\/div>\n<p>\n<\/p>\n<div class=\"panel iDevice\">\n\t<div class=\"panel-heading idevice-heading\">\n\t\t<div>\n\t\t\t<img decoding=\"async\" class=\"pedagogicalicon\" alt=\"objectives\" src=\"https:\/\/course.oeru.org\/lida103-fr\/wp-content\/themes\/oeru-course\/idevices\/Icon_objectives.png\">\n\t\t<\/div>\n\t\t<div>\n\t\t\t<h2>Objectifs<\/h2>\n\t\t<\/div>\n\t<\/div>\n\t<div class=\"panel-body\">\n\t\t<div class=\"col-md-12\">\n\t\t\t<\/p>\n<p>Apr\u00e8s avoir valid\u00e9 ce module, vous serez en mesure&nbsp;:\n<\/p>\n<ul>\n<li> d\u2019appliquer vos connaissances sur le droit d\u2019auteur et le domaine public dans le contexte de l\u2019acc\u00e8s mondial \u00e0 l\u2019information num\u00e9rique et d\u2019\u00e9laborer des strat\u00e9gies pour \u00e9viter toute atteinte au droit d\u2019auteur dans un monde num\u00e9rique.\n<\/li>\n<\/ul>\n<p>\n<\/p>\n<p>\n\t\t<\/div>\n\t<\/div>\n<\/div>\n<p><!-- \nNewPP limit report\nCPU time usage: 0.025 seconds\nReal time usage: 0.031 seconds\nPreprocessor visited node count: 219\/1000000\nPreprocessor generated node count: 856\/1000000\nPost\u2010expand include size: 4329\/2097152 bytes\nTemplate argument size: 1389\/2097152 bytes\nHighest expansion depth: 7\/40\nExpensive parser function count: 0\/100\n--><\/p>\n<p><!-- Saved in parser cache with key we_en-mw_:pcache:idhash:188337-0!*!0!*!*!2!* and timestamp 20230802220740 and revision id 1086038\n -->\n<\/div>\n<div class=\"visualClear\"><\/div>\n<\/p><\/div>\n<\/p><\/div>\n<\/div>\n<\/div>\n<\/div>\n<div class=\"row\">\n<div class=\"col-md-12\">\n<ul class=\"pager\">\n<li class=\"previous\">\n            <a href=\"\/lida103-fr\/modules\/droit-dauteur\/quiz\">\u2190 Pr\u00e9c\u00e9dent<\/a>\n          <\/li>\n<li class=\"next\">\n            <a href=\"\/lida103-fr\/modules\/cas-pratique-sur-le-droit-dauteur\/cas-pratique-sur-le-droit-dauteur\">Suivant \u2192<\/a>\n          <\/li>\n<\/ul><\/div>\n<\/p><\/div>\n<div id=\"wenote-ids\"><script type='text\/javascript' id='wenotes-ids'>\n    var WEnotesSite = \"https:\/\/wikieducator.org\";\n    var WEnotesPath = \"\/Learning_in_a_digital_age\/LiDA103_fr\/Copyright_case_study\/Overview\";\n    var WEnotesSiteID = \"0e3d258fbd36841f92259eefcd41d5e9\";\n    var WEnotesPathID = \"762c4f820d55798e71381fcb0ee9d86c\";\n    var WEnotesIDs = { site: \"https:\/\/wikieducator.org\", path: \"\/Learning_in_a_digital_age\/LiDA103_fr\/Copyright_case_study\/Overview\", site_id: \"0e3d258fbd36841f92259eefcd41d5e9\", path_id: \"762c4f820d55798e71381fcb0ee9d86c\" };\n<\/script><\/div>\n<\/div>\n<footer><\/footer>\n","protected":false},"excerpt":{"rendered":"<p>Dans ce module, nous \u00e9tudierons un exemple qui vous permet d\u2019appliquer \u00e0 un cas pratique vos connaissances sur le droit d\u2019auteur dans le monde num\u00e9rique. Ce cas pratique renvoie vers de v\u00e9ritables ressources en lignes que vous devez consulter, notamment pour obtenir leurs conditions g\u00e9n\u00e9rales d\u2019utilisation. Il prend la forme d\u2019un questionnaire \u00e0 choix multiples [&hellip;]<\/p>\n","protected":false},"author":1,"featured_media":0,"parent":14186,"menu_order":0,"comment_status":"closed","ping_status":"closed","template":"","meta":{"footnotes":""},"class_list":["post-14188","page","type-page","status-publish","hentry"],"_links":{"self":[{"href":"https:\/\/course.oeru.org\/lida103-fr\/wp-json\/wp\/v2\/pages\/14188","targetHints":{"allow":["GET"]}}],"collection":[{"href":"https:\/\/course.oeru.org\/lida103-fr\/wp-json\/wp\/v2\/pages"}],"about":[{"href":"https:\/\/course.oeru.org\/lida103-fr\/wp-json\/wp\/v2\/types\/page"}],"author":[{"embeddable":true,"href":"https:\/\/course.oeru.org\/lida103-fr\/wp-json\/wp\/v2\/users\/1"}],"replies":[{"embeddable":true,"href":"https:\/\/course.oeru.org\/lida103-fr\/wp-json\/wp\/v2\/comments?post=14188"}],"version-history":[{"count":1,"href":"https:\/\/course.oeru.org\/lida103-fr\/wp-json\/wp\/v2\/pages\/14188\/revisions"}],"predecessor-version":[{"id":14189,"href":"https:\/\/course.oeru.org\/lida103-fr\/wp-json\/wp\/v2\/pages\/14188\/revisions\/14189"}],"up":[{"embeddable":true,"href":"https:\/\/course.oeru.org\/lida103-fr\/wp-json\/wp\/v2\/pages\/14186"}],"wp:attachment":[{"href":"https:\/\/course.oeru.org\/lida103-fr\/wp-json\/wp\/v2\/media?parent=14188"}],"curies":[{"name":"wp","href":"https:\/\/api.w.org\/{rel}","templated":true}]}}