{"id":14190,"date":"2023-08-03T03:18:50","date_gmt":"2023-08-03T03:18:50","guid":{"rendered":"https:\/\/course.oeru.org\/lida103-fr\/?page_id=14190"},"modified":"2023-08-03T03:18:50","modified_gmt":"2023-08-03T03:18:50","slug":"cas-pratique-sur-le-droit-dauteur","status":"publish","type":"page","link":"https:\/\/course.oeru.org\/lida103-fr\/modules\/cas-pratique-sur-le-droit-dauteur\/cas-pratique-sur-le-droit-dauteur\/","title":{"rendered":"Cas pratique sur le droit d\u2019auteur"},"content":{"rendered":"<div id=\"content\" class=\"mw-body container\" role=\"main\">\n<div class=\"row\">\n<div class=\"col-md-12\">\n<div class=\"panel\">\n<div class=\"panel-body\">\n<div id=\"bodyContent\">\n<div id=\"mw-content-text\" lang=\"en\" dir=\"ltr\" class=\"mw-content-ltr\">\n<p>Lisez le cas pratique ci-dessous, puis r\u00e9pondez aux questions concernant le droit d\u2019auteur pour les cinq ressources que l\u2019\u00e9tudiante compte utiliser.\n<\/p>\n<div class=\"panel iDevice\">\n\t<div class=\"panel-heading idevice-heading\">\n\t\t<div>\n\t\t\t<img decoding=\"async\" class=\"pedagogicalicon\" alt=\"preknowledge\" src=\"https:\/\/course.oeru.org\/lida103-fr\/wp-content\/themes\/oeru-course\/idevices\/Icon_preknowledge.png\">\n\t\t<\/div>\n\t\t<div>\n\t\t\t<h2>Pr\u00e9requis<\/h2>\n\t\t<\/div>\n\t<\/div>\n\t<div class=\"panel-body\">\n\t\t<div class=\"col-md-12\">\n\t\t\t<\/p>\n<p><b>Connaissances que vous devez poss\u00e9der et appliquer pour r\u00e9pondre aux questions du cas pratique&nbsp;:<\/b>\n<\/p>\n<ol>\n<li> le droit d\u2019auteur et les protections connexes&nbsp;;\n<\/li>\n<li> les pratiques prohib\u00e9es par le droit d\u2019auteur&nbsp;;\n<\/li>\n<li> le type de ressources et de documents couverts par le droit d\u2019auteur&nbsp;;\n<\/li>\n<li> le domaine public et l\u2019entr\u00e9e d\u2019\u0153uvres prot\u00e9g\u00e9es dans le domaine public&nbsp;;\n<\/li>\n<li> la dur\u00e9e de protection des droits patrimoniaux du droit d\u2019auteur&nbsp;;\n<\/li>\n<li> le titulaire du droit d\u2019auteur, y compris dans le cadre d\u2019un contrat de travail&nbsp;;\n<\/li>\n<li> les droits de l\u2019auteur et du titulaire des droits patrimoniaux.\n<\/li>\n<\/ol>\n<p>\n<\/p>\n<p>\n\t\t<\/div>\n\t<\/div>\n<\/div>\n<p>\n<\/p>\n<div class=\"panel iDevice\">\n\t<div class=\"panel-heading idevice-heading\">\n\t\t<div>\n\t\t\t<img decoding=\"async\" class=\"pedagogicalicon\" alt=\"case study\" src=\"https:\/\/course.oeru.org\/lida103-fr\/wp-content\/themes\/oeru-course\/idevices\/Icon_casestudy.png\">\n\t\t<\/div>\n\t\t<div>\n\t\t\t<h2>Cas pratique<\/h2>\n\t\t<\/div>\n\t<\/div>\n\t<div class=\"panel-body\">\n\t\t<div class=\"col-md-12\">\n\t\t\t<\/p>\n<p><b>Rendu d\u2019un devoir num\u00e9rique sur Hamlet de Shakespeare<\/b>\n<\/p>\n<div class=\"floatright\"><a href=\"https:\/\/wikieducator.org\/File:Entrance_to_Shakespeare%27s_Birthplace_sign-13Feb2005.jpg\" class=\"image\"><img loading=\"lazy\" decoding=\"async\" alt=\"Entrance to Shakespeare's Birthplace sign-13Feb2005.jpg\" src=\"\/\/wikieducator.org\/images\/thumb\/4\/48\/Entrance_to_Shakespeare%27s_Birthplace_sign-13Feb2005.jpg\/200px-Entrance_to_Shakespeare%27s_Birthplace_sign-13Feb2005.jpg\" width=\"200\" height=\"267\" class=\"img-responsive\"><\/a><\/div>\n<p>H\u00e9l\u00e8ne Lesage, \u00e9tudiante inscrite en premi\u00e8re ann\u00e9e de licence \u00e0 l\u2019universit\u00e9, suit un cours sur l\u2019\u00e9tude des m\u00e9dias. Elle pr\u00e9pare un devoir sur Hamlet de William Shakespeare. Elle doit publier son travail en ligne et pr\u00e9parer un diaporama accompagn\u00e9 d\u2019un r\u00e9sum\u00e9 audio. L\u2019universit\u00e9 h\u00e9berge une page Web destin\u00e9e aux \u00e9tudiants inscrits au cours, dont l\u2019acc\u00e8s est prot\u00e9g\u00e9 par un mot de passe. Certains \u00e9tudiants n\u2019ont pas les moyens d\u2019avoir Internet chez eux\u2009; H\u00e9l\u00e8ne veut donc rassembler des ressources sur la toile et mettre \u00e0 disposition des copies locales, qui ne seront t\u00e9l\u00e9chargeables que depuis le serveur local de l\u2019universit\u00e9. Elle compte proposer plusieurs documents:<\/p>\n<ol>\n<li> Le texte int\u00e9gral d\u2019Hamlet annot\u00e9 par l\u2019acteur Charles Kean, mort en 1868.\n<\/li>\n<li> Une <a rel=\"nofollow\" class=\"external text\" href=\"http:\/\/www.mfa.org\/collections\/object\/hamlet-31488\">photographie du portrait d\u2019Hamlet<\/a> par William Morris Hunt (1824-1879), qui est conserv\u00e9 au Mus\u00e9e des beaux-arts de Boston.\n<\/li>\n<li> Une copie num\u00e9rique du <a rel=\"nofollow\" class=\"external text\" href=\"http:\/\/content.time.com\/time\/arts\/article\/0,8599,1883770,00.html\">portrait Cobbe<\/a> de Willam Shakespeare, qui n\u2019a \u00e9t\u00e9 d\u00e9couvert qu\u2019en <a rel=\"nofollow\" class=\"external text\" href=\"http:\/\/en.wikipedia.org\/wiki\/Cobbe_portrait\">mars 2009<\/a> (voir <a rel=\"nofollow\" class=\"external text\" href=\"https:\/\/www.theguardian.com\/culture\/2009\/mar\/10\/shakespeare-cobbe-portrait\">l\u2019article de presse<\/a> publi\u00e9 dans The Guardian).\n<\/li>\n<li> Une copie locale de la <a rel=\"nofollow\" class=\"external text\" href=\"https:\/\/youtu.be\/zz6GL6AFphU\">repr\u00e9sentation d\u2019Hamlet par la troupe du BLC Theatre, qui est disponible sur YouTube<\/a>.\n<\/li>\n<li> H\u00e9l\u00e8ne a pr\u00e9par\u00e9 un diaporama accompagn\u00e9 d\u2019un r\u00e9sum\u00e9 audio, qu\u2019elle h\u00e9bergera sur <a rel=\"nofollow\" class=\"external text\" href=\"https:\/\/www.slideshare.net\">SlideShare<\/a>. Ce document repose sur ses propres recherches, effectu\u00e9es dans le cadre d\u2019un concours de dissertation organis\u00e9 par la maison d\u2019\u00e9dition Penguin et dont elle a \u00e9t\u00e9 laur\u00e9ate\u2009; cette dissertation est publi\u00e9e sur le site du <a rel=\"nofollow\" class=\"external text\" href=\"http:\/\/www.penguin.com\/services-academic\/essayhome\/\">Signet Essay Competition<\/a> et librement accessible depuis le Web.\n<\/li>\n<\/ol>\n<p>\n<b>Consignes<\/b>\n<\/p>\n<p>Nous vous conseillons d\u2019\u00e9crire vos r\u00e9ponses afin que vous puissiez les comparer \u00e0 celles des activit\u00e9s en auto-\u00e9valuation qui vont suivre. Pour chacun des cas, vous devrez d\u00e9terminer&nbsp;:\n<\/p>\n<p>\n<\/p>\n<ul>\n<li> si les ressources sont prot\u00e9g\u00e9es par le droit d\u2019auteur&nbsp;;\n<\/li>\n<li> qui d\u00e9tient le droit d\u2019auteur&nbsp;; et\n<\/li>\n<li> si, selon vous, H\u00e9l\u00e8ne peut proposer des copies de ces documents dans le cadre de son cours sans le consentement ni la permission du titulaire du droit d\u2019auteur.\n<\/li>\n<\/ul>\n<p>\n<small>Ce cas pratique s\u2019inspire d\u2019id\u00e9es propos\u00e9es dans le cours <a rel=\"nofollow\" class=\"external text\" href=\"https:\/\/courses.p2pu.org\/en\/courses\/6022\/copyright-4-educators-aus\/\">Copyright 4 Educators (Australie)<\/a> . Veuillez noter qu\u2019aux fins du pr\u00e9sent cas pratique, H\u00e9l\u00e8ne est un personnage fictif qui n\u2019a publi\u00e9 aucune dissertation sur le site de la maison d\u2019\u00e9dition.<\/small>.\n<\/p>\n<p>\n<\/p>\n<p>\n\t\t<\/div>\n\t<\/div>\n<\/div>\n<p>\n<\/p>\n<h2><span class=\"mw-headline\" id=\"Commentaires.2C_appr.C3.A9ciations_et_auto-.C3.A9valuation\">Commentaires, appr\u00e9ciations et auto-\u00e9valuation<\/span><\/h2>\n<p>Vous trouverez sur les pages qui vont suivre des questions sur le cas pratique, accompagn\u00e9es d\u2019appr\u00e9ciations, commentaires ou discussions sur les choix propos\u00e9s.\n<\/p>\n<p>\n<\/p>\n<div class=\"panel iDevice\">\n\t<div class=\"panel-heading idevice-heading\">\n\t\t<div>\n\t\t\t<img decoding=\"async\" class=\"pedagogicalicon\" alt=\"key points\" src=\"https:\/\/course.oeru.org\/lida103-fr\/wp-content\/themes\/oeru-course\/idevices\/Icon_key_points.png\">\n\t\t<\/div>\n\t\t<div>\n\t\t\t<h2>Key points<\/h2>\n\t\t<\/div>\n\t<\/div>\n\t<div class=\"panel-body\">\n\t\t<div class=\"col-md-12\">\n\t\t\t<\/p>\n<p>Passez en revue vos r\u00e9ponses \u00e0 chaque question du cas pratique en r\u00e9pondant aux questions ci-dessous:\n<\/p>\n<ul>\n<li> <a href=\"\/lida103-fr\/modules\/cas-pratique-sur-le-droit-dauteur\/question-1\" title=\"Learning in a digital age\/LiDA103 fr\/Copyright case study\/Question 1\">Question 1<\/a>\n<\/li>\n<li> <a href=\"\/lida103-fr\/modules\/cas-pratique-sur-le-droit-dauteur\/question-2\" title=\"Learning in a digital age\/LiDA103 fr\/Copyright case study\/Question 2\">Question 2<\/a>\n<\/li>\n<li> <a href=\"\/lida103-fr\/modules\/cas-pratique-sur-le-droit-dauteur\/question-3\" title=\"Learning in a digital age\/LiDA103 fr\/Copyright case study\/Question 3\">Question 3<\/a>\n<\/li>\n<li> <a href=\"\/lida103-fr\/modules\/cas-pratique-sur-le-droit-dauteur\/question-4\" title=\"Learning in a digital age\/LiDA103 fr\/Copyright case study\/Question 4\">Question 4<\/a>\n<\/li>\n<li> <a href=\"\/lida103-fr\/modules\/cas-pratique-sur-le-droit-dauteur\/question-5\" title=\"Learning in a digital age\/LiDA103 fr\/Copyright case study\/Question 5\">Question 5<\/a>\n<\/li>\n<\/ul>\n<p>\n<\/p>\n<p>\n\t\t<\/div>\n\t<\/div>\n<\/div>\n<p>\n<\/p>\n<p><!-- \nNewPP limit report\nCPU time usage: 0.101 seconds\nReal time usage: 0.922 seconds\nPreprocessor visited node count: 313\/1000000\nPreprocessor generated node count: 918\/1000000\nPost\u2010expand include size: 12830\/2097152 bytes\nTemplate argument size: 8448\/2097152 bytes\nHighest expansion depth: 7\/40\nExpensive parser function count: 0\/100\n--><\/p>\n<p><!-- Saved in parser cache with key we_en-mw_:pcache:idhash:188338-0!*!0!!*!2!* and timestamp 20230802220740 and revision id 1085773\n -->\n<\/div>\n<div class=\"visualClear\"><\/div>\n<\/p><\/div>\n<\/p><\/div>\n<\/div>\n<\/div>\n<\/div>\n<div class=\"row\">\n<div class=\"col-md-12\">\n<ul class=\"pager\">\n<li class=\"previous\">\n            <a href=\"\/lida103-fr\/modules\/cas-pratique-sur-le-droit-dauteur\/apercu\">\u2190 Pr\u00e9c\u00e9dent<\/a>\n          <\/li>\n<li class=\"next\">\n            <a href=\"\/lida103-fr\/modules\/cas-pratique-sur-le-droit-dauteur\/question-1\">Suivant \u2192<\/a>\n          <\/li>\n<\/ul><\/div>\n<\/p><\/div>\n<div id=\"wenote-ids\"><script type='text\/javascript' id='wenotes-ids'>\n    var WEnotesSite = \"https:\/\/wikieducator.org\";\n    var WEnotesPath = \"\/Learning_in_a_digital_age\/LiDA103_fr\/Copyright_case_study\/Case_study\";\n    var WEnotesSiteID = \"0e3d258fbd36841f92259eefcd41d5e9\";\n    var WEnotesPathID = \"7bc72e6c5dd5b24695fa46ba488b6927\";\n    var WEnotesIDs = { site: \"https:\/\/wikieducator.org\", path: \"\/Learning_in_a_digital_age\/LiDA103_fr\/Copyright_case_study\/Case_study\", site_id: \"0e3d258fbd36841f92259eefcd41d5e9\", path_id: \"7bc72e6c5dd5b24695fa46ba488b6927\" };\n<\/script><\/div>\n<\/div>\n<footer><\/footer>\n","protected":false},"excerpt":{"rendered":"<p>Lisez le cas pratique ci-dessous, puis r\u00e9pondez aux questions concernant le droit d\u2019auteur pour les cinq ressources que l\u2019\u00e9tudiante compte utiliser. Commentaires, appr\u00e9ciations et auto-\u00e9valuation Vous trouverez sur les pages qui vont suivre des questions sur le cas pratique, accompagn\u00e9es d\u2019appr\u00e9ciations, commentaires ou discussions sur les choix propos\u00e9s. \u2190 Pr\u00e9c\u00e9dent Suivant \u2192<\/p>\n","protected":false},"author":1,"featured_media":0,"parent":14186,"menu_order":0,"comment_status":"closed","ping_status":"closed","template":"","meta":{"footnotes":""},"class_list":["post-14190","page","type-page","status-publish","hentry"],"_links":{"self":[{"href":"https:\/\/course.oeru.org\/lida103-fr\/wp-json\/wp\/v2\/pages\/14190","targetHints":{"allow":["GET"]}}],"collection":[{"href":"https:\/\/course.oeru.org\/lida103-fr\/wp-json\/wp\/v2\/pages"}],"about":[{"href":"https:\/\/course.oeru.org\/lida103-fr\/wp-json\/wp\/v2\/types\/page"}],"author":[{"embeddable":true,"href":"https:\/\/course.oeru.org\/lida103-fr\/wp-json\/wp\/v2\/users\/1"}],"replies":[{"embeddable":true,"href":"https:\/\/course.oeru.org\/lida103-fr\/wp-json\/wp\/v2\/comments?post=14190"}],"version-history":[{"count":1,"href":"https:\/\/course.oeru.org\/lida103-fr\/wp-json\/wp\/v2\/pages\/14190\/revisions"}],"predecessor-version":[{"id":14191,"href":"https:\/\/course.oeru.org\/lida103-fr\/wp-json\/wp\/v2\/pages\/14190\/revisions\/14191"}],"up":[{"embeddable":true,"href":"https:\/\/course.oeru.org\/lida103-fr\/wp-json\/wp\/v2\/pages\/14186"}],"wp:attachment":[{"href":"https:\/\/course.oeru.org\/lida103-fr\/wp-json\/wp\/v2\/media?parent=14190"}],"curies":[{"name":"wp","href":"https:\/\/api.w.org\/{rel}","templated":true}]}}