{"id":14196,"date":"2023-08-03T03:18:56","date_gmt":"2023-08-03T03:18:56","guid":{"rendered":"https:\/\/course.oeru.org\/lida103-fr\/?page_id=14196"},"modified":"2023-08-03T03:18:56","modified_gmt":"2023-08-03T03:18:56","slug":"question-3","status":"publish","type":"page","link":"https:\/\/course.oeru.org\/lida103-fr\/modules\/cas-pratique-sur-le-droit-dauteur\/question-3\/","title":{"rendered":"Question 3"},"content":{"rendered":"<div id=\"content\" class=\"mw-body container\" role=\"main\">\n<div class=\"row\">\n<div class=\"col-md-12\">\n<div class=\"panel\">\n<div class=\"panel-body\">\n<div id=\"bodyContent\">\n<div id=\"mw-content-text\" lang=\"en\" dir=\"ltr\" class=\"mw-content-ltr\"><div class=\"panel iDevice\">\n\t<div class=\"panel-heading idevice-heading\">\n\t\t<div>\n\t\t\t<img decoding=\"async\" class=\"pedagogicalicon\" alt=\"case study\" src=\"https:\/\/course.oeru.org\/lida103-fr\/wp-content\/themes\/oeru-course\/idevices\/Icon_casestudy.png\">\n\t\t<\/div>\n\t\t<div>\n\t\t\t<h2>Case study<\/h2>\n\t\t<\/div>\n\t<\/div>\n\t<div class=\"panel-body\">\n\t\t<div class=\"col-md-12\">\n\t\t\t<\/p>\n<p><b>Rendu d\u2019un devoir num\u00e9rique sur Hamlet de Shakespeare<\/b>\n<\/p>\n<div class=\"floatright\"><a href=\"https:\/\/wikieducator.org\/File:Entrance_to_Shakespeare%27s_Birthplace_sign-13Feb2005.jpg\" class=\"image\"><img loading=\"lazy\" decoding=\"async\" alt=\"Entrance to Shakespeare's Birthplace sign-13Feb2005.jpg\" src=\"\/\/wikieducator.org\/images\/thumb\/4\/48\/Entrance_to_Shakespeare%27s_Birthplace_sign-13Feb2005.jpg\/230px-Entrance_to_Shakespeare%27s_Birthplace_sign-13Feb2005.jpg\" width=\"230\" height=\"307\" class=\"img-responsive\"><\/a><\/div>\n<p>H\u00e9l\u00e8ne Lesage, \u00e9tudiante inscrite en premi\u00e8re ann\u00e9e de licence \u00e0 l\u2019universit\u00e9, suit un cours sur l\u2019\u00e9tude des m\u00e9dias. Elle pr\u00e9pare un devoir sur Hamlet de William Shakespeare. Elle doit publier son travail en ligne et pr\u00e9parer un diaporama accompagn\u00e9 d\u2019un r\u00e9sum\u00e9 audio. L\u2019universit\u00e9 h\u00e9berge une page Web destin\u00e9e aux \u00e9tudiants inscrits au cours, dont l\u2019acc\u00e8s est prot\u00e9g\u00e9 par un mot de passe. Certains \u00e9tudiants n\u2019ont pas les moyens d\u2019avoir Internet chez eux\u2009; H\u00e9l\u00e8ne veut donc rassembler des ressources sur la toile et mettre \u00e0 disposition des copies locales, qui ne seront t\u00e9l\u00e9chargeables que depuis le serveur local de l\u2019universit\u00e9. Elle compte proposer plusieurs documents&nbsp;:<\/p>\n<ol>\n<li> Le texte int\u00e9gral d\u2019Hamlet annot\u00e9 par l\u2019acteur Charles Kean, mort en 1868.\n<\/li>\n<li> Une <a rel=\"nofollow\" class=\"external text\" href=\"http:\/\/www.mfa.org\/collections\/object\/hamlet-31488\">photographie du portrait d\u2019Hamlet<\/a> par William Morris Hunt (1824-1879), qui est conserv\u00e9 au Mus\u00e9e des beaux-arts de Boston.\n<\/li>\n<li> Une copie num\u00e9rique du <a rel=\"nofollow\" class=\"external text\" href=\"http:\/\/content.time.com\/time\/arts\/article\/0,8599,1883770,00.html\">portrait Cobbe<\/a> de Willam Shakespeare, qui n\u2019a \u00e9t\u00e9 d\u00e9couvert qu\u2019en <a rel=\"nofollow\" class=\"external text\" href=\"http:\/\/en.wikipedia.org\/wiki\/Cobbe_portrait\">mars 2009<\/a> (voir <a rel=\"nofollow\" class=\"external text\" href=\"https:\/\/www.theguardian.com\/culture\/2009\/mar\/10\/shakespeare-cobbe-portrait\">l\u2019article de presse<\/a> publi\u00e9 dans The Guardian).\n<\/li>\n<li> Une copie locale de la <a rel=\"nofollow\" class=\"external text\" href=\"https:\/\/youtu.be\/zz6GL6AFphU\">repr\u00e9sentation d\u2019Hamlet par la troupe du BLC Theatre, qui est disponible sur YouTube<\/a>.\n<\/li>\n<li> H\u00e9l\u00e8ne a pr\u00e9par\u00e9 un diaporama accompagn\u00e9 d\u2019un r\u00e9sum\u00e9 audio, qu\u2019elle h\u00e9bergera sur <a rel=\"nofollow\" class=\"external text\" href=\"https:\/\/www.slideshare.net\">SlideShare<\/a>. Ce document repose sur ses propres recherches, effectu\u00e9es dans le cadre d\u2019un concours de dissertation organis\u00e9 par la maison d\u2019\u00e9dition Penguin et dont elle a \u00e9t\u00e9 laur\u00e9ate\u2009; cette dissertation est publi\u00e9e sur le site du <a rel=\"nofollow\" class=\"external text\" href=\"http:\/\/www.penguin.com\/services-academic\/essayhome\/\">Signet Essay Competition<\/a> et librement accessible depuis le Web.\n<\/li>\n<\/ol>\n<p>\n<\/p>\n<p>\n\t\t<\/div>\n\t<\/div>\n<\/div><\/p>\n<p>\n<\/p>\n<h2><span class=\"mw-headline\" id=\"Question_3:_Le_portrait_Cobbe_de_William_Shakespeare\">Question 3: Le portrait Cobbe de William Shakespeare<\/span><\/h2>\n<div class=\"panel iDevice WEquizMultipleChoice\">\n\t<div class=\"panel-heading idevice-heading\">\n\t\t<div>\n\t\t\t<img decoding=\"async\" class=\"pedagogicalicon\" alt=\"assessment\" src=\"https:\/\/course.oeru.org\/lida103-fr\/wp-content\/themes\/oeru-course\/idevices\/Icon_qmark.png\">\n\t\t<\/div>\n\t\t<div>\n\t\t\t<h2>Questions sur le droit d\u2019auteur prot\u00e9geant le portrait Cobbe de Shakespeare<\/h2>\n\t\t<\/div>\n\t<\/div>\n\t<div class=\"panel-body\">\n\t\t<div class=\"col-md-12\">\n\t\t\t\n<p>La question se rapporte au <a rel=\"nofollow\" class=\"external text\" href=\"http:\/\/content.time.com\/time\/arts\/article\/0,8599,1883770,00.html\">portrait Cobbe<\/a>.\n<\/p>\n<dl>\n<dd><small>Choisissez la bonne r\u00e9ponse. Ensuite, nous vous conseillons de lire les commentairess sous les mauvaises r\u00e9ponses, car celles-ci contiennent \u00e9galement des informations utiles.<\/small>\n<\/dd>\n<\/dl>\n<ul>\n<li> Cette image est-elle prot\u00e9g\u00e9e par le droit d\u2019auteur&nbsp;?\n<ul>\n<li>Oui\n<ul>\n<li><b>Bonne r\u00e9ponse<\/b>. Cette image est une \u0153uvre (photographie)\u2009; elle est donc prot\u00e9g\u00e9e par le droit d\u2019auteur.\n<\/li>\n<\/ul>\n<\/li>\n<li>Non\n<ul>\n<li><b>Mauvaise r\u00e9ponse<\/b>. Bien que l\u2019artiste ayant peint cette \u0153uvre soit inconnu, la version num\u00e9rique de cette image est consid\u00e9r\u00e9e comme une \u0153uvre et donc prot\u00e9g\u00e9e par le droit d\u2019auteur.\n<\/li>\n<\/ul>\n<\/li>\n<\/ul>\n<\/li>\n<li> Qui d\u00e9tient le droit d\u2019auteur prot\u00e9geant cette image&nbsp;?\n<ul>\n<li>Elle appartient au domaine public\n<ul>\n<li><b>Mauvaise r\u00e9ponse.<\/b> Bien que l\u2019artiste d\u2019origine demeure inconnu, l\u2019\u0153uvre est contemporaine de Shakespeare et appartient donc au domaine public. N\u00e9anmoins, dans ce cas de figure, nous devons d\u00e9terminer qui d\u00e9tient le droit d\u2019auteur prot\u00e9geant la photographie (et non la peinture d\u2019origine).\n<\/li>\n<\/ul>\n<\/li>\n<li>Alec Cobbe\n<ul>\n<li><b>Mauvaise r\u00e9ponse.<\/b> La famille Cobbe poss\u00e8de le portrait d\u2019origine qui appartient au domaine public. Cependant, H\u00e9l\u00e8ne souhaite utiliser une copie de la photographie pour illustrer son cours\u2009; le propri\u00e9taire de l\u2019\u0153uvre n\u2019a aucun regard sur l\u2019autorisation d\u2019utiliser l\u2019image num\u00e9rique.\n<\/li>\n<\/ul>\n<\/li>\n<li>Le photographe\n<ul>\n<li><b>Mauvaise r\u00e9ponse<\/b>. Il semblerait que la photographie du portrait Cobbe soit un travail de commande. Ainsi, il convient de d\u00e9terminer les conditions li\u00e9es au droit d\u2019auteur prot\u00e9geant cette photographie.\n<\/li>\n<\/ul>\n<\/li>\n<li>La Shakespeare Birthplace Trust\n<ul>\n<li><b>Bonne r\u00e9ponse.<\/b>. C\u2019est l\u2019institution qui vous renseignera le mieux sur le droit d\u2019auteur prot\u00e9geant la photographie. La plupart des sites Web qui utilisent cette image avec autorisation citent \u00abLa Shakespeare Birthplace Trust et les titulaires du droit d\u2019auteur\u00bb, ce qui laisse penser que cet organisme repr\u00e9sente la meilleure source d\u2019information sur le droit d\u2019auteur prot\u00e9geant la photographie.\n<\/li>\n<\/ul>\n<\/li>\n<\/ul>\n<\/li>\n<li> H\u00e9l\u00e8ne peut-elle utiliser une copie de la photographie du portrait Cobbe dans ses documents&nbsp;?\n<ul>\n<li>Oui\n<ul>\n<li><b>Mauvaise r\u00e9ponse<\/b>. Cependant, certains d\u00e9fenseurs de la culture libre avancent que restreindre l\u2019acc\u00e8s \u00e0 des reproductions num\u00e9riques d\u2019\u0153uvres du domaine public porte atteinte \u00e0 ce dernier et affirment que l\u2019image devrait \u00eatre utilis\u00e9e afin de protester contre cette pratique.\n<\/li>\n<\/ul>\n<\/li>\n<li>Non\n<ul>\n<li><b>Bonne r\u00e9ponse<\/b>. D\u2019un point de vue juridique, H\u00e9l\u00e8ne doit d\u2019abord obtenir la permission du titulaire du droit d\u2019auteur avant d\u2019ins\u00e9rer une copie de cette photographie dans ses documents de cours.\n<\/li>\n<\/ul>\n<\/li>\n<\/ul>\n<\/li>\n<\/ul>\n<p>\n<\/p>\n<p>\n\t\t<\/div>\n\t<\/div>\n<\/div><\/p>\n<p>\n<\/p>\n<p><!-- \nNewPP limit report\nCPU time usage: 0.099 seconds\nReal time usage: 0.951 seconds\nPreprocessor visited node count: 218\/1000000\nPreprocessor generated node count: 1106\/1000000\nPost\u2010expand include size: 25302\/2097152 bytes\nTemplate argument size: 18597\/2097152 bytes\nHighest expansion depth: 10\/40\nExpensive parser function count: 0\/100\n--><\/p>\n<p><!-- Saved in parser cache with key we_en-mw_:pcache:idhash:188341-0!*!*!*!*!2!* and timestamp 20230802220744 and revision id 1085778\n -->\n<\/div>\n<div class=\"visualClear\"><\/div>\n<\/p><\/div>\n<\/p><\/div>\n<\/div>\n<\/div>\n<\/div>\n<div class=\"row\">\n<div class=\"col-md-12\">\n<ul class=\"pager\">\n<li class=\"previous\">\n            <a href=\"\/lida103-fr\/modules\/cas-pratique-sur-le-droit-dauteur\/question-2\">\u2190 Pr\u00e9c\u00e9dent<\/a>\n          <\/li>\n<li class=\"next\">\n            <a href=\"\/lida103-fr\/modules\/cas-pratique-sur-le-droit-dauteur\/question-4\">Suivant \u2192<\/a>\n          <\/li>\n<\/ul><\/div>\n<\/p><\/div>\n<div id=\"wenote-ids\"><script type='text\/javascript' id='wenotes-ids'>\n    var WEnotesSite = \"https:\/\/wikieducator.org\";\n    var WEnotesPath = \"\/Learning_in_a_digital_age\/LiDA103_fr\/Copyright_case_study\/Question_3\";\n    var WEnotesSiteID = \"0e3d258fbd36841f92259eefcd41d5e9\";\n    var WEnotesPathID = \"753d48df38edd36fa0577a578e988814\";\n    var WEnotesIDs = { site: \"https:\/\/wikieducator.org\", path: \"\/Learning_in_a_digital_age\/LiDA103_fr\/Copyright_case_study\/Question_3\", site_id: \"0e3d258fbd36841f92259eefcd41d5e9\", path_id: \"753d48df38edd36fa0577a578e988814\" };\n<\/script><\/div>\n<\/div>\n<footer><\/footer>\n","protected":false},"excerpt":{"rendered":"<p>Question 3: Le portrait Cobbe de William Shakespeare \u2190 Pr\u00e9c\u00e9dent Suivant \u2192<\/p>\n","protected":false},"author":1,"featured_media":0,"parent":14186,"menu_order":0,"comment_status":"closed","ping_status":"closed","template":"","meta":{"footnotes":""},"class_list":["post-14196","page","type-page","status-publish","hentry"],"_links":{"self":[{"href":"https:\/\/course.oeru.org\/lida103-fr\/wp-json\/wp\/v2\/pages\/14196","targetHints":{"allow":["GET"]}}],"collection":[{"href":"https:\/\/course.oeru.org\/lida103-fr\/wp-json\/wp\/v2\/pages"}],"about":[{"href":"https:\/\/course.oeru.org\/lida103-fr\/wp-json\/wp\/v2\/types\/page"}],"author":[{"embeddable":true,"href":"https:\/\/course.oeru.org\/lida103-fr\/wp-json\/wp\/v2\/users\/1"}],"replies":[{"embeddable":true,"href":"https:\/\/course.oeru.org\/lida103-fr\/wp-json\/wp\/v2\/comments?post=14196"}],"version-history":[{"count":1,"href":"https:\/\/course.oeru.org\/lida103-fr\/wp-json\/wp\/v2\/pages\/14196\/revisions"}],"predecessor-version":[{"id":14197,"href":"https:\/\/course.oeru.org\/lida103-fr\/wp-json\/wp\/v2\/pages\/14196\/revisions\/14197"}],"up":[{"embeddable":true,"href":"https:\/\/course.oeru.org\/lida103-fr\/wp-json\/wp\/v2\/pages\/14186"}],"wp:attachment":[{"href":"https:\/\/course.oeru.org\/lida103-fr\/wp-json\/wp\/v2\/media?parent=14196"}],"curies":[{"name":"wp","href":"https:\/\/api.w.org\/{rel}","templated":true}]}}