{"id":14206,"date":"2023-08-03T03:19:11","date_gmt":"2023-08-03T03:19:11","guid":{"rendered":"https:\/\/course.oeru.org\/lida103-fr\/?page_id=14206"},"modified":"2023-08-03T03:19:11","modified_gmt":"2023-08-03T03:19:11","slug":"exercice-defi-qcm-sur-le-droit-dauteur","status":"publish","type":"page","link":"https:\/\/course.oeru.org\/lida103-fr\/modules\/cas-pratique-sur-le-droit-dauteur\/exercice-defi-qcm-sur-le-droit-dauteur\/","title":{"rendered":"Exercice \u2013 D\u00e9fi QCM sur le droit d\u2019auteur"},"content":{"rendered":"<div id=\"content\" class=\"mw-body container\" role=\"main\">\n<div class=\"row\">\n<div class=\"col-md-12\">\n<div class=\"panel\">\n<div class=\"panel-body\">\n<div id=\"bodyContent\">\n<div id=\"mw-content-text\" lang=\"en\" dir=\"ltr\" class=\"mw-content-ltr\">\n<ol>\n<li> Consultez les <a href=\"\/lida103-fr\/modules\/cas-pratique-sur-le-droit-dauteur\/lancez-vous-\u2013-defi-qcm-sur-le-droit-dauteur\" title=\"Learning in a digital age\/LiDA103 fr\/Copyright case study\/Start - Copyright MCQ\">ressources pour vous inspirer<\/a> et cherchez d\u2019autres ressources sur Internet, qui pourront vous aider \u00e0 mener les activit\u00e9s de mise en pratique propos\u00e9es dans ce d\u00e9fi.\n<\/li>\n<li> Imaginez une situation concr\u00e8te faisant appel au droit d\u2019auteur, par exemple un enseignant qui pr\u00e9pare un cours en ligne ou un apprenant qui rend un devoir sur au moins deux aspects du droit d\u2019auteur dans un monde num\u00e9rique.\n<\/li>\n<li> D\u00e9terminez si votre situation se rapporte \u00e0 au moins deux de ces sujets touchant au droit d\u2019auteur: <a href=\"\/lida103-fr\/modules\/droit-dauteur\/champ-dapplication\" title=\"Learning in a digital age\/LiDA103 fr\/Copyright\/Scope\">champ d\u2019application<\/a>, <a href=\"\/lida103-fr\/modules\/droit-dauteur\/jouissance\" title=\"Learning in a digital age\/LiDA103 fr\/Copyright\/Ownership\">jouissance<\/a>, <a href=\"\/lida103-fr\/modules\/droit-dauteur\/droits-et-protections\" title=\"Learning in a digital age\/LiDA103 fr\/Copyright\/Rights\">droits<\/a>, <a href=\"\/lida103-fr\/modules\/droit-dauteur\/exceptions\" title=\"Learning in a digital age\/LiDA103 fr\/Copyright\/Exceptions\">exceptions<\/a> ou <a href=\"\/lida103-fr\/modules\/droit-dauteur\/transfert-des-droits\" title=\"Learning in a digital age\/LiDA103 fr\/Copyright\/Transfer\">transfert de droits<\/a>&nbsp;?\n<\/li>\n<li> Interrogez-vous sur la fa\u00e7on dont s\u2019applique votre l\u00e9gislation nationale relative au droit d\u2019auteur.\n<\/li>\n<li> Pensez \u00e0 questions en rapport avec cette situation pour mettre en exergue vos connaissances sur le droit d\u2019auteur.\n<\/li>\n<\/ol>\n<p><!-- \nNewPP limit report\nCPU time usage: 0.003 seconds\nReal time usage: 0.004 seconds\nPreprocessor visited node count: 1\/1000000\nPreprocessor generated node count: 4\/1000000\nPost\u2010expand include size: 0\/2097152 bytes\nTemplate argument size: 0\/2097152 bytes\nHighest expansion depth: 1\/40\nExpensive parser function count: 0\/100\n--><\/p>\n<p><!-- Saved in parser cache with key we_en-mw_:pcache:idhash:188346-0!*!0!*!*!*!* and timestamp 20230803031010 and revision id 1085783\n -->\n<\/div>\n<div class=\"visualClear\"><\/div>\n<\/p><\/div>\n<\/p><\/div>\n<\/div>\n<\/div>\n<\/div>\n<div class=\"row\">\n<div class=\"col-md-12\">\n<ul class=\"pager\">\n<li class=\"previous\">\n            <a href=\"\/lida103-fr\/modules\/cas-pratique-sur-le-droit-dauteur\/lancez-vous-defi-qcm-sur-le-droit-dauteur\">\u2190 Pr\u00e9c\u00e9dent<\/a>\n          <\/li>\n<li class=\"next\">\n            <a href=\"\/lida103-fr\/modules\/cas-pratique-sur-le-droit-dauteur\/mise-en-pratique-defi-qcm-sur-le-droit-dauteur\">Suivant \u2192<\/a>\n          <\/li>\n<\/ul><\/div>\n<\/p><\/div>\n<div id=\"wenote-ids\"><script type='text\/javascript' id='wenotes-ids'>\n    var WEnotesSite = \"https:\/\/wikieducator.org\";\n    var WEnotesPath = \"\/Learning_in_a_digital_age\/LiDA103_fr\/Copyright_case_study\/Tasks_-_Copyright_MCQ\";\n    var WEnotesSiteID = \"0e3d258fbd36841f92259eefcd41d5e9\";\n    var WEnotesPathID = \"a90538d5a52aa1a569ad4cd524e028de\";\n    var WEnotesIDs = { site: \"https:\/\/wikieducator.org\", path: \"\/Learning_in_a_digital_age\/LiDA103_fr\/Copyright_case_study\/Tasks_-_Copyright_MCQ\", site_id: \"0e3d258fbd36841f92259eefcd41d5e9\", path_id: \"a90538d5a52aa1a569ad4cd524e028de\" };\n<\/script><\/div>\n<\/div>\n<footer><\/footer>\n","protected":false},"excerpt":{"rendered":"<p>Consultez les ressources pour vous inspirer et cherchez d\u2019autres ressources sur Internet, qui pourront vous aider \u00e0 mener les activit\u00e9s de mise en pratique propos\u00e9es dans ce d\u00e9fi. Imaginez une situation concr\u00e8te faisant appel au droit d\u2019auteur, par exemple un enseignant qui pr\u00e9pare un cours en ligne ou un apprenant qui rend un devoir sur [&hellip;]<\/p>\n","protected":false},"author":1,"featured_media":0,"parent":14186,"menu_order":0,"comment_status":"closed","ping_status":"closed","template":"","meta":{"footnotes":""},"class_list":["post-14206","page","type-page","status-publish","hentry"],"_links":{"self":[{"href":"https:\/\/course.oeru.org\/lida103-fr\/wp-json\/wp\/v2\/pages\/14206","targetHints":{"allow":["GET"]}}],"collection":[{"href":"https:\/\/course.oeru.org\/lida103-fr\/wp-json\/wp\/v2\/pages"}],"about":[{"href":"https:\/\/course.oeru.org\/lida103-fr\/wp-json\/wp\/v2\/types\/page"}],"author":[{"embeddable":true,"href":"https:\/\/course.oeru.org\/lida103-fr\/wp-json\/wp\/v2\/users\/1"}],"replies":[{"embeddable":true,"href":"https:\/\/course.oeru.org\/lida103-fr\/wp-json\/wp\/v2\/comments?post=14206"}],"version-history":[{"count":1,"href":"https:\/\/course.oeru.org\/lida103-fr\/wp-json\/wp\/v2\/pages\/14206\/revisions"}],"predecessor-version":[{"id":14207,"href":"https:\/\/course.oeru.org\/lida103-fr\/wp-json\/wp\/v2\/pages\/14206\/revisions\/14207"}],"up":[{"embeddable":true,"href":"https:\/\/course.oeru.org\/lida103-fr\/wp-json\/wp\/v2\/pages\/14186"}],"wp:attachment":[{"href":"https:\/\/course.oeru.org\/lida103-fr\/wp-json\/wp\/v2\/media?parent=14206"}],"curies":[{"name":"wp","href":"https:\/\/api.w.org\/{rel}","templated":true}]}}