{"id":14208,"date":"2023-08-03T03:19:13","date_gmt":"2023-08-03T03:19:13","guid":{"rendered":"https:\/\/course.oeru.org\/lida103-fr\/?page_id=14208"},"modified":"2023-08-03T03:19:13","modified_gmt":"2023-08-03T03:19:13","slug":"mise-en-pratique-defi-qcm-sur-le-droit-dauteur","status":"publish","type":"page","link":"https:\/\/course.oeru.org\/lida103-fr\/modules\/cas-pratique-sur-le-droit-dauteur\/mise-en-pratique-defi-qcm-sur-le-droit-dauteur\/","title":{"rendered":"Mise en pratique \u2013 D\u00e9fi QCM sur le droit d\u2019auteur"},"content":{"rendered":"<div id=\"content\" class=\"mw-body container\" role=\"main\">\n<div class=\"row\">\n<div class=\"col-md-12\">\n<div class=\"panel\">\n<div class=\"panel-body\">\n<div id=\"bodyContent\">\n<div id=\"mw-content-text\" lang=\"en\" dir=\"ltr\" class=\"mw-content-ltr\"><div class=\"panel iDevice\">\n\t<div class=\"panel-heading idevice-heading\">\n\t\t<div>\n\t\t\t<img decoding=\"async\" class=\"pedagogicalicon\" alt=\"activity\" src=\"https:\/\/course.oeru.org\/lida103-fr\/wp-content\/themes\/oeru-course\/idevices\/Icon_activity.png\">\n\t\t<\/div>\n\t\t<div>\n\t\t\t<h2>Activit\u00e9s de mise en pratique des connaissances<\/h2>\n\t\t<\/div>\n\t<\/div>\n\t<div class=\"panel-body\">\n\t\t<div class=\"col-md-12\">\n\t\t\t<\/p>\n<ol>\n<li> Pr\u00e9parez et publiez un article de blog qui contient deux QCM portant sur une situation relative au droit d\u2019auteur (un mini-sc\u00e9nario). Vous pouvez utiliser la m\u00eame situation pour les deux QCM, ou imaginer deux contextes diff\u00e9rents. Dans votre article, vous devez&nbsp;:\n<ul>\n<li> d\u00e9crire le contexte, y compris le pays concern\u00e9 et le public cibl\u00e9 par le QCM&nbsp;;\n<\/li>\n<li> exposer la situation relative au droit d\u2019auteur (200 mots maximum), en int\u00e9grant si possible un lien vers des sites Internet pour illustrer les v\u00e9ritables exemples que vous citez, tout en respectant la l\u00e9gislation sur le droit d\u2019auteur de votre pays&nbsp;;\n<\/li>\n<li> \u00e9laborer deux QCM d\u2019apr\u00e8s votre mini-sc\u00e9nario. Votre QCM doit&nbsp;:\n<ul>\n<li> contenir la bonne r\u00e9ponse, par exemple&nbsp;: R\u00c9PONSE&nbsp;: &lt;<i>texte qui s\u2019affiche en cas de bonne r\u00e9ponse<\/i>&gt;\n<\/li>\n<li> contenir des leurres, par exemple&nbsp;: LEURRE&nbsp;: &lt;<i>texte qui s\u2019affiche en cas de mauvaise r\u00e9ponse<\/i>&gt;\n<\/li>\n<li> afficher une appr\u00e9ciation didactique pour toutes les r\u00e9ponses, c\u2019est-\u00e0-dire un court texte expliquant les bonnes et les mauvaises r\u00e9ponses. Il vous faut pr\u00e9ciser les raisons pour lesquelles telle r\u00e9ponse est bonne ou mauvaise.\n<\/li>\n<\/ul>\n<\/li>\n<\/ul>\n<\/li>\n<li> Lisez les articles de blog des autres apprenants qui participent \u00e0 cette activit\u00e9 et donnez-leur votre avis en laissant un commentaire sous la publication de deux d\u2019entre eux.\n<\/li>\n<li> Transmettez votre soif de connaissances. Si possible, publiez votre article de blog sous licence <a rel=\"nofollow\" class=\"external text\" href=\"https:\/\/creativecommons.org\/licenses\/by\/4.0\/deed.fr\">Creative Commons Attribution<\/a> ou <a rel=\"nofollow\" class=\"external text\" href=\"https:\/\/creativecommons.org\/licenses\/by-sa\/4.0\/deed.fr\">Creative Commons Attribution \u2013 Partage dans les m\u00eames conditions<\/a> (voir <a rel=\"nofollow\" class=\"external text\" href=\"https:\/\/creativecommons.org\/faq\/fr\/#comment-puis-je-demander-une-licence-creative-commons-pour-mon-mat%C3%A9riel\">Comment puis-je demander une licence Creative Commons&nbsp;?<\/a>). Cela nous permettrait de r\u00e9utiliser vos questions pour proposer davantage d\u2019exemples de cas pratiques aux futurs apprenants du cours LiDA103. (Si vos articles n\u2019ont pas \u00e9t\u00e9 explicitement publi\u00e9s sous ces licences, nous ne pourrons pas partager l\u00e9galement vos contributions lors des prochaines sessions.)\n<\/li>\n<li> N\u2019oubliez pas de tagger votre article en utilisant le code du cours: <b>LiDA103fr<\/b>\n<\/li>\n<\/ol>\n<p>\n<\/p>\n<p>\n\t\t<\/div>\n\t<\/div>\n<\/div><\/p>\n<p><!-- \nNewPP limit report\nCPU time usage: 0.017 seconds\nReal time usage: 0.020 seconds\nPreprocessor visited node count: 85\/1000000\nPreprocessor generated node count: 784\/1000000\nPost\u2010expand include size: 6086\/2097152 bytes\nTemplate argument size: 4638\/2097152 bytes\nHighest expansion depth: 7\/40\nExpensive parser function count: 0\/100\n--><\/p>\n<p><!-- Saved in parser cache with key we_en-mw_:pcache:idhash:188347-0!*!*!*!*!2!* and timestamp 20230803014840 and revision id 1085784\n -->\n<\/div>\n<div class=\"visualClear\"><\/div>\n<\/p><\/div>\n<\/p><\/div>\n<\/div>\n<\/div>\n<\/div>\n<div class=\"row\">\n<div class=\"col-md-12\">\n<ul class=\"pager\">\n<li class=\"previous\">\n            <a href=\"\/lida103-fr\/modules\/cas-pratique-sur-le-droit-dauteur\/exercice-defi-qcm-sur-le-droit-dauteur\">\u2190 Pr\u00e9c\u00e9dent<\/a>\n          <\/li>\n<li class=\"next\">\n            <a href=\"\/lida103-fr\/modules\/licences-creative-commons\/apercu\">Suivant \u2192<\/a>\n          <\/li>\n<\/ul><\/div>\n<\/p><\/div>\n<div id=\"wenote-ids\"><script type='text\/javascript' id='wenotes-ids'>\n    var WEnotesSite = \"https:\/\/wikieducator.org\";\n    var WEnotesPath = \"\/Learning_in_a_digital_age\/LiDA103_fr\/Copyright_case_study\/Outputs_-_Copyright_MCQ\";\n    var WEnotesSiteID = \"0e3d258fbd36841f92259eefcd41d5e9\";\n    var WEnotesPathID = \"5b10c18ba357b6316de24eccda3978ae\";\n    var WEnotesIDs = { site: \"https:\/\/wikieducator.org\", path: \"\/Learning_in_a_digital_age\/LiDA103_fr\/Copyright_case_study\/Outputs_-_Copyright_MCQ\", site_id: \"0e3d258fbd36841f92259eefcd41d5e9\", path_id: \"5b10c18ba357b6316de24eccda3978ae\" };\n<\/script><\/div>\n<\/div>\n<footer><\/footer>\n","protected":false},"excerpt":{"rendered":"<p>\u2190 Pr\u00e9c\u00e9dent Suivant \u2192<\/p>\n","protected":false},"author":1,"featured_media":0,"parent":14186,"menu_order":0,"comment_status":"closed","ping_status":"closed","template":"","meta":{"footnotes":""},"class_list":["post-14208","page","type-page","status-publish","hentry"],"_links":{"self":[{"href":"https:\/\/course.oeru.org\/lida103-fr\/wp-json\/wp\/v2\/pages\/14208","targetHints":{"allow":["GET"]}}],"collection":[{"href":"https:\/\/course.oeru.org\/lida103-fr\/wp-json\/wp\/v2\/pages"}],"about":[{"href":"https:\/\/course.oeru.org\/lida103-fr\/wp-json\/wp\/v2\/types\/page"}],"author":[{"embeddable":true,"href":"https:\/\/course.oeru.org\/lida103-fr\/wp-json\/wp\/v2\/users\/1"}],"replies":[{"embeddable":true,"href":"https:\/\/course.oeru.org\/lida103-fr\/wp-json\/wp\/v2\/comments?post=14208"}],"version-history":[{"count":1,"href":"https:\/\/course.oeru.org\/lida103-fr\/wp-json\/wp\/v2\/pages\/14208\/revisions"}],"predecessor-version":[{"id":14209,"href":"https:\/\/course.oeru.org\/lida103-fr\/wp-json\/wp\/v2\/pages\/14208\/revisions\/14209"}],"up":[{"embeddable":true,"href":"https:\/\/course.oeru.org\/lida103-fr\/wp-json\/wp\/v2\/pages\/14186"}],"wp:attachment":[{"href":"https:\/\/course.oeru.org\/lida103-fr\/wp-json\/wp\/v2\/media?parent=14208"}],"curies":[{"name":"wp","href":"https:\/\/api.w.org\/{rel}","templated":true}]}}