{"id":14212,"date":"2023-08-03T03:19:17","date_gmt":"2023-08-03T03:19:17","guid":{"rendered":"https:\/\/course.oeru.org\/lida103-fr\/?page_id=14212"},"modified":"2023-08-03T03:19:17","modified_gmt":"2023-08-03T03:19:17","slug":"apercu","status":"publish","type":"page","link":"https:\/\/course.oeru.org\/lida103-fr\/modules\/licences-creative-commons\/apercu\/","title":{"rendered":"Aper\u00e7u"},"content":{"rendered":"<div id=\"content\" class=\"mw-body container\" role=\"main\">\n<div class=\"row\">\n<div class=\"col-md-12\">\n<div class=\"panel\">\n<div class=\"panel-body\">\n<div id=\"bodyContent\">\n<div id=\"mw-content-text\" lang=\"en\" dir=\"ltr\" class=\"mw-content-ltr\">\n<div class=\"floatright\"><a href=\"https:\/\/wikieducator.org\/File:CC-logo.svg\" class=\"image\"><img loading=\"lazy\" decoding=\"async\" alt=\"CC-logo.svg\" src=\"\/\/wikieducator.org\/images\/thumb\/8\/86\/CC-logo.svg\/320px-CC-logo.svg.png\" width=\"320\" height=\"77\" class=\"img-responsive\"><\/a><\/div>\n<p>Les licences Creative Commons sont des licences ouvertes qui proposent un ensemble d\u2019outils gratuits pour vous aider \u00e0 partager l\u00e9galement vos connaissances et vos \u0153uvres. Elles sont parmi les plus utilis\u00e9es pour la publication d\u2019\u0153uvres sous licence ouverte. Dans ce module, nous \u00e9tudierons leur fonctionnement.<br style=\"clear:both;\"><br \/>\n<div class=\"panel iDevice\">\n\t<div class=\"panel-heading idevice-heading\">\n\t\t<div>\n\t\t\t<img decoding=\"async\" class=\"pedagogicalicon\" alt=\"objectives\" src=\"https:\/\/course.oeru.org\/lida103-fr\/wp-content\/themes\/oeru-course\/idevices\/Icon_objectives.png\">\n\t\t<\/div>\n\t\t<div>\n\t\t\t<h2>Objectives<\/h2>\n\t\t<\/div>\n\t<\/div>\n\t<div class=\"panel-body\">\n\t\t<div class=\"col-md-12\">\n\t\t\t<\/p>\n<p>Apr\u00e8s avoir r\u00e9ussi ce module, vous serez en mesure&nbsp;:\n<\/p>\n<ul>\n<li> d\u2019expliquer la fa\u00e7on dont la cr\u00e9ativit\u00e9 se nourrit du pass\u00e9&nbsp;;\n<\/li>\n<li> de comprendre la mani\u00e8re dont les licences Creative Commons s\u2019appuient sur la l\u00e9gislation relative au droit d\u2019auteur pour donner l\u2019autorisation de copier, distribuer, modifier et partager des \u0153uvres&nbsp;;\n<\/li>\n<li> de d\u00e9crire l\u2019application des clauses des six licences Creative Commons&nbsp;;\n<\/li>\n<li> de reconna\u00eetre les trois couches d\u2019une licence Creative Commons, \u00e0 savoir une version juridique, une version simplifi\u00e9e et une version informatique&nbsp;;\n<\/li>\n<li> d\u2019expliquer la compatibilit\u00e9 entre les diff\u00e9rents types de licences pour cr\u00e9er une \u0153uvre composite.\n<\/li>\n<\/ul>\n<p>\n<\/p>\n<p>\n\t\t<\/div>\n\t<\/div>\n<\/div><\/p>\n<p><!-- \nNewPP limit report\nCPU time usage: 0.078 seconds\nReal time usage: 1.078 seconds\nPreprocessor visited node count: 104\/1000000\nPreprocessor generated node count: 776\/1000000\nPost\u2010expand include size: 2925\/2097152 bytes\nTemplate argument size: 1428\/2097152 bytes\nHighest expansion depth: 7\/40\nExpensive parser function count: 0\/100\n--><\/p>\n<p><!-- Saved in parser cache with key we_en-mw_:pcache:idhash:188348-0!*!*!*!*!2!* and timestamp 20230802220749 and revision id 1085785\n -->\n<\/div>\n<div class=\"visualClear\"><\/div>\n<\/p><\/div>\n<\/p><\/div>\n<\/div>\n<\/div>\n<\/div>\n<div class=\"row\">\n<div class=\"col-md-12\">\n<ul class=\"pager\">\n<li class=\"previous\">\n            <a href=\"\/lida103-fr\/modules\/cas-pratique-sur-le-droit-dauteur\/mise-en-pratique-defi-qcm-sur-le-droit-dauteur\">\u2190 Pr\u00e9c\u00e9dent<\/a>\n          <\/li>\n<li class=\"next\">\n            <a href=\"\/lida103-fr\/modules\/licences-creative-commons\/support-video\">Suivant \u2192<\/a>\n          <\/li>\n<\/ul><\/div>\n<\/p><\/div>\n<div id=\"wenote-ids\"><script type='text\/javascript' id='wenotes-ids'>\n    var WEnotesSite = \"https:\/\/wikieducator.org\";\n    var WEnotesPath = \"\/Learning_in_a_digital_age\/LiDA103_fr\/Creative_Commons\/Overview\";\n    var WEnotesSiteID = \"0e3d258fbd36841f92259eefcd41d5e9\";\n    var WEnotesPathID = \"652ffca2540956325878b58a2db5e827\";\n    var WEnotesIDs = { site: \"https:\/\/wikieducator.org\", path: \"\/Learning_in_a_digital_age\/LiDA103_fr\/Creative_Commons\/Overview\", site_id: \"0e3d258fbd36841f92259eefcd41d5e9\", path_id: \"652ffca2540956325878b58a2db5e827\" };\n<\/script><\/div>\n<\/div>\n<footer><\/footer>\n","protected":false},"excerpt":{"rendered":"<p>Les licences Creative Commons sont des licences ouvertes qui proposent un ensemble d\u2019outils gratuits pour vous aider \u00e0 partager l\u00e9galement vos connaissances et vos \u0153uvres. Elles sont parmi les plus utilis\u00e9es pour la publication d\u2019\u0153uvres sous licence ouverte. Dans ce module, nous \u00e9tudierons leur fonctionnement. \u2190 Pr\u00e9c\u00e9dent Suivant \u2192<\/p>\n","protected":false},"author":1,"featured_media":0,"parent":14210,"menu_order":0,"comment_status":"closed","ping_status":"closed","template":"","meta":{"footnotes":""},"class_list":["post-14212","page","type-page","status-publish","hentry"],"_links":{"self":[{"href":"https:\/\/course.oeru.org\/lida103-fr\/wp-json\/wp\/v2\/pages\/14212","targetHints":{"allow":["GET"]}}],"collection":[{"href":"https:\/\/course.oeru.org\/lida103-fr\/wp-json\/wp\/v2\/pages"}],"about":[{"href":"https:\/\/course.oeru.org\/lida103-fr\/wp-json\/wp\/v2\/types\/page"}],"author":[{"embeddable":true,"href":"https:\/\/course.oeru.org\/lida103-fr\/wp-json\/wp\/v2\/users\/1"}],"replies":[{"embeddable":true,"href":"https:\/\/course.oeru.org\/lida103-fr\/wp-json\/wp\/v2\/comments?post=14212"}],"version-history":[{"count":1,"href":"https:\/\/course.oeru.org\/lida103-fr\/wp-json\/wp\/v2\/pages\/14212\/revisions"}],"predecessor-version":[{"id":14213,"href":"https:\/\/course.oeru.org\/lida103-fr\/wp-json\/wp\/v2\/pages\/14212\/revisions\/14213"}],"up":[{"embeddable":true,"href":"https:\/\/course.oeru.org\/lida103-fr\/wp-json\/wp\/v2\/pages\/14210"}],"wp:attachment":[{"href":"https:\/\/course.oeru.org\/lida103-fr\/wp-json\/wp\/v2\/media?parent=14212"}],"curies":[{"name":"wp","href":"https:\/\/api.w.org\/{rel}","templated":true}]}}