{"id":14216,"date":"2023-08-03T03:19:21","date_gmt":"2023-08-03T03:19:21","guid":{"rendered":"https:\/\/course.oeru.org\/lida103-fr\/?page_id=14216"},"modified":"2023-08-03T03:19:21","modified_gmt":"2023-08-03T03:19:21","slug":"principes-fondamentaux-des-licences-cc","status":"publish","type":"page","link":"https:\/\/course.oeru.org\/lida103-fr\/modules\/licences-creative-commons\/principes-fondamentaux-des-licences-cc\/","title":{"rendered":"Principes fondamentaux des licences CC"},"content":{"rendered":"<div id=\"content\" class=\"mw-body container\" role=\"main\">\n<div class=\"row\">\n<div class=\"col-md-12\">\n<div class=\"panel\">\n<div class=\"panel-body\">\n<div id=\"bodyContent\">\n<div id=\"mw-content-text\" lang=\"en\" dir=\"ltr\" class=\"mw-content-ltr\">\n<div class=\"floatright\"><a href=\"https:\/\/wikieducator.org\/File:Creative_Commons_-_cc_stickers.jpg\" class=\"image\"><img loading=\"lazy\" decoding=\"async\" alt=\"Creative Commons - cc stickers.jpg\" src=\"\/\/wikieducator.org\/images\/thumb\/0\/0c\/Creative_Commons_-_cc_stickers.jpg\/320px-Creative_Commons_-_cc_stickers.jpg\" width=\"320\" height=\"212\" class=\"img-responsive\"><\/a><\/div>\n<p> Gr\u00e2ce aux licences de droit d\u2019auteur et aux outils propos\u00e9s par <a rel=\"nofollow\" class=\"external text\" href=\"http:\/\/creativecommons.org\">Creative Commons<\/a> (CC), les auteurs peuvent partager l\u00e9galement leurs \u0153uvres tout en donnant l\u2019autorisation au grand public de les utiliser sous certaines conditions. <\/p>\n<p>Si vous jouissez des droits exclusifs sur un bien, vous pouvez d\u00e9cider en tant que propri\u00e9taire de la fa\u00e7on dont ce dernier peut \u00eatre utilis\u00e9. Par exemple, vous pouvez autoriser quelqu\u2019un \u00e0 emprunter votre voiture ou \u00e0 s\u00e9journer dans votre maison. Dans le cas du droit d\u2019auteur, le titulaire est investi des droits exclusifs de reproduction, de distribution et d\u2019adaptation de son \u0153uvre originale, y compris des droits p\u00e9cuniaires qui en d\u00e9coulent. Il peut donc donner des autorisations concernant ces droits. Les licences Creative Commons fournissent des outils juridiques pour aider les auteurs \u00e0 g\u00e9rer leurs droits de propri\u00e9t\u00e9 intellectuelle et les autorisations associ\u00e9es \u00e0 leurs \u0153uvres.<br style=\"clear:both;\">\n<\/p>\n<div class=\"panel iDevice\">\n\t<div class=\"panel-heading idevice-heading\">\n\t\t<div>\n\t\t\t<img decoding=\"async\" class=\"pedagogicalicon\" alt=\"definitions\" src=\"https:\/\/course.oeru.org\/lida103-fr\/wp-content\/themes\/oeru-course\/idevices\/Icon_define.png\">\n\t\t<\/div>\n\t\t<div>\n\t\t\t<h2>D\u00e9finitions<\/h2>\n\t\t<\/div>\n\t<\/div>\n\t<div class=\"panel-body\">\n\t\t<div class=\"col-md-12\">\n\t\t\t<\/p>\n<dl>\n<dt>Droit d\u2019auteur\n<\/dt>\n<dd>Le <a rel=\"nofollow\" class=\"external text\" href=\"https:\/\/fr.wikipedia.org\/wiki\/Droit_d%27auteur\">droit d\u2019auteur<\/a>,  institu\u00e9 par la l\u00e9gislation d\u2019un pays, accorde au cr\u00e9ateur d\u2019une \u0153uvre originale des droits exclusifs d\u2019autorisation et de distribution. Cependant, afin de concilier ces droits avec l\u2019int\u00e9r\u00eat g\u00e9n\u00e9ral, il existe des exceptions et des limitations telles que l\u2019utilisation \u00e9quitable.\n<\/dd>\n<dt>Titulaire du droit d\u2019auteur\n<\/dt>\n<dd>En vertu de la loi, le titulaire du droit d\u2019auteur se pr\u00e9vaut du droit exclusif \u00e0 contr\u00f4ler la reproduction et d\u2019autres formes d\u2019exploitation de son \u0153uvre au cours d\u2019une p\u00e9riode donn\u00e9e, au terme de laquelle cette \u0153uvre tombe dans le domaine public.\n<\/dd>\n<\/dl>\n<p>\n<\/p>\n<p>\n\t\t<\/div>\n\t<\/div>\n<\/div>\n<p>\nEn tant que titulaire l\u00e9gitime des droits patrimoniaux, il peut par avance d\u00e9cider d\u2019autoriser certaines exploitations de son \u0153uvre. Pour ce faire, il peut <a href=\"\/lida103-fr\/modules\/droit-dauteur\/transfert-des-droits\" title=\"Learning in a digital age\/LiDA103 fr\/Copyright\/Transfer\">transf\u00e9rer ses droits<\/a>  en conc\u00e9dant une licence de droit d\u2019auteur.\n<\/p>\n<p>\n<\/p>\n<h2><span class=\"mw-headline\" id=\"Compl.C3.A9ment_au_droit_d.E2.80.99auteur\">Compl\u00e9ment au droit d\u2019auteur<\/span><\/h2>\n<p>Gr\u00e2ce aux licences Creative Commons, un cr\u00e9ateur peut choisir entre plusieurs possibilit\u00e9s, qui vont de \u00ab\u2009certains droits r\u00e9serv\u00e9s\u2009\u00bb \u00e0 \u00ab\u2009tous droits r\u00e9serv\u00e9s\u2009\u00bb. La traditionnelle mention \u00ab\u2009tous droits r\u00e9serv\u00e9s\u2009\u00bb conf\u00e8re au cr\u00e9ateur des droits exclusifs sur son \u0153uvre qui restreignent sa reproduction, sa distribution ou son adaptation sans autorisation par des tiers.\n<\/p>\n<p>Imaginez les licences Creative Commons comme un outil qui permet aux transmetteurs de savoir de cr\u00e9er et de partager des \u0153uvres en s\u2019appuyant sur un syst\u00e8me qui accorde des permissions plut\u00f4t que sur un syst\u00e8me qui impose des restrictions par d\u00e9faut.\n<\/p>\n<p>En tant que titulaire de droits sur votre \u0153uvre, vous avez la libert\u00e9 de choisir la licence la plus ouverte, qui autorise d\u2019autres personnes \u00e0 <b>reproduire<\/b>, <b>distribuer<\/b> ou <b>modifier<\/b> celle-ci tant qu\u2019elles vous en attribuent la paternit\u00e9. Il est \u00e9galement possible de pr\u00e9ciser des conditions suppl\u00e9mentaires en choisissant diff\u00e9rentes clauses pour la licence.<br \/> \n<\/p>\n<div class=\"panel iDevice\">\n\t<div class=\"panel-heading idevice-heading\">\n\t\t<div>\n\t\t\t<img decoding=\"async\" class=\"pedagogicalicon\" alt=\"media\" src=\"https:\/\/course.oeru.org\/lida103-fr\/wp-content\/themes\/oeru-course\/idevices\/Icon_multimedia.png\">\n\t\t<\/div>\n\t\t<div>\n\t\t\t<h2>Les licences ouvertes Creative Commons<\/h2>\n\t\t<\/div>\n\t<\/div>\n\t<div class=\"panel-body\">\n\t\t<div class=\"col-md-12\">\n\t\t\t<\/p>\n<p>Dans la vid\u00e9o suivante, Creative Commons France et le Minist\u00e8re de la Culture et de la Communication de France pr\u00e9sentent les licences ouvertes Creative Commons.\n<\/p>\n<p>\n<\/p>\n<p>\n<div data-mode=\"normal\" data-oembed=\"1\" data-provider=\"vimeo\" id=\"arve-vimeo-646647243\" style=\"max-width:638px;\" class=\"arve aligncenter\">\n\t<div class=\"arve-inner\">\n\t\t<div style=\"aspect-ratio:500\/281\" class=\"arve-embed arve-embed--has-aspect-ratio\">\n\t\t\t<div class=\"arve-ar\" style=\"padding-top:56.200000%\"><\/div>\n\t\t\t<iframe allow=\"accelerometer &apos;none&apos;;autoplay &apos;none&apos;;bluetooth &apos;none&apos;;browsing-topics &apos;none&apos;;camera &apos;none&apos;;clipboard-read &apos;none&apos;;clipboard-write;display-capture &apos;none&apos;;encrypted-media &apos;none&apos;;gamepad &apos;none&apos;;geolocation &apos;none&apos;;gyroscope &apos;none&apos;;hid &apos;none&apos;;identity-credentials-get &apos;none&apos;;idle-detection &apos;none&apos;;keyboard-map &apos;none&apos;;local-fonts;magnetometer &apos;none&apos;;microphone &apos;none&apos;;midi &apos;none&apos;;otp-credentials &apos;none&apos;;payment &apos;none&apos;;picture-in-picture;publickey-credentials-create &apos;none&apos;;publickey-credentials-get &apos;none&apos;;screen-wake-lock &apos;none&apos;;serial &apos;none&apos;;summarizer &apos;none&apos;;sync-xhr;usb &apos;none&apos;;web-share;window-management &apos;none&apos;;xr-spatial-tracking &apos;none&apos;;\" allowfullscreen=\"\" class=\"arve-iframe fitvidsignore\" credentialless data-arve=\"arve-vimeo-646647243\" data-lenis-prevent=\"\" data-src-no-ap=\"https:\/\/player.vimeo.com\/video\/646647243?dnt=1&amp;app_id=122963&amp;transparent=0&amp;title=0&amp;byline=0&amp;portrait=0&amp;amp;byline=0&amp;amp;portrait=0&amp;amp;&amp;autoplay=0#t=0s\" frameborder=\"0\" height=\"358.556\" loading=\"lazy\" name=\"\" referrerpolicy=\"strict-origin-when-cross-origin\" sandbox=\"allow-scripts allow-same-origin allow-presentation allow-popups allow-popups-to-escape-sandbox allow-forms\" scrolling=\"no\" src=\"https:\/\/player.vimeo.com\/video\/646647243?dnt=1&#038;app_id=122963&#038;transparent=0&#038;title=0&#038;byline=0&#038;portrait=0&#038;byline=0&#038;portrait=0&#038;&#038;autoplay=0#t=0s\" title=\"\" width=\"638\"><\/iframe>\n\t\t\t\n\t\t<\/div>\n\t\t\n\t<\/div>\n\t\n\t\n\t<script type=\"application\/ld+json\">{\"@context\":\"http:\\\/\\\/schema.org\\\/\",\"@id\":\"https:\\\/\\\/course.oeru.org\\\/lida103-fr\\\/modules\\\/licences-creative-commons\\\/principes-fondamentaux-des-licences-cc\\\/#arve-vimeo-646647243\",\"type\":\"VideoObject\",\"embedURL\":\"https:\\\/\\\/player.vimeo.com\\\/video\\\/646647243?dnt=1&app_id=122963&transparent=0&title=0&byline=0&portrait=0&amp;byline=0&amp;portrait=0&amp;&autoplay=0#t=0s\"}<\/script>\n\t\n<\/div><\/p>\n<p><br style=\"clear:both;\">\n<\/p>\n<p>Faites part de vos r\u00e9flexions et de vos id\u00e9es en publiant un commentaire sur WEnote, par exemple&nbsp;:\n<\/p>\n<ul>\n<li> <i>Selon moi, le message le plus important de la vid\u00e9o est\u2026<\/i>\n<\/li>\n<li> <i>Je ne savais pas que\u2026<\/i>\n<\/li>\n<li> <i>Avec une licence Creative Commons, j\u2019aimerais\u2026<\/i>\n<\/li>\n<li> <i>Je ne pense pas que\u2026<\/i>\n<\/li>\n<\/ul>\n<p><div><p>Vous devez \u00eatre connect\u00e9 pour publier sur WEnotes.<\/p><\/div><\/p>\n<p><i>Note&nbsp;: Votre commentaire s\u2019affichera sur le <a href=\"\/lida103-fr\/communications\/fil-dactualite-du-cours\" title=\"Learning in a digital age\/LiDA103 fr\/Feed\">fil d\u2019actualit\u00e9 du cours<\/a>.<\/i>\n<\/p>\n<p>\n<\/p>\n<p>\n\t\t<\/div>\n\t<\/div>\n<\/div>\n<p>\n<\/p>\n<h2><span class=\"mw-headline\" id=\"De_.C2.ABtous_droits_r.C3.A9serv.C3.A9s.C2.BB_.C3.A0_.C2.ABcertains_droits_r.C3.A9serv.C3.A9s.C2.BB\">De \u00abtous droits r\u00e9serv\u00e9s\u00bb \u00e0 \u00abcertains droits r\u00e9serv\u00e9s\u00bb<\/span><\/h2>\n<div class=\"thumb tright\">\n<div class=\"thumbinner thumbnail\" style=\"width:322px;\"><a href=\"https:\/\/wikieducator.org\/File:Tyler.stefanich_-_Creative_Commons_Swag_Contest_2007_2_(by).jpg\" class=\"image\"><img loading=\"lazy\" decoding=\"async\" alt=\"\" src=\"\/\/wikieducator.org\/images\/thumb\/2\/22\/Tyler.stefanich_-_Creative_Commons_Swag_Contest_2007_2_%28by%29.jpg\/320px-Tyler.stefanich_-_Creative_Commons_Swag_Contest_2007_2_%28by%29.jpg\" width=\"320\" height=\"213\" class=\"thumbimage img-responsive\"><\/a>  <\/p>\n<div class=\"thumbcaption\">Avec une licence Creative Commons, seuls certains droits sont r\u00e9serv\u00e9s.<\/div>\n<\/div>\n<\/div>\n<p><a rel=\"nofollow\" class=\"external text\" href=\"http:\/\/creativecommons.org\/about\/\">Creative Commons<\/a> est une association \u00e0 but non lucratif qui s\u2019efforce d\u2019exploiter au maximum le potentiel d\u2019Internet&nbsp;: acc\u00e8s universel \u00e0 la recherche, \u00e9ducation, pleine participation \u00e0 la culture et av\u00e8nement d\u2019une nouvelle \u00e8re de d\u00e9veloppement, de croissance et de productivit\u00e9. L\u2019acc\u00e8s universel \u00e0 l\u2019\u00e9ducation est \u00e0 port\u00e9e de main, mais il est entrav\u00e9 par l\u2019absence d\u2019\u00e9volution l\u00e9gislative en mati\u00e8re de droit d\u2019auteur et l\u2019incompatibilit\u00e9 des technologies. Creative Commons s\u2019efforce de r\u00e9duire ces obstacles en proposant des licences et des outils accessibles \u00e0 chacun pour partager des contenus p\u00e9dagogiques avec le reste du monde. Gr\u00e2ce aux licences CC, les manuels et les plans de cours sont faciles \u00e0 trouver, \u00e0 partager, \u00e0 personnaliser et \u00e0 combiner, ce qui permet de b\u00e9n\u00e9ficier de tous les avantages de l\u2019\u00e9ducation num\u00e9rique. <\/p>\n<p>\nPour r\u00e9sumer, les licences et les outils CC permettent \u00e0 tout le monde, des cr\u00e9ateurs aux grandes entreprises en passant par les institutions, de conserver leur droit d\u2019auteur selon une proc\u00e9dure simple et normalis\u00e9e tout en autorisant certaines utilisations de leur \u0153uvre \u2013 selon le principe de \u00ab\u2009certains droits r\u00e9serv\u00e9s\u2009\u00bb\u2009; le contenu qu\u2019ils produisent devient ainsi imm\u00e9diatement plus compatible avec le plein potentiel d\u2019Internet. En associant les licences et les outils mis \u00e0 disposition par Creative Commons, les utilisateurs rendent possibles l\u2019existence et l\u2019expansion de vastes communs num\u00e9riques, c\u2019est-\u00e0-dire de fonds de documents qui peuvent \u00eatre reproduits, distribu\u00e9s, modifi\u00e9s, combin\u00e9s et utilis\u00e9s comme source d\u2019inspiration, <b>le tout dans les limites fix\u00e9es par la l\u00e9gislation relative au droit d\u2019auteur du pays<\/b>: de nature contractuelle, la licence se situe en-dessous de la loi dans la hi\u00e9rarchie des normes juridiques. Cette hi\u00e9rarchie des normes est mise en \u0153uvre de fa\u00e7on plus stricte dans les pays de droit civil que dans les pays de common law.<br \/>\n<br style=\"clear:both;\">\n<\/p>\n<h2><span class=\"mw-headline\" id=\"Sources\">Sources<\/span><\/h2>\n<p>Texte adapt\u00e9 d\u2019apr\u00e8s les pages <a rel=\"nofollow\" class=\"external free\" href=\"http:\/\/creativecommons.org\/about\">http:\/\/creativecommons.org\/about<\/a> and <a rel=\"nofollow\" class=\"external free\" href=\"http:\/\/creativecommons.org\/education\">http:\/\/creativecommons.org\/education<\/a> (en anglais seulement)\n<\/p>\n<p><!-- \nNewPP limit report\nCPU time usage: 0.159 seconds\nReal time usage: 2.349 seconds\nPreprocessor visited node count: 287\/1000000\nPreprocessor generated node count: 1275\/1000000\nPost\u2010expand include size: 6868\/2097152 bytes\nTemplate argument size: 3440\/2097152 bytes\nHighest expansion depth: 7\/40\nExpensive parser function count: 0\/100\n--><\/p>\n<p><!-- Saved in parser cache with key we_en-mw_:pcache:idhash:188350-0!*!0!!*!2!* and timestamp 20230802220751 and revision id 1091217\n -->\n<\/div>\n<div class=\"visualClear\"><\/div>\n<\/p><\/div>\n<\/p><\/div>\n<\/div>\n<\/div>\n<\/div>\n<div class=\"row\">\n<div class=\"col-md-12\">\n<ul class=\"pager\">\n<li class=\"previous\">\n            <a href=\"\/lida103-fr\/modules\/licences-creative-commons\/support-video\">\u2190 Pr\u00e9c\u00e9dent<\/a>\n          <\/li>\n<li class=\"next\">\n            <a href=\"\/lida103-fr\/modules\/licences-creative-commons\/fonctionnement-des-licences-cc\">Suivant \u2192<\/a>\n          <\/li>\n<\/ul><\/div>\n<\/p><\/div>\n<div id=\"wenote-ids\"><script type='text\/javascript' id='wenotes-ids'>\n    var WEnotesSite = \"https:\/\/wikieducator.org\";\n    var WEnotesPath = \"\/Learning_in_a_digital_age\/LiDA103_fr\/Creative_Commons\/Basics\";\n    var WEnotesSiteID = \"0e3d258fbd36841f92259eefcd41d5e9\";\n    var WEnotesPathID = \"61d51ed445c4b7695b6dd9aae46d7414\";\n    var WEnotesIDs = { site: \"https:\/\/wikieducator.org\", path: \"\/Learning_in_a_digital_age\/LiDA103_fr\/Creative_Commons\/Basics\", site_id: \"0e3d258fbd36841f92259eefcd41d5e9\", path_id: \"61d51ed445c4b7695b6dd9aae46d7414\" };\n<\/script><\/div>\n<\/div>\n<footer><\/footer>\n","protected":false},"excerpt":{"rendered":"<p>Gr\u00e2ce aux licences de droit d\u2019auteur et aux outils propos\u00e9s par Creative Commons (CC), les auteurs peuvent partager l\u00e9galement leurs \u0153uvres tout en donnant l\u2019autorisation au grand public de les utiliser sous certaines conditions. Si vous jouissez des droits exclusifs sur un bien, vous pouvez d\u00e9cider en tant que propri\u00e9taire de la fa\u00e7on dont ce [&hellip;]<\/p>\n","protected":false},"author":1,"featured_media":0,"parent":14210,"menu_order":0,"comment_status":"closed","ping_status":"closed","template":"","meta":{"footnotes":""},"class_list":["post-14216","page","type-page","status-publish","hentry"],"_links":{"self":[{"href":"https:\/\/course.oeru.org\/lida103-fr\/wp-json\/wp\/v2\/pages\/14216","targetHints":{"allow":["GET"]}}],"collection":[{"href":"https:\/\/course.oeru.org\/lida103-fr\/wp-json\/wp\/v2\/pages"}],"about":[{"href":"https:\/\/course.oeru.org\/lida103-fr\/wp-json\/wp\/v2\/types\/page"}],"author":[{"embeddable":true,"href":"https:\/\/course.oeru.org\/lida103-fr\/wp-json\/wp\/v2\/users\/1"}],"replies":[{"embeddable":true,"href":"https:\/\/course.oeru.org\/lida103-fr\/wp-json\/wp\/v2\/comments?post=14216"}],"version-history":[{"count":1,"href":"https:\/\/course.oeru.org\/lida103-fr\/wp-json\/wp\/v2\/pages\/14216\/revisions"}],"predecessor-version":[{"id":14217,"href":"https:\/\/course.oeru.org\/lida103-fr\/wp-json\/wp\/v2\/pages\/14216\/revisions\/14217"}],"up":[{"embeddable":true,"href":"https:\/\/course.oeru.org\/lida103-fr\/wp-json\/wp\/v2\/pages\/14210"}],"wp:attachment":[{"href":"https:\/\/course.oeru.org\/lida103-fr\/wp-json\/wp\/v2\/media?parent=14216"}],"curies":[{"name":"wp","href":"https:\/\/api.w.org\/{rel}","templated":true}]}}