{"id":14218,"date":"2023-08-03T03:19:22","date_gmt":"2023-08-03T03:19:22","guid":{"rendered":"https:\/\/course.oeru.org\/lida103-fr\/?page_id=14218"},"modified":"2023-08-03T03:19:22","modified_gmt":"2023-08-03T03:19:22","slug":"fonctionnement-des-licences-cc","status":"publish","type":"page","link":"https:\/\/course.oeru.org\/lida103-fr\/modules\/licences-creative-commons\/fonctionnement-des-licences-cc\/","title":{"rendered":"Fonctionnement des licences CC"},"content":{"rendered":"<div id=\"content\" class=\"mw-body container\" role=\"main\">\n<div class=\"row\">\n<div class=\"col-md-12\">\n<div class=\"panel\">\n<div class=\"panel-body\">\n<div id=\"bodyContent\">\n<div id=\"mw-content-text\" lang=\"en\" dir=\"ltr\" class=\"mw-content-ltr\"><div class=\"panel iDevice\">\n\t<div class=\"panel-heading idevice-heading\">\n\t\t<div>\n\t\t\t<img decoding=\"async\" class=\"pedagogicalicon\" alt=\"media\" src=\"https:\/\/course.oeru.org\/lida103-fr\/wp-content\/themes\/oeru-course\/idevices\/Icon_multimedia.png\">\n\t\t<\/div>\n\t\t<div>\n\t\t\t<h2>R\u00e9capitulatif des clauses des licences CC<\/h2>\n\t\t<\/div>\n\t<\/div>\n\t<div class=\"panel-body\">\n\t\t<div class=\"col-md-12\">\n\t\t\t<\/p>\n<p>La vid\u00e9o <a rel=\"nofollow\" class=\"external text\" href=\"https:\/\/vimeo.com\/553127562\">Creative Commons Kiwi<\/a> \u00e9labor\u00e9e pour le compte de <a rel=\"nofollow\" class=\"external text\" href=\"http:\/\/www.creativecommons.org.nz\/\">Creative Commons Aoteaora Nouvelle-Z\u00e9lande<\/a> et produite par <a rel=\"nofollow\" class=\"external text\" href=\"http:\/\/mohawkmedia.co.nz\/\">Mohawk Media<\/a> r\u00e9capitule clairement les clauses des licences Creative Commons.\n<\/p>\n<ul>\n<li> Comment t\u00e9l\u00e9charger et partager l\u00e9galement du contenu num\u00e9rique&nbsp;?\n<\/li>\n<li> Comment faire savoir que vous autorisez la r\u00e9utilisation de votre propre travail&nbsp;?\n<\/li>\n<\/ul>\n<p>Cette vid\u00e9o r\u00e9pondra \u00e0 vos questions. Elle fournit un cadre de r\u00e9f\u00e9rence utile avant d\u2019\u00e9tudier en d\u00e9tail les <a rel=\"nofollow\" class=\"external text\" href=\"https:\/\/wikieducator.org\/Creative_Commons_unplugged\/The_CC_licenses\">clauses des licences<\/a><br \/> \n<\/p>\n<p>\n<\/p>\n\n<div data-mode=\"normal\" data-oembed=\"1\" data-provider=\"vimeo\" id=\"arve-vimeo-553127562\" style=\"max-width:640px;\" class=\"arve aligncenter\">\n\t<div class=\"arve-inner\">\n\t\t<div style=\"aspect-ratio:500\/281\" class=\"arve-embed arve-embed--has-aspect-ratio\">\n\t\t\t<div class=\"arve-ar\" style=\"padding-top:56.200000%\"><\/div>\n\t\t\t<iframe allow=\"accelerometer &apos;none&apos;;autoplay &apos;none&apos;;bluetooth &apos;none&apos;;browsing-topics &apos;none&apos;;camera &apos;none&apos;;clipboard-read &apos;none&apos;;clipboard-write;display-capture &apos;none&apos;;encrypted-media &apos;none&apos;;gamepad &apos;none&apos;;geolocation &apos;none&apos;;gyroscope &apos;none&apos;;hid &apos;none&apos;;identity-credentials-get &apos;none&apos;;idle-detection &apos;none&apos;;keyboard-map &apos;none&apos;;local-fonts;magnetometer &apos;none&apos;;microphone &apos;none&apos;;midi &apos;none&apos;;otp-credentials &apos;none&apos;;payment &apos;none&apos;;picture-in-picture;publickey-credentials-create &apos;none&apos;;publickey-credentials-get &apos;none&apos;;screen-wake-lock &apos;none&apos;;serial &apos;none&apos;;summarizer &apos;none&apos;;sync-xhr;usb &apos;none&apos;;web-share;window-management &apos;none&apos;;xr-spatial-tracking &apos;none&apos;;\" allowfullscreen=\"\" class=\"arve-iframe fitvidsignore\" credentialless data-arve=\"arve-vimeo-553127562\" data-lenis-prevent=\"\" data-src-no-ap=\"https:\/\/player.vimeo.com\/video\/553127562?dnt=1&amp;app_id=122963&amp;transparent=0&amp;title=0&amp;byline=0&amp;portrait=0&amp;amp;byline=0&amp;amp;portrait=0&amp;amp;&amp;autoplay=0#t=0s\" frameborder=\"0\" height=\"359.68\" loading=\"lazy\" name=\"\" referrerpolicy=\"strict-origin-when-cross-origin\" sandbox=\"allow-scripts allow-same-origin allow-presentation allow-popups allow-popups-to-escape-sandbox allow-forms\" scrolling=\"no\" src=\"https:\/\/player.vimeo.com\/video\/553127562?dnt=1&#038;app_id=122963&#038;transparent=0&#038;title=0&#038;byline=0&#038;portrait=0&#038;byline=0&#038;portrait=0&#038;&#038;autoplay=0#t=0s\" title=\"\" width=\"640\"><\/iframe>\n\t\t\t\n\t\t<\/div>\n\t\t\n\t<\/div>\n\t\n\t\n\t<script type=\"application\/ld+json\">{\"@context\":\"http:\\\/\\\/schema.org\\\/\",\"@id\":\"https:\\\/\\\/course.oeru.org\\\/lida103-fr\\\/modules\\\/licences-creative-commons\\\/fonctionnement-des-licences-cc\\\/#arve-vimeo-553127562\",\"type\":\"VideoObject\",\"embedURL\":\"https:\\\/\\\/player.vimeo.com\\\/video\\\/553127562?dnt=1&app_id=122963&transparent=0&title=0&byline=0&portrait=0&amp;byline=0&amp;portrait=0&amp;&autoplay=0#t=0s\"}<\/script>\n\t\n<\/div>\n<p><br style=\"clear:both;\">\n<\/p>\n<p>Faites part de vos r\u00e9flexions, de vos id\u00e9es ou de votre opinion sur la vid\u00e9o <i>Creative Commons Kiwi<\/i>, en particulier si son visionnage a fait surgir des questions pr\u00e9cises. Publiez vos commentaires et vos questions sur WeNote ci-dessous.\n<\/p>\n<\/p>\n<div><p>Vous devez \u00eatre connect\u00e9 pour publier sur WEnotes.<\/p><\/div>\n<p><i>Note&nbsp;: Votre commentaire s\u2019affichera sur le <a href=\"\/lida103-fr\/communications\/fil-dactualite-du-cours\" title=\"Learning in a digital age\/LiDA103 fr\/Feed\">fil d\u2019actualit\u00e9 du cours<\/a>.<\/i>\n<\/p>\n<p>\n<\/p>\n<p>\n\t\t<\/div>\n\t<\/div>\n<\/div><\/p>\n<p>\n<\/p>\n<p><!-- \nNewPP limit report\nCPU time usage: 0.032 seconds\nReal time usage: 0.037 seconds\nPreprocessor visited node count: 168\/1000000\nPreprocessor generated node count: 1179\/1000000\nPost\u2010expand include size: 4851\/2097152 bytes\nTemplate argument size: 2917\/2097152 bytes\nHighest expansion depth: 7\/40\nExpensive parser function count: 0\/100\n--><\/p>\n<p><!-- Saved in parser cache with key we_en-mw_:pcache:idhash:188351-0!*!0!*!*!2!* and timestamp 20230802040144 and revision id 1091070\n -->\n<\/div>\n<div class=\"visualClear\"><\/div>\n<\/p><\/div>\n<\/p><\/div>\n<\/div>\n<\/div>\n<\/div>\n<div class=\"row\">\n<div class=\"col-md-12\">\n<ul class=\"pager\">\n<li class=\"previous\">\n            <a href=\"\/lida103-fr\/modules\/licences-creative-commons\/principes-fondamentaux-des-licences-cc\">\u2190 Pr\u00e9c\u00e9dent<\/a>\n          <\/li>\n<li class=\"next\">\n            <a href=\"\/lida103-fr\/modules\/licences-creative-commons\/licences-cc\">Suivant \u2192<\/a>\n          <\/li>\n<\/ul><\/div>\n<\/p><\/div>\n<div id=\"wenote-ids\"><script type='text\/javascript' id='wenotes-ids'>\n    var WEnotesSite = \"https:\/\/wikieducator.org\";\n    var WEnotesPath = \"\/Learning_in_a_digital_age\/LiDA103_fr\/Creative_Commons\/CC_Overview\";\n    var WEnotesSiteID = \"0e3d258fbd36841f92259eefcd41d5e9\";\n    var WEnotesPathID = \"5ab7435b9c3fdfb6f63a68711a3c781e\";\n    var WEnotesIDs = { site: \"https:\/\/wikieducator.org\", path: \"\/Learning_in_a_digital_age\/LiDA103_fr\/Creative_Commons\/CC_Overview\", site_id: \"0e3d258fbd36841f92259eefcd41d5e9\", path_id: \"5ab7435b9c3fdfb6f63a68711a3c781e\" };\n<\/script><\/div>\n<\/div>\n<footer><\/footer>\n","protected":false},"excerpt":{"rendered":"<p>\u2190 Pr\u00e9c\u00e9dent Suivant \u2192<\/p>\n","protected":false},"author":1,"featured_media":0,"parent":14210,"menu_order":0,"comment_status":"closed","ping_status":"closed","template":"","meta":{"footnotes":""},"class_list":["post-14218","page","type-page","status-publish","hentry"],"_links":{"self":[{"href":"https:\/\/course.oeru.org\/lida103-fr\/wp-json\/wp\/v2\/pages\/14218","targetHints":{"allow":["GET"]}}],"collection":[{"href":"https:\/\/course.oeru.org\/lida103-fr\/wp-json\/wp\/v2\/pages"}],"about":[{"href":"https:\/\/course.oeru.org\/lida103-fr\/wp-json\/wp\/v2\/types\/page"}],"author":[{"embeddable":true,"href":"https:\/\/course.oeru.org\/lida103-fr\/wp-json\/wp\/v2\/users\/1"}],"replies":[{"embeddable":true,"href":"https:\/\/course.oeru.org\/lida103-fr\/wp-json\/wp\/v2\/comments?post=14218"}],"version-history":[{"count":1,"href":"https:\/\/course.oeru.org\/lida103-fr\/wp-json\/wp\/v2\/pages\/14218\/revisions"}],"predecessor-version":[{"id":14219,"href":"https:\/\/course.oeru.org\/lida103-fr\/wp-json\/wp\/v2\/pages\/14218\/revisions\/14219"}],"up":[{"embeddable":true,"href":"https:\/\/course.oeru.org\/lida103-fr\/wp-json\/wp\/v2\/pages\/14210"}],"wp:attachment":[{"href":"https:\/\/course.oeru.org\/lida103-fr\/wp-json\/wp\/v2\/media?parent=14218"}],"curies":[{"name":"wp","href":"https:\/\/api.w.org\/{rel}","templated":true}]}}