{"id":14224,"date":"2023-08-03T03:19:29","date_gmt":"2023-08-03T03:19:29","guid":{"rendered":"https:\/\/course.oeru.org\/lida103-fr\/?page_id=14224"},"modified":"2023-08-03T03:19:29","modified_gmt":"2023-08-03T03:19:29","slug":"oeuvres-composites-et-compatibilite","status":"publish","type":"page","link":"https:\/\/course.oeru.org\/lida103-fr\/modules\/licences-creative-commons\/oeuvres-composites-et-compatibilite\/","title":{"rendered":"\u0152uvres composites et compatibilit\u00e9"},"content":{"rendered":"<div id=\"content\" class=\"mw-body container\" role=\"main\">\n<div class=\"row\">\n<div class=\"col-md-12\">\n<div class=\"panel\">\n<div class=\"panel-body\">\n<div id=\"bodyContent\">\n<div id=\"mw-content-text\" lang=\"en\" dir=\"ltr\" class=\"mw-content-ltr\">\n<div class=\"floatright\"><a href=\"https:\/\/wikieducator.org\/File:Growing_derivative_CC_works.jpg\" class=\"image\"><img loading=\"lazy\" decoding=\"async\" alt=\"Growing derivative CC works.jpg\" src=\"\/\/wikieducator.org\/images\/thumb\/c\/ce\/Growing_derivative_CC_works.jpg\/320px-Growing_derivative_CC_works.jpg\" width=\"320\" height=\"214\" class=\"img-responsive\"><\/a><\/div>\n<p> La possibilit\u00e9 de r\u00e9arranger, d\u2019adapter ou d\u2019utiliser \u00e0 d\u2019autres fins des contenus repr\u00e9sente un avantage de taille pour les ressources \u00e9ducatives libres (REL) par rapport aux documents p\u00e9dagogiques dont les droits sont r\u00e9serv\u00e9s. La cr\u00e9ation d\u2019une \u0153uvre composite consiste \u00e0 combiner diff\u00e9rentes ressources pour cr\u00e9er une nouvelle \u0153uvre d\u00e9riv\u00e9e. Les cr\u00e9ateurs de REL piochent souvent des contenus p\u00e9dagogiques dans diff\u00e9rentes sources ou ajoutent leur propre patte \u00e0 des \u0153uvres existantes pour cr\u00e9er de nouvelles ressources \u00e9ducatives qu\u2019ils publient \u00e0 leur tour sous licence ouverte. Cependant, les clauses des diff\u00e9rentes licences ne sont pas forc\u00e9ment compatibles entre elles.<\/p>\n<p>Nous devons tenir compte de la compatibilit\u00e9 des licences lorsque nous r\u00e9arrangeons des contenus, c\u2019est-\u00e0-dire lorsque nous cr\u00e9ons des \u0153uvres composites. Veuillez noter que la compatibilit\u00e9 des licences s\u2019applique pour la cr\u00e9ation d\u2019\u0153uvres d\u00e9riv\u00e9es. Gr\u00e2ce aux licences Creative Commons, il est simple de r\u00e9utiliser des documents <b>sans<\/b> les adapter (par exemple en les reproduisant ou en les redistribuant int\u00e9gralement) tant que les clauses de la licence originelle sont respect\u00e9es.<br style=\"clear:both;\">\n<\/p>\n<h2><span class=\"mw-headline\" id=\"D.C3.A9finition_d.E2.80.99une_.C5.93uvre_d.C3.A9riv.C3.A9e\">D\u00e9finition d\u2019une \u0153uvre d\u00e9riv\u00e9e<\/span><\/h2>\n<div class=\"floatright\"><a href=\"https:\/\/wikieducator.org\/File:Diffusez_vos_documents.png\" class=\"image\"><img loading=\"lazy\" decoding=\"async\" alt=\"Diffusez vos documents.png\" src=\"\/\/wikieducator.org\/images\/thumb\/1\/10\/Diffusez_vos_documents.png\/320px-Diffusez_vos_documents.png\" width=\"320\" height=\"453\" class=\"img-responsive\"><\/a><\/div>\n<p> Puisque la compatibilit\u00e9 des licences s\u2019applique aux \u0153uvres d\u00e9riv\u00e9es ou aux adaptations, nous devons d\u2019abord pr\u00e9ciser ce que Creative Commons entend par \u00ab\u0153uvre d\u00e9riv\u00e9e\u00bb.<\/p>\n<p>Une \u0153uvre d\u00e9riv\u00e9e s\u2019inspire d\u2019une autre \u0153uvre sans en \u00eatre une copie exacte. La d\u00e9finition exacte et d\u00e9taill\u00e9e de ce concept fait l\u2019objet de nombreux articles de revue juridique ainsi que de nombreux d\u00e9bats et dogmes. De mani\u00e8re g\u00e9n\u00e9rale, la traduction d\u2019une langue vers une autre ou l\u2019adaptation cin\u00e9matographique d\u2019un livre constituent des exemples d\u2019\u0153uvre d\u00e9riv\u00e9e. Combiner plusieurs documents publi\u00e9s sous licence CC<sup id=\"cite_ref-1\" class=\"reference\"><a href=\"#cite_note-1\">[1]<\/a><\/sup> avec vos propres cr\u00e9ations originales est \u00e9galement consid\u00e9r\u00e9 comme une \u0153uvre d\u00e9riv\u00e9e (composite). Selon les principales licences CC, synchroniser une musique et une image anim\u00e9e s\u2019apparente \u00e0 une \u0153uvre d\u00e9riv\u00e9e. (Pour en savoir plus, voir la fa\u00e7on dont une \u0153uvre d\u00e9riv\u00e9e est <a rel=\"nofollow\" class=\"external text\" href=\"https:\/\/creativecommons.org\/licenses\/by\/4.0\/legalcode.fr\">d\u00e9finie<\/a> dans une licence CC.)\n<\/p>\n<p>Pour les pays de common law, d\u2019apr\u00e8s la l\u00e9gislation sur le copyright selon laquelle tous les droits sont r\u00e9serv\u00e9s, le passage d\u2019un format \u00e0 l\u2019autre, par exemple la conversion d\u2019une image num\u00e9rique en JPEG vers le format GIF, est consid\u00e9r\u00e9 comme une reproduction et n\u2019est donc pas autoris\u00e9. En revanche, les licences CC permettent \u00e0 l\u2019utilisateur d\u2019exercer les droits pr\u00e9vus par la licence quel que soit le format ou le m\u00e9dium, y compris avec une licence comprenant la clause \u00ab\u2009pas d\u2019\u0153uvre d\u00e9riv\u00e9e\u2009\u00bb. Ainsi, dans le cadre d\u2019une licence Creative Commons Attribution \u2013 Utilisation non commerciale \u2013 Pas d\u2019\u0153uvre d\u00e9riv\u00e9e, vous pouvez imprimer une \u0153uvre propos\u00e9e au format num\u00e9rique en vertu des clauses de cette licence. (Pour en savoir plus, voir <a rel=\"nofollow\" class=\"external text\" href=\"https:\/\/creativecommons.org\/licenses\/by-nd\/4.0\/legalcode.fr\">l\u2019article 2<\/a> de la version juridique.)\n<\/p>\n<h2><span class=\"mw-headline\" id=\"Casse-t.C3.AAte_de_la_compatibilit.C3.A9\">Casse-t\u00eate de la compatibilit\u00e9<br \/><\/span><\/h2>\n<p>Il semblerait logique de penser qu\u2019une REL sous licence CC peut \u00eatre combin\u00e9e avec une autre REL publi\u00e9e sous licence CC ou sous une autre licence ouverte telle que la <a rel=\"nofollow\" class=\"external text\" href=\"http:\/\/www.gnu.org\/licenses\/fdl-1.3.html\">licence GNU de documentation libre<\/a> (GFDL). Ce n\u2019est pourtant pas le cas. Par exemple&nbsp;:\n<\/p>\n<ul>\n<li> une \u0153uvre sous licence CC qui interdit les \u0153uvres d\u00e9riv\u00e9es ne peut pas \u00eatre combin\u00e9e avec d\u2019autres contenus sous licence CC en raison de cette clause;\n<\/li>\n<li> d\u2019autres licences ouvertes peuvent limiter la cr\u00e9ation d\u2019\u0153uvres composites \u00e0 partir de documents publi\u00e9s sous des licences diff\u00e9rentes en raison des clauses sp\u00e9cifiques qui s\u2019appliquent aux \u0153uvres d\u00e9riv\u00e9es. Par exemple, la <a rel=\"nofollow\" class=\"external text\" href=\"http:\/\/www.gnu.org\/licenses\/fdl-1.3.html\">GFDL<\/a> exige que les \u0153uvres d\u00e9riv\u00e9es soient publi\u00e9es sous une licence identique, \u00e0 savoir la GFDL. D\u2019un point de vue juridique, il n\u2019est donc pas permis de r\u00e9arranger des contenus sous GFDL puis de publier l\u2019\u0153uvre d\u00e9riv\u00e9e sous licence CC BY-SA, bien que les deux licences aient des intentions similaires.\n<\/li>\n<\/ul>\n<p>Cependant, il est possible de publier des \u0153uvres <b>originales<\/b> sous une double licence CC et GFDL. (Veuillez noter que ce cas de figure concerne les \u0153uvres originales et non les \u0153uvres d\u00e9riv\u00e9es, bien que la double licence puisse laisser une plus grande marge de man\u0153uvre pour r\u00e9arranger le contenu par la suite.) Il est par ailleurs possible de publier chaque \u00e9l\u00e9ment d\u2019une collection sous une licence diff\u00e9rente dans la mesure o\u00f9 il est indiqu\u00e9 explicitement que ces \u00e9l\u00e9ments sont distincts les uns des autres. En d\u2019autres termes, une partie du contenu peut \u00eatre publi\u00e9e sous licence(s) CC et l\u2019autre, sous GFDL, \u00e0 condition d\u2019adh\u00e9rer aux clauses originelles des licences respectives.\n<\/p>\n<p>Aux fins du pr\u00e9sent module, nous limiterons notre discussion \u00e0 la compatibilit\u00e9 entre licences CC, sans aborder les difficult\u00e9s pos\u00e9es par la compatibilit\u00e9 entre les licences de diff\u00e9rents organismes. En cas de doute lorsque vous cr\u00e9ez une \u0153uvre composite \u00e0 partir de documents publi\u00e9s sous une licence autre que Creative Commons, faites-vous conseiller par un juriste ou contactez le titulaire des droits pour faire para\u00eetre l\u2019\u0153uvre sous la licence CC adapt\u00e9e.\n<\/p>\n<p>\n<\/p>\n<h2><span class=\"mw-headline\" id=\"Compatibilit.C3.A9_entre_licences_CC\">Compatibilit\u00e9 entre licences CC<\/span><\/h2>\n<p>De mani\u00e8re g\u00e9n\u00e9rale, plus la licence CC des documents d\u2019origine est ouverte, plus le choix de licences pour l\u2019\u0153uvre composite est grand. Juridiquement parlant, il est dans certains cas possible d\u2019adopter une licence plus restrictive que la licence originale, par exemple apposant la mention \u00ab\u2009tous droits r\u00e9serv\u00e9s\u2009\u00bb sur une \u0153uvre d\u00e9riv\u00e9e qui int\u00e8gre des contenus publi\u00e9s \u00e0 l\u2019origine sous licence Creative Commons Attribution. Cependant, en tant que citoyens num\u00e9riques, nous devons nous efforcer des respecter les intentions du cr\u00e9ateur qui a partag\u00e9 son \u0153uvre sous licence ouverte. Dans le domaine de l\u2019\u00e9ducation, il importe davantage de se conformer \u00e0 l\u2019\u00e9thique (partager librement des connaissances) que de se conformer \u00e0 la loi (choisir d\u2019ajouter des restrictions).\n<\/p>\n<p>\u00c0 premi\u00e8re vue, la compatibilit\u00e9 des licences peut para\u00eetre complexe et porter \u00e0 confusion, mais le tableau de compatibilit\u00e9 ci-dessous vous aidera \u00e0 y voir plus clair. Pour lire le tableau, regardez d\u2019abord la licence de l\u2019\u0153uvre originale \u00e0 gauche. Une coche verte indique que les licences sont compatibles. Ainsi, vous pouvez utiliser les licences de la premi\u00e8re ligne pour votre \u0153uvre composite ou votre adaptation. Les croix noires pour les licences BY-NC-ND et BY-ND signifient que les \u0153uvres d\u00e9riv\u00e9es ou les adaptations sont interdites en raison de la licence de l\u2019\u0153uvre originale, et qu\u2019il vous est donc <b>d\u00e9fendu<\/b> de vous en servir pour cr\u00e9er une \u0153uvre composite. Cependant, vous pouvez tout de m\u00eame contacter le cr\u00e9ateur de l\u2019\u0153uvre originale pour obtenir une d\u00e9rogation aux clauses de la licence CC concern\u00e9e. (Cliquez sur l\u2019image, puis cliquer sur &lsquo;Original file&rsquo; (\u00abfichier d\u2019origine\u00bb) pour voir le tableau en plus grand.)\n<\/p>\n<p>\n<\/p>\n<div class=\"center\">\n<div class=\"floatnone\"><a href=\"https:\/\/wikieducator.org\/File:Vectorized_CC_License_Compatibility_Chart.svg\" class=\"image\"><img loading=\"lazy\" decoding=\"async\" alt=\"Vectorized CC License Compatibility Chart.svg\" src=\"\/\/wikieducator.org\/images\/thumb\/c\/c5\/Vectorized_CC_License_Compatibility_Chart.svg\/700px-Vectorized_CC_License_Compatibility_Chart.svg.png\" width=\"700\" height=\"409\" class=\"img-responsive\"><\/a><\/div>\n<\/div>\n<p>\n<b>Note<\/b>: <i>Le domaine public n\u2019est pas une licence. Une \u0153uvre entre dans le domaine public \u00e0 l\u2019expiration de la protection des droits patrimoniaux du droit d\u2019auteur ou lorsque son cr\u00e9ateur renonce \u00e0 ses droits patrimoniaux. Ainsi, le principe de domaine public ne peut pas \u00eatre transpos\u00e9 sous forme de licence en raison de l\u2019absence de titulaire de droit d\u2019auteur pour autoriser ou non l\u2019utilisation d\u2019une \u0153uvre. Cependant, le tableau ci-dessus porte sur la compatibilit\u00e9&nbsp;: d\u2019un point de vue juridique, il est possible d\u2019int\u00e9grer une \u0153uvre du domaine public \u00e0 une \u0153uvre publi\u00e9e sous n\u2019importe quelle licence CC.<\/i>\n<\/p>\n<p>Le tableau de compatibilit\u00e9 ci-dessus montre qu\u2019une ressource sous licence CC BY peut \u00eatre combin\u00e9e \u00e0 des ressources sous n\u2019importe quelle autre licence CC, \u00e0 l\u2019exception de celles portant la clause ND, et publi\u00e9e \u00e0 son tour sous une licence adapt\u00e9e aux restrictions pr\u00e9vues par les licences des documents que vous associez. Par exemple, si vous combinez une ressource sous licence CC BY-SA \u00e0 une ressource d\u2019origine sous licence CC BY, l\u2019\u0153uvre d\u00e9riv\u00e9e doit \u00eatre publi\u00e9e sous licence CC BY-SA. La licence CC BY est celle qui pr\u00e9sente la plus haute compatibilit\u00e9 avec les autres licences CC\u2009; nous recommandons donc d\u2019employer une licence CC BY pour les REL. Malheureusement, vous ne pouvez pas choisir une licence CC BY pour vos REL si vous utilisez ou r\u00e9arrangez des contenus publi\u00e9s sous des licences plus restrictives. Nous d\u00e9taillons ci-dessous les licences que vous pouvez utiliser en fonction des clauses des ressources originales&nbsp;:\n<\/p>\n<ul>\n<li> les ressources sous licence CC BY-NC peuvent uniquement \u00eatre r\u00e9arrang\u00e9es, adapt\u00e9es et publi\u00e9es \u00e0 leur tour sous une licence qui comprend la clause NC (utilisation non commerciale)&nbsp;: soit CC BY-NC, soit CC BY-NC-SA&nbsp;;\n<\/li>\n<li> les ressources sous licence CC BY-SA et CC BY-NC-SA peuvent uniquement \u00eatre int\u00e9gr\u00e9es \u00e0 une \u0153uvre composite qui est \u00e0 son tour publi\u00e9e sous une licence identique (par exemple, CC BY-SA avec CC BY-SA et CC BY-NC-SA avec CC BY-SA) en raison de la clause SA (partage dans les m\u00eames conditions) (Il est n\u00e9anmoins autoris\u00e9 d\u2019int\u00e9grer des ressources sous licence CC BY \u00e0 des ressources sous licence CC BY-SA si l\u2019\u0153uvre qui en r\u00e9sulte est publi\u00e9e sous licence CC BY-SA)&nbsp;;\n<\/li>\n<li> les ressources sous licence CC BY-ND et CC BY-NC-ND ne peuvent pas \u00eatre int\u00e9gr\u00e9es \u00e0 une \u0153uvre composite et ne peuvent donc pas \u00eatre publi\u00e9es sous une autre licence en raison de la clause ND (pas d\u2019\u0153uvre d\u00e9riv\u00e9e).\n<\/li>\n<\/ul>\n<div class=\"panel iDevice\">\n\t<div class=\"panel-heading idevice-heading\">\n\t\t<div>\n\t\t\t<img decoding=\"async\" class=\"pedagogicalicon\" alt=\"key points\" src=\"https:\/\/course.oeru.org\/lida103-fr\/wp-content\/themes\/oeru-course\/idevices\/Icon_key_points.png\">\n\t\t<\/div>\n\t\t<div>\n\t\t\t<h2>\u00c0 retenir<\/h2>\n\t\t<\/div>\n\t<\/div>\n\t<div class=\"panel-body\">\n\t\t<div class=\"col-md-12\">\n\t\t\t<\/p>\n<p>Bien que les \u0153uvres composites puissent \u00eatre publi\u00e9es sous une licence diff\u00e9rente, la licence de l\u2019\u0153uvre originale est irr\u00e9vocable.\n<\/p>\n<ul>\n<li> Ainsi, les ressources d\u2019origine qui ont servi \u00e0 cr\u00e9er une \u0153uvre composite seront toujours disponibles sous la licence CC initiale.\n<\/li>\n<li> Il s\u2019agit d\u2019une caract\u00e9ristique essentielle des licences CC, qui prot\u00e8gent les intentions du titulaire originaire du droit d\u2019auteur et dissuadent l\u2019exploitation commerciale des REL.\n<\/li>\n<\/ul>\n<p>\n<\/p>\n<p>\n\t\t<\/div>\n\t<\/div>\n<\/div>\n<p>\n<\/p>\n<h2><span class=\"mw-headline\" id=\"R.C3.A9sum.C3.A9\">R\u00e9sum\u00e9<\/span><\/h2>\n<p>Au fur et \u00e0 mesure que vous vous familiariserez avec les clauses des diff\u00e9rentes licences CC et que vous commencerez \u00e0 cr\u00e9er des \u0153uvres composites, vous vous habituerez \u00e0 la compatibilit\u00e9 des licences. N\u2019oubliez pas les principes suivants&nbsp;:\n<\/p>\n<ul>\n<li> les \u0153uvres du domaine public peuvent \u00eatre combin\u00e9es avec des documents publi\u00e9s sous n\u2019importe quelle licence CC (le domaine public n\u2019est pas une licence)&nbsp;;\n<\/li>\n<li> les \u0153uvres d\u00e9riv\u00e9es d\u2019un document sous licence Creative Commons Attribution peuvent \u00eatre publi\u00e9es \u00e0 leur tour sous n\u2019importe laquelle des six licences CC\u2009;\n<\/li>\n<li> de mani\u00e8re g\u00e9n\u00e9rale, il n\u2019est pas permis de publier des \u0153uvres d\u00e9riv\u00e9es sous une licence plus ouverte que l\u2019\u0153uvre d\u2019origine \u00e0 moins d\u2019obtenir l\u2019autorisation du titulaire des droits\u2009;\n<\/li>\n<li> les \u0153uvres comportant la clause \u00ab\u2009pas d\u2019\u0153uvre d\u00e9riv\u00e9e\u2009\u00bb ne peuvent pas \u00eatre int\u00e9gr\u00e9es \u00e0 une \u0153uvre composite (en revanche, elles peuvent \u00eatre converties dans un autre format)\u2009;\n<\/li>\n<li> les \u0153uvres composites qui int\u00e8grent un document original comportant la clause \u00ab\u2009partage dans les m\u00eames conditions\u2009\u00bb doivent \u00eatre publi\u00e9es sous une licence identique (il est possible d\u2019int\u00e9grer du contenu sous licence CC BY \u00e0 une \u0153uvre composite sous licence CC BY-SA ou CC BY-NC-SA).\n<\/li>\n<\/ul>\n<p>\n<\/p>\n<h2><span class=\"mw-headline\" id=\"Sources\">Sources<\/span><\/h2>\n<p>Certaines informations de cette page proviennent des sources suivantes&nbsp;:\n<\/p>\n<ul>\n<li> <a rel=\"nofollow\" class=\"external text\" href=\"https:\/\/wikieducator.org\/Learning_in_a_digital_age\/LiDA103\/Creative_Commons\/Remix\">License compatibility in the OER Handbook<\/a> (en anglais seulement)\n<\/li>\n<li> <a rel=\"nofollow\" class=\"external text\" href=\"https:\/\/creativecommons.org\/faq\/fr\/\">FAQ Creative Commons<\/a>\n<\/li>\n<\/ul>\n<h2><span class=\"mw-headline\" id=\"Notes\">Notes<\/span><\/h2>\n<ol class=\"references\">\n<li id=\"cite_note-1\"><span class=\"mw-cite-backlink\"><a href=\"#cite_ref-1\">\u2191<\/a><\/span> <span class=\"reference-text\"><a rel=\"nofollow\" class=\"external text\" href=\"http:\/\/creativecommons.org\/\">Creative Commons<\/a><\/span>\n<\/li>\n<\/ol>\n<p><!-- \nNewPP limit report\nCPU time usage: 0.110 seconds\nReal time usage: 1.271 seconds\nPreprocessor visited node count: 159\/1000000\nPreprocessor generated node count: 902\/1000000\nPost\u2010expand include size: 2507\/2097152 bytes\nTemplate argument size: 1030\/2097152 bytes\nHighest expansion depth: 7\/40\nExpensive parser function count: 0\/100\n--><\/p>\n<p><!-- Saved in parser cache with key we_en-mw_:pcache:idhash:188354-0!*!*!!en!2!* and timestamp 20230802220808 and revision id 1085858\n -->\n<\/div>\n<div class=\"visualClear\"><\/div>\n<\/p><\/div>\n<\/p><\/div>\n<\/div>\n<\/div>\n<\/div>\n<div class=\"row\">\n<div class=\"col-md-12\">\n<ul class=\"pager\">\n<li class=\"previous\">\n            <a href=\"\/lida103-fr\/modules\/licences-creative-commons\/anatomie-dune-licence-cc\">\u2190 Pr\u00e9c\u00e9dent<\/a>\n          <\/li>\n<li class=\"next\">\n            <a href=\"\/lida103-fr\/modules\/licences-creative-commons\/trouver-des-reponses-a-des-questions-sur-les-licences-cc\">Suivant \u2192<\/a>\n          <\/li>\n<\/ul><\/div>\n<\/p><\/div>\n<div id=\"wenote-ids\"><script type='text\/javascript' id='wenotes-ids'>\n    var WEnotesSite = \"https:\/\/wikieducator.org\";\n    var WEnotesPath = \"\/Learning_in_a_digital_age\/LiDA103_fr\/Creative_Commons\/Remix\";\n    var WEnotesSiteID = \"0e3d258fbd36841f92259eefcd41d5e9\";\n    var WEnotesPathID = \"f3bcf6c5ec76d52f549eaf73fab1427d\";\n    var WEnotesIDs = { site: \"https:\/\/wikieducator.org\", path: \"\/Learning_in_a_digital_age\/LiDA103_fr\/Creative_Commons\/Remix\", site_id: \"0e3d258fbd36841f92259eefcd41d5e9\", path_id: \"f3bcf6c5ec76d52f549eaf73fab1427d\" };\n<\/script><\/div>\n<\/div>\n<footer><\/footer>\n","protected":false},"excerpt":{"rendered":"<p>La possibilit\u00e9 de r\u00e9arranger, d\u2019adapter ou d\u2019utiliser \u00e0 d\u2019autres fins des contenus repr\u00e9sente un avantage de taille pour les ressources \u00e9ducatives libres (REL) par rapport aux documents p\u00e9dagogiques dont les droits sont r\u00e9serv\u00e9s. La cr\u00e9ation d\u2019une \u0153uvre composite consiste \u00e0 combiner diff\u00e9rentes ressources pour cr\u00e9er une nouvelle \u0153uvre d\u00e9riv\u00e9e. Les cr\u00e9ateurs de REL piochent souvent [&hellip;]<\/p>\n","protected":false},"author":1,"featured_media":0,"parent":14210,"menu_order":0,"comment_status":"closed","ping_status":"closed","template":"","meta":{"footnotes":""},"class_list":["post-14224","page","type-page","status-publish","hentry"],"_links":{"self":[{"href":"https:\/\/course.oeru.org\/lida103-fr\/wp-json\/wp\/v2\/pages\/14224","targetHints":{"allow":["GET"]}}],"collection":[{"href":"https:\/\/course.oeru.org\/lida103-fr\/wp-json\/wp\/v2\/pages"}],"about":[{"href":"https:\/\/course.oeru.org\/lida103-fr\/wp-json\/wp\/v2\/types\/page"}],"author":[{"embeddable":true,"href":"https:\/\/course.oeru.org\/lida103-fr\/wp-json\/wp\/v2\/users\/1"}],"replies":[{"embeddable":true,"href":"https:\/\/course.oeru.org\/lida103-fr\/wp-json\/wp\/v2\/comments?post=14224"}],"version-history":[{"count":1,"href":"https:\/\/course.oeru.org\/lida103-fr\/wp-json\/wp\/v2\/pages\/14224\/revisions"}],"predecessor-version":[{"id":14225,"href":"https:\/\/course.oeru.org\/lida103-fr\/wp-json\/wp\/v2\/pages\/14224\/revisions\/14225"}],"up":[{"embeddable":true,"href":"https:\/\/course.oeru.org\/lida103-fr\/wp-json\/wp\/v2\/pages\/14210"}],"wp:attachment":[{"href":"https:\/\/course.oeru.org\/lida103-fr\/wp-json\/wp\/v2\/media?parent=14224"}],"curies":[{"name":"wp","href":"https:\/\/api.w.org\/{rel}","templated":true}]}}