{"id":14226,"date":"2023-08-03T03:19:31","date_gmt":"2023-08-03T03:19:31","guid":{"rendered":"https:\/\/course.oeru.org\/lida103-fr\/?page_id=14226"},"modified":"2023-08-03T03:19:31","modified_gmt":"2023-08-03T03:19:31","slug":"trouver-des-reponses-a-des-questions-sur-les-licences-cc","status":"publish","type":"page","link":"https:\/\/course.oeru.org\/lida103-fr\/modules\/licences-creative-commons\/trouver-des-reponses-a-des-questions-sur-les-licences-cc\/","title":{"rendered":"Trouver des r\u00e9ponses \u00e0 des questions sur les licences CC"},"content":{"rendered":"<div id=\"content\" class=\"mw-body container\" role=\"main\">\n<div class=\"row\">\n<div class=\"col-md-12\">\n<div class=\"panel\">\n<div class=\"panel-body\">\n<div id=\"bodyContent\">\n<div id=\"mw-content-text\" lang=\"en\" dir=\"ltr\" class=\"mw-content-ltr\">\n<div class=\"floatright\"><a href=\"https:\/\/wikieducator.org\/File:Flower_cone.jpg\" class=\"image\"><img loading=\"lazy\" decoding=\"async\" alt=\"Flower cone.jpg\" src=\"\/\/wikieducator.org\/images\/thumb\/7\/72\/Flower_cone.jpg\/320px-Flower_cone.jpg\" width=\"320\" height=\"214\" class=\"img-responsive\"><\/a><\/div>\n<p> Comme dans de nombreux domaines de recherche universitaire, <a rel=\"nofollow\" class=\"external text\" href=\"https:\/\/fr.wiktionary.org\/wiki\/le_diable_se_cache_dans_les_d%C3%A9tails\">le diable se cache dans les d\u00e9tails<\/a>. Dans cette partie, nous \u00e9tudierons plusieurs questions tout aussi int\u00e9ressantes qu\u2019importantes concernant les licences Creative Commons. L\u2019objectif est de faire conna\u00eetre aux apprenants des ressources en ligne fiables qu\u2019ils peuvent consulter pour trouver des r\u00e9ponses sur l\u2019application des licences Creative Commons.  <\/p>\n<p>Nous vous pr\u00e9senterons deux ressources utiles&nbsp;: la <a rel=\"nofollow\" class=\"external text\" href=\"https:\/\/creativecommons.org\/faq\/fr\/\">foire aux questions<\/a> du site Web <a rel=\"nofollow\" class=\"external text\" href=\"https:\/\/creativecommons.org\">Creative Commons<\/a> et la version juridique des licences. Nous encourageons les apprenants \u00e0 annoter et \u00e9changer ces ressources ainsi qu\u2019\u00e0 en discuter sur Hypothes.is.<br \/>\n<br style=\"clear:both;\">\n<\/p>\n<div class=\"panel iDevice\">\n\t<div class=\"panel-heading idevice-heading\">\n\t\t<div>\n\t\t\t<img decoding=\"async\" class=\"pedagogicalicon\" alt=\"question\" src=\"https:\/\/course.oeru.org\/lida103-fr\/wp-content\/themes\/oeru-course\/idevices\/Icon_qmark.png\">\n\t\t<\/div>\n\t\t<div>\n\t\t\t<h2>Testez vos connaissances<\/h2>\n\t\t<\/div>\n\t<\/div>\n\t<div class=\"panel-body\">\n\t\t<div class=\"col-md-12\">\n\t\t\t<\/p>\n<p>R\u00e9pondez aux questions suivantes&nbsp;:\n<\/p>\n<ol>\n<li> Est-il possible de r\u00e9voquer une licence CC&nbsp;?\n<\/li>\n<li> Est-il possible de modifier le texte juridique d\u2019une licence CC? Si oui, dans quelles conditions&nbsp;?\n<\/li>\n<li> Est-il possible de traduire une \u0153uvre sous licence Creative Commons Pas d\u2019\u0153uvre d\u00e9riv\u00e9e (CC ND) puis de publier la traduction sans autorisation pr\u00e9alable&nbsp;?\n<\/li>\n<li> La conversion vers un format diff\u00e9rent est-elle autoris\u00e9e par toutes les licences CC&nbsp;?\n<\/li>\n<li> Est-il possible d\u2019appliquer des mesures techniques de protection \u00e0 une \u0153uvre publi\u00e9e sous licence CC&nbsp;?\n<\/li>\n<li> Le titulaire des droits peut-il appliquer ult\u00e9rieurement une licence CC plus restrictive \u00e0 son \u0153uvre&nbsp;?\n<\/li>\n<li> Le titulaire des droits d\u2019une \u0153uvre publi\u00e9e sous licence CC peut-il renoncer \u00e0 la clause d\u2019attribution&nbsp;?\n<\/li>\n<li> Le titulaire des droits d\u2019une \u0153uvre publi\u00e9e sous licence CC peut-il appliquer des restrictions en plus de celles pr\u00e9vues dans la licence&nbsp;?\n<\/li>\n<\/ol>\n<p>\n<\/p>\n<p>\n\t\t<\/div>\n\t<\/div>\n<\/div>\n<p>\n<\/p>\n<div class=\"panel iDevice\">\n\t<div class=\"panel-heading idevice-heading\">\n\t\t<div>\n\t\t\t<img decoding=\"async\" class=\"pedagogicalicon\" alt=\"activity\" src=\"https:\/\/course.oeru.org\/lida103-fr\/wp-content\/themes\/oeru-course\/idevices\/Icon_activity.png\">\n\t\t<\/div>\n\t\t<div>\n\t\t\t<h2>Trouvez des r\u00e9ponses \u2013 Activit\u00e9 d\u2019annotation<\/h2>\n\t\t<\/div>\n\t<\/div>\n\t<div class=\"panel-body\">\n\t\t<div class=\"col-md-12\">\n\t\t\t<\/p>\n<p>Il existe deux sources fiables que vous pouvez consulter afin de r\u00e9pondre \u00e0 vos interrogations concernant les licences Creative Commons&nbsp;:\n<\/p>\n<ol>\n<li> la <a rel=\"nofollow\" class=\"external text\" href=\"https:\/\/creativecommons.org\/faq\/fr\/\">foire aux questions<\/a>\u2009\n<\/li>\n<li> la version juridique de chacune des licences. (Afin de trouver la version juridique d\u2019une licence donn\u00e9e, servez-vous de <a rel=\"nofollow\" class=\"external text\" href=\"https:\/\/creativecommons.org\/choose\/?lang=fr\">l\u2019outil de s\u00e9lection de licence<\/a>&nbsp;: le r\u00e9sum\u00e9 explicatif renvoie vers ce document. Par exemple, voici la version juridique de la licence <a rel=\"nofollow\" class=\"external text\" href=\"https:\/\/creativecommons.org\/licenses\/by\/4.0\/legalcode.fr\">Creative Commons Attribution 4.0 International<\/a>.)\n<\/li>\n<\/ol>\n<p>\n<b>Consignes<\/b>\n<\/p>\n<ol>\n<li> Trouvez les r\u00e9ponses aux questions ci-dessus dans la <a rel=\"nofollow\" class=\"external text\" href=\"https:\/\/creativecommons.org\/faq\/fr\">foire aux questions<\/a> ou dans la version juridique de la licence CC concern\u00e9e.\n<\/li>\n<li> Utilisez <a rel=\"nofollow\" class=\"external text\" href=\"https:\/\/web.hypothes.is\/\">Hypothes.is<\/a> pour annoter les informations int\u00e9ressantes que vous avez d\u00e9couvertes \u00e0 propos des licences Creative Commons et en discuter. (N\u2019oubliez pas de tagger vos commentaires sur Hypothes.is en utilisant le code du cours LiDA103fr.)\n<\/li>\n<\/ol>\n<p>\n<\/p>\n<p>\n\t\t<\/div>\n\t<\/div>\n<\/div>\n<p><!-- \nNewPP limit report\nCPU time usage: 0.029 seconds\nReal time usage: 0.041 seconds\nPreprocessor visited node count: 181\/1000000\nPreprocessor generated node count: 866\/1000000\nPost\u2010expand include size: 7260\/2097152 bytes\nTemplate argument size: 4356\/2097152 bytes\nHighest expansion depth: 7\/40\nExpensive parser function count: 0\/100\n--><\/p>\n<p><!-- Saved in parser cache with key we_en-mw_:pcache:idhash:188355-0!*!*!*!*!2!* and timestamp 20230802220809 and revision id 1085861\n -->\n<\/div>\n<div class=\"visualClear\"><\/div>\n<\/p><\/div>\n<\/p><\/div>\n<\/div>\n<\/div>\n<\/div>\n<div class=\"row\">\n<div class=\"col-md-12\">\n<ul class=\"pager\">\n<li class=\"previous\">\n            <a href=\"\/lida103-fr\/modules\/licences-creative-commons\/oeuvres-composites-et-compatibilite\">\u2190 Pr\u00e9c\u00e9dent<\/a>\n          <\/li>\n<li class=\"next\">\n            <a href=\"\/lida103-fr\/modules\/licences-creative-commons\/resume\">Suivant \u2192<\/a>\n          <\/li>\n<\/ul><\/div>\n<\/p><\/div>\n<div id=\"wenote-ids\"><script type='text\/javascript' id='wenotes-ids'>\n    var WEnotesSite = \"https:\/\/wikieducator.org\";\n    var WEnotesPath = \"\/Learning_in_a_digital_age\/LiDA103_fr\/Creative_Commons\/Devil\";\n    var WEnotesSiteID = \"0e3d258fbd36841f92259eefcd41d5e9\";\n    var WEnotesPathID = \"3fc96ffc66bf0da96b5d7ef087002f7a\";\n    var WEnotesIDs = { site: \"https:\/\/wikieducator.org\", path: \"\/Learning_in_a_digital_age\/LiDA103_fr\/Creative_Commons\/Devil\", site_id: \"0e3d258fbd36841f92259eefcd41d5e9\", path_id: \"3fc96ffc66bf0da96b5d7ef087002f7a\" };\n<\/script><\/div>\n<\/div>\n<footer><\/footer>\n","protected":false},"excerpt":{"rendered":"<p>Comme dans de nombreux domaines de recherche universitaire, le diable se cache dans les d\u00e9tails. Dans cette partie, nous \u00e9tudierons plusieurs questions tout aussi int\u00e9ressantes qu\u2019importantes concernant les licences Creative Commons. L\u2019objectif est de faire conna\u00eetre aux apprenants des ressources en ligne fiables qu\u2019ils peuvent consulter pour trouver des r\u00e9ponses sur l\u2019application des licences Creative [&hellip;]<\/p>\n","protected":false},"author":1,"featured_media":0,"parent":14210,"menu_order":0,"comment_status":"closed","ping_status":"closed","template":"","meta":{"footnotes":""},"class_list":["post-14226","page","type-page","status-publish","hentry"],"_links":{"self":[{"href":"https:\/\/course.oeru.org\/lida103-fr\/wp-json\/wp\/v2\/pages\/14226","targetHints":{"allow":["GET"]}}],"collection":[{"href":"https:\/\/course.oeru.org\/lida103-fr\/wp-json\/wp\/v2\/pages"}],"about":[{"href":"https:\/\/course.oeru.org\/lida103-fr\/wp-json\/wp\/v2\/types\/page"}],"author":[{"embeddable":true,"href":"https:\/\/course.oeru.org\/lida103-fr\/wp-json\/wp\/v2\/users\/1"}],"replies":[{"embeddable":true,"href":"https:\/\/course.oeru.org\/lida103-fr\/wp-json\/wp\/v2\/comments?post=14226"}],"version-history":[{"count":1,"href":"https:\/\/course.oeru.org\/lida103-fr\/wp-json\/wp\/v2\/pages\/14226\/revisions"}],"predecessor-version":[{"id":14227,"href":"https:\/\/course.oeru.org\/lida103-fr\/wp-json\/wp\/v2\/pages\/14226\/revisions\/14227"}],"up":[{"embeddable":true,"href":"https:\/\/course.oeru.org\/lida103-fr\/wp-json\/wp\/v2\/pages\/14210"}],"wp:attachment":[{"href":"https:\/\/course.oeru.org\/lida103-fr\/wp-json\/wp\/v2\/media?parent=14226"}],"curies":[{"name":"wp","href":"https:\/\/api.w.org\/{rel}","templated":true}]}}