{"id":14230,"date":"2023-08-03T03:19:40","date_gmt":"2023-08-03T03:19:40","guid":{"rendered":"https:\/\/course.oeru.org\/lida103-fr\/?page_id=14230"},"modified":"2023-08-03T03:19:40","modified_gmt":"2023-08-03T03:19:40","slug":"quiz","status":"publish","type":"page","link":"https:\/\/course.oeru.org\/lida103-fr\/modules\/licences-creative-commons\/quiz\/","title":{"rendered":"Quiz"},"content":{"rendered":"<div id=\"content\" class=\"mw-body container\" role=\"main\">\n<div class=\"row\">\n<div class=\"col-md-12\">\n<div class=\"panel\">\n<div class=\"panel-body\">\n<div id=\"bodyContent\">\n<div id=\"mw-content-text\" lang=\"en\" dir=\"ltr\" class=\"mw-content-ltr\">\n<p>\n<\/p>\n<div class=\"floatright\"><a href=\"https:\/\/wikieducator.org\/File:Test_sign.jpg\" class=\"image\"><img loading=\"lazy\" decoding=\"async\" alt=\"Test sign.jpg\" src=\"\/\/wikieducator.org\/images\/thumb\/e\/eb\/Test_sign.jpg\/320px-Test_sign.jpg\" width=\"320\" height=\"226\" class=\"img-responsive\"><\/a><\/div>\n<p>Les questions suivantes permettent de tester vos connaissances de base sur certains concepts abord\u00e9s dans le module \u00ab&nbsp;<i>Creative commons<\/i>&nbsp;\u00bb.<\/p>\n<p>Les questions publi\u00e9es au terme de chaque module sont r\u00e9utilis\u00e9es pour \u00e9valuer les connaissances des apprenants qui souhaitent obtenir un badge num\u00e9rique ou une attestation de participation au cours <i>\u00c9ducation ouverte, droit d\u2019auteur et licences ouvertes Creative Commons dans un monde num\u00e9rique<\/i> (LiDA103fr). Veuillez consulter la page <a href=\"\/lida103-fr\/evaluation\/obtention-dune-attestation-de-participation\" title=\"Learning in a digital age\/LiDA103 fr\/Assessment\/Certify participation\">Attestation de participation<\/a> pour en savoir plus.<br style=\"clear:both;\">\n<\/p>\n<div class=\"panel iDevice WEquizMultipleChoice\">\n\t<div class=\"panel-heading idevice-heading\">\n\t\t<div>\n\t\t\t<img decoding=\"async\" class=\"pedagogicalicon\" alt=\"assessment\" src=\"https:\/\/course.oeru.org\/lida103-fr\/wp-content\/themes\/oeru-course\/idevices\/Icon_qmark.png\">\n\t\t<\/div>\n\t\t<div>\n\t\t\t<h2>Vrai ou faux&nbsp;?<\/h2>\n\t\t<\/div>\n\t<\/div>\n\t<div class=\"panel-body\">\n\t\t<div class=\"col-md-12\">\n\t\t\t\n<p>Indiquez si les affirmations suivantes sont vraies ou fausses&nbsp;:\n<\/p>\n<ul>\n<li>Le domaine public englobe les \u0153uvres partag\u00e9es sous licence libre et ouverte dans l\u2019int\u00e9r\u00eat du public.\n<ul>\n<li>Vrai\n<ul>\n<li>Mauvaise r\u00e9ponse. Le domaine public rassemble les \u0153uvres pour lesquelles la dur\u00e9e de protection des droits patrimoniaux du droit d\u2019auteur a expir\u00e9 ou qui ont \u00e9t\u00e9 vers\u00e9es au domaine public apr\u00e8s renonciation par l\u2019auteur \u00e0 ses droits patrimoniaux. Les \u0153uvres du domaine public ne sont pas sous licence.\n<\/li>\n<\/ul>\n<\/li>\n<li>Faux\n<ul>\n<li>Bonne r\u00e9ponse.\n<\/li>\n<\/ul>\n<\/li>\n<\/ul>\n<\/li>\n<li>Il est possible de mettre en page et de revendre \u00e0 des fins commerciales du contenu trouv\u00e9 sur Wikip\u00e9dia, qui publie ses articles sous licence CC BY-SA.\n<ul>\n<li>Vrai\n<ul>\n<li>Bonne r\u00e9ponse.\n<\/li>\n<\/ul>\n<\/li>\n<li>Faux\n<ul>\n<li>La licence CC BY-SA n\u2019interdit pas l\u2019exploitation \u00e0 des fins commerciales.\n<\/li>\n<\/ul>\n<\/li>\n<\/ul>\n<\/li>\n<li>Il est possible de mettre en ligne sur un r\u00e9seau de partage la chanson d\u2019un artiste publi\u00e9e sous licence CC BY-SA.\n<ul>\n<li>Vrai\n<ul>\n<li>Bonne r\u00e9ponse.\n<\/li>\n<\/ul>\n<\/li>\n<li>Faux\n<ul>\n<li>Mauvaise r\u00e9ponse. La licence CC BY-SA donne le droit de partager des copies d\u2019une \u0153uvre \u00e0 condition de le faire sous la m\u00eame licence.\n<\/li>\n<\/ul>\n<\/li>\n<\/ul>\n<\/li>\n<li>Les licences Creative Commons repr\u00e9sentent une alternative au droit d\u2019auteur.\n<ul>\n<li>Vrai\n<ul>\n<li>Mauvaise r\u00e9ponse. Les licences Creative Commons ne remplacent pas le droit d\u2019auteur. Elles en reprennent des principes afin de permettre \u00e0 leurs utilisateurs de conc\u00e9der des droits.\n<\/li>\n<\/ul>\n<\/li>\n<li>Faux\n<ul>\n<li>Bonne r\u00e9ponse.\n<\/li>\n<\/ul>\n<\/li>\n<\/ul>\n<\/li>\n<\/ul>\n<p>\n<\/p>\n<p>\n\t\t<\/div>\n\t<\/div>\n<\/div><\/p>\n<p>\n<\/p>\n<div class=\"panel iDevice WEquizMultipleChoice WEquizMix\">\n\t<div class=\"panel-heading idevice-heading\">\n\t\t<div>\n\t\t\t<img decoding=\"async\" class=\"pedagogicalicon\" alt=\"assessment\" src=\"https:\/\/course.oeru.org\/lida103-fr\/wp-content\/themes\/oeru-course\/idevices\/Icon_qmark.png\">\n\t\t<\/div>\n\t\t<div>\n\t\t\t<h2>Questions \u00e0 choix multiples<\/h2>\n\t\t<\/div>\n\t<\/div>\n\t<div class=\"panel-body\">\n\t\t<div class=\"col-md-12\">\n\t\t\t\n<ul>\n<li>Dans les licences Creative Commons, la SEULE clause qui est toujours incluse est&nbsp;:\n<ul>\n<li>Partage dans les m\u00eames conditions (SA)\n<ul>\n<li>Non, relisez le cours.\n<\/li>\n<\/ul>\n<\/li>\n<li>Pas d\u2019\u0153uvre d\u00e9riv\u00e9e (ND)\n<ul>\n<li>Non, relisez le cours.\n<\/li>\n<\/ul>\n<\/li>\n<li>Attribution (BY)\n<ul>\n<li>Bonne r\u00e9ponse.\n<\/li>\n<\/ul>\n<\/li>\n<li>Utilisation non commerciale (NC)\n<ul>\n<li>Non, relisez le cours.\n<\/li>\n<\/ul>\n<\/li>\n<\/ul>\n<\/li>\n<li>Parmi les \u00e9l\u00e9ments cit\u00e9s ci-dessous, lesquels se trouvent au c\u0153ur du syst\u00e8me de licences Creative Commons&nbsp;? (Cochez toutes les bonnes r\u00e9ponses. Elles sont au nombre de trois.)\n<ul>\n<li>Le registre public des \u0153uvres publi\u00e9es sous licence Creative Commons\n<ul>\n<li>Non, les \u0153uvres prot\u00e9g\u00e9es, y compris celles sous licence Creative Commons, n\u2019ont pas besoin d\u2019\u00eatre enregistr\u00e9es.\n<\/li>\n<\/ul>\n<\/li>\n<li>La version juridique publi\u00e9e sur le site Web de Creative Commons\n<ul>\n<li>Oui, il s\u2019agit d\u2019un des trois \u00e9l\u00e9ments du syst\u00e8me de licences Creative Commons.\n<\/li>\n<\/ul>\n<\/li>\n<li>La version simplifi\u00e9e publi\u00e9e sur le site Web de Creative Commons\n<ul>\n<li>Oui, il s\u2019agit d\u2019un des trois \u00e9l\u00e9ments du syst\u00e8me de licences Creative Commons.\n<\/li>\n<\/ul>\n<\/li>\n<li>La version informatique int\u00e9gr\u00e9e sur une page Web\n<ul>\n<li>Oui, il s\u2019agit d\u2019un des trois \u00e9l\u00e9ments du syst\u00e8me de licences Creative Commons.\n<\/li>\n<\/ul>\n<\/li>\n<\/ul>\n<\/li>\n<li>En plus de devoir attribuer la paternit\u00e9 \u00e0 l\u2019auteur, les utilisateurs d\u2019une \u0153uvre sous licence CC BY-SA peuvent\u2026 (une seule bonne r\u00e9ponse)\n<ul>\n<li>distribuer l\u2019\u0153uvre, s\u2019en inspirer, l\u2019int\u00e9grer \u00e0 une \u0153uvre composite et cr\u00e9er des \u0153uvres d\u00e9riv\u00e9es, y compris \u00e0 des fins commerciales.\n<ul>\n<li>Mauvaise r\u00e9ponse, veuillez relire le cours LiDA103\n<\/li>\n<\/ul>\n<\/li>\n<li>distribuer l\u2019\u0153uvre, s\u2019en inspirer et l\u2019int\u00e9grer \u00e0 une \u0153uvre composite, y compris \u00e0 des fins commerciales, \u00e0 condition de r\u00e9utiliser la m\u00eame licence.\n<ul>\n<li>Bonne r\u00e9ponse: cette proposition synth\u00e9tise les autorisations accord\u00e9es par la licence CC BY-SA.\n<\/li>\n<\/ul>\n<\/li>\n<li>distribuer l\u2019\u0153uvre, y compris \u00e0 des fins commerciales, \u00e0 condition de n\u2019y apporter aucun changement.\n<ul>\n<li>Mauvaise r\u00e9ponse, veuillez relire le cours LiDA103.\n<\/li>\n<\/ul>\n<\/li>\n<li>distribuer l\u2019\u0153uvre, s\u2019en inspirer et l\u2019int\u00e9grer \u00e0 une \u0153uvre composite, mais uniquement \u00e0 des fins non commerciales.\n<ul>\n<li>Mauvaise r\u00e9ponse, veuillez relire le cours LiDA103.\n<\/li>\n<\/ul>\n<\/li>\n<li>distribuer l\u2019\u0153uvre, s\u2019en inspirer et l\u2019int\u00e9grer \u00e0 une \u0153uvre composite, mais uniquement \u00e0 des fins non commerciales, \u00e0 condition de r\u00e9utiliser la m\u00eame licence.\n<ul>\n<li>Mauvaise r\u00e9ponse, veuillez relire le cours LiDA103.\n<\/li>\n<\/ul>\n<\/li>\n<li>partager l\u2019\u0153uvre \u00e0 condition de n\u2019y apporter aucun changement et de ne pas l\u2019exploiter \u00e0 des fins commerciales.\n<ul>\n<li>Mauvaise r\u00e9ponse, veuillez relire le cours LiDA103.\n<\/li>\n<\/ul>\n<\/li>\n<\/ul>\n<\/li>\n<li>En plus de devoir attribuer la paternit\u00e9 \u00e0 l\u2019auteur, les utilisateurs d\u2019une \u0153uvre sous licence CC BY-NC peuvent\u2026 (une seule bonne r\u00e9ponse)\n<ul>\n<li>distribuer l\u2019\u0153uvre, s\u2019en inspirer, l\u2019int\u00e9grer \u00e0 une \u0153uvre composite et cr\u00e9er des \u0153uvres d\u00e9riv\u00e9es, y compris \u00e0 des fins commerciales.\n<ul>\n<li>Mauvaise r\u00e9ponse, veuillez relire le cours LiDA103.\n<\/li>\n<\/ul>\n<\/li>\n<li>distribuer l\u2019\u0153uvre, s\u2019en inspirer et l\u2019int\u00e9grer \u00e0 une \u0153uvre composite, y compris \u00e0 des fins commerciales, \u00e0 condition de r\u00e9utiliser la m\u00eame licence.\n<ul>\n<li>Mauvaise r\u00e9ponse, veuillez relire le cours LiDA103.\n<\/li>\n<\/ul>\n<\/li>\n<li>distribuer l\u2019\u0153uvre, y compris \u00e0 des fins commerciales, \u00e0 condition de n\u2019y apporter aucun changement.\n<ul>\n<li>Mauvaise r\u00e9ponse, veuillez relire le cours LiDA103.\n<\/li>\n<\/ul>\n<\/li>\n<li>distribuer l\u2019\u0153uvre, s\u2019en inspirer et l\u2019int\u00e9grer \u00e0 une \u0153uvre composite, mais uniquement \u00e0 des fins non commerciales.\n<ul>\n<li>Bonne r\u00e9ponse: cette proposition synth\u00e9tise les autorisations accord\u00e9es par la licence CC BY-NC.\n<\/li>\n<\/ul>\n<\/li>\n<li>distribuer l\u2019\u0153uvre, s\u2019en inspirer et l\u2019int\u00e9grer \u00e0 une \u0153uvre composite, mais uniquement \u00e0 des fins non commerciales, \u00e0 condition de r\u00e9utiliser la m\u00eame licence.\n<ul>\n<li>Mauvaise r\u00e9ponse, veuillez relire le cours LiDA103.\n<\/li>\n<\/ul>\n<\/li>\n<li>partager l\u2019\u0153uvre \u00e0 condition de n\u2019y apporter aucun changement et de ne pas l\u2019exploiter \u00e0 des fins commerciales.\n<ul>\n<li>Mauvaise r\u00e9ponse, veuillez relire le cours LiDA103.\n<\/li>\n<\/ul>\n<\/li>\n<\/ul>\n<\/li>\n<\/ul>\n<p>\n<\/p>\n<p>\n\t\t<\/div>\n\t<\/div>\n<\/div><\/p>\n<p>\n<\/p>\n<p><!-- \nNewPP limit report\nCPU time usage: 0.034 seconds\nReal time usage: 0.039 seconds\nPreprocessor visited node count: 284\/1000000\nPreprocessor generated node count: 1226\/1000000\nPost\u2010expand include size: 37985\/2097152 bytes\nTemplate argument size: 27397\/2097152 bytes\nHighest expansion depth: 10\/40\nExpensive parser function count: 0\/100\n--><\/p>\n<p><!-- Saved in parser cache with key we_en-mw_:pcache:idhash:188357-0!*!0!*!*!2!* and timestamp 20230802220810 and revision id 1085995\n -->\n<\/div>\n<div class=\"visualClear\"><\/div>\n<\/p><\/div>\n<\/p><\/div>\n<\/div>\n<\/div>\n<\/div>\n<div class=\"row\">\n<div class=\"col-md-12\">\n<ul class=\"pager\">\n<li class=\"previous\">\n            <a href=\"\/lida103-fr\/modules\/licences-creative-commons\/resume\">\u2190 Pr\u00e9c\u00e9dent<\/a>\n          <\/li>\n<li class=\"next\">\n            <a href=\"\/lida103-fr\/modules\/jeu-compatibles-ou-non\/apercu\">Suivant \u2192<\/a>\n          <\/li>\n<\/ul><\/div>\n<\/p><\/div>\n<div id=\"wenote-ids\"><script type='text\/javascript' id='wenotes-ids'>\n    var WEnotesSite = \"https:\/\/wikieducator.org\";\n    var WEnotesPath = \"\/Learning_in_a_digital_age\/LiDA103_fr\/Creative_Commons\/Quiz\";\n    var WEnotesSiteID = \"0e3d258fbd36841f92259eefcd41d5e9\";\n    var WEnotesPathID = \"b876e6e387b56ebcd62b99f43fa48826\";\n    var WEnotesIDs = { site: \"https:\/\/wikieducator.org\", path: \"\/Learning_in_a_digital_age\/LiDA103_fr\/Creative_Commons\/Quiz\", site_id: \"0e3d258fbd36841f92259eefcd41d5e9\", path_id: \"b876e6e387b56ebcd62b99f43fa48826\" };\n<\/script><\/div>\n<\/div>\n<footer><\/footer>\n","protected":false},"excerpt":{"rendered":"<p>Les questions suivantes permettent de tester vos connaissances de base sur certains concepts abord\u00e9s dans le module \u00ab&nbsp;Creative commons&nbsp;\u00bb. Les questions publi\u00e9es au terme de chaque module sont r\u00e9utilis\u00e9es pour \u00e9valuer les connaissances des apprenants qui souhaitent obtenir un badge num\u00e9rique ou une attestation de participation au cours \u00c9ducation ouverte, droit d\u2019auteur et licences ouvertes [&hellip;]<\/p>\n","protected":false},"author":1,"featured_media":0,"parent":14210,"menu_order":0,"comment_status":"closed","ping_status":"closed","template":"","meta":{"footnotes":""},"class_list":["post-14230","page","type-page","status-publish","hentry"],"_links":{"self":[{"href":"https:\/\/course.oeru.org\/lida103-fr\/wp-json\/wp\/v2\/pages\/14230","targetHints":{"allow":["GET"]}}],"collection":[{"href":"https:\/\/course.oeru.org\/lida103-fr\/wp-json\/wp\/v2\/pages"}],"about":[{"href":"https:\/\/course.oeru.org\/lida103-fr\/wp-json\/wp\/v2\/types\/page"}],"author":[{"embeddable":true,"href":"https:\/\/course.oeru.org\/lida103-fr\/wp-json\/wp\/v2\/users\/1"}],"replies":[{"embeddable":true,"href":"https:\/\/course.oeru.org\/lida103-fr\/wp-json\/wp\/v2\/comments?post=14230"}],"version-history":[{"count":1,"href":"https:\/\/course.oeru.org\/lida103-fr\/wp-json\/wp\/v2\/pages\/14230\/revisions"}],"predecessor-version":[{"id":14231,"href":"https:\/\/course.oeru.org\/lida103-fr\/wp-json\/wp\/v2\/pages\/14230\/revisions\/14231"}],"up":[{"embeddable":true,"href":"https:\/\/course.oeru.org\/lida103-fr\/wp-json\/wp\/v2\/pages\/14210"}],"wp:attachment":[{"href":"https:\/\/course.oeru.org\/lida103-fr\/wp-json\/wp\/v2\/media?parent=14230"}],"curies":[{"name":"wp","href":"https:\/\/api.w.org\/{rel}","templated":true}]}}