{"id":14236,"date":"2023-08-03T03:19:46","date_gmt":"2023-08-03T03:19:46","guid":{"rendered":"https:\/\/course.oeru.org\/lida103-fr\/?page_id=14236"},"modified":"2023-08-03T03:19:46","modified_gmt":"2023-08-03T03:19:46","slug":"jeu-sur-les-licences-cc-compatibles-ou-non","status":"publish","type":"page","link":"https:\/\/course.oeru.org\/lida103-fr\/modules\/jeu-compatibles-ou-non\/jeu-sur-les-licences-cc-compatibles-ou-non\/","title":{"rendered":"Jeu sur les licences CC : compatibles ou non\u2009?"},"content":{"rendered":"<div id=\"content\" class=\"mw-body container\" role=\"main\">\n<div class=\"row\">\n<div class=\"col-md-12\">\n<div class=\"panel\">\n<div class=\"panel-body\">\n<div id=\"bodyContent\">\n<div id=\"mw-content-text\" lang=\"en\" dir=\"ltr\" class=\"mw-content-ltr\">\n<p>Avant de commencer l\u2019activit\u00e9, nous vous rappelons que chacune des clauses des licences CC peut \u00eatre repr\u00e9sent\u00e9e par un symbole (ou logo)&nbsp;:\n<\/p>\n<ul class=\"gallery mw-gallery-packed\">\n<li class=\"gallerybox\" style=\"width: 122px\">\n<div style=\"width: 122px\">\n<div class=\"thumb\" style=\"width: 120px;\">\n<div style=\"margin:0px auto;\"><a href=\"https:\/\/wikieducator.org\/File:Cc-by_new.svg\" class=\"image\"><img loading=\"lazy\" decoding=\"async\" alt=\"\" src=\"\/\/wikieducator.org\/images\/thumb\/3\/3c\/Cc-by_new.svg\/180px-Cc-by_new.svg.png\" width=\"120\" height=\"120\" class=\"img-responsive\"><\/a><\/div>\n<\/div>\n<div class=\"gallerytext\">\n<p>BY &#8211; attribution\n<\/p>\n<\/p><\/div>\n<\/p><\/div>\n<\/li>\n<li class=\"gallerybox\" style=\"width: 122px\">\n<div style=\"width: 122px\">\n<div class=\"thumb\" style=\"width: 120px;\">\n<div style=\"margin:0px auto;\"><a href=\"https:\/\/wikieducator.org\/File:Cc-sa.svg\" class=\"image\"><img loading=\"lazy\" decoding=\"async\" alt=\"\" src=\"\/\/wikieducator.org\/images\/thumb\/2\/29\/Cc-sa.svg\/180px-Cc-sa.svg.png\" width=\"120\" height=\"120\" class=\"img-responsive\"><\/a><\/div>\n<\/div>\n<div class=\"gallerytext\">\n<p>SA &#8211; partage dans les m\u00eames conditions\n<\/p>\n<\/p><\/div>\n<\/p><\/div>\n<\/li>\n<li class=\"gallerybox\" style=\"width: 122px\">\n<div style=\"width: 122px\">\n<div class=\"thumb\" style=\"width: 120px;\">\n<div style=\"margin:0px auto;\"><a href=\"https:\/\/wikieducator.org\/File:Cc-nc.svg\" class=\"image\"><img loading=\"lazy\" decoding=\"async\" alt=\"\" src=\"\/\/wikieducator.org\/images\/thumb\/d\/db\/Cc-nc.svg\/180px-Cc-nc.svg.png\" width=\"120\" height=\"120\" class=\"img-responsive\"><\/a><\/div>\n<\/div>\n<div class=\"gallerytext\">\n<p>NC &#8211; utilisation non commerciale\n<\/p>\n<\/p><\/div>\n<\/p><\/div>\n<\/li>\n<li class=\"gallerybox\" style=\"width: 122px\">\n<div style=\"width: 122px\">\n<div class=\"thumb\" style=\"width: 120px;\">\n<div style=\"margin:0px auto;\"><a href=\"https:\/\/wikieducator.org\/File:Cc-nd.svg\" class=\"image\"><img loading=\"lazy\" decoding=\"async\" alt=\"\" src=\"\/\/wikieducator.org\/images\/thumb\/c\/c7\/Cc-nd.svg\/180px-Cc-nd.svg.png\" width=\"120\" height=\"120\" class=\"img-responsive\"><\/a><\/div>\n<\/div>\n<div class=\"gallerytext\">\n<p>ND &#8211; pas d\u2019\u0153uvre d\u00e9riv\u00e9e\n<\/p>\n<\/p><\/div>\n<\/p><\/div>\n<\/li>\n<\/ul>\n<p>Une \u0153uvre sous licence GNU de documentation libre (GFDL) ou une \u0153uvre du domaine public peuvent \u00eatre respectivement signal\u00e9es par le symbole suivant&nbsp;:\n<\/p>\n<ul class=\"gallery mw-gallery-packed\">\n<li class=\"gallerybox\" style=\"width: 124.66666666667px\">\n<div style=\"width: 124.66666666667px\">\n<div class=\"thumb\" style=\"width: 122.66666666667px;\">\n<div style=\"margin:0px auto;\"><a href=\"https:\/\/wikieducator.org\/File:Heckert_GNU_white.svg\" class=\"image\"><img loading=\"lazy\" decoding=\"async\" alt=\"\" src=\"\/\/wikieducator.org\/images\/thumb\/2\/22\/Heckert_GNU_white.svg\/184px-Heckert_GNU_white.svg.png\" width=\"123\" height=\"120\" class=\"img-responsive\"><\/a><\/div>\n<\/div>\n<div class=\"gallerytext\">\n<p>GFDL &#8211; licence GNU de documentation libre\n<\/p>\n<\/p><\/div>\n<\/p><\/div>\n<\/li>\n<li class=\"gallerybox\" style=\"width: 122px\">\n<div style=\"width: 122px\">\n<div class=\"thumb\" style=\"width: 120px;\">\n<div style=\"margin:0px auto;\"><a href=\"https:\/\/wikieducator.org\/File:Cc-pd-new_white.svg\" class=\"image\"><img loading=\"lazy\" decoding=\"async\" alt=\"\" src=\"\/\/wikieducator.org\/images\/thumb\/5\/51\/Cc-pd-new_white.svg\/180px-Cc-pd-new_white.svg.png\" width=\"120\" height=\"120\" class=\"img-responsive\"><\/a><\/div>\n<\/div>\n<div class=\"gallerytext\">\n<p>DP &#8211; domaine public\n<\/p>\n<\/p><\/div>\n<\/p><\/div>\n<\/li>\n<\/ul>\n<h2><span class=\"mw-headline\" id=\"Testez_vos_connaissances_sur_la_compatibilit.C3.A9_des_licences\">Testez vos connaissances sur la compatibilit\u00e9 des licences<\/span><\/h2>\n<p>\n<\/p>\n<div class=\"panel iDevice\">\n\t<div class=\"panel-heading idevice-heading\">\n\t\t<div>\n\t\t\t<img decoding=\"async\" class=\"pedagogicalicon\" alt=\"question\" src=\"https:\/\/course.oeru.org\/lida103-fr\/wp-content\/themes\/oeru-course\/idevices\/Icon_qmark.png\">\n\t\t<\/div>\n\t\t<div>\n\t\t\t<h2>Question<\/h2>\n\t\t<\/div>\n\t<\/div>\n\t<div class=\"panel-body\">\n\t\t<div class=\"col-md-12\">\n\t\t\t<\/p>\n<p>Dans ce bref exercice, vous devrez \u00e9tudier plusieurs sc\u00e9narios afin de comprendre la compatibilit\u00e9 des licences.\n<\/p>\n<p>Le croupier distribue quatre cartes, dont chacune repr\u00e9sente une ressource \u00e9ducative libre (REL) que vous souhaitez utiliser pour cr\u00e9er une \u0153uvre composite. Sur chacune des cartes, un logo repr\u00e9sente le support utilis\u00e9. Les quatre supports possibles sont&nbsp;: texte, image, audio et vid\u00e9o. Chaque carte affiche le logo de la licence de l\u2019\u0153uvre originale. L\u2019\u0153uvre peut \u00eatre publi\u00e9e sous licence CC BY, CC BY-SA, CC BY-NC-SA, CC BY-ND ou GFDL ou appartenir au domaine public.\n<\/p>\n<p>Vous voulez compl\u00e9ter chaque ressource d\u2019un texte explicatif et d\u2019indications destin\u00e9s aux apprenants. En outre, vous pr\u00e9voyez de r\u00e9diger une pr\u00e9face pour votre recueil, qui constituera donc une \u0153uvre composite. \u00c0 chaque exemple, vous pourrez choisir une licence adapt\u00e9e pour l\u2019\u0153uvre d\u00e9riv\u00e9e. Cette licence doit \u00eatre compatible avec les licences des REL que vous r\u00e9utilisez. (Dans le cadre de cet exercice, il ne vous est pas demand\u00e9 de porter un jugement de valeur sur le choix de licence.)\n<\/p>\n<p>Vous pouvez distribuer la prochaine donne en cliquant sur la fl\u00e8che \u00abSuivant\u00bb au bas de chaque page ou en suivant les liens ci-dessous&nbsp;:\n<\/p>\n<p>\n<\/p>\n<ul>\n<li> <a href=\"\/lida103-fr\/modules\/jeu-compatibles-ou-non\/oeuvre-composite-1\" title=\"Learning in a digital age\/LiDA103 fr\/Remix game\/Remix 1\">Exemple 1<\/a>\n<\/li>\n<li> <a href=\"\/lida103-fr\/modules\/jeu-compatibles-ou-non\/oeuvre-composite-2\" title=\"Learning in a digital age\/LiDA103 fr\/Remix game\/Remix 2\">Exemple 2<\/a>\n<\/li>\n<li> <a href=\"\/lida103-fr\/modules\/jeu-compatibles-ou-non\/oeuvre-composite-3\" title=\"Learning in a digital age\/LiDA103 fr\/Remix game\/Remix 3\">Exemple 3<\/a>\n<\/li>\n<li> <a href=\"\/lida103-fr\/modules\/jeu-compatibles-ou-non\/oeuvre-composite-4\" title=\"Learning in a digital age\/LiDA103 fr\/Remix game\/Remix 4\">Exemple 4<\/a>\n<\/li>\n<li> <a href=\"\/lida103-fr\/modules\/jeu-compatibles-ou-non\/oeuvre-composite-5\" title=\"Learning in a digital age\/LiDA103 fr\/Remix game\/Remix 5\">Exemple 5<\/a>\n<\/li>\n<li> <a href=\"\/lida103-fr\/modules\/jeu-compatibles-ou-non\/oeuvre-composite-6\" title=\"Learning in a digital age\/LiDA103 fr\/Remix game\/Remix 6\">Exemple 6<\/a>\n<\/li>\n<\/ul>\n<p><small>Cette activit\u00e9 s\u2019inspire de la version en ligne de l\u2019<a rel=\"nofollow\" class=\"external text\" href=\"http:\/\/opencontent.org\/game\">OER Remix Game<\/a> de David Wiley.<\/small>\n<\/p>\n<p>\n<\/p>\n<p>\n\t\t<\/div>\n\t<\/div>\n<\/div>\n<p>\nN\u2019h\u00e9sitez pas \u00e0 essayer d\u2019autres exemples en visitant la <a rel=\"nofollow\" class=\"external text\" href=\"http:\/\/opencontent.org\/game\">version en ligne<\/a> de l\u2019OER Remix Game. (Veuillez noter que ce jeu n\u00e9cessite Adobe Flash Player.)\n<\/p>\n<p><!-- \nNewPP limit report\nCPU time usage: 0.189 seconds\nReal time usage: 2.965 seconds\nPreprocessor visited node count: 120\/1000000\nPreprocessor generated node count: 844\/1000000\nPost\u2010expand include size: 5152\/2097152 bytes\nTemplate argument size: 3706\/2097152 bytes\nHighest expansion depth: 7\/40\nExpensive parser function count: 0\/100\n--><\/p>\n<p><!-- Saved in parser cache with key we_en-mw_:pcache:idhash:188362-0!*!0!*!*!2!* and timestamp 20230802220811 and revision id 1085867\n -->\n<\/div>\n<div class=\"visualClear\"><\/div>\n<\/p><\/div>\n<\/p><\/div>\n<\/div>\n<\/div>\n<\/div>\n<div class=\"row\">\n<div class=\"col-md-12\">\n<ul class=\"pager\">\n<li class=\"previous\">\n            <a href=\"\/lida103-fr\/modules\/jeu-compatibles-ou-non\/apercu\">\u2190 Pr\u00e9c\u00e9dent<\/a>\n          <\/li>\n<li class=\"next\">\n            <a href=\"\/lida103-fr\/modules\/jeu-compatibles-ou-non\/oeuvre-composite-1\">Suivant \u2192<\/a>\n          <\/li>\n<\/ul><\/div>\n<\/p><\/div>\n<div id=\"wenote-ids\"><script type='text\/javascript' id='wenotes-ids'>\n    var WEnotesSite = \"https:\/\/wikieducator.org\";\n    var WEnotesPath = \"\/Learning_in_a_digital_age\/LiDA103_fr\/Remix_game\/CC_Remix_game\";\n    var WEnotesSiteID = \"0e3d258fbd36841f92259eefcd41d5e9\";\n    var WEnotesPathID = \"668836fddc58b493e8aced1bac8ec78f\";\n    var WEnotesIDs = { site: \"https:\/\/wikieducator.org\", path: \"\/Learning_in_a_digital_age\/LiDA103_fr\/Remix_game\/CC_Remix_game\", site_id: \"0e3d258fbd36841f92259eefcd41d5e9\", path_id: \"668836fddc58b493e8aced1bac8ec78f\" };\n<\/script><\/div>\n<\/div>\n<footer><\/footer>\n","protected":false},"excerpt":{"rendered":"<p>Avant de commencer l\u2019activit\u00e9, nous vous rappelons que chacune des clauses des licences CC peut \u00eatre repr\u00e9sent\u00e9e par un symbole (ou logo)&nbsp;: BY &#8211; attribution SA &#8211; partage dans les m\u00eames conditions NC &#8211; utilisation non commerciale ND &#8211; pas d\u2019\u0153uvre d\u00e9riv\u00e9e Une \u0153uvre sous licence GNU de documentation libre (GFDL) ou une \u0153uvre du [&hellip;]<\/p>\n","protected":false},"author":1,"featured_media":0,"parent":14232,"menu_order":0,"comment_status":"closed","ping_status":"closed","template":"","meta":{"footnotes":""},"class_list":["post-14236","page","type-page","status-publish","hentry"],"_links":{"self":[{"href":"https:\/\/course.oeru.org\/lida103-fr\/wp-json\/wp\/v2\/pages\/14236","targetHints":{"allow":["GET"]}}],"collection":[{"href":"https:\/\/course.oeru.org\/lida103-fr\/wp-json\/wp\/v2\/pages"}],"about":[{"href":"https:\/\/course.oeru.org\/lida103-fr\/wp-json\/wp\/v2\/types\/page"}],"author":[{"embeddable":true,"href":"https:\/\/course.oeru.org\/lida103-fr\/wp-json\/wp\/v2\/users\/1"}],"replies":[{"embeddable":true,"href":"https:\/\/course.oeru.org\/lida103-fr\/wp-json\/wp\/v2\/comments?post=14236"}],"version-history":[{"count":1,"href":"https:\/\/course.oeru.org\/lida103-fr\/wp-json\/wp\/v2\/pages\/14236\/revisions"}],"predecessor-version":[{"id":14237,"href":"https:\/\/course.oeru.org\/lida103-fr\/wp-json\/wp\/v2\/pages\/14236\/revisions\/14237"}],"up":[{"embeddable":true,"href":"https:\/\/course.oeru.org\/lida103-fr\/wp-json\/wp\/v2\/pages\/14232"}],"wp:attachment":[{"href":"https:\/\/course.oeru.org\/lida103-fr\/wp-json\/wp\/v2\/media?parent=14236"}],"curies":[{"name":"wp","href":"https:\/\/api.w.org\/{rel}","templated":true}]}}