{"id":14238,"date":"2023-08-03T03:19:48","date_gmt":"2023-08-03T03:19:48","guid":{"rendered":"https:\/\/course.oeru.org\/lida103-fr\/?page_id=14238"},"modified":"2023-08-03T03:19:48","modified_gmt":"2023-08-03T03:19:48","slug":"oeuvre-composite-1","status":"publish","type":"page","link":"https:\/\/course.oeru.org\/lida103-fr\/modules\/jeu-compatibles-ou-non\/oeuvre-composite-1\/","title":{"rendered":"\u0152uvre composite 1"},"content":{"rendered":"<div id=\"content\" class=\"mw-body container\" role=\"main\">\n<div class=\"row\">\n<div class=\"col-md-12\">\n<div class=\"panel\">\n<div class=\"panel-body\">\n<div id=\"bodyContent\">\n<div id=\"mw-content-text\" lang=\"en\" dir=\"ltr\" class=\"mw-content-ltr\">\n<p>D\u00e9terminez s\u2019il est possible de cr\u00e9er une \u0153uvre composite \u00e0 partir des ressources suivantes et de la publier l\u00e9galement, puis r\u00e9pondez aux questions ci-dessous.\n<\/p>\n<ul class=\"gallery mw-gallery-packed\">\n<li class=\"gallerybox\" style=\"width: 168.66666666667px\">\n<div style=\"width: 168.66666666667px\">\n<div class=\"thumb\" style=\"width: 166.66666666667px;\">\n<div style=\"margin:0px auto;\"><a href=\"https:\/\/wikieducator.org\/File:OER-Remix-Audio_BY.png\" class=\"image\"><img loading=\"lazy\" decoding=\"async\" alt=\"OER-Remix-Audio BY.png\" src=\"\/\/wikieducator.org\/images\/7\/74\/OER-Remix-Audio_BY.png\" width=\"167\" height=\"230\" class=\"img-responsive\"><\/a><\/div>\n<\/div>\n<div class=\"gallerytext\">\n\t\t\t<\/div>\n<\/p><\/div>\n<\/li>\n<li class=\"gallerybox\" style=\"width: 168.66666666667px\">\n<div style=\"width: 168.66666666667px\">\n<div class=\"thumb\" style=\"width: 166.66666666667px;\">\n<div style=\"margin:0px auto;\"><a href=\"https:\/\/wikieducator.org\/File:FR-OER-Remix-Film-BY.png\" class=\"image\"><img loading=\"lazy\" decoding=\"async\" alt=\"FR-OER-Remix-Film-BY.png\" src=\"\/\/wikieducator.org\/images\/f\/fe\/FR-OER-Remix-Film-BY.png\" width=\"167\" height=\"230\" class=\"img-responsive\"><\/a><\/div>\n<\/div>\n<div class=\"gallerytext\">\n\t\t\t<\/div>\n<\/p><\/div>\n<\/li>\n<li class=\"gallerybox\" style=\"width: 168.66666666667px\">\n<div style=\"width: 168.66666666667px\">\n<div class=\"thumb\" style=\"width: 166.66666666667px;\">\n<div style=\"margin:0px auto;\"><a href=\"https:\/\/wikieducator.org\/File:FR-OER-Remix-Image_BY-NC.png\" class=\"image\"><img loading=\"lazy\" decoding=\"async\" alt=\"FR-OER-Remix-Image BY-NC.png\" src=\"\/\/wikieducator.org\/images\/c\/c9\/FR-OER-Remix-Image_BY-NC.png\" width=\"167\" height=\"230\" class=\"img-responsive\"><\/a><\/div>\n<\/div>\n<div class=\"gallerytext\">\n\t\t\t<\/div>\n<\/p><\/div>\n<\/li>\n<li class=\"gallerybox\" style=\"width: 168.66666666667px\">\n<div style=\"width: 168.66666666667px\">\n<div class=\"thumb\" style=\"width: 166.66666666667px;\">\n<div style=\"margin:0px auto;\"><a href=\"https:\/\/wikieducator.org\/File:FR-OER-Remix-Texte_PD.png\" class=\"image\"><img loading=\"lazy\" decoding=\"async\" alt=\"FR-OER-Remix-Texte PD.png\" src=\"\/\/wikieducator.org\/images\/8\/83\/FR-OER-Remix-Texte_PD.png\" width=\"167\" height=\"230\" class=\"img-responsive\"><\/a><\/div>\n<\/div>\n<div class=\"gallerytext\">\n\t\t\t<\/div>\n<\/p><\/div>\n<\/li>\n<\/ul>\n<p>\n<\/p>\n<div class=\"panel iDevice WEquizMultipleChoice\">\n\t<div class=\"panel-heading idevice-heading\">\n\t\t<div>\n\t\t\t<img decoding=\"async\" class=\"pedagogicalicon\" alt=\"assessment\" src=\"https:\/\/course.oeru.org\/lida103-fr\/wp-content\/themes\/oeru-course\/idevices\/Icon_qmark.png\">\n\t\t<\/div>\n\t\t<div>\n\t\t\t<h2>Tentez votre chance avec cette combinaison<\/h2>\n\t\t<\/div>\n\t<\/div>\n\t<div class=\"panel-body\">\n\t\t<div class=\"col-md-12\">\n\t\t\t\n<ul>\n<li> Est-il possible de cr\u00e9er une \u0153uvre composite \u00e0 partir de ces ressources puis de la publier l\u00e9galement&nbsp;?\n<ul>\n<li>Oui\n<ul>\n<li><b>Bonne r\u00e9ponse<\/b>. Les \u0153uvres du domaine public et les documents sous licence CC BY peuvent \u00eatre combin\u00e9s avec d\u2019autres documents sous licence CC BY-NC.\n<\/li>\n<\/ul>\n<\/li>\n<li>Non\n<ul>\n<li><b>Mauvaise r\u00e9ponse<\/b>. Ces licences sont compatibles. Les \u0153uvres du domaine public et les documents sous licence CC BY peuvent \u00eatre combin\u00e9s avec d\u2019autres documents sous licence CC BY-NC.\n<\/li>\n<\/ul>\n<\/li>\n<\/ul>\n<\/li>\n<li> Parmi les propositions suivantes, lesquelles conviendraient pour publier l\u2019\u0153uvre composite&nbsp;?\n<ul>\n<li> Droit d\u2019auteur \u00abtous droits r\u00e9serv\u00e9s\u00bb\n<ul>\n<li><b>Bonne r\u00e9ponse<\/b>. \u00c9tant donn\u00e9 que la licence CC BY-NC ne comprend pas la clause de partage dans les m\u00eames conditions (gauche d\u2019auteur), l\u2019\u0153uvre composite peut \u00eatre publi\u00e9e avec la mention \u00ab\u2009tous droits r\u00e9serv\u00e9s\u2009\u00bb puisque celle-ci ne permet de se pr\u00e9valoir d\u2019aucun droit suppl\u00e9mentaire. Cependant, l\u2019\u0153uvre composite ne peut pas \u00eatre utilis\u00e9e \u00e0 des fins commerciales.\n<\/li>\n<\/ul>\n<\/li>\n<li> Licence CC BY\n<ul>\n<li><b>Mauvaise r\u00e9ponse<\/b>. La licence de la photo comporte la restriction NC, qui ne permet pas de publier l\u2019\u0153uvre composite sous licence CC BY.\n<\/li>\n<\/ul>\n<\/li>\n<li>Versement au domaine public\n<ul>\n<li><b>Mauvaise r\u00e9ponse<\/b>. La clause d\u2019attribution de la licence CC BY ainsi que la restriction NC s\u2019y opposent.\n<\/li>\n<\/ul>\n<\/li>\n<li>Licence CC BY-NC\n<ul>\n<li><b>Bonne r\u00e9ponse<\/b> L\u2019\u0153uvre composite peut \u00eatre publi\u00e9e sous les m\u00eames restrictions que la licence la plus restrictive de la s\u00e9lection. Il existe cependant d\u2019autres solutions.\n<\/li>\n<\/ul>\n<\/li>\n<li>Licence CC BY-NC-ND\n<ul>\n<li><b>Bonne r\u00e9ponse<\/b>. Il est possible de publier cette \u0153uvre composite sous une licence plus restrictive en ajoutant la clause ND. Cependant, nous vous recommandons de respecter dans la mesure du possible les intentions des cr\u00e9ateurs d\u2019origine, en particulier lorsqu\u2019aucun contenu in\u00e9dit ou original n\u2019a \u00e9t\u00e9 ajout\u00e9.\n<\/li>\n<\/ul>\n<\/li>\n<li>Licence CC BY-NC-SA\n<ul>\n<li><b>Bonne r\u00e9ponse<\/b>. Il est possible de publier cette compilation sous une licence plus restrictive en ajoutant la clause SA. Cependant, nous vous recommandons de respecter dans la mesure du possible les intentions des cr\u00e9ateurs d\u2019origine, en particulier lorsqu\u2019aucun contenu in\u00e9dit ou original n\u2019a \u00e9t\u00e9 ajout\u00e9.\n<\/li>\n<\/ul>\n<\/li>\n<li>Licence CC BY-SA\n<ul>\n<li><b>Mauvaise r\u00e9ponse<\/b>. La photo comporte la restriction NC&nbsp;: l\u2019\u0153uvre composite doit donc \u00e9galement inclure cette clause. La clause SA autorise l\u2019exploitation commerciale de services \u00e0 valeur ajout\u00e9e \u00e0 condition que l\u2019\u0153uvre composite soit aussi publi\u00e9e sous une licence comportant la clause de partage dans les m\u00eames conditions.\n<\/li>\n<\/ul>\n<\/li>\n<\/ul>\n<\/li>\n<\/ul>\n<p>\n<\/p>\n<p>\n\t\t<\/div>\n\t<\/div>\n<\/div><\/p>\n<p>\n<\/p>\n<p><small>Cette activit\u00e9 s\u2019inspire de la version en ligne de l\u2019<a rel=\"nofollow\" class=\"external text\" href=\"http:\/\/opencontent.org\/game\">OER Remix Game<\/a> de David Wiley.<\/small>\n<\/p>\n<p><!-- \nNewPP limit report\nCPU time usage: 0.032 seconds\nReal time usage: 0.048 seconds\nPreprocessor visited node count: 134\/1000000\nPreprocessor generated node count: 1066\/1000000\nPost\u2010expand include size: 18452\/2097152 bytes\nTemplate argument size: 13457\/2097152 bytes\nHighest expansion depth: 10\/40\nExpensive parser function count: 0\/100\n--><\/p>\n<p><!-- Saved in parser cache with key we_en-mw_:pcache:idhash:188363-0!*!*!*!*!2!* and timestamp 20230802220814 and revision id 1085945\n -->\n<\/div>\n<div class=\"visualClear\"><\/div>\n<\/p><\/div>\n<\/p><\/div>\n<\/div>\n<\/div>\n<\/div>\n<div class=\"row\">\n<div class=\"col-md-12\">\n<ul class=\"pager\">\n<li class=\"previous\">\n            <a href=\"\/lida103-fr\/modules\/jeu-compatibles-ou-non\/jeu-sur-les-licences-cc-compatibles-ou-non\u2009\">\u2190 Pr\u00e9c\u00e9dent<\/a>\n          <\/li>\n<li class=\"next\">\n            <a href=\"\/lida103-fr\/modules\/jeu-compatibles-ou-non\/oeuvre-composite-2\">Suivant \u2192<\/a>\n          <\/li>\n<\/ul><\/div>\n<\/p><\/div>\n<div id=\"wenote-ids\"><script type='text\/javascript' id='wenotes-ids'>\n    var WEnotesSite = \"https:\/\/wikieducator.org\";\n    var WEnotesPath = \"\/Learning_in_a_digital_age\/LiDA103_fr\/Remix_game\/Remix_1\";\n    var WEnotesSiteID = \"0e3d258fbd36841f92259eefcd41d5e9\";\n    var WEnotesPathID = \"717d032846f486441d7b71c62ad45d1f\";\n    var WEnotesIDs = { site: \"https:\/\/wikieducator.org\", path: \"\/Learning_in_a_digital_age\/LiDA103_fr\/Remix_game\/Remix_1\", site_id: \"0e3d258fbd36841f92259eefcd41d5e9\", path_id: \"717d032846f486441d7b71c62ad45d1f\" };\n<\/script><\/div>\n<\/div>\n<footer><\/footer>\n","protected":false},"excerpt":{"rendered":"<p>D\u00e9terminez s\u2019il est possible de cr\u00e9er une \u0153uvre composite \u00e0 partir des ressources suivantes et de la publier l\u00e9galement, puis r\u00e9pondez aux questions ci-dessous. Cette activit\u00e9 s\u2019inspire de la version en ligne de l\u2019OER Remix Game de David Wiley. \u2190 Pr\u00e9c\u00e9dent Suivant \u2192<\/p>\n","protected":false},"author":1,"featured_media":0,"parent":14232,"menu_order":0,"comment_status":"closed","ping_status":"closed","template":"","meta":{"footnotes":""},"class_list":["post-14238","page","type-page","status-publish","hentry"],"_links":{"self":[{"href":"https:\/\/course.oeru.org\/lida103-fr\/wp-json\/wp\/v2\/pages\/14238","targetHints":{"allow":["GET"]}}],"collection":[{"href":"https:\/\/course.oeru.org\/lida103-fr\/wp-json\/wp\/v2\/pages"}],"about":[{"href":"https:\/\/course.oeru.org\/lida103-fr\/wp-json\/wp\/v2\/types\/page"}],"author":[{"embeddable":true,"href":"https:\/\/course.oeru.org\/lida103-fr\/wp-json\/wp\/v2\/users\/1"}],"replies":[{"embeddable":true,"href":"https:\/\/course.oeru.org\/lida103-fr\/wp-json\/wp\/v2\/comments?post=14238"}],"version-history":[{"count":1,"href":"https:\/\/course.oeru.org\/lida103-fr\/wp-json\/wp\/v2\/pages\/14238\/revisions"}],"predecessor-version":[{"id":14239,"href":"https:\/\/course.oeru.org\/lida103-fr\/wp-json\/wp\/v2\/pages\/14238\/revisions\/14239"}],"up":[{"embeddable":true,"href":"https:\/\/course.oeru.org\/lida103-fr\/wp-json\/wp\/v2\/pages\/14232"}],"wp:attachment":[{"href":"https:\/\/course.oeru.org\/lida103-fr\/wp-json\/wp\/v2\/media?parent=14238"}],"curies":[{"name":"wp","href":"https:\/\/api.w.org\/{rel}","templated":true}]}}