{"id":14240,"date":"2023-08-03T03:19:50","date_gmt":"2023-08-03T03:19:50","guid":{"rendered":"https:\/\/course.oeru.org\/lida103-fr\/?page_id=14240"},"modified":"2023-08-03T03:19:50","modified_gmt":"2023-08-03T03:19:50","slug":"oeuvre-composite-2","status":"publish","type":"page","link":"https:\/\/course.oeru.org\/lida103-fr\/modules\/jeu-compatibles-ou-non\/oeuvre-composite-2\/","title":{"rendered":"\u0152uvre composite 2"},"content":{"rendered":"<div id=\"content\" class=\"mw-body container\" role=\"main\">\n<div class=\"row\">\n<div class=\"col-md-12\">\n<div class=\"panel\">\n<div class=\"panel-body\">\n<div id=\"bodyContent\">\n<div id=\"mw-content-text\" lang=\"en\" dir=\"ltr\" class=\"mw-content-ltr\">\n<p>D\u00e9terminez s\u2019il est possible de cr\u00e9er une \u0153uvre composite \u00e0 partir des ressources suivantes et de la publier l\u00e9galement, puis r\u00e9pondez aux questions ci-dessous.\n<\/p>\n<ul class=\"gallery mw-gallery-packed\">\n<li class=\"gallerybox\" style=\"width: 168.66666666667px\">\n<div style=\"width: 168.66666666667px\">\n<div class=\"thumb\" style=\"width: 166.66666666667px;\">\n<div style=\"margin:0px auto;\"><a href=\"https:\/\/wikieducator.org\/File:OER-Remix-Audio_GNU.png\" class=\"image\"><img loading=\"lazy\" decoding=\"async\" alt=\"OER-Remix-Audio GNU.png\" src=\"\/\/wikieducator.org\/images\/0\/0f\/OER-Remix-Audio_GNU.png\" width=\"167\" height=\"230\" class=\"img-responsive\"><\/a><\/div>\n<\/div>\n<div class=\"gallerytext\">\n\t\t\t<\/div>\n<\/p><\/div>\n<\/li>\n<li class=\"gallerybox\" style=\"width: 168.66666666667px\">\n<div style=\"width: 168.66666666667px\">\n<div class=\"thumb\" style=\"width: 166.66666666667px;\">\n<div style=\"margin:0px auto;\"><a href=\"https:\/\/wikieducator.org\/File:FR-OER-Remix-Image_BY.png\" class=\"image\"><img loading=\"lazy\" decoding=\"async\" alt=\"FR-OER-Remix-Image BY.png\" src=\"\/\/wikieducator.org\/images\/a\/aa\/FR-OER-Remix-Image_BY.png\" width=\"167\" height=\"230\" class=\"img-responsive\"><\/a><\/div>\n<\/div>\n<div class=\"gallerytext\">\n\t\t\t<\/div>\n<\/p><\/div>\n<\/li>\n<li class=\"gallerybox\" style=\"width: 168.66666666667px\">\n<div style=\"width: 168.66666666667px\">\n<div class=\"thumb\" style=\"width: 166.66666666667px;\">\n<div style=\"margin:0px auto;\"><a href=\"https:\/\/wikieducator.org\/File:FR-OER-Remix-Film-GNU.png\" class=\"image\"><img loading=\"lazy\" decoding=\"async\" alt=\"FR-OER-Remix-Film-GNU.png\" src=\"\/\/wikieducator.org\/images\/e\/eb\/FR-OER-Remix-Film-GNU.png\" width=\"167\" height=\"230\" class=\"img-responsive\"><\/a><\/div>\n<\/div>\n<div class=\"gallerytext\">\n\t\t\t<\/div>\n<\/p><\/div>\n<\/li>\n<li class=\"gallerybox\" style=\"width: 168.66666666667px\">\n<div style=\"width: 168.66666666667px\">\n<div class=\"thumb\" style=\"width: 166.66666666667px;\">\n<div style=\"margin:0px auto;\"><a href=\"https:\/\/wikieducator.org\/File:FR-OER-Remix-Texte_PD.png\" class=\"image\"><img loading=\"lazy\" decoding=\"async\" alt=\"FR-OER-Remix-Texte PD.png\" src=\"\/\/wikieducator.org\/images\/8\/83\/FR-OER-Remix-Texte_PD.png\" width=\"167\" height=\"230\" class=\"img-responsive\"><\/a><\/div>\n<\/div>\n<div class=\"gallerytext\">\n\t\t\t<\/div>\n<\/p><\/div>\n<\/li>\n<\/ul>\n<p>\n<\/p>\n<div class=\"panel iDevice WEquizMultipleChoice\">\n\t<div class=\"panel-heading idevice-heading\">\n\t\t<div>\n\t\t\t<img decoding=\"async\" class=\"pedagogicalicon\" alt=\"assessment\" src=\"https:\/\/course.oeru.org\/lida103-fr\/wp-content\/themes\/oeru-course\/idevices\/Icon_qmark.png\">\n\t\t<\/div>\n\t\t<div>\n\t\t\t<h2>Tentez votre chance avec cette combinaison<\/h2>\n\t\t<\/div>\n\t<\/div>\n\t<div class=\"panel-body\">\n\t\t<div class=\"col-md-12\">\n\t\t\t\n<ul>\n<li> Est-il possible de cr\u00e9er une \u0153uvre composite \u00e0 partir de ces ressources puis de la publier l\u00e9galement&nbsp;?\n<ul>\n<li>Oui\n<ul>\n<li><b>Bonne r\u00e9ponse<\/b>. Les \u0153uvres du domaine public et les documents sous licence CC BY peuvent \u00eatre r\u00e9arrang\u00e9s avec d\u2019autres documents sous licence GFDL.\n<\/li>\n<\/ul>\n<\/li>\n<li>Non\n<ul>\n<li><b>Mauvaise r\u00e9ponse<\/b>. Ces licences sont compatibles: les \u0153uvres du domaine public et les documents sous licence CC BY peuvent \u00eatre r\u00e9arrang\u00e9s avec d\u2019autres documents sous GFDL.\n<\/li>\n<\/ul>\n<\/li>\n<\/ul>\n<\/li>\n<li> Parmi les propositions suivantes, lesquelles conviendraient pour publier l\u2019\u0153uvre composite&nbsp;?\n<ul>\n<li> Droit d\u2019auteur \u00abtous droits r\u00e9serv\u00e9s\u00bb\n<ul>\n<li><b>Mauvaise r\u00e9ponse<\/b>. La GFDL (une licence qui rel\u00e8ve de la gauche d\u2019auteur) pr\u00e9voit que les \u0153uvres d\u00e9riv\u00e9es soient publi\u00e9es sous la m\u00eame licence, avec partage dans les m\u00eames conditions.\n<\/li>\n<\/ul>\n<\/li>\n<li> Licence CC BY\n<ul>\n<li><b>Mauvaise r\u00e9ponse<\/b>. Cette licence n\u2019est pas compatible avec la clause de partage dans les m\u00eames conditions de la GFDL.\n<\/li>\n<\/ul>\n<\/li>\n<li>Versement au domaine public\n<ul>\n<li><b>Mauvaise r\u00e9ponse<\/b>.La licence CC BY comporte une clause d\u2019attribution de la paternit\u00e9, ce qui ne constitue pas une obligation pour les \u0153uvres du domaine public; la GFDL, quant \u00e0 elle, exige que les \u0153uvres d\u00e9riv\u00e9es soient publi\u00e9es sous la m\u00eame licence, avec une clause de partage dans les m\u00eames conditions.\n<\/li>\n<\/ul>\n<\/li>\n<li>GFDL\n<ul>\n<li><b>Bonne r\u00e9ponse<\/b> Les \u0153uvres d\u00e9riv\u00e9es peuvent \u00eatre publi\u00e9es sous GFDL, conform\u00e9ment aux dispositions de partage dans les m\u00eames conditions pr\u00e9vues par cette licence.\n<\/li>\n<\/ul>\n<\/li>\n<li>Licence CC BY-SA\n<ul>\n<li><b>Mauvaise r\u00e9ponse<\/b>. Bien que la licence CC BY-SA partage les intentions et la philosophie de la GFDL, cette derni\u00e8re exige que les \u0153uvres d\u00e9riv\u00e9es soient publi\u00e9es sous la m\u00eame licence\u2009; ainsi les licences comportant une clause de partage dans les m\u00eames conditions ne sont pas compatibles.\n<\/li>\n<\/ul>\n<\/li>\n<li>Licence CC BY-NC-ND\n<ul>\n<li><b>Mauvaise r\u00e9ponse<\/b>. L\u2019ajout de restrictions suppl\u00e9mentaires va \u00e0 l\u2019encontre de la GFDL.\n<\/li>\n<\/ul>\n<\/li>\n<li>Licence CC BY-NC-SA\n<ul>\n<li><b>Mauvaise r\u00e9ponse<\/b>. La GFDL interdit d\u2019ajouter une clause d\u2019utilisation non commerciale\u2009; cependant, l\u2019incompatibilit\u00e9 r\u00e9side en r\u00e9alit\u00e9 dans l\u2019obligation de publier les \u0153uvres d\u00e9riv\u00e9es d\u2019une \u0153uvre sous GFDL sous licence identique.\n<\/li>\n<\/ul>\n<\/li>\n<\/ul>\n<\/li>\n<\/ul>\n<p>\n<\/p>\n<p>\n\t\t<\/div>\n\t<\/div>\n<\/div><\/p>\n<p>\n<small>Cette activit\u00e9 s\u2019inspire de la version en ligne de l\u2019<a rel=\"nofollow\" class=\"external text\" href=\"http:\/\/opencontent.org\/game\">OER Remix Game<\/a> de David Wiley.<\/small>\n<\/p>\n<p><!-- \nNewPP limit report\nCPU time usage: 0.025 seconds\nReal time usage: 0.044 seconds\nPreprocessor visited node count: 134\/1000000\nPreprocessor generated node count: 1066\/1000000\nPost\u2010expand include size: 16172\/2097152 bytes\nTemplate argument size: 11560\/2097152 bytes\nHighest expansion depth: 10\/40\nExpensive parser function count: 0\/100\n--><\/p>\n<p><!-- Saved in parser cache with key we_en-mw_:pcache:idhash:188364-0!*!*!*!*!2!* and timestamp 20230802220815 and revision id 1085946\n -->\n<\/div>\n<div class=\"visualClear\"><\/div>\n<\/p><\/div>\n<\/p><\/div>\n<\/div>\n<\/div>\n<\/div>\n<div class=\"row\">\n<div class=\"col-md-12\">\n<ul class=\"pager\">\n<li class=\"previous\">\n            <a href=\"\/lida103-fr\/modules\/jeu-compatibles-ou-non\/oeuvre-composite-1\">\u2190 Pr\u00e9c\u00e9dent<\/a>\n          <\/li>\n<li class=\"next\">\n            <a href=\"\/lida103-fr\/modules\/jeu-compatibles-ou-non\/oeuvre-composite-3\">Suivant \u2192<\/a>\n          <\/li>\n<\/ul><\/div>\n<\/p><\/div>\n<div id=\"wenote-ids\"><script type='text\/javascript' id='wenotes-ids'>\n    var WEnotesSite = \"https:\/\/wikieducator.org\";\n    var WEnotesPath = \"\/Learning_in_a_digital_age\/LiDA103_fr\/Remix_game\/Remix_2\";\n    var WEnotesSiteID = \"0e3d258fbd36841f92259eefcd41d5e9\";\n    var WEnotesPathID = \"46971fce2aacf667359b72a787be347f\";\n    var WEnotesIDs = { site: \"https:\/\/wikieducator.org\", path: \"\/Learning_in_a_digital_age\/LiDA103_fr\/Remix_game\/Remix_2\", site_id: \"0e3d258fbd36841f92259eefcd41d5e9\", path_id: \"46971fce2aacf667359b72a787be347f\" };\n<\/script><\/div>\n<\/div>\n<footer><\/footer>\n","protected":false},"excerpt":{"rendered":"<p>D\u00e9terminez s\u2019il est possible de cr\u00e9er une \u0153uvre composite \u00e0 partir des ressources suivantes et de la publier l\u00e9galement, puis r\u00e9pondez aux questions ci-dessous. Cette activit\u00e9 s\u2019inspire de la version en ligne de l\u2019OER Remix Game de David Wiley. \u2190 Pr\u00e9c\u00e9dent Suivant \u2192<\/p>\n","protected":false},"author":1,"featured_media":0,"parent":14232,"menu_order":0,"comment_status":"closed","ping_status":"closed","template":"","meta":{"footnotes":""},"class_list":["post-14240","page","type-page","status-publish","hentry"],"_links":{"self":[{"href":"https:\/\/course.oeru.org\/lida103-fr\/wp-json\/wp\/v2\/pages\/14240","targetHints":{"allow":["GET"]}}],"collection":[{"href":"https:\/\/course.oeru.org\/lida103-fr\/wp-json\/wp\/v2\/pages"}],"about":[{"href":"https:\/\/course.oeru.org\/lida103-fr\/wp-json\/wp\/v2\/types\/page"}],"author":[{"embeddable":true,"href":"https:\/\/course.oeru.org\/lida103-fr\/wp-json\/wp\/v2\/users\/1"}],"replies":[{"embeddable":true,"href":"https:\/\/course.oeru.org\/lida103-fr\/wp-json\/wp\/v2\/comments?post=14240"}],"version-history":[{"count":1,"href":"https:\/\/course.oeru.org\/lida103-fr\/wp-json\/wp\/v2\/pages\/14240\/revisions"}],"predecessor-version":[{"id":14241,"href":"https:\/\/course.oeru.org\/lida103-fr\/wp-json\/wp\/v2\/pages\/14240\/revisions\/14241"}],"up":[{"embeddable":true,"href":"https:\/\/course.oeru.org\/lida103-fr\/wp-json\/wp\/v2\/pages\/14232"}],"wp:attachment":[{"href":"https:\/\/course.oeru.org\/lida103-fr\/wp-json\/wp\/v2\/media?parent=14240"}],"curies":[{"name":"wp","href":"https:\/\/api.w.org\/{rel}","templated":true}]}}