{"id":14254,"date":"2023-08-03T03:20:04","date_gmt":"2023-08-03T03:20:04","guid":{"rendered":"https:\/\/course.oeru.org\/lida103-fr\/?page_id=14254"},"modified":"2023-08-03T03:20:04","modified_gmt":"2023-08-03T03:20:04","slug":"mise-en-pratique-defi-pedagogique-des-4r","status":"publish","type":"page","link":"https:\/\/course.oeru.org\/lida103-fr\/modules\/jeu-compatibles-ou-non\/mise-en-pratique-defi-pedagogique-des-4r\/","title":{"rendered":"Mise en pratique \u2013 D\u00e9fi p\u00e9dagogique des 4R"},"content":{"rendered":"<div id=\"content\" class=\"mw-body container\" role=\"main\">\n<div class=\"row\">\n<div class=\"col-md-12\">\n<div class=\"panel\">\n<div class=\"panel-body\">\n<div id=\"bodyContent\">\n<div id=\"mw-content-text\" lang=\"en\" dir=\"ltr\" class=\"mw-content-ltr\"><div class=\"panel iDevice\">\n\t<div class=\"panel-heading idevice-heading\">\n\t\t<div>\n\t\t\t<img decoding=\"async\" class=\"pedagogicalicon\" alt=\"activity\" src=\"https:\/\/course.oeru.org\/lida103-fr\/wp-content\/themes\/oeru-course\/idevices\/Icon_activity.png\">\n\t\t<\/div>\n\t\t<div>\n\t\t\t<h2>Activit\u00e9s de mise en pratique des connaissances<\/h2>\n\t\t<\/div>\n\t<\/div>\n\t<div class=\"panel-body\">\n\t\t<div class=\"col-md-12\">\n\t\t\t<\/p>\n<p>Pr\u00e9parez un article de blog de 450 \u00e0 600 mots environ, divis\u00e9 en deux parties&nbsp;:\n<\/p>\n<ol>\n<li> \u00c9crivez sur un sujet ou une id\u00e9e int\u00e9ressante de votre choix (200 \u00e0 250 mots environ). Rien ne vous oblige \u00e0 aborder l\u2019\u00e9ducation ou votre domaine d\u2019\u00e9tudes, vous pouvez choisir un loisir ou un centre d\u2019int\u00e9r\u00eat. Cette partie de l\u2019article de blog <b>doit<\/b> inclure&nbsp;:\n<ul>\n<li> un texte que vous pouvez l\u00e9galement reproduire et modifier d\u2019environ 300 mots&nbsp;;\n<\/li>\n<li> des ressources (texte, audio, image ou vid\u00e9o) publi\u00e9es sous au moins <b>trois types diff\u00e9rents<\/b> de licences Creative Commons ou d\u00e9clar\u00e9es librement utilisables (l\u2019objectif est de mobiliser vos connaissances et d\u2019\u00e9prouver les difficult\u00e9s inh\u00e9rentes \u00e0 la compatibilit\u00e9 des licences lorsqu\u2019il s\u2019agit de choisir une licence pour redistribuer une \u0153uvre composite)&nbsp;;\n<\/li>\n<li> en plus du contenu sous licence Creative Commons, votre article doit \u00e9galement int\u00e9grer un extrait d\u2019une \u0153uvre prot\u00e9g\u00e9e par le droit d\u2019auteur, cit\u00e9 l\u00e9galement en vertu des exceptions pr\u00e9vues par votre l\u00e9gislation nationale&nbsp;;\n<\/li>\n<li> vous devez inclure au moins deux images dans votre article, qui peuvent vous servir pour atteindre le nombre requis de types de licences demand\u00e9s&nbsp;;\n<\/li>\n<li> vous devez cr\u00e9er une \u0153uvre d\u00e9riv\u00e9e \u00e0 partir d\u2019une des images (par exemple, y ajouter du texte, changer ses couleurs ou faire un montage avec une autre image)&nbsp;;\n<\/li>\n<li> en fonction de la licence que vous privil\u00e9giez et des clauses juridiques applicables aux documents que vous avez reproduits et adapt\u00e9s dans votre article de blog, vous devez publier votre \u0153uvre composite sous une licence Creative Commons qui assure la <a rel=\"nofollow\" class=\"external text\" href=\"https:\/\/wikieducator.org\/Learning_in_a_digital_age\/LiDA103_fr\/Creative_Commons\/Remix\">compatibilit\u00e9 entre les diff\u00e9rentes licences<\/a>&nbsp;;\n<\/li>\n<li> votre article de blog doit correctement citer l\u2019ensemble des ressources utilis\u00e9es.\n<\/li>\n<\/ul>\n<\/li>\n<li> Dans la seconde partie de l\u2019article, r\u00e9digez une courte r\u00e9flexion d\u2019environ 150 mots sur le d\u00e9roulement de cette activit\u00e9. Vous pouvez par exemple r\u00e9pondre aux questions suivantes&nbsp;:\n<ul>\n<li> Avez-vous eu besoin de modifier votre choix initial de licence et si oui, pourquoi&nbsp;?\n<\/li>\n<li> Qui d\u00e9tient le droit d\u2019auteur prot\u00e9geant votre article de blog&nbsp;? Est-ce que cela a influenc\u00e9 votre recherche de contenus sous licence Creative Commons&nbsp;? Justifiez votre r\u00e9ponse.\n<\/li>\n<li> La licence que vous avez choisie ob\u00e9it-elle \u00e0 la d\u00e9finition d\u2019une <a rel=\"nofollow\" class=\"external text\" href=\"https:\/\/freedomdefined.org\/Definition\/Fr\">\u0153uvre culturelle libre<\/a>&nbsp;? Dans le cas contraire, serait-il possible de publier votre \u0153uvre sous une licence compatible avec la notion d\u2019\u0153uvre culturelle libre, compte tenu des clauses pr\u00e9vues pour chacun des documents repris dans l\u2019article, qu\u2019ils soient sous licence ou en libre utilisation&nbsp;?\n<\/li>\n<li> Faites \u00e9galement part de vos r\u00e9flexions ou de vos observations qui pourraient int\u00e9resser les autres apprenants.\n<\/li>\n<\/ul>\n<\/li>\n<li> N\u2019oubliez pas de tagger votre article en utilisant le code du cours <b>LiDA103fr<\/b>\n<\/li>\n<\/ol>\n<p>\n<\/p>\n<p>\n\t\t<\/div>\n\t<\/div>\n<\/div><\/p>\n<p><!-- \nNewPP limit report\nCPU time usage: 0.030 seconds\nReal time usage: 0.034 seconds\nPreprocessor visited node count: 85\/1000000\nPreprocessor generated node count: 784\/1000000\nPost\u2010expand include size: 7594\/2097152 bytes\nTemplate argument size: 6146\/2097152 bytes\nHighest expansion depth: 7\/40\nExpensive parser function count: 0\/100\n--><\/p>\n<p><!-- Saved in parser cache with key we_en-mw_:pcache:idhash:188371-0!*!*!*!*!2!* and timestamp 20230802205356 and revision id 1085876\n -->\n<\/div>\n<div class=\"visualClear\"><\/div>\n<\/p><\/div>\n<\/p><\/div>\n<\/div>\n<\/div>\n<\/div>\n<div class=\"row\">\n<div class=\"col-md-12\">\n<ul class=\"pager\">\n<li class=\"previous\">\n            <a href=\"\/lida103-fr\/modules\/jeu-compatibles-ou-non\/exercices-defi-pedagogique-des-4r\">\u2190 Pr\u00e9c\u00e9dent<\/a>\n          <\/li>\n<li class=\"next\">\n            <a href=\"\/lida103-fr\/modules\/dimensions-du-libre-acces\/apercu\">Suivant \u2192<\/a>\n          <\/li>\n<\/ul><\/div>\n<\/p><\/div>\n<div id=\"wenote-ids\"><script type='text\/javascript' id='wenotes-ids'>\n    var WEnotesSite = \"https:\/\/wikieducator.org\";\n    var WEnotesPath = \"\/Learning_in_a_digital_age\/LiDA103_fr\/Remix_game\/Outputs_4R_challenge\";\n    var WEnotesSiteID = \"0e3d258fbd36841f92259eefcd41d5e9\";\n    var WEnotesPathID = \"bc7fea57220b516a674d781176ff924d\";\n    var WEnotesIDs = { site: \"https:\/\/wikieducator.org\", path: \"\/Learning_in_a_digital_age\/LiDA103_fr\/Remix_game\/Outputs_4R_challenge\", site_id: \"0e3d258fbd36841f92259eefcd41d5e9\", path_id: \"bc7fea57220b516a674d781176ff924d\" };\n<\/script><\/div>\n<\/div>\n<footer><\/footer>\n","protected":false},"excerpt":{"rendered":"<p>\u2190 Pr\u00e9c\u00e9dent Suivant \u2192<\/p>\n","protected":false},"author":1,"featured_media":0,"parent":14232,"menu_order":0,"comment_status":"closed","ping_status":"closed","template":"","meta":{"footnotes":""},"class_list":["post-14254","page","type-page","status-publish","hentry"],"_links":{"self":[{"href":"https:\/\/course.oeru.org\/lida103-fr\/wp-json\/wp\/v2\/pages\/14254","targetHints":{"allow":["GET"]}}],"collection":[{"href":"https:\/\/course.oeru.org\/lida103-fr\/wp-json\/wp\/v2\/pages"}],"about":[{"href":"https:\/\/course.oeru.org\/lida103-fr\/wp-json\/wp\/v2\/types\/page"}],"author":[{"embeddable":true,"href":"https:\/\/course.oeru.org\/lida103-fr\/wp-json\/wp\/v2\/users\/1"}],"replies":[{"embeddable":true,"href":"https:\/\/course.oeru.org\/lida103-fr\/wp-json\/wp\/v2\/comments?post=14254"}],"version-history":[{"count":1,"href":"https:\/\/course.oeru.org\/lida103-fr\/wp-json\/wp\/v2\/pages\/14254\/revisions"}],"predecessor-version":[{"id":14255,"href":"https:\/\/course.oeru.org\/lida103-fr\/wp-json\/wp\/v2\/pages\/14254\/revisions\/14255"}],"up":[{"embeddable":true,"href":"https:\/\/course.oeru.org\/lida103-fr\/wp-json\/wp\/v2\/pages\/14232"}],"wp:attachment":[{"href":"https:\/\/course.oeru.org\/lida103-fr\/wp-json\/wp\/v2\/media?parent=14254"}],"curies":[{"name":"wp","href":"https:\/\/api.w.org\/{rel}","templated":true}]}}