{"id":14260,"date":"2023-08-03T03:20:10","date_gmt":"2023-08-03T03:20:10","guid":{"rendered":"https:\/\/course.oeru.org\/lida103-fr\/?page_id=14260"},"modified":"2023-08-03T03:20:10","modified_gmt":"2023-08-03T03:20:10","slug":"libre-acces","status":"publish","type":"page","link":"https:\/\/course.oeru.org\/lida103-fr\/modules\/dimensions-du-libre-acces\/libre-acces\/","title":{"rendered":"Libre acc\u00e8s"},"content":{"rendered":"<div id=\"content\" class=\"mw-body container\" role=\"main\">\n<div class=\"row\">\n<div class=\"col-md-12\">\n<div class=\"panel\">\n<div class=\"panel-body\">\n<div id=\"bodyContent\">\n<div id=\"mw-content-text\" lang=\"en\" dir=\"ltr\" class=\"mw-content-ltr\">\n<div class=\"thumb tright\">\n<div class=\"thumbinner thumbnail\" style=\"width:262px;\"><a href=\"https:\/\/wikieducator.org\/File:Open_Access_logo_PLoS_white.svg\" class=\"image\"><img loading=\"lazy\" decoding=\"async\" alt=\"\" src=\"\/\/wikieducator.org\/images\/thumb\/2\/25\/Open_Access_logo_PLoS_white.svg\/260px-Open_Access_logo_PLoS_white.svg.png\" width=\"260\" height=\"406\" class=\"thumbimage img-responsive\"><\/a>  <\/p>\n<div class=\"thumbcaption\">Un des logos du libre acc\u00e8s, d&rsquo;origine de la Public Library of Science.<\/div>\n<\/div>\n<\/div>\n<p> Le <i>libre acc\u00e8s<\/i> est une initiative ouverte dans le sillage des REL qui vise \u00e0 permettre un acc\u00e8s sans restriction aux r\u00e9sultats de la recherche universitaire, y compris aux revues \u00e0 comit\u00e9 de lecture, aux th\u00e8ses, aux monographies et aux chapitres de livres. <br style=\"clear:both;\"><br \/>\n<div class=\"panel iDevice\">\n\t<div class=\"panel-heading idevice-heading\">\n\t\t<div>\n\t\t\t<img decoding=\"async\" class=\"pedagogicalicon\" alt=\"web resources\" src=\"https:\/\/course.oeru.org\/lida103-fr\/wp-content\/themes\/oeru-course\/idevices\/Icon_inter.png\">\n\t\t<\/div>\n\t\t<div>\n\t\t\t<h2>Ressources pour vous inspirer<\/h2>\n\t\t<\/div>\n\t<\/div>\n\t<div class=\"panel-body\">\n\t\t<div class=\"col-md-12\">\n\t\t\t<\/p>\n<p>Vid\u00e9o &lsquo;Open access explained&rsquo; (en anglais, mais possibilit\u00e9 de g\u00e9n\u00e9rer des sous-titres en fran\u00e7ais dans les param\u00e8tres)\n<\/p>\n\n<div data-mode=\"normal\" data-oembed=\"1\" data-provider=\"vimeo\" id=\"arve-vimeo-557927481\" style=\"max-width:676px;\" class=\"arve aligncenter\">\n\t<div class=\"arve-inner\">\n\t\t<div style=\"aspect-ratio:5\/4\" class=\"arve-embed arve-embed--has-aspect-ratio\">\n\t\t\t<div class=\"arve-ar\" style=\"padding-top:80.000000%\"><\/div>\n\t\t\t<iframe allow=\"accelerometer &apos;none&apos;;autoplay &apos;none&apos;;bluetooth &apos;none&apos;;browsing-topics &apos;none&apos;;camera &apos;none&apos;;clipboard-read &apos;none&apos;;clipboard-write;display-capture &apos;none&apos;;encrypted-media &apos;none&apos;;gamepad &apos;none&apos;;geolocation &apos;none&apos;;gyroscope &apos;none&apos;;hid &apos;none&apos;;identity-credentials-get &apos;none&apos;;idle-detection &apos;none&apos;;keyboard-map &apos;none&apos;;local-fonts;magnetometer &apos;none&apos;;microphone &apos;none&apos;;midi &apos;none&apos;;otp-credentials &apos;none&apos;;payment &apos;none&apos;;picture-in-picture;publickey-credentials-create &apos;none&apos;;publickey-credentials-get &apos;none&apos;;screen-wake-lock &apos;none&apos;;serial &apos;none&apos;;summarizer &apos;none&apos;;sync-xhr;usb &apos;none&apos;;web-share;window-management &apos;none&apos;;xr-spatial-tracking &apos;none&apos;;\" allowfullscreen=\"\" class=\"arve-iframe fitvidsignore\" credentialless data-arve=\"arve-vimeo-557927481\" data-lenis-prevent=\"\" data-src-no-ap=\"https:\/\/player.vimeo.com\/video\/557927481?dnt=1&amp;app_id=122963&amp;transparent=0&amp;title=0&amp;byline=0&amp;portrait=0&amp;amp;byline=0&amp;amp;portrait=0&amp;amp;&amp;autoplay=0#t=0s\" frameborder=\"0\" height=\"540.8\" loading=\"lazy\" name=\"\" referrerpolicy=\"strict-origin-when-cross-origin\" sandbox=\"allow-scripts allow-same-origin allow-presentation allow-popups allow-popups-to-escape-sandbox allow-forms\" scrolling=\"no\" src=\"https:\/\/player.vimeo.com\/video\/557927481?dnt=1&#038;app_id=122963&#038;transparent=0&#038;title=0&#038;byline=0&#038;portrait=0&#038;byline=0&#038;portrait=0&#038;&#038;autoplay=0#t=0s\" title=\"\" width=\"676\"><\/iframe>\n\t\t\t\n\t\t<\/div>\n\t\t\n\t<\/div>\n\t\n\t\n\t<script type=\"application\/ld+json\">{\"@context\":\"http:\\\/\\\/schema.org\\\/\",\"@id\":\"https:\\\/\\\/course.oeru.org\\\/lida103-fr\\\/modules\\\/dimensions-du-libre-acces\\\/libre-acces\\\/#arve-vimeo-557927481\",\"type\":\"VideoObject\",\"embedURL\":\"https:\\\/\\\/player.vimeo.com\\\/video\\\/557927481?dnt=1&app_id=122963&transparent=0&title=0&byline=0&portrait=0&amp;byline=0&amp;portrait=0&amp;&autoplay=0#t=0s\"}<\/script>\n\t\n<\/div>\n<p><br style=\"clear:both;\">\n<\/p>\n<ul>\n<li> <a rel=\"nofollow\" class=\"external text\" href=\"https:\/\/www.budapestopenaccessinitiative.org\/boai-10-translations\/french\">Dix ans apr\u00e8s l\u2019Initiative de Budapest: ce sera le libre acc\u00e8s par d\u00e9faut<\/a>. Traduit en fran\u00e7ais par Dacos, M. et Gu\u00e9don, J.-C.\n<\/li>\n<li> Steel, G. et Kernohan, D. (15 ao\u00fbt 2017). <a rel=\"nofollow\" class=\"external text\" href=\"https:\/\/wonkhe.com\/blogs\/intro-to-open-access\/\">A beginner\u2019s guide to Open Access<\/a>. Wonkhe. Analyse (en anglais seulement).\n<\/li>\n<li> Piwowar, H., Priem, J., Larivi\u00e8re, V., Alperin, J. P., Matthias, L., Norlander, B., [\u2026] Haustein, S. (2017). <a rel=\"nofollow\" class=\"external text\" href=\"https:\/\/peerj.com\/articles\/4375\/\">The State of OA: A large-scale analysis of the prevalence and impact of Open Access articles<\/a> (no 6&nbsp;:e4375). PeerJ (en anglais seulement).\n<\/li>\n<li> Commission europ\u00e9enne. (21 ao\u00fbt 2013). <a rel=\"nofollow\" class=\"external text\" href=\"https:\/\/ec.europa.eu\/commission\/presscorner\/detail\/fr\/IP_13_786\">Le libre acc\u00e8s aux publications scientifiques atteint un seuil critique<\/a>.\n<\/li>\n<\/ul>\n<p>\n<\/p>\n<p>\n\t\t<\/div>\n\t<\/div>\n<\/div><\/p>\n<p>\n<\/p>\n<div class=\"panel iDevice\">\n\t<div class=\"panel-heading idevice-heading\">\n\t\t<div>\n\t\t\t<img decoding=\"async\" class=\"pedagogicalicon\" alt=\"activity\" src=\"https:\/\/course.oeru.org\/lida103-fr\/wp-content\/themes\/oeru-course\/idevices\/Icon_activity.png\">\n\t\t<\/div>\n\t\t<div>\n\t\t\t<h2>Activit\u00e9<\/h2>\n\t\t<\/div>\n\t<\/div>\n\t<div class=\"panel-body\">\n\t\t<div class=\"col-md-12\">\n\t\t\t<\/p>\n<ol>\n<li> Faites une recherche sur le libre acc\u00e8s pour en apprendre davantage sur cette initiative et pour faire le point sur ses avanc\u00e9es dans votre pays.\n<\/li>\n<li> R\u00e9fl\u00e9chissez aux questions suivantes:\n<ul>\n<li> Quelle est la diff\u00e9rence entre la <i>voie verte<\/i> et la <i>voie dor\u00e9e<\/i> du libre acc\u00e8s?\n<\/li>\n<li> Des \u00e9tablissements d\u2019enseignement de votre pays ont-ils adopt\u00e9 des politiques de libre acc\u00e8s?\n<\/li>\n<li> Quels sont les trois principaux enjeux du libre acc\u00e8s pour l\u2019apprentissage \u00e0 l\u2019\u00e8re du num\u00e9rique?\n<\/li>\n<\/ul>\n<\/li>\n<\/ol>\n<p>\n<\/p>\n<p>\n\t\t<\/div>\n\t<\/div>\n<\/div>\n<p>\n<\/p>\n<h2><span class=\"mw-headline\" id=\"Lectures_recommand.C3.A9es\">Lectures recommand\u00e9es<\/span><\/h2>\n<p>Suber, P. (2012). <a rel=\"nofollow\" class=\"external text\" href=\"https:\/\/books.openedition.org\/oep\/1600?lang=fr\">Qu\u2019est-ce que l\u2019acc\u00e8s ouvert?<\/a> Cambridge (Massachusetts): MIT Press. Traduit en fran\u00e7ais par Lebert, M. (version propos\u00e9e en libre acc\u00e8s sur le site d\u2019OpenEdition Press).\n<\/p>\n<p><!-- \nNewPP limit report\nCPU time usage: 0.086 seconds\nReal time usage: 1.098 seconds\nPreprocessor visited node count: 260\/1000000\nPreprocessor generated node count: 1213\/1000000\nPost\u2010expand include size: 6955\/2097152 bytes\nTemplate argument size: 3767\/2097152 bytes\nHighest expansion depth: 7\/40\nExpensive parser function count: 0\/100\n--><\/p>\n<p><!-- Saved in parser cache with key we_en-mw_:pcache:idhash:188373-0!*!*!*!*!2!* and timestamp 20230802220817 and revision id 1086545\n -->\n<\/div>\n<div class=\"visualClear\"><\/div>\n<\/p><\/div>\n<\/p><\/div>\n<\/div>\n<\/div>\n<\/div>\n<div class=\"row\">\n<div class=\"col-md-12\">\n<ul class=\"pager\">\n<li class=\"previous\">\n            <a href=\"\/lida103-fr\/modules\/dimensions-du-libre-acces\/apercu\">\u2190 Pr\u00e9c\u00e9dent<\/a>\n          <\/li>\n<li class=\"next\">\n            <a href=\"\/lida103-fr\/modules\/dimensions-du-libre-acces\/logiciels-libres-et-logiciels-open-source\">Suivant \u2192<\/a>\n          <\/li>\n<\/ul><\/div>\n<\/p><\/div>\n<div id=\"wenote-ids\"><script type='text\/javascript' id='wenotes-ids'>\n    var WEnotesSite = \"https:\/\/wikieducator.org\";\n    var WEnotesPath = \"\/Learning_in_a_digital_age\/LiDA103_fr\/Dimensions_of_openness\/Open_access\";\n    var WEnotesSiteID = \"0e3d258fbd36841f92259eefcd41d5e9\";\n    var WEnotesPathID = \"f182a3b4ef8410d3d942d8b3a93f7b71\";\n    var WEnotesIDs = { site: \"https:\/\/wikieducator.org\", path: \"\/Learning_in_a_digital_age\/LiDA103_fr\/Dimensions_of_openness\/Open_access\", site_id: \"0e3d258fbd36841f92259eefcd41d5e9\", path_id: \"f182a3b4ef8410d3d942d8b3a93f7b71\" };\n<\/script><\/div>\n<\/div>\n<footer><\/footer>\n","protected":false},"excerpt":{"rendered":"<p>Un des logos du libre acc\u00e8s, d&rsquo;origine de la Public Library of Science. Le libre acc\u00e8s est une initiative ouverte dans le sillage des REL qui vise \u00e0 permettre un acc\u00e8s sans restriction aux r\u00e9sultats de la recherche universitaire, y compris aux revues \u00e0 comit\u00e9 de lecture, aux th\u00e8ses, aux monographies et aux chapitres de [&hellip;]<\/p>\n","protected":false},"author":1,"featured_media":0,"parent":14256,"menu_order":0,"comment_status":"closed","ping_status":"closed","template":"","meta":{"footnotes":""},"class_list":["post-14260","page","type-page","status-publish","hentry"],"_links":{"self":[{"href":"https:\/\/course.oeru.org\/lida103-fr\/wp-json\/wp\/v2\/pages\/14260","targetHints":{"allow":["GET"]}}],"collection":[{"href":"https:\/\/course.oeru.org\/lida103-fr\/wp-json\/wp\/v2\/pages"}],"about":[{"href":"https:\/\/course.oeru.org\/lida103-fr\/wp-json\/wp\/v2\/types\/page"}],"author":[{"embeddable":true,"href":"https:\/\/course.oeru.org\/lida103-fr\/wp-json\/wp\/v2\/users\/1"}],"replies":[{"embeddable":true,"href":"https:\/\/course.oeru.org\/lida103-fr\/wp-json\/wp\/v2\/comments?post=14260"}],"version-history":[{"count":1,"href":"https:\/\/course.oeru.org\/lida103-fr\/wp-json\/wp\/v2\/pages\/14260\/revisions"}],"predecessor-version":[{"id":14261,"href":"https:\/\/course.oeru.org\/lida103-fr\/wp-json\/wp\/v2\/pages\/14260\/revisions\/14261"}],"up":[{"embeddable":true,"href":"https:\/\/course.oeru.org\/lida103-fr\/wp-json\/wp\/v2\/pages\/14256"}],"wp:attachment":[{"href":"https:\/\/course.oeru.org\/lida103-fr\/wp-json\/wp\/v2\/media?parent=14260"}],"curies":[{"name":"wp","href":"https:\/\/api.w.org\/{rel}","templated":true}]}}