{"id":14264,"date":"2023-08-03T03:20:14","date_gmt":"2023-08-03T03:20:14","guid":{"rendered":"https:\/\/course.oeru.org\/lida103-fr\/?page_id=14264"},"modified":"2023-08-03T03:20:14","modified_gmt":"2023-08-03T03:20:14","slug":"manuels-en-libre-acces","status":"publish","type":"page","link":"https:\/\/course.oeru.org\/lida103-fr\/modules\/dimensions-du-libre-acces\/manuels-en-libre-acces\/","title":{"rendered":"Manuels en libre acc\u00e8s"},"content":{"rendered":"<div id=\"content\" class=\"mw-body container\" role=\"main\">\n<div class=\"row\">\n<div class=\"col-md-12\">\n<div class=\"panel\">\n<div class=\"panel-body\">\n<div id=\"bodyContent\">\n<div id=\"mw-content-text\" lang=\"en\" dir=\"ltr\" class=\"mw-content-ltr\">\n<div class=\"floatright\"><a href=\"https:\/\/wikieducator.org\/File:Chained-resources.jpg\" class=\"image\"><img loading=\"lazy\" decoding=\"async\" alt=\"Chained-resources.jpg\" src=\"\/\/wikieducator.org\/images\/thumb\/2\/22\/Chained-resources.jpg\/320px-Chained-resources.jpg\" width=\"320\" height=\"213\" class=\"img-responsive\"><\/a><\/div>\n<p>Aux \u00c9tats-Unis, le co\u00fbt des manuels sous droit d\u2019auteur a augment\u00e9 de 1\u2009041&nbsp;% depuis 1977 (Popken 2015<sup id=\"cite_ref-1\" class=\"reference\"><a href=\"#cite_note-1\">[1]<\/a><\/sup>). Cela a des cons\u00e9quences n\u00e9gatives sur l\u2019apprentissage, puisque par exemple, une \u00e9tude men\u00e9e r\u00e9cemment en Floride a r\u00e9v\u00e9l\u00e9 que les deux tiers des \u00e9tudiants n\u2019achetaient pas les manuels demand\u00e9s (Florida Virtual Campus 2016<sup id=\"cite_ref-2\" class=\"reference\"><a href=\"#cite_note-2\">[2]<\/a><\/sup>).<\/p>\n<p>Dans la pr\u00e9sente partie, nous \u00e9tudierons les solutions propos\u00e9es aujourd\u2019hui pour r\u00e9pondre \u00e0 cette probl\u00e9matique, telles que les manuels en libre acc\u00e8s, la location de manuels et les codes d\u2019acc\u00e8s \u00e0 des plates-formes d\u2019apprentissage fournis par des maisons d\u2019\u00e9dition commerciales.<br style=\"clear:both;\">\n<\/p>\n<p>\n<\/p>\n<div class=\"panel iDevice\">\n\t<div class=\"panel-heading idevice-heading\">\n\t\t<div>\n\t\t\t<img decoding=\"async\" class=\"pedagogicalicon\" alt=\"summary\" src=\"https:\/\/course.oeru.org\/lida103-fr\/wp-content\/themes\/oeru-course\/idevices\/Icon_summary.png\">\n\t\t<\/div>\n\t\t<div>\n\t\t\t<h2>Principe du mini-d\u00e9fi<\/h2>\n\t\t<\/div>\n\t<\/div>\n\t<div class=\"panel-body\">\n\t\t<div class=\"col-md-12\">\n\t\t\t<\/p>\n<table>\n<tbody>\n<tr>\n<td width=\"100px\"><b>Principe<\/b>:<\/td>\n<td>Comparer les conditions g\u00e9n\u00e9rales d\u2019utilisation de manuels en libre acc\u00e8s, de manuels en location et de codes d\u2019acc\u00e8s \u00e0 des plates-formes d\u2019apprentissage commerciales.<\/td>\n<\/tr>\n<tr>\n<td>\n<div class=\"floatleft\"><a href=\"https:\/\/wikieducator.org\/File:Time7.svg\" class=\"image\"><img loading=\"lazy\" decoding=\"async\" alt=\"Time7.svg\" src=\"\/\/wikieducator.org\/images\/thumb\/8\/88\/Time7.svg\/30px-Time7.svg.png\" width=\"30\" height=\"30\" class=\"img-responsive\"><\/a><\/div>\n<\/td>\n<td>30 &#8211; 40 minutes.<\/td>\n<\/tr>\n<\/tbody>\n<\/table>\n<p>\n<\/p>\n<p>\n\t\t<\/div>\n\t<\/div>\n<\/div>\n<p>\n<\/p>\n<h2><span class=\"mw-headline\" id=\"Commencez_ici\">Commencez ici<\/span><\/h2>\n<div class=\"panel iDevice\">\n\t<div class=\"panel-heading idevice-heading\">\n\t\t<div>\n\t\t\t<img decoding=\"async\" class=\"pedagogicalicon\" alt=\"web resources\" src=\"https:\/\/course.oeru.org\/lida103-fr\/wp-content\/themes\/oeru-course\/idevices\/Icon_inter.png\">\n\t\t<\/div>\n\t\t<div>\n\t\t\t<h2>Ressources pour vous inspirer<\/h2>\n\t\t<\/div>\n\t<\/div>\n\t<div class=\"panel-body\">\n\t\t<div class=\"col-md-12\">\n\t\t\t<\/p>\n<ul>\n<li> <a rel=\"nofollow\" class=\"external text\" href=\"https:\/\/fr.unesco.org\/themes\/building-knowledge-societies\/oer\/dynamic-coalition\">La Coalition dynamique pour les REL<\/a>\n<\/li>\n<li> <a rel=\"nofollow\" class=\"external text\" href=\"https:\/\/open.bccampus.ca\/\">BCcampus Open Textbook project<\/a> (en anglais seulement)\n<\/li>\n<li> <a rel=\"nofollow\" class=\"external text\" href=\"https:\/\/openstax.org\/\">Openstax<\/a> (en anglais seulement)\n<\/li>\n<li> <a rel=\"nofollow\" class=\"external text\" href=\"http:\/\/www.consumerreports.org\/shopping\/save-money-on-college-textbooks\/\">How to Save Money on College Textbooks<\/a> (en anglais seulement)\n<\/li>\n<li> <a rel=\"nofollow\" class=\"external text\" href=\"https:\/\/www.pearson.com\/corporate\/news\/media\/news-announcements\/2017\/01\/pearson-lowers-price-of-e-book-rentals--adds-pilot-print-rental-.html\">Pearson Lowers Price of E-Book Rentals, Adds Pilot Print Rental Program<\/a> (en anglais seulement)\n<\/li>\n<\/ul>\n<p>\n<\/p>\n<p>\n\t\t<\/div>\n\t<\/div>\n<\/div>\n<div class=\"panel iDevice\">\n\t<div class=\"panel-heading idevice-heading\">\n\t\t<div>\n\t\t\t<img decoding=\"async\" class=\"pedagogicalicon\" alt=\"objectives\" src=\"https:\/\/course.oeru.org\/lida103-fr\/wp-content\/themes\/oeru-course\/idevices\/Icon_objectives.png\">\n\t\t<\/div>\n\t\t<div>\n\t\t\t<h2>Objectif<\/h2>\n\t\t<\/div>\n\t<\/div>\n\t<div class=\"panel-body\">\n\t\t<div class=\"col-md-12\">\n\t\t\t<\/p>\n<p>L\u2019objectif de ce mini-d\u00e9fi est d\u2019\u00e9tudier et de comparer les conditions g\u00e9n\u00e9rales d\u2019utilisation de diff\u00e9rentes solutions face \u00e0 l\u2019augmentation du prix des manuels.\n<\/p>\n<p>\n<\/p>\n<p>\n\t\t<\/div>\n\t<\/div>\n<\/div>\n<div class=\"panel iDevice\">\n\t<div class=\"panel-heading idevice-heading\">\n\t\t<div>\n\t\t\t<img decoding=\"async\" class=\"pedagogicalicon\" alt=\"activity\" src=\"https:\/\/course.oeru.org\/lida103-fr\/wp-content\/themes\/oeru-course\/idevices\/Icon_activity.png\">\n\t\t<\/div>\n\t\t<div>\n\t\t\t<h2>Annotation \u2013 Recommandation sur les ressources \u00e9ducatives libres (REL)<\/h2>\n\t\t<\/div>\n\t<\/div>\n\t<div class=\"panel-body\">\n\t\t<div class=\"col-md-12\">\n\t\t\t<\/p>\n<p><b>Principe<\/b>: Le principe de cet exercice d\u2019annotation est de mieux comprendre la recommandation sur les ressources \u00e9ducatives libres (REL) et de partager votre point de vue en fonction de votre exp\u00e9rience.\n<\/p>\n<p>Lisez l\u2019article suivant, annotez-le ou r\u00e9pondez aux annotations des autres apprenants sur <a rel=\"nofollow\" class=\"external text\" href=\"https:\/\/web.hypothes.is\/\">hypothes.is<\/a> afin de partager vos observations et vos exp\u00e9riences personnelles. N\u2019oubliez pas de tagger vos publications en utilisant le code du cours <b>LiDA103fr<\/b>:\n<\/p>\n<dl>\n<dd>\n<dl>\n<dd> Organisation des Nations Unies pour l&rsquo;\u00e9ducation, la science at la culture. (2019, novembre 25). <a rel=\"nofollow\" class=\"external text\" href=\"http:\/\/portal.unesco.org\/fr\/ev.php-URL_ID=49556&amp;URL_DO=DO_TOPIC&amp;URL_SECTION=201.html\">Recommandation sur les ressources \u00e9ducatives libres (REL)<\/a>\n<\/dd>\n<\/dl>\n<\/dd>\n<\/dl>\n<p>\n<\/p>\n<p>\n\t\t<\/div>\n\t<\/div>\n<\/div>\n<p>\n<\/p>\n<h2><span class=\"mw-headline\" id=\"Mise_en_pratique\">Mise en pratique<\/span><\/h2>\n<div class=\"panel iDevice\">\n\t<div class=\"panel-heading idevice-heading\">\n\t\t<div>\n\t\t\t<img decoding=\"async\" class=\"pedagogicalicon\" alt=\"activity\" src=\"https:\/\/course.oeru.org\/lida103-fr\/wp-content\/themes\/oeru-course\/idevices\/Icon_activity.png\">\n\t\t<\/div>\n\t\t<div>\n\t\t\t<h2>Comparaison des conditions g\u00e9n\u00e9rales d\u2019utilisation<\/h2>\n\t\t<\/div>\n\t<\/div>\n\t<div class=\"panel-body\">\n\t\t<div class=\"col-md-12\">\n\t\t\t<\/p>\n<ol>\n<li> Trouvez un manuel en libre acc\u00e8s dans votre domaine de pr\u00e9dilection.\n<ul>\n<li> Prenez connaissance des conditions g\u00e9n\u00e9rales d\u2019utilisation (astuce&nbsp;: la licence de droit d\u2019auteur fournira des informations sur les utilisations autoris\u00e9es).\n<\/li>\n<li> Calculez le co\u00fbt direct pour l\u2019utilisation du texte.\n<\/li>\n<\/ul>\n<\/li>\n<li> Trouvez une solution commerciale \u00e9quivalente, propos\u00e9e soit \u00e0 la location, soit sur une plate-forme d\u2019apprentissage en ligne contre l\u2019achat d\u2019un code d\u2019acc\u00e8s.\n<ul>\n<li> Prenez connaissance des conditions g\u00e9n\u00e9rales d\u2019utilisation (vous devrez peut-\u00eatre faire une recherche sur Internet avec le titre du produit et le terme \u00abconditions g\u00e9n\u00e9rales d\u2019utilisation\u00bb)\n<\/li>\n<li> Calculez le prix de location ou d\u2019acc\u00e8s. Quel est-il par rapport au prix du manuel papier?\n<\/li>\n<\/ul>\n<\/li>\n<li> Dressez un tableau de comparaison simple, par exemple:\n<\/li>\n<\/ol>\n<table class=\"oeru1 table table-striped\">\n<tbody>\n<tr>\n<th>Aspect<\/th>\n<th>Manuel en libre acc\u00e8s<\/th>\n<th>Location de livre \u00e9lectronique<\/th>\n<\/tr>\n<tr>\n<td>\u00c9diteur<\/td>\n<td><\/td>\n<td><\/td>\n<\/tr>\n<tr>\n<td>Prix<\/td>\n<td><\/td>\n<td><\/td>\n<\/tr>\n<tr>\n<td>Dur\u00e9e d\u2019acc\u00e8s<\/td>\n<td><\/td>\n<td><\/td>\n<\/tr>\n<tr>\n<td>Qualit\u00e9<\/td>\n<td><\/td>\n<td><\/td>\n<\/tr>\n<tr>\n<td>Avantages<\/td>\n<td><\/td>\n<td><\/td>\n<\/tr>\n<tr>\n<td>Inconv\u00e9nients<\/td>\n<td><\/td>\n<td><\/td>\n<\/tr>\n<\/tbody>\n<\/table>\n<p>Quelles sont vos impressions sur cette activit\u00e9&nbsp;? Publiez un commentaire sur WeNote, par exemple&nbsp;:\n<\/p>\n<ul>\n<li> <i>J\u2019ai \u00e9prouv\u00e9 de la surprise, car\u2026<\/i>\n<\/li>\n<li> <i>J\u2019ai eu du mal \u00e0\u2026<\/i>\n<\/li>\n<li> <i>Je pense que\u2026<\/i>\n<\/li>\n<\/ul>\n<p><\/p>\n<p><div><p>Vous devez \u00eatre connect\u00e9 pour publier sur WEnotes.<\/p><\/div><\/p>\n<p><i>Note&nbsp;: Votre commentaire s\u2019affichera sur le <a href=\"\/lida103-fr\/communications\/fil-dactualite-du-cours\" title=\"Learning in a digital age\/LiDA103 fr\/Feed\">fil d\u2019actualit\u00e9 du cours<\/a>.<\/i>\n<\/p>\n<p>\n<\/p>\n<p>\n\t\t<\/div>\n\t<\/div>\n<\/div>\n<p>\n<\/p>\n<h2><span class=\"mw-headline\" id=\"R.C3.A9f.C3.A9rences\">R\u00e9f\u00e9rences<\/span><\/h2>\n<ol class=\"references\">\n<li id=\"cite_note-1\"><span class=\"mw-cite-backlink\"><a href=\"#cite_ref-1\">\u2191<\/a><\/span> <span class=\"reference-text\">Popken, B. (6 ao\u00fbt 2015). <a rel=\"nofollow\" class=\"external text\" href=\"https:\/\/www.nbcnews.com\/feature\/freshman-year\/college-textbook-prices-have-risen-812-percent-1978-n399926\">College Textbook Prices Have Risen 1,041 Percent Since 1977<\/a>. Consult\u00e9 le 5 juillet 2017 (en anglais seulement).<\/span>\n<\/li>\n<li id=\"cite_note-2\"><span class=\"mw-cite-backlink\"><a href=\"#cite_ref-2\">\u2191<\/a><\/span> <span class=\"reference-text\">Florida Virtual Campus. (2016). 2016 student textbook and course materials survey. Consult\u00e9 le 5 juillet 2017 (en anglais seulement).<\/span>\n<\/li>\n<\/ol>\n<p>\n<\/p>\n<h3><span class=\"mw-headline\" id=\"For_review\"><i>For review<\/i><\/span><\/h3>\n<p>Hypothes.is link (once suitable text available)\n<\/p>\n<p><!-- \nNewPP limit report\nCPU time usage: 0.059 seconds\nReal time usage: 0.067 seconds\nPreprocessor visited node count: 617\/1000000\nPreprocessor generated node count: 1535\/1000000\nPost\u2010expand include size: 16762\/2097152 bytes\nTemplate argument size: 8390\/2097152 bytes\nHighest expansion depth: 8\/40\nExpensive parser function count: 0\/100\n--><\/p>\n<p><!-- Saved in parser cache with key we_en-mw_:pcache:idhash:188376-0!*!0!!*!2!* and timestamp 20230802220819 and revision id 1091085\n -->\n<\/div>\n<div class=\"visualClear\"><\/div>\n<\/p><\/div>\n<\/p><\/div>\n<\/div>\n<\/div>\n<\/div>\n<div class=\"row\">\n<div class=\"col-md-12\">\n<ul class=\"pager\">\n<li class=\"previous\">\n            <a href=\"\/lida103-fr\/modules\/dimensions-du-libre-acces\/logiciels-libres-et-logiciels-open-source\">\u2190 Pr\u00e9c\u00e9dent<\/a>\n          <\/li>\n<li class=\"next\">\n            <a href=\"\/lida103-fr\/modules\/dimensions-du-libre-acces\/politiques-de-libre-acces\">Suivant \u2192<\/a>\n          <\/li>\n<\/ul><\/div>\n<\/p><\/div>\n<div id=\"wenote-ids\"><script type='text\/javascript' id='wenotes-ids'>\n    var WEnotesSite = \"https:\/\/wikieducator.org\";\n    var WEnotesPath = \"\/Learning_in_a_digital_age\/LiDA103_fr\/Dimensions_of_openness\/Digital_textbooks\";\n    var WEnotesSiteID = \"0e3d258fbd36841f92259eefcd41d5e9\";\n    var WEnotesPathID = \"85f90649fbf4a364ee8d0cad4a4a1b6d\";\n    var WEnotesIDs = { site: \"https:\/\/wikieducator.org\", path: \"\/Learning_in_a_digital_age\/LiDA103_fr\/Dimensions_of_openness\/Digital_textbooks\", site_id: \"0e3d258fbd36841f92259eefcd41d5e9\", path_id: \"85f90649fbf4a364ee8d0cad4a4a1b6d\" };\n<\/script><\/div>\n<\/div>\n<footer><\/footer>\n","protected":false},"excerpt":{"rendered":"<p>Aux \u00c9tats-Unis, le co\u00fbt des manuels sous droit d\u2019auteur a augment\u00e9 de 1\u2009041&nbsp;% depuis 1977 (Popken 2015[1]). Cela a des cons\u00e9quences n\u00e9gatives sur l\u2019apprentissage, puisque par exemple, une \u00e9tude men\u00e9e r\u00e9cemment en Floride a r\u00e9v\u00e9l\u00e9 que les deux tiers des \u00e9tudiants n\u2019achetaient pas les manuels demand\u00e9s (Florida Virtual Campus 2016[2]). Dans la pr\u00e9sente partie, nous [&hellip;]<\/p>\n","protected":false},"author":1,"featured_media":0,"parent":14256,"menu_order":0,"comment_status":"closed","ping_status":"closed","template":"","meta":{"footnotes":""},"class_list":["post-14264","page","type-page","status-publish","hentry"],"_links":{"self":[{"href":"https:\/\/course.oeru.org\/lida103-fr\/wp-json\/wp\/v2\/pages\/14264","targetHints":{"allow":["GET"]}}],"collection":[{"href":"https:\/\/course.oeru.org\/lida103-fr\/wp-json\/wp\/v2\/pages"}],"about":[{"href":"https:\/\/course.oeru.org\/lida103-fr\/wp-json\/wp\/v2\/types\/page"}],"author":[{"embeddable":true,"href":"https:\/\/course.oeru.org\/lida103-fr\/wp-json\/wp\/v2\/users\/1"}],"replies":[{"embeddable":true,"href":"https:\/\/course.oeru.org\/lida103-fr\/wp-json\/wp\/v2\/comments?post=14264"}],"version-history":[{"count":1,"href":"https:\/\/course.oeru.org\/lida103-fr\/wp-json\/wp\/v2\/pages\/14264\/revisions"}],"predecessor-version":[{"id":14265,"href":"https:\/\/course.oeru.org\/lida103-fr\/wp-json\/wp\/v2\/pages\/14264\/revisions\/14265"}],"up":[{"embeddable":true,"href":"https:\/\/course.oeru.org\/lida103-fr\/wp-json\/wp\/v2\/pages\/14256"}],"wp:attachment":[{"href":"https:\/\/course.oeru.org\/lida103-fr\/wp-json\/wp\/v2\/media?parent=14264"}],"curies":[{"name":"wp","href":"https:\/\/api.w.org\/{rel}","templated":true}]}}