{"id":14266,"date":"2023-08-03T03:20:17","date_gmt":"2023-08-03T03:20:17","guid":{"rendered":"https:\/\/course.oeru.org\/lida103-fr\/?page_id=14266"},"modified":"2023-08-03T03:20:17","modified_gmt":"2023-08-03T03:20:17","slug":"politiques-de-libre-acces","status":"publish","type":"page","link":"https:\/\/course.oeru.org\/lida103-fr\/modules\/dimensions-du-libre-acces\/politiques-de-libre-acces\/","title":{"rendered":"Politiques de libre acc\u00e8s"},"content":{"rendered":"<div id=\"content\" class=\"mw-body container\" role=\"main\">\n<div class=\"row\">\n<div class=\"col-md-12\">\n<div class=\"panel\">\n<div class=\"panel-body\">\n<div id=\"bodyContent\">\n<div id=\"mw-content-text\" lang=\"en\" dir=\"ltr\" class=\"mw-content-ltr\"><div class=\"panel iDevice\">\n\t<div class=\"panel-heading idevice-heading\">\n\t\t<div>\n\t\t\t<img decoding=\"async\" class=\"pedagogicalicon\" alt=\"media\" src=\"https:\/\/course.oeru.org\/lida103-fr\/wp-content\/themes\/oeru-course\/idevices\/Icon_multimedia.png\">\n\t\t<\/div>\n\t\t<div>\n\t\t\t<h2>Pr\u00e9sentation des politiques de libre acc\u00e8s<\/h2>\n\t\t<\/div>\n\t<\/div>\n\t<div class=\"panel-body\">\n\t\t<div class=\"col-md-12\">\n\t\t\t<\/p>\n<p><a rel=\"nofollow\" class=\"external text\" href=\"https:\/\/creativecommons.org\/author\/cablecreativecommons-org\/\">Cable Green<\/a> est charg\u00e9 de l\u2019\u00e9ducation ouverte chez Creative Commons. Il travaille avec la communaut\u00e9 mondiale de l\u2019\u00e9ducation ouverte afin que les licences ouvertes, les contenus en libre acc\u00e8s et les politiques de libre acc\u00e8s contribuent \u00e0 g\u00e9n\u00e9raliser l\u2019acc\u00e8s \u00e0 une \u00e9ducation et \u00e0 des ressources documentaires de qualit\u00e9 et abordables afin que chacun puisse s\u2019instruire selon ses besoins.\n<\/p>\n<p>Vid\u00e9o &lsquo;Open Education Week 2012 &#8211; Open Policy&rsquo; (en anglais, mais possibilit\u00e9 de g\u00e9n\u00e9rer des sous-titres en fran\u00e7ais dans les param\u00e8tres)\n<\/p>\n\n<div data-mode=\"normal\" data-oembed=\"1\" data-provider=\"vimeo\" id=\"arve-vimeo-557899030\" style=\"max-width:480px;\" class=\"arve aligncenter\">\n\t<div class=\"arve-inner\">\n\t\t<div style=\"aspect-ratio:4\/3\" class=\"arve-embed arve-embed--has-aspect-ratio\">\n\t\t\t<div class=\"arve-ar\" style=\"padding-top:75.000000%\"><\/div>\n\t\t\t<iframe allow=\"accelerometer &apos;none&apos;;autoplay &apos;none&apos;;bluetooth &apos;none&apos;;browsing-topics &apos;none&apos;;camera &apos;none&apos;;clipboard-read &apos;none&apos;;clipboard-write;display-capture &apos;none&apos;;encrypted-media &apos;none&apos;;gamepad &apos;none&apos;;geolocation &apos;none&apos;;gyroscope &apos;none&apos;;hid &apos;none&apos;;identity-credentials-get &apos;none&apos;;idle-detection &apos;none&apos;;keyboard-map &apos;none&apos;;local-fonts;magnetometer &apos;none&apos;;microphone &apos;none&apos;;midi &apos;none&apos;;otp-credentials &apos;none&apos;;payment &apos;none&apos;;picture-in-picture;publickey-credentials-create &apos;none&apos;;publickey-credentials-get &apos;none&apos;;screen-wake-lock &apos;none&apos;;serial &apos;none&apos;;summarizer &apos;none&apos;;sync-xhr;usb &apos;none&apos;;web-share;window-management &apos;none&apos;;xr-spatial-tracking &apos;none&apos;;\" allowfullscreen=\"\" class=\"arve-iframe fitvidsignore\" credentialless data-arve=\"arve-vimeo-557899030\" data-lenis-prevent=\"\" data-src-no-ap=\"https:\/\/player.vimeo.com\/video\/557899030?dnt=1&amp;app_id=122963&amp;transparent=0&amp;title=0&amp;byline=0&amp;portrait=0&amp;amp;byline=0&amp;amp;portrait=0&amp;amp;&amp;autoplay=0#t=0s\" frameborder=\"0\" height=\"360\" loading=\"lazy\" name=\"\" referrerpolicy=\"strict-origin-when-cross-origin\" sandbox=\"allow-scripts allow-same-origin allow-presentation allow-popups allow-popups-to-escape-sandbox allow-forms\" scrolling=\"no\" src=\"https:\/\/player.vimeo.com\/video\/557899030?dnt=1&#038;app_id=122963&#038;transparent=0&#038;title=0&#038;byline=0&#038;portrait=0&#038;byline=0&#038;portrait=0&#038;&#038;autoplay=0#t=0s\" title=\"\" width=\"480\"><\/iframe>\n\t\t\t\n\t\t<\/div>\n\t\t\n\t<\/div>\n\t\n\t\n\t<script type=\"application\/ld+json\">{\"@context\":\"http:\\\/\\\/schema.org\\\/\",\"@id\":\"https:\\\/\\\/course.oeru.org\\\/lida103-fr\\\/modules\\\/dimensions-du-libre-acces\\\/politiques-de-libre-acces\\\/#arve-vimeo-557899030\",\"type\":\"VideoObject\",\"embedURL\":\"https:\\\/\\\/player.vimeo.com\\\/video\\\/557899030?dnt=1&app_id=122963&transparent=0&title=0&byline=0&portrait=0&amp;byline=0&amp;portrait=0&amp;&autoplay=0#t=0s\"}<\/script>\n\t\n<\/div>\n<p><br style=\"clear:both;\">\n<\/p>\n<p>Faites part de vos r\u00e9flexions sur la politique de libre acc\u00e8s en publiant un commentaire sur WeNote ci-dessous, par exemple&nbsp;:\n<\/p>\n<ul>\n<li> <i>Le message que je retiens de la vid\u00e9o de Cable est\u2026<\/i>\n<\/li>\n<li> <i>Les enjeux d\u2019une politique de libre acc\u00e8s pour l\u2019apprentissage \u00e0 l\u2019\u00e8re du num\u00e9rique sont\u2026<\/i>\n<\/li>\n<\/ul>\n<div><p>Vous devez \u00eatre connect\u00e9 pour publier sur WEnotes.<\/p><\/div>\n<p><i>Note&nbsp;: Votre commentaire s\u2019affichera sur le <a href=\"\/lida103-fr\/communications\/fil-dactualite-du-cours\" title=\"Learning in a digital age\/LiDA103 fr\/Feed\">fil d\u2019actualit\u00e9 du cours<\/a>.<\/i>\n<\/p>\n<p>\n<\/p>\n<p>\n\t\t<\/div>\n\t<\/div>\n<\/div><\/p>\n<p>\n<\/p>\n<div class=\"panel iDevice\">\n\t<div class=\"panel-heading idevice-heading\">\n\t\t<div>\n\t\t\t<img decoding=\"async\" class=\"pedagogicalicon\" alt=\"web resources\" src=\"https:\/\/course.oeru.org\/lida103-fr\/wp-content\/themes\/oeru-course\/idevices\/Icon_inter.png\">\n\t\t<\/div>\n\t\t<div>\n\t\t\t<h2>Ressources pour vous inspirer<\/h2>\n\t\t<\/div>\n\t<\/div>\n\t<div class=\"panel-body\">\n\t\t<div class=\"col-md-12\">\n\t\t\t<\/p>\n<ul>\n<li> <a rel=\"nofollow\" class=\"external text\" href=\"https:\/\/vecam.org\/archives\/article1319.html\">D\u00e9claration du Cap sur l\u2019\u00e9ducation ouverte<\/a>. Traduit en fran\u00e7ais par Emery, M.-P.\n<\/li>\n<li> <a rel=\"nofollow\" class=\"external text\" href=\"http:\/\/www.unesco.org\/new\/fileadmin\/MULTIMEDIA\/HQ\/CI\/CI\/pdf\/Events\/French_Paris_OER_Declaration.pdf\">D\u00e9claration de Paris sur les REL<\/a>\n<\/li>\n<li> <a rel=\"nofollow\" class=\"external text\" href=\"https:\/\/wiki.creativecommons.org\/wiki\/Open_Policy_Network\">Open Policy Network<\/a> (en anglais seulement)\n<\/li>\n<\/ul>\n<p>\n<b>Exemples de politiques de libre acc\u00e8s<\/b>\n<\/p>\n<ul>\n<li> <a rel=\"nofollow\" class=\"external text\" href=\"https:\/\/www.ict.govt.nz\/guidance-and-resources\/open-government\/new-zealand-government-open-access-and-licensing-nzgoal-framework\/\">New Zealand Government Open Access and Licensing<\/a> (NZGOAL) framework (en anglais seulement).\n<\/li>\n<li> Commonwealth Open Schooling Association (COMOSA) <a rel=\"nofollow\" class=\"external text\" href=\"http:\/\/wikieducator.org\/COMOSA\/OER_and_Copyright_policy\">OER and copyright policy<\/a> (en anglais seulement).\n<\/li>\n<\/ul>\n<p>\n<\/p>\n<p>\n\t\t<\/div>\n\t<\/div>\n<\/div>\n<p>\n<\/p>\n<div class=\"panel iDevice\">\n\t<div class=\"panel-heading idevice-heading\">\n\t\t<div>\n\t\t\t<img decoding=\"async\" class=\"pedagogicalicon\" alt=\"activity\" src=\"https:\/\/course.oeru.org\/lida103-fr\/wp-content\/themes\/oeru-course\/idevices\/Icon_activity.png\">\n\t\t<\/div>\n\t\t<div>\n\t\t\t<h2>Activit\u00e9<\/h2>\n\t\t<\/div>\n\t<\/div>\n\t<div class=\"panel-body\">\n\t\t<div class=\"col-md-12\">\n\t\t\t<\/p>\n<ol>\n<li> Cherchez en ligne un exemple de politique de libre acc\u00e8s. Vous pouvez \u00e9galement choisir un projet dans l\u2019<a rel=\"nofollow\" class=\"external text\" href=\"https:\/\/oerworldmap.org\/oerpolicies\">OER Policy Registry<\/a> (en anglais seulement).\n<\/li>\n<li> R\u00e9sumez les points forts et les points faibles de votre exemple.\n<\/li>\n<li> D\u00e9terminez les trois principaux enjeux des politiques de libre acc\u00e8s pour l\u2019apprentissage \u00e0 l\u2019\u00e8re du num\u00e9rique.\n<\/li>\n<\/ol>\n<p>\n<\/p>\n<p>\n\t\t<\/div>\n\t<\/div>\n<\/div>\n<p><!-- \nNewPP limit report\nCPU time usage: 0.034 seconds\nReal time usage: 0.040 seconds\nPreprocessor visited node count: 365\/1000000\nPreprocessor generated node count: 1311\/1000000\nPost\u2010expand include size: 10368\/2097152 bytes\nTemplate argument size: 5550\/2097152 bytes\nHighest expansion depth: 7\/40\nExpensive parser function count: 0\/100\n--><\/p>\n<p><!-- Saved in parser cache with key we_en-mw_:pcache:idhash:188377-0!*!0!*!*!2!* and timestamp 20230802220820 and revision id 1086010\n -->\n<\/div>\n<div class=\"visualClear\"><\/div>\n<\/p><\/div>\n<\/p><\/div>\n<\/div>\n<\/div>\n<\/div>\n<div class=\"row\">\n<div class=\"col-md-12\">\n<ul class=\"pager\">\n<li class=\"previous\">\n            <a href=\"\/lida103-fr\/modules\/dimensions-du-libre-acces\/manuels-en-libre-acces\">\u2190 Pr\u00e9c\u00e9dent<\/a>\n          <\/li>\n<li class=\"next\">\n            <a href=\"\/lida103-fr\/modules\/dimensions-du-libre-acces\/modeles-economiques-du-libre-acces\">Suivant \u2192<\/a>\n          <\/li>\n<\/ul><\/div>\n<\/p><\/div>\n<div id=\"wenote-ids\"><script type='text\/javascript' id='wenotes-ids'>\n    var WEnotesSite = \"https:\/\/wikieducator.org\";\n    var WEnotesPath = \"\/Learning_in_a_digital_age\/LiDA103_fr\/Dimensions_of_openness\/Open_policy\";\n    var WEnotesSiteID = \"0e3d258fbd36841f92259eefcd41d5e9\";\n    var WEnotesPathID = \"197ae2c88c57d88fa1a6ae53502f60b1\";\n    var WEnotesIDs = { site: \"https:\/\/wikieducator.org\", path: \"\/Learning_in_a_digital_age\/LiDA103_fr\/Dimensions_of_openness\/Open_policy\", site_id: \"0e3d258fbd36841f92259eefcd41d5e9\", path_id: \"197ae2c88c57d88fa1a6ae53502f60b1\" };\n<\/script><\/div>\n<\/div>\n<footer><\/footer>\n","protected":false},"excerpt":{"rendered":"<p>\u2190 Pr\u00e9c\u00e9dent Suivant \u2192<\/p>\n","protected":false},"author":1,"featured_media":0,"parent":14256,"menu_order":0,"comment_status":"closed","ping_status":"closed","template":"","meta":{"footnotes":""},"class_list":["post-14266","page","type-page","status-publish","hentry"],"_links":{"self":[{"href":"https:\/\/course.oeru.org\/lida103-fr\/wp-json\/wp\/v2\/pages\/14266","targetHints":{"allow":["GET"]}}],"collection":[{"href":"https:\/\/course.oeru.org\/lida103-fr\/wp-json\/wp\/v2\/pages"}],"about":[{"href":"https:\/\/course.oeru.org\/lida103-fr\/wp-json\/wp\/v2\/types\/page"}],"author":[{"embeddable":true,"href":"https:\/\/course.oeru.org\/lida103-fr\/wp-json\/wp\/v2\/users\/1"}],"replies":[{"embeddable":true,"href":"https:\/\/course.oeru.org\/lida103-fr\/wp-json\/wp\/v2\/comments?post=14266"}],"version-history":[{"count":1,"href":"https:\/\/course.oeru.org\/lida103-fr\/wp-json\/wp\/v2\/pages\/14266\/revisions"}],"predecessor-version":[{"id":14267,"href":"https:\/\/course.oeru.org\/lida103-fr\/wp-json\/wp\/v2\/pages\/14266\/revisions\/14267"}],"up":[{"embeddable":true,"href":"https:\/\/course.oeru.org\/lida103-fr\/wp-json\/wp\/v2\/pages\/14256"}],"wp:attachment":[{"href":"https:\/\/course.oeru.org\/lida103-fr\/wp-json\/wp\/v2\/media?parent=14266"}],"curies":[{"name":"wp","href":"https:\/\/api.w.org\/{rel}","templated":true}]}}