{"id":14270,"date":"2023-08-03T03:20:21","date_gmt":"2023-08-03T03:20:21","guid":{"rendered":"https:\/\/course.oeru.org\/lida103-fr\/?page_id=14270"},"modified":"2023-08-03T03:20:21","modified_gmt":"2023-08-03T03:20:21","slug":"pratiques-educatives-libres","status":"publish","type":"page","link":"https:\/\/course.oeru.org\/lida103-fr\/modules\/dimensions-du-libre-acces\/pratiques-educatives-libres\/","title":{"rendered":"Pratiques \u00e9ducatives libres"},"content":{"rendered":"<div id=\"content\" class=\"mw-body container\" role=\"main\">\n<div class=\"row\">\n<div class=\"col-md-12\">\n<div class=\"panel\">\n<div class=\"panel-body\">\n<div id=\"bodyContent\">\n<div id=\"mw-content-text\" lang=\"en\" dir=\"ltr\" class=\"mw-content-ltr\">\n<div class=\"floatright\"><a href=\"https:\/\/wikieducator.org\/File:Remote_support.jpg\" class=\"image\"><img loading=\"lazy\" decoding=\"async\" alt=\"Remote support.jpg\" src=\"\/\/wikieducator.org\/images\/thumb\/2\/2e\/Remote_support.jpg\/320px-Remote_support.jpg\" width=\"320\" height=\"213\" class=\"img-responsive\"><\/a><\/div>\n<p> Le terme de \u00abpratiques \u00e9ducatives libres\u00bb a \u00e9t\u00e9 utilis\u00e9 pour la premi\u00e8re fois par Ulf-Daniel Ehlers dans le cadre de l\u2019initiative <a rel=\"nofollow\" class=\"external text\" href=\"https:\/\/www.oerknowledgecloud.org\/?q=content\/beyond-oer-shifting-focus-open-educational-practices\">Open Educational Quality<\/a> (OPAL) financ\u00e9e par la Commission europ\u00e9enne. Ce concept laisse supposer qu\u2019il existe des pratiques et des m\u00e9thodes sp\u00e9cifiques n\u00e9cessaires \u00e0 l\u2019adoption et \u00e0 la mise en \u0153uvre r\u00e9ussies des REL dans l\u2019\u00e9ducation. <br style=\"clear:both;\"><br \/>\n<div class=\"panel iDevice\">\n\t<div class=\"panel-heading idevice-heading\">\n\t\t<div>\n\t\t\t<img decoding=\"async\" class=\"pedagogicalicon\" alt=\"web resources\" src=\"https:\/\/course.oeru.org\/lida103-fr\/wp-content\/themes\/oeru-course\/idevices\/Icon_inter.png\">\n\t\t<\/div>\n\t\t<div>\n\t\t\t<h2>Ressources pour vous inspirer<\/h2>\n\t\t<\/div>\n\t<\/div>\n\t<div class=\"panel-body\">\n\t\t<div class=\"col-md-12\">\n\t\t\t<\/p>\n<ul>\n<li> Ehlers, U.-D. (2011). <a rel=\"nofollow\" class=\"external text\" href=\"http:\/\/www.jofdl.nz\/index.php\/JOFDL\/article\/view\/64\">Extending the Territory: From Open Educational Resources to Open Educational Practices<\/a>. Journal of Open Flexible and Distance Learning, vol. 15, no 2, pp. 1\u201310. (en anglais seulement).\n<\/li>\n<li> Universit\u00e9 de Tasmanie. (n.d.). <a rel=\"nofollow\" class=\"external text\" href=\"http:\/\/www.teaching-learning.utas.edu.au\/content-and-resources\/open-educational-resources\/open-educational-practices\">Open Educational Practices<\/a> \u2013 Teaching &amp; Learning (en anglais seulement).\n<\/li>\n<\/ul>\n<p>\n<\/p>\n<p>\n\t\t<\/div>\n\t<\/div>\n<\/div><\/p>\n<p>\n<\/p>\n<div class=\"panel iDevice\">\n\t<div class=\"panel-heading idevice-heading\">\n\t\t<div>\n\t\t\t<img decoding=\"async\" class=\"pedagogicalicon\" alt=\"activity\" src=\"https:\/\/course.oeru.org\/lida103-fr\/wp-content\/themes\/oeru-course\/idevices\/Icon_activity.png\">\n\t\t<\/div>\n\t\t<div>\n\t\t\t<h2>Activit\u00e9<\/h2>\n\t\t<\/div>\n\t<\/div>\n\t<div class=\"panel-body\">\n\t\t<div class=\"col-md-12\">\n\t\t\t<\/p>\n<ol>\n<li> Lancez une recherche sur les \u00abpratiques \u00e9ducatives libres\u00bb afin de trouver des articles publi\u00e9s \u00e0 ce sujet. Vous pouvez par exemple visiter l\u2019<a rel=\"nofollow\" class=\"external text\" href=\"https:\/\/www.oerknowledgecloud.org\/\">OER Knowledge Cloud<\/a> (en anglais seulement) pour trouver des ressources adapt\u00e9es.\n<\/li>\n<li> Dressez une liste de pratiques pr\u00e9cises n\u00e9cessaires \u00e0 la mise en \u0153uvre r\u00e9ussie des REL dans l\u2019\u00e9ducation.\n<\/li>\n<li> Quels sont les trois principaux enjeux des pratiques \u00e9ducatives libres pour l\u2019apprentissage \u00e0 l\u2019\u00e8re du num\u00e9rique?\n<\/li>\n<\/ol>\n<p>\n<\/p>\n<p>\n\t\t<\/div>\n\t<\/div>\n<\/div>\n<p><!-- \nNewPP limit report\nCPU time usage: 0.033 seconds\nReal time usage: 0.037 seconds\nPreprocessor visited node count: 200\/1000000\nPreprocessor generated node count: 856\/1000000\nPost\u2010expand include size: 5147\/2097152 bytes\nTemplate argument size: 2237\/2097152 bytes\nHighest expansion depth: 7\/40\nExpensive parser function count: 0\/100\n--><\/p>\n<p><!-- Saved in parser cache with key we_en-mw_:pcache:idhash:188379-0!*!*!*!*!2!* and timestamp 20230803014951 and revision id 1085901\n -->\n<\/div>\n<div class=\"visualClear\"><\/div>\n<\/p><\/div>\n<\/p><\/div>\n<\/div>\n<\/div>\n<\/div>\n<div class=\"row\">\n<div class=\"col-md-12\">\n<ul class=\"pager\">\n<li class=\"previous\">\n            <a href=\"\/lida103-fr\/modules\/dimensions-du-libre-acces\/modeles-economiques-du-libre-acces\">\u2190 Pr\u00e9c\u00e9dent<\/a>\n          <\/li>\n<li class=\"next\">\n            <a href=\"\/lida103-fr\/modules\/dimensions-du-libre-acces\/lancez-vous-travail-de-reflexion-sur-le-libre-acces\">Suivant \u2192<\/a>\n          <\/li>\n<\/ul><\/div>\n<\/p><\/div>\n<div id=\"wenote-ids\"><script type='text\/javascript' id='wenotes-ids'>\n    var WEnotesSite = \"https:\/\/wikieducator.org\";\n    var WEnotesPath = \"\/Learning_in_a_digital_age\/LiDA103_fr\/Dimensions_of_openness\/Open_educational_practices\";\n    var WEnotesSiteID = \"0e3d258fbd36841f92259eefcd41d5e9\";\n    var WEnotesPathID = \"42cdd251c981f711c53b82151c3a3159\";\n    var WEnotesIDs = { site: \"https:\/\/wikieducator.org\", path: \"\/Learning_in_a_digital_age\/LiDA103_fr\/Dimensions_of_openness\/Open_educational_practices\", site_id: \"0e3d258fbd36841f92259eefcd41d5e9\", path_id: \"42cdd251c981f711c53b82151c3a3159\" };\n<\/script><\/div>\n<\/div>\n<footer><\/footer>\n","protected":false},"excerpt":{"rendered":"<p>Le terme de \u00abpratiques \u00e9ducatives libres\u00bb a \u00e9t\u00e9 utilis\u00e9 pour la premi\u00e8re fois par Ulf-Daniel Ehlers dans le cadre de l\u2019initiative Open Educational Quality (OPAL) financ\u00e9e par la Commission europ\u00e9enne. Ce concept laisse supposer qu\u2019il existe des pratiques et des m\u00e9thodes sp\u00e9cifiques n\u00e9cessaires \u00e0 l\u2019adoption et \u00e0 la mise en \u0153uvre r\u00e9ussies des REL dans [&hellip;]<\/p>\n","protected":false},"author":1,"featured_media":0,"parent":14256,"menu_order":0,"comment_status":"closed","ping_status":"closed","template":"","meta":{"footnotes":""},"class_list":["post-14270","page","type-page","status-publish","hentry"],"_links":{"self":[{"href":"https:\/\/course.oeru.org\/lida103-fr\/wp-json\/wp\/v2\/pages\/14270","targetHints":{"allow":["GET"]}}],"collection":[{"href":"https:\/\/course.oeru.org\/lida103-fr\/wp-json\/wp\/v2\/pages"}],"about":[{"href":"https:\/\/course.oeru.org\/lida103-fr\/wp-json\/wp\/v2\/types\/page"}],"author":[{"embeddable":true,"href":"https:\/\/course.oeru.org\/lida103-fr\/wp-json\/wp\/v2\/users\/1"}],"replies":[{"embeddable":true,"href":"https:\/\/course.oeru.org\/lida103-fr\/wp-json\/wp\/v2\/comments?post=14270"}],"version-history":[{"count":1,"href":"https:\/\/course.oeru.org\/lida103-fr\/wp-json\/wp\/v2\/pages\/14270\/revisions"}],"predecessor-version":[{"id":14271,"href":"https:\/\/course.oeru.org\/lida103-fr\/wp-json\/wp\/v2\/pages\/14270\/revisions\/14271"}],"up":[{"embeddable":true,"href":"https:\/\/course.oeru.org\/lida103-fr\/wp-json\/wp\/v2\/pages\/14256"}],"wp:attachment":[{"href":"https:\/\/course.oeru.org\/lida103-fr\/wp-json\/wp\/v2\/media?parent=14270"}],"curies":[{"name":"wp","href":"https:\/\/api.w.org\/{rel}","templated":true}]}}